{"id":131,"date":"2024-08-23T15:34:25","date_gmt":"2024-08-23T13:34:25","guid":{"rendered":"https:\/\/ecommplantilla.orbidi.es\/?page_id=131"},"modified":"2024-10-27T05:00:30","modified_gmt":"2024-10-27T04:00:30","slug":"politicas-de-privacidad","status":"publish","type":"page","link":"https:\/\/www.origenysabor.com\/da\/privat-lif-politik\/","title":{"rendered":"Privat Lif Politik"},"content":{"rendered":"<h2 class=\"wp-block-heading\"><strong>1. INFORMATION TIL BRUGEREN<\/strong><\/h2>\n\n\n\n<p>Sara Garc\u00eda Herranz, som datakontroller, informerer dig om, at i henhold til bestemmelserne i forordning (EU) 2016\/679 af 27. april (RGPD) og L.O. 3\/2018, af 5. december, om databeskyttelse og digital rettighedsgaranti (LOPDGDD) behandler vi dine data som afspejlet i denne fortrolighedspolitik.<\/p>\n\n\n\n<p>I denne fortrolighedspolitik beskriver vi, hvordan vi indsamler dine personlige data, og hvorfor vi indsamler dem, hvad vi g\u00f8r med dem, hvem vi deler dem med, hvordan vi beskytter det og dine valg med hensyn til behandling af dine personlige data.<\/p>\n\n\n\n<p>Denne politik g\u00e6lder for behandlingen af dine personlige data indsamlet af virksomheden til levering af dets tjenester. Hvis du accepterer m\u00e5lene i denne politik, accepterer du, at vi behandler dine personlige data som defineret i denne politik.<\/p>\n\n\n\n<h2 class=\"wp-block-heading\"><strong>2. KONTAKT<\/strong><\/h2>\n\n\n\n<p>Navn: Sara Garc\u00eda Herranz<\/p>\n\n\n\n<p>Handelsnavn: Origen y Sabor<\/p>\n\n\n\n<p>MOMSNR: 70258272B<\/p>\n\n\n\n<p>Adresse: Calle Uni\u00f3n Fenosa, 04 - CP 40100 - San Ildefonso - Segovia<\/p>\n\n\n\n<p>e-mail: <a href=\"mailto:info@origenysabor.com\" target=\"_blank\" rel=\"noreferrer noopener\">info@origenysabor.com<\/a><\/p>\n\n\n\n<h2 class=\"wp-block-heading\"><strong>3. N\u00d8GLEPRINCIP<\/strong><\/h2>\n\n\n\n<p>Vi har altid v\u00e6ret forpligtet til at levere vores tjenester af h\u00f8jeste kvalitet, som inkluderer h\u00e5ndtering af dine data sikkert og gennemsigtigt. Vores principper er:<\/p>\n\n\n\n<ul class=\"wp-block-list\">\n<li><strong>Legalitet<\/strong>: Vi indsamler kun dine personlige data til specifikke, eksplicitte og legitime form\u00e5l.<\/li>\n\n\n\n<li><strong>Dataminimering<\/strong>: Vi begr\u00e6nser indsamlingen af personoplysninger til det, der er strengt relevant og n\u00f8dvendigt til de form\u00e5l, de er indsamlet til.<\/li>\n\n\n\n<li><strong>Form\u00e5lsbegr\u00e6nsning<\/strong>: Vi indsamler kun dine personlige data til de angivne form\u00e5l og kun efter dine \u00f8nsker.<\/li>\n\n\n\n<li><strong>N\u00f8jagtighed<\/strong>:  Vi holder dine personlige data n\u00f8jagtige og ajourf\u00f8rte.<\/li>\n\n\n\n<li><strong>Datasikkerhed<\/strong>: Vi anvender passende og forholdsm\u00e6ssige tekniske og organisatoriske foranstaltninger for at sikre, at dine data ikke er beskadiget, s\u00e5som videregivelse eller uautoriseret adgang, utilsigtet eller ulovlig \u00f8del\u00e6ggelse eller utilsigtet tab eller \u00e6ndring heraf og enhver anden form for ulovlig behandling.<\/li>\n\n\n\n<li><strong>Adgang og rettelse<\/strong>: Vi har midlerne til at f\u00e5 adgang til eller rette dine data, n\u00e5r du finder det passende.<\/li>\n\n\n\n<li><strong>Opbevaring<\/strong>: Vi opbevarer dine personlige data p\u00e5 en lovlig og passende m\u00e5de og kun s\u00e5 l\u00e6nge det er n\u00f8dvendigt til de form\u00e5l, som de er indsamlet til.<\/li>\n\n\n\n<li><strong>Internationale overf\u00f8rsler<\/strong>: N\u00e5r dine data skal overf\u00f8res uden for EU \/ E\u00d8S, vil de v\u00e6re tilstr\u00e6kkeligt beskyttet.<\/li>\n\n\n\n<li><strong>Tredjeparter<\/strong>: Adgang til og overf\u00f8rsel af personoplysninger til tredjepart udf\u00f8res i overensstemmelse med g\u00e6ldende love og regler og med passende kontraktlige garantier.<\/li>\n\n\n\n<li><strong>Direkte markedsf\u00f8ring og cookies<\/strong>: Vi overholder g\u00e6ldende lovgivning om reklame og cookies.<\/li>\n<\/ul>\n\n\n\n<h2 class=\"wp-block-heading\"><strong>4. SAMLING OG BEHANDLING AF DIN PERSONLIGE DATA<\/strong><\/h2>\n\n\n\n<p>De typer data, der kan anmodes om og behandles, er:<\/p>\n\n\n\n<ul class=\"wp-block-list\">\n<li>Data af identificerende art.<\/li>\n<\/ul>\n\n\n\n<p>Vi indsamler ogs\u00e5 automatisk data om dit bes\u00f8g p\u00e5 vores websted som beskrevet i cookiepolitikken.<\/p>\n\n\n\n<p>Hver gang vi anmoder om dine personlige data, vil vi tydeligt informere dig om, hvilke personlige data vi indsamler, og til hvilket form\u00e5l. Generelt indsamler og behandler vi dine personlige data med det form\u00e5l:<\/p>\n\n\n\n<ul class=\"wp-block-list\">\n<li>Giv information, tjenester, produkter, relevant information og nyheder i sektoren.<\/li>\n\n\n\n<li>Afsendelse af kommunikation.<\/li>\n<\/ul>\n\n\n\n<h2 class=\"wp-block-heading\"><strong>5. LEGITIMACY<\/strong><\/h2>\n\n\n\n<p>I overensstemmelse med de g\u00e6ldende databeskyttelsesregler kan dine personlige data behandles, forudsat at:<\/p>\n\n\n\n<ul class=\"wp-block-list\">\n<li>Du har givet os dit samtykke til behandling. Du kan til enhver tid tr\u00e6kke dit samtykke tilbage.<\/li>\n\n\n\n<li>Efter lovkrav.<\/li>\n\n\n\n<li>For en legitim interesse, der ikke p\u00e5virkes af dine privatlivets rettigheder, s\u00e5som at sende kommercielle oplysninger enten ved at abonnere p\u00e5 vores nyhedsbrev eller ved at v\u00e6re kunde.<\/li>\n\n\n\n<li>N\u00f8dvendigt for levering af nogen af vores tjenester gennem et kontraktforhold mellem dig og os.<\/li>\n<\/ul>\n\n\n\n<h2 class=\"wp-block-heading\"><strong>6. KOMMUNIKATION AF PERSONLIGE DATA<\/strong><\/h2>\n\n\n\n<p>Dataene kan formidles til virksomheder relateret til Sara Garc\u00eda Herranz til levering af de forskellige tjenester som processorer. Virksomheden foretager ingen overf\u00f8rsel undtagen ved lovlig forpligtelse.<\/p>\n\n\n\n<h2 class=\"wp-block-heading\"><strong>7. DIN RETTIGHEDER<\/strong><\/h2>\n\n\n\n<p>I forbindelse med indsamling og behandling af dine personlige data kan du n\u00e5r som helst kontakte os for at:<\/p>\n\n\n\n<ul class=\"wp-block-list\">\n<li>F\u00e5 adgang til dine personlige data og alle andre oplysninger, der er specificeret i artikel 15.1 i GDPR.<\/li>\n\n\n\n<li>Ret dine personlige data, der er un\u00f8jagtige eller ufuldst\u00e6ndige i overensstemmelse med artikel 16 i GDPR.<\/li>\n\n\n\n<li>Slet dine personlige data i overensstemmelse med artikel 17 i GDPR.<\/li>\n\n\n\n<li>Begr\u00e6ns behandlingen af dine personlige data i overensstemmelse med artikel 18 i GDPR.<\/li>\n\n\n\n<li>Anmod om portabilitet af dine data i overensstemmelse med artikel 20 i GDPR.<\/li>\n\n\n\n<li>Objekt til behandling af dine personlige data i overensstemmelse med artikel 21 GDPR.<\/li>\n<\/ul>\n\n\n\n<p>Hvis du har givet dit samtykke til et specifikt form\u00e5l, har du til enhver tid ret til at tr\u00e6kke samtykket tilbage, uden at p\u00e5virke lovligheden af behandlingen baseret p\u00e5 det forudg\u00e5ende samtykke til dets tilbagetr\u00e6kning rrhh.<\/p>\n\n\n\n<p>Du kan ud\u00f8ve disse rettigheder ved at sende en begrundet og akkrediteret kommunikation til tuemail@tudominio.com<\/p>\n\n\n\n<p>Du har ogs\u00e5 ret til at indgive en klage til den kompetente tilsynsmyndighed (www.aepd.es), hvis du mener, at behandlingen ikke er i overensstemmelse med de g\u00e6ldende regler.<\/p>\n\n\n\n<h2 class=\"wp-block-heading\"><strong>8. JURIDISKE OPLYSNINGER<\/strong><\/h2>\n\n\n\n<p>Kravene i denne politik supplerer og erstatter ikke andre eksisterende krav i henhold til g\u00e6ldende databeskyttelseslovgivning, som under alle omst\u00e6ndigheder vil sejre.<\/p>\n\n\n\n<p>Denne politik er genstand for periodisk gennemgang og kan til enhver tid \u00e6ndres af virksomheden. N\u00e5r dette sker, vil vi underrette dig om \u00e6ndringer og bede dig om at l\u00e6se den seneste version af vores politik igen og bekr\u00e6fte din accept.<\/p>","protected":false},"excerpt":{"rendered":"<p>1. INFORMACI\u00d3N AL USUARIO Sara Garc\u00eda Herranz, como Responsable del Tratamiento, le informa que, seg\u00fan lo dispuesto en el Reglamento (UE) 2016\/679, de 27 de abril, (RGPD) y en la L.O. 3\/2018, de 5 de diciembre, de protecci\u00f3n de datos y garant\u00eda de los derechos digitales (LOPDGDD), trataremos su datos tal y como reflejamos en [&hellip;]<\/p>","protected":false},"author":1,"featured_media":0,"parent":0,"menu_order":0,"comment_status":"closed","ping_status":"closed","template":"","meta":{"footnotes":""},"class_list":["post-131","page","type-page","status-publish","hentry"],"_links":{"self":[{"href":"https:\/\/www.origenysabor.com\/da\/wp-json\/wp\/v2\/pages\/131","targetHints":{"allow":["GET"]}}],"collection":[{"href":"https:\/\/www.origenysabor.com\/da\/wp-json\/wp\/v2\/pages"}],"about":[{"href":"https:\/\/www.origenysabor.com\/da\/wp-json\/wp\/v2\/types\/page"}],"author":[{"embeddable":true,"href":"https:\/\/www.origenysabor.com\/da\/wp-json\/wp\/v2\/users\/1"}],"replies":[{"embeddable":true,"href":"https:\/\/www.origenysabor.com\/da\/wp-json\/wp\/v2\/comments?post=131"}],"version-history":[{"count":7,"href":"https:\/\/www.origenysabor.com\/da\/wp-json\/wp\/v2\/pages\/131\/revisions"}],"predecessor-version":[{"id":1363,"href":"https:\/\/www.origenysabor.com\/da\/wp-json\/wp\/v2\/pages\/131\/revisions\/1363"}],"wp:attachment":[{"href":"https:\/\/www.origenysabor.com\/da\/wp-json\/wp\/v2\/media?parent=131"}],"curies":[{"name":"wp","href":"https:\/\/api.w.org\/{rel}","templated":true}]}}