{"id":133,"date":"2024-08-23T15:34:37","date_gmt":"2024-08-23T13:34:37","guid":{"rendered":"https:\/\/ecommplantilla.orbidi.es\/?page_id=133"},"modified":"2024-10-27T05:13:53","modified_gmt":"2024-10-27T04:13:53","slug":"aviso-legal","status":"publish","type":"page","link":"https:\/\/www.origenysabor.com\/da\/juridisk-meddelelse\/","title":{"rendered":"Juridisk meddelelse"},"content":{"rendered":"<h2 class=\"wp-block-heading\"><strong>INFORMATIONSSAKTIVITETS TJENESTER (ISSI)<\/strong><\/h2>\n\n\n\n<p>Sara Garc\u00eda Herranz, der er ansvarlig for webstedet, i det f\u00f8lgende ANSVARLIG, stiller dette dokument til r\u00e5dighed for brugerne, der sigter mod at overholde forpligtelserne i lov 34\/2002 af 11. juli, fra Informationssamfundet og elektroniske handelstjenester (LSSICE) samt informere alle brugere af webstedet om, hvad der er brugsbetingelserne.<\/p>\n\n\n\n<p>Enhver person, der f\u00e5r adgang til dette websted, p\u00e5tager sig brugerens rolle ved at forpligte sig til overholdelse og streng overholdelse af de heri anf\u00f8rte bestemmelser samt enhver anden lovbestemmelse, der finder anvendelse.&nbsp;<\/p>\n\n\n\n<p>Sara Garc\u00eda Herranz forbeholder sig retten til at \u00e6ndre enhver form for information, der m\u00e5tte vises p\u00e5 webstedet, uden at der er nogen forpligtelse til at give forudg\u00e5ende varsel eller give brugerne kendskab til s\u00e5danne forpligtelser, At forst\u00e5, at publikationen p\u00e5 Sara Garc\u00eda Herranz 'websted er tilstr\u00e6kkelig.<\/p>\n\n\n\n<h2 class=\"wp-block-heading\"><strong>1. IDENTIFIKATIONSDATA<\/strong><\/h2>\n\n\n\n<p>Navn: Sara Garc\u00eda Herranz<\/p>\n\n\n\n<p>Handelsnavn: Origen y Sabor<\/p>\n\n\n\n<p>MOMSNR: 70258272B<\/p>\n\n\n\n<p>Adresse: Calle Uni\u00f3n Fenosa, 04 - CP 40100 - San Ildefonso - Segovia<\/p>\n\n\n\n<p>e-mail: <a href=\"mailto:info@origenysabor.com\" target=\"_blank\" rel=\"noreferrer noopener\">info@origenysabor.com<\/a><\/p>\n\n\n\n<h2 class=\"wp-block-heading\"><strong>2. FORM\u00c5L<\/strong><\/h2>\n\n\n\n<p>Gennem webstedet tilbyder vi brugere muligheden for at f\u00e5 adgang til oplysninger om vores tjenester.<\/p>\n\n\n\n<h2 class=\"wp-block-heading\"><strong>3. PRIVACY OG DATABEHANDLING<\/strong><\/h2>\n\n\n\n<p>N\u00e5r det er n\u00f8dvendigt at give personlige data for adgang til bestemt indhold eller service, garanterer brugerne deres \u00e6gthed, n\u00f8jagtighed, \u00e6gthed og gyldighed. Virksomheden vil give s\u00e5danne data den passende automatiserede behandling i henhold til dens art eller form\u00e5l p\u00e5 de vilk\u00e5r, der er angivet i afsnittet Privatlivspolitik.<\/p>\n\n\n\n<h2 class=\"wp-block-heading\"><strong>4. INTELLEKTUEL EJENDOM<\/strong><\/h2>\n\n\n\n<p>Brugeren anerkender og accepterer, at alt indhold, der vises p\u00e5 webomr\u00e5det, is\u00e6r design, tekster, billeder, logoer, ikoner, knapper, software, handelsnavne, varem\u00e6rker, eller andre tegn, der kan bruges af industri og \/ eller handel, er underlagt intellektuel ejendomsret og alle varem\u00e6rker, handelsnavne eller s\u00e6rskilte tegn, alle industrielle og intellektuelle ejendomsrettigheder, om indholdet og \/ eller andre elementer, der er indsat p\u00e5 siden, som er virksomhedens og \/ eller tredjeparts eksklusive ejendom, der har eneret til at bruge dem i kommerciel trafik. Derfor accepterer brugeren ikke at gengive, kopiere, distribuere, stille til r\u00e5dighed eller p\u00e5 anden m\u00e5de kommunikere offentligt, transformere eller \u00e6ndre s\u00e5dant indhold, derved holdes virksomheden fri for ethvert krav, der opst\u00e5r som f\u00f8lge af overtr\u00e6delse af s\u00e5danne forpligtelser. Under ingen omst\u00e6ndigheder indeb\u00e6rer adgang til Web Space nogen form for afkald, transmission, licens eller total eller delvis tildeling af s\u00e5danne rettigheder, medmindre andet udtrykkeligt er angivet. Disse generelle brugsbetingelser giver ikke brugerne nogen anden brugsret, HR, \u00e6ndring, udnyttelse, gengivelse, distribution eller offentlig kommunikation af webomr\u00e5det og\/eller dets indhold bortset fra dem, der udtrykkeligt er fastsat heri. Enhver anden brug eller udnyttelse af rettigheder er underlagt den forudg\u00e5ende og udtrykkelige tilladelse, der specifikt er givet til dette form\u00e5l af virksomheden eller tredjepart indehaveren af de p\u00e5g\u00e6ldende rettigheder.<\/p>\n\n\n\n<p>Indholdet, tekster, fotografier, design, logoer, billeder, computerprogrammer, kildekoder og generelt enhver intellektuel skabelse, der findes i dette rum, s\u00e5vel som selve rummet som helhed, som multimediekunstnerisk arbejde er beskyttet som ophavsret af intellektuel ejendomsret. Virksomheden ejer de elementer, der integrerer det grafiske design af Web Space, menuerne, navigationsknapper, HTML-kode, tekster, billeder, teksturer, grafik og ethvert andet indhold i webomr\u00e5det eller under alle omst\u00e6ndigheder har den passende tilladelse til brug af s\u00e5danne elementer. Indholdet indeholdt i webrummet m\u00e5 ikke gengives, helt eller delvist, transmitteret eller registreret af noget informationsindhentningssystem, i nogen form eller p\u00e5 noget medium, medmindre forudg\u00e5ende tilladelse opn\u00e5s skriftligt fra n\u00e6vnte enhed.<\/p>\n\n\n\n<p>Det er ogs\u00e5 forbudt at slette, omg\u00e5 og \/ eller manipulere \u00ab copyright \u00bb s\u00e5vel som de tekniske beskyttelsesanordninger eller informationsmekanismer, der kan indeholde indholdet. Brugeren af dette webrum forpligter sig til at respektere de angivne rettigheder og undg\u00e5 enhver handling, der kan skade dem, Virksomheden forbeholder sig retten til at ud\u00f8ve alle juridiske midler eller handlinger i sig selv for at forsvare sine legitime intellektuelle og industrielle ejendomsrettigheder.<\/p>\n\n\n\n<h2 class=\"wp-block-heading\"><strong>5. FORPLIGTELSER OG ANSVAR FOR BRUGEREN AF WEBRUM<\/strong><\/h2>\n\n\n\n<p>Brugeren accepterer at:<\/p>\n\n\n\n<ol class=\"wp-block-list\">\n<li>G\u00f8r korrekt og lovlig brug af webomr\u00e5det s\u00e5vel som indholdet og tjenesterne i overensstemmelse med: (i) den g\u00e6ldende lovgivning p\u00e5 hvert tidspunkt; (ii) de generelle betingelser for brug af webomr\u00e5det; (iii) almindeligt accepteret moral og god manerer; og (iv) offentlig orden.<\/li>\n\n\n\n<li>Giv alle de n\u00f8dvendige midler og tekniske krav for at f\u00e5 adgang til webomr\u00e5det.<\/li>\n\n\n\n<li>Giv sandf\u00e6rdige oplysninger ved at udfylde formularerne p\u00e5 webomr\u00e5det med dine personlige data og holde dem opdateret til enhver tid, s\u00e5 de til enhver tid reagerer, til brugerens virkelige situation. Brugeren er alene ansvarlig for eventuelle falske eller un\u00f8jagtige udsagn fra ham og for enhver skade, der er for\u00e5rsaget af virksomheden eller tredjepart af de oplysninger, han giver.<\/li>\n<\/ol>\n\n\n\n<p>Uanset bestemmelserne i det foreg\u00e5ende afsnit skal brugeren ogs\u00e5 afst\u00e5 fra:<\/p>\n\n\n\n<ol class=\"wp-block-list\">\n<li>Foretag en uautoriseret eller svigagtig brug af webomr\u00e5det og \/ eller indholdet til form\u00e5l eller effekter, der er ulovlige, forbudt i disse almindelige brugsbetingelser, skadeligt for tredjeparts rettigheder og interesser, eller som p\u00e5 nogen m\u00e5de kan skade, deaktivere, overbelaste, for at skade eller forhindre normal brug af tjenester eller dokumenter, filer og enhver form for indhold, der er gemt i ethvert computerudstyr.<\/li>\n\n\n\n<li>Adgang eller fors\u00f8g p\u00e5 at f\u00e5 adgang til begr\u00e6nsede ressourcer eller omr\u00e5der i webomr\u00e5det uden at opfylde de betingelser, der kr\u00e6ves for s\u00e5dan adgang.<\/li>\n\n\n\n<li>\u00c5rsagen skade p\u00e5 de fysiske eller logiske systemer i Web Space, dets leverand\u00f8rer eller tredjepart.<\/li>\n\n\n\n<li>Introducer eller formidles i netv\u00e6rks computervirus eller andre fysiske eller logiske systemer, der sandsynligvis vil for\u00e5rsage skade p\u00e5 de fysiske eller logiske systemer i virksomheden, leverand\u00f8rer eller tredjepart.<\/li>\n\n\n\n<li>Fors\u00f8g p\u00e5 at f\u00e5 adgang til, bruge og \/ eller manipulere dataene fra virksomheder, tredjepartsudbydere og andre brugere.<\/li>\n\n\n\n<li>Gengive eller kopiere, distribuere, give offentlig adgang gennem enhver form for offentlig kommunikation, transformere eller \u00e6ndre indholdet, medmindre du har tilladelse fra ejeren af de tilsvarende rettigheder, eller det er lovligt tilladt.<\/li>\n\n\n\n<li>Slet, skjul eller manipulere de intellektuelle ejendomsrettigheder notater og andre identificerende data om virksomhedens rettigheder eller tredjepart, der er inkorporeret i indholdet, s\u00e5vel som de tekniske beskyttelsesanordninger eller information mekanismer, der kan inds\u00e6ttes i indholdet.<\/li>\n\n\n\n<li>F\u00e5 og fors\u00f8g p\u00e5 at f\u00e5 indholdet ved hj\u00e6lp af andre midler eller procedurer end dem, der stilles til r\u00e5dighed til dette form\u00e5l, alt efter hvad der er relevant, eller udtrykkeligt angivet p\u00e5 de websider, hvor indholdet er placeret; eller generelt af dem, der normalt bruges p\u00e5 Internettet, fordi de ikke indeb\u00e6rer en risiko for skade eller tab af brug af Web Space og \/ eller indholdet.<\/li>\n\n\n\n<li>Navnlig og kun til informationsform\u00e5l forpligter brugeren sig til ikke at overf\u00f8re, formidle eller stille til r\u00e5dighed for tredjepart nogen information, data, indhold, meddelelser, grafik, tegninger, lyd og\/eller billedfiler, fotografier, optagelser, software og generelt enhver form for materiale, der: \u2022 P\u00e5 nogen m\u00e5de modsat, fraviger eller kr\u00e6nker de grundl\u00e6ggende rettigheder og offentlige friheder, der er anerkendt i forfatningen, internationale traktater og anden g\u00e6ldende lovgivning.\u2022 Inducerer, inciterer eller fremmer kriminel, denigrerende, \u00e6rekr\u00e6nkende, voldelig eller generelt i strid med loven, moral, almindeligt accepteret god moral eller offentlig orden. Inducerer eller kan fremkalde en uacceptabel tilstand af angst eller frygt.\u2022 Inducerer eller tilskynder dig til at deltage i praksis, der er farlige, farlige eller skadelige for sundheden og mental balance.\u2022 Det er beskyttet af lovgivningen om intellektuel eller industriel beskyttelse, der tilh\u00f8rer virksomheden eller tredjepart, uden at den tilsigtede anvendelse er godkendt.\u2022 V\u00e6r i mods\u00e6tning til \u00e6re, personlig og familie intimitet eller menneskers image.\u2022 Udg\u00f8r enhver form for reklame.\u2022 Medtag enhver type virus eller program, der forhindrer den normale funktion af webomr\u00e5det.<\/li>\n<\/ol>\n\n\n\n<p>Hvis du f\u00e5r en adgangskode til at f\u00e5 adgang til nogle af tjenesterne og \/ eller indholdet i webomr\u00e5det, er du forpligtet til at bruge det omhyggeligt og holde det hemmeligt til enhver tid. Derfor vil det v\u00e6re ansvarligt for dets rette forvaring og fortrolighed og forpligte sig til ikke at overf\u00f8re det til tredjepart, midlertidigt eller permanent, eller at give adgang til ovenn\u00e6vnte tjenester og\/eller indhold af udenforst\u00e5ende. Ligeledes er virksomheden forpligtet til at underrette enhver begivenhed, der kan indeb\u00e6re misbrug af dens adgangskode, s\u00e5som ved hj\u00e6lp af tyveri, tab eller uautoriseret adgang, for at forts\u00e6tte med dens \u00f8jeblikkelige annullering. S\u00e5 l\u00e6nge ovenn\u00e6vnte anmeldelse ikke er foretaget, frig\u00f8res virksomheden for ethvert ansvar, der m\u00e5tte opst\u00e5 som f\u00f8lge af misbrug af dets adgangskode, at v\u00e6re ansvarlig for enhver ulovlig brug af indholdet og \/ eller tjenesterne i webomr\u00e5det af enhver ulovlig tredjepart. Hvis du ved uagtsomhed eller fors\u00e6tlig hensigt overtr\u00e6der nogen af de forpligtelser, der er anf\u00f8rt i disse almindelige brugsbetingelser, du er ansvarlig for alle skader, der kan v\u00e6re resultatet af en s\u00e5dan overtr\u00e6delse af virksomheden.<\/p>\n\n\n\n<h2 class=\"wp-block-heading\"><strong>6. ANSVAR<\/strong><\/h2>\n\n\n\n<p>Der gives ingen garanti for den fortsatte adgang, heller ikke den korrekte visning, download eller nytten af de elementer og information, der findes p\u00e5 webstedet, der kan forhindres, hindret eller afbrudt af faktorer eller omst\u00e6ndigheder uden for dens kontrol. Det er ikke ansvarligt for de beslutninger, der kan tr\u00e6ffes som et resultat af adgang til det tilbudte indhold eller information.<\/p>\n\n\n\n<p>Tjenesten kan afbrydes, eller forholdet til brugeren afsluttes \u00f8jeblikkeligt, hvis det konstateres, at brugen af dets webrum eller nogen af de tjenester, der tilbydes deri, er i strid med disse generelle brugsbetingelser. Vi er ikke ansvarlige for skader, tab, krav eller udgifter, der opst\u00e5r ved brug af Web Space.<\/p>\n\n\n\n<p>Du er alene ansvarlig for hurtigst muligt at fjerne det indhold, der kan for\u00e5rsage s\u00e5danne skader, forudsat at dette meddeles. Is\u00e6r er vi ikke ansvarlige for skader, der blandt andet kan skyldes:<\/p>\n\n\n\n<ol class=\"wp-block-list\">\n<li>Interferens, afbrydelser, fejl, mangler, telefon opdelinger, forsinkelser, blokeringer eller afbrydelser i driften af det elektroniske system for\u00e5rsaget af mangler, overbelastninger og fejl i tele kommunikationslinjer og netv\u00e6rk, eller enhver anden \u00e5rsag uden for virksomhedens kontrol.&nbsp;<\/li>\n\n\n\n<li>Ulovlig indblanding ved brug af malware af enhver art og gennem enhver form for kommunikation, s\u00e5som computervirus eller andre.<\/li>\n\n\n\n<li>Forkert eller upassende brug af webomr\u00e5det.<\/li>\n\n\n\n<li>Sikkerheds- eller navigationsfejl for\u00e5rsaget af en browserfunktion eller brug af for\u00e6ldede versioner af det samme. Administratoren af web rummet forbeholder sig retten til helt eller delvis at tr\u00e6kke alt indhold eller information, der findes i webomr\u00e5det, tilbage.<\/li>\n<\/ol>\n\n\n\n<p>Virksomheden udelukker ethvert erstatningsansvar for skader af enhver art, der kan skyldes misbrug af tjenesterne med fri tilg\u00e6ngelighed og brug af brugerne af webomr\u00e5det. Du er ogs\u00e5 fritaget for ethvert ansvar for det indhold og de oplysninger, der kan modtages som et resultat af dataindsamlingsformularer, at v\u00e6re den samme kun til levering af tjenester med foresp\u00f8rgsler og tvivl. P\u00e5 den anden side, i tilf\u00e6lde af at der for\u00e5rsages erstatning for en ulovlig eller forkert brug af disse tjenester, kan brugeren blive kr\u00e6vet for de skader, der er for\u00e5rsaget.<\/p>\n\n\n\n<p>Du vil holde virksomheden ufarlig over for skader, der opst\u00e5r som f\u00f8lge af krav, handlinger eller krav fra tredjepart som f\u00f8lge af din adgang til eller brug af webomr\u00e5det. Du accepterer ogs\u00e5 at skadesl\u00f8sholde eventuelle skader, som kan v\u00e6re resultatet af din brug af \"robotter\", \"edderkopper\", \"crawlers\" eller lignende v\u00e6rkt\u00f8jer, der bruges til indsamling eller udtr\u00e6kning af data eller enhver anden handling fra dig, der p\u00e5l\u00e6gger driften af webomr\u00e5det en urimelig byrde.<\/p>\n\n\n\n<h2 class=\"wp-block-heading\"><strong>7. HYPERLINKS<\/strong><\/h2>\n\n\n\n<p>Brugeren forpligter sig til ikke at gengive p\u00e5 nogen m\u00e5de, selv ved hj\u00e6lp af et hyperlink eller hyperlink, Web Space s\u00e5vel som noget af dets indhold, medmindre det udtrykkeligt er skriftligt godkendt af den person, der er ansvarlig for filen.<\/p>\n\n\n\n<p>Webomr\u00e5det kan indeholde links til andre webrum, der administreres af tredjepart, for at lette brugerens adgang til information fra samarbejdende virksomheder og \/ eller sponsorer. Derfor er virksomheden ikke ansvarlig for indholdet af disse webrum, og det er heller ikke i en position som garant og \/ eller udbyder af tjenester og\/ eller oplysninger, der kan tilbydes tredjepart via links til tredjepart.<\/p>\n\n\n\n<p>Brugeren tildeles en begr\u00e6nset, tilbagekaldelse og ikke-eksklusiv ret til at oprette links til hovedsiden p\u00e5 webomr\u00e5det udelukkende til privat og ikke-kommerciel brug. Webrum, der inkluderer et link til vores Web Space (i), m\u00e5 ikke forfalske deres forhold eller h\u00e6vde, at et s\u00e5dant link er godkendt, og heller ikke inkluderer varem\u00e6rker, betegnelser, handelsnavne, logoer eller andre karakteristiske tegn p\u00e5 vores virksomhed; (ii) m\u00e5 ikke omfatte indhold, der kan betragtes som tawdry, uanst\u00e6ndigt, st\u00f8dende, kontroversielt, der tilskynder til vold eller forskelsbehandling p\u00e5 grund af k\u00f8n, race eller religion i mods\u00e6tning til den offentlige orden eller ulovlig; (iii) m\u00e5 ikke linke til nogen side i webomr\u00e5det bortset fra hovedsiden; (iv) skal linke til den egen adresse p\u00e5 webomr\u00e5det uden at tillade, at det linkende webrum gengiver webomr\u00e5det som en del af dets websted eller inden for en af dets \"rammer\" eller opret en \"browser\" p\u00e5 en af siderne i Web Space. Virksomheden kan til enhver tid anmode om, at ethvert link til webomr\u00e5det fjernes, hvorefter det straks forts\u00e6tter med fjernelsen.<\/p>\n\n\n\n<p>Virksomheden kan ikke kontrollere de oplysninger, indhold, produkter eller tjenester, der leveres af andre webrum, der har etableret links til web rummet.<\/p>\n\n\n\n<h2 class=\"wp-block-heading\"><strong>8. DATA BESKYTTELSE<\/strong><\/h2>\n\n\n\n<p>For at bruge nogle af tjenesterne skal brugeren f\u00f8rst give visse personlige data. Virksomheden behandler disse data automatisk og anvender de tilsvarende sikkerhedsforanstaltninger, alt i overensstemmelse med GDPR, LOPDGDD og LSSI. Brugeren kan f\u00e5 adgang til den politik, der f\u00f8lges i behandlingen af personoplysninger, samt etablering af de tidligere etablerede form\u00e5l p\u00e5 de betingelser, der er defineret i fortrolighedspolitikken.<\/p>\n\n\n\n<h2 class=\"wp-block-heading\"><strong>9. COOKIES<\/strong><\/h2>\n\n\n\n<p>Virksomheden forbeholder sig retten til at bruge \"cookie\" -teknologi i Web Space, for at genkende dig som en hyppig bruger og personalisere din brug af webomr\u00e5det ved at forud v\u00e6lge dit sprog eller mere \u00f8nsket eller specifikt indhold.<\/p>\n\n\n\n<p>Cookies indsamler brugerens IP-adresse, hvor Google er ansvarlig for behandlingen af disse oplysninger.<\/p>\n\n\n\n<p>Cookies er filer, der sendes til en browser, via en webserver, for at registrere navigationen af brugeren i webomr\u00e5det, n\u00e5r brugeren tillader den modtagelse. Hvis du \u00f8nsker det, kan du konfigurere din browser til at blive underrettet p\u00e5 sk\u00e6rmen om modtagelse af cookies og for at forhindre installation af cookies p\u00e5 din harddisk. Se din browsers instruktioner og manualer for mere detaljerede oplysninger.<\/p>\n\n\n\n<p>Takket v\u00e6re cookies er det muligt at genkende browseren p\u00e5 den computer, der bruges af brugeren for at lette indhold og tilbyde browse pr\u00e6ferencer eller reklame til brugeren, til brugernes demografiske profiler samt til at m\u00e5le bes\u00f8g og trafik parametre, spore fremskridt og antal poster.<\/p>\n\n\n\n<h2 class=\"wp-block-heading\"><strong>10. ERKL\u00c6RINGER OG GARANTIER<\/strong><\/h2>\n\n\n\n<p>Generelt er indholdet og tjenesterne, der tilbydes p\u00e5 webstedet, rent informative. Ved at tilbyde dem gives der derfor ingen garanti eller repr\u00e6sentation i relation til indholdet og tjenesterne, der tilbydes p\u00e5 webomr\u00e5det, herunder uden begr\u00e6nsning garantier for lovlighed, p\u00e5lidelighed, nyttighed, \u00e6gthed, n\u00f8jagtighed eller salgbarhed, undtagen i det omfang s\u00e5danne repr\u00e6sentationer og garantier ikke kan udelukkes ved lov.<\/p>\n\n\n\n<h2 class=\"wp-block-heading\"><strong>11. Tvingen MAJEURE<\/strong><\/h2>\n\n\n\n<p>Virksomheden er ikke ansvarlig i alle tilf\u00e6lde af manglende evne til at levere service, hvis dette skyldes langvarige afbrydelser i elforsyningen, tele kommunikationslinjer, sociale konflikter, strejker, opr\u00f8r, eksplosioner, oversv\u00f8mmelser, handlinger og undladelser fra regeringen og generelt alle tilf\u00e6lde af force majeure eller uforudseelige omst\u00e6ndigheder.<\/p>\n\n\n\n<h2 class=\"wp-block-heading\"><strong>12. FORSIGTIG BESLUTNING. G\u00c6LDENDE LOV OG JURISDIKTION<\/strong><\/h2>\n\n\n\n<p>Disse generelle brugsbetingelser s\u00e5vel som brugen af web omr\u00e5det reguleres af spansk lovgivning. Til l\u00f8sning af enhver tvist vil parterne forel\u00e6gge domstolene og domstolene i websteds chefens hjemsted.<\/p>\n\n\n\n<p>I tilf\u00e6lde af, at enhver bestemmelse af disse almindelige brugsbetingelser g\u00f8res uanvendelig eller ugyldig i henhold til g\u00e6ldende lov eller som et resultat af en retslig eller administrativ afg\u00f8relse, s\u00e5dan ikke-h\u00e5ndh\u00e6velse eller ugyldighed m\u00e5 ikke g\u00f8re disse almindelige brugsbetingelser ikke h\u00e5ndh\u00e6velse eller ugyldige som helhed. I s\u00e5danne tilf\u00e6lde skal virksomheden \u00e6ndre eller erstatte denne bestemmelse med en, der er gyldig og eksigibel, og som i videst muligt omfang n\u00e5r m\u00e5let og form\u00e5let med den oprindelige bestemmelse.<\/p>","protected":false},"excerpt":{"rendered":"<p>LEY DE LOS SERVICIOS DE LA SOCIEDAD DE LA INFORMACI\u00d3N (LSSI) Sara Garc\u00eda Herranz, responsable del sitio web, en adelante RESPONSABLE, pone a disposici\u00f3n de los usuarios el presente documento, con el que pretende dar cumplimiento a las obligaciones dispuestas en la Ley 34\/2002, de 11 de julio, de Servicios de la Sociedad de la [&hellip;]<\/p>","protected":false},"author":1,"featured_media":0,"parent":0,"menu_order":0,"comment_status":"closed","ping_status":"closed","template":"","meta":{"footnotes":""},"class_list":["post-133","page","type-page","status-publish","hentry"],"_links":{"self":[{"href":"https:\/\/www.origenysabor.com\/da\/wp-json\/wp\/v2\/pages\/133","targetHints":{"allow":["GET"]}}],"collection":[{"href":"https:\/\/www.origenysabor.com\/da\/wp-json\/wp\/v2\/pages"}],"about":[{"href":"https:\/\/www.origenysabor.com\/da\/wp-json\/wp\/v2\/types\/page"}],"author":[{"embeddable":true,"href":"https:\/\/www.origenysabor.com\/da\/wp-json\/wp\/v2\/users\/1"}],"replies":[{"embeddable":true,"href":"https:\/\/www.origenysabor.com\/da\/wp-json\/wp\/v2\/comments?post=133"}],"version-history":[{"count":9,"href":"https:\/\/www.origenysabor.com\/da\/wp-json\/wp\/v2\/pages\/133\/revisions"}],"predecessor-version":[{"id":1370,"href":"https:\/\/www.origenysabor.com\/da\/wp-json\/wp\/v2\/pages\/133\/revisions\/1370"}],"wp:attachment":[{"href":"https:\/\/www.origenysabor.com\/da\/wp-json\/wp\/v2\/media?parent=133"}],"curies":[{"name":"wp","href":"https:\/\/api.w.org\/{rel}","templated":true}]}}