{"id":135,"date":"2024-08-23T15:34:51","date_gmt":"2024-08-23T13:34:51","guid":{"rendered":"https:\/\/ecommplantilla.orbidi.es\/?page_id=135"},"modified":"2024-10-27T05:16:18","modified_gmt":"2024-10-27T04:16:18","slug":"accesibilidad","status":"publish","type":"page","link":"https:\/\/www.origenysabor.com\/da\/tilgaengelighed\/","title":{"rendered":"Tilg\u00e6ngelighed"},"content":{"rendered":"<p>Sara Garc\u00eda Herranz har forpligtet sig til at g\u00f8re sine websteder tilg\u00e6ngelige i overensstemmelse med det kongelige dekret 1112\/2018 af 7. september om tilg\u00e6ngelighed af websteder og applikationer til mobile enheder i den offentlige sektor.<\/p>\n\n\n\n<p>Denne tilg\u00e6ngelighedserkl\u00e6ring g\u00e6lder webstedet origenysabor.com<\/p>\n\n\n\n<h2 class=\"wp-block-heading\"><strong>OVERHOLDELSE STATUS<\/strong><\/h2>\n\n\n\n<p>Dette websted er delvist i overensstemmelse med RD 1112\/2018 p\u00e5 grund af undtagelser og manglende overensstemmelse med nedenst\u00e5ende aspekter.<\/p>\n\n\n\n<h2 class=\"wp-block-heading\"><strong>INDHOLD IKKE TILG\u00c6NGELIG<\/strong><\/h2>\n\n\n\n<p>F\u00f8lgende indhold er ikke tilg\u00e6ngeligt:&nbsp;<\/p>\n\n\n\n<ul class=\"wp-block-list\">\n<li>Manglende overholdelse af RD 1112\/2018:\n<ul class=\"wp-block-list\">\n<li>Der kan v\u00e6re indhold p\u00e5 andre sprog, hvor sprog\u00e6ndringen ikke er korrekt tagget<\/li>\n\n\n\n<li>Kun multimedieelementer med lyd er muligvis ikke noget alternativ<\/li>\n\n\n\n<li>Videoer uden undertekster kan eksistere<\/li>\n\n\n\n<li>Der er tekstindhold uden tilstr\u00e6kkelig kontrast<\/li>\n\n\n\n<li>Det observeres, at fokus i nogle tilf\u00e6lde ikke opfylder det kr\u00e6vede minimum kontrastforhold<\/li>\n\n\n\n<li>I nogle tilf\u00e6lde kan der v\u00e6re overlapning af indhold<\/li>\n\n\n\n<li>Der kan v\u00e6re PDF-dokumenter med tilg\u00e6ngelighedsproblemer<\/li>\n<\/ul>\n<\/li>\n\n\n\n<li>Uforholdsm\u00e6ssig byrde:\n<ul class=\"wp-block-list\">\n<li>G\u00e6lder ikke.<\/li>\n<\/ul>\n<\/li>\n\n\n\n<li>Indhold falder ikke inden for anvendelsesomr\u00e5det for g\u00e6ldende lov:\n<ul class=\"wp-block-list\">\n<li>Der kan v\u00e6re dokumenter i PDF-format, der er offentliggjort inden den 20. september 2018, og som ikke fuldt ud opfylder alle tilg\u00e6ngelighedskrav.<\/li>\n<\/ul>\n<\/li>\n<\/ul>\n\n\n\n<h2 class=\"wp-block-heading\"><strong>FORBEREDELSE AF DENNE TILG\u00c6NGELIGHEDS OVERSIGT<\/strong><\/h2>\n\n\n\n<p>Denne erkl\u00e6ring blev udarbejdet den 17. august 2024.<\/p>\n\n\n\n<p>Metoden anvendt til denne erkl\u00e6ring har v\u00e6ret selvvurdering.<\/p>\n\n\n\n<p>Sidste revision af erkl\u00e6ringen: 17. august 2024.<\/p>\n\n\n\n<h2 class=\"wp-block-heading\"><strong>BEM\u00c6RKNINGER OG KONTAKTDETALJER<\/strong><\/h2>\n\n\n\n<p>Kommunikation om tilg\u00e6ngelighedskrav<\/p>\n\n\n\n<p>Du kan kommunikere om tilg\u00e6ngelighedskrav (artikel 10.2.a i RD 1112\/2018) s\u00e5som:<\/p>\n\n\n\n<ul class=\"wp-block-list\">\n<li>Rapporter eventuelle overtr\u00e6delser p\u00e5 dette websted<\/li>\n\n\n\n<li>Formidle andre vanskeligheder ved adgang til indhold<\/li>\n\n\n\n<li>Foretag andre foresp\u00f8rgsler eller forslag til forbedring vedr\u00f8rende tilg\u00e6ngeligheden af webstedet via kontaktformularen p\u00e5 dette websted (origenysabor.com\/contact) eller telefonisk: + 34 604 985 084<\/li>\n<\/ul>\n\n\n\n<p>via kontaktformularen p\u00e5 denne hjemmeside (<strong>Klageproceduren omhandlet i artikel 13 i RD 1112\/2018 kan initieres via kontaktformularen p\u00e5 dette websted (origenysabor.com\/contact) eller telefonisk: + 34 604 985 084<\/strong>) eller via telefonnummeret: <a href=\"https:\/\/www.origenysabor.com\/da\/forsendelses-og-returpolitikker\/?wmc-currency=DKK\" data-type=\"page\" data-id=\"137\">+34 604 985 084<\/a><\/p>\n\n\n\n<h2 class=\"wp-block-heading\"><strong>ANMODNINGER OM TILG\u00c6NGELIG INFORMATION OG KLAGER<\/strong><\/h2>\n\n\n\n<p>Gennem formularen til anmodninger om tilg\u00e6ngelig information og klager inden for tilg\u00e6ngelighedsklager kan du indsende:<\/p>\n\n\n\n<ul class=\"wp-block-list\">\n<li>en klage over overholdelse af kravene i RD 1112\/2018 eller<\/li>\n\n\n\n<li>en tilg\u00e6ngelig informationsanmodning om:\n<ul class=\"wp-block-list\">\n<li>indhold, der er udelukket fra anvendelsesomr\u00e5det for RD 1112\/2018 som beskrevet i artikel 3, stk. 4<\/li>\n\n\n\n<li>indhold, der er undtaget fra tilg\u00e6ngelighedskravene ved at p\u00e5l\u00e6gge en uforholdsm\u00e6ssig byrde.<\/li>\n<\/ul>\n<\/li>\n<\/ul>\n\n\n\n<p>Anmodningen om tilg\u00e6ngelig information skal tydeligt angive de kendsgerninger, grunde og anmodning, der g\u00f8r det muligt at fastsl\u00e5, at anmodningen er rimelig og legitim.<\/p>\n\n\n\n<p>Klager og krav om tilg\u00e6ngelig information vil blive fremsat via det elektroniske sted (https:\/\/sede.red.gob.es\/procedimientos\/reclamation-and-suggestions), og vil blive modtaget og h\u00e5ndteret af omr\u00e5det Network Information Systems.<\/p>\n\n\n\n<h2 class=\"wp-block-heading\"><strong>PROCEDURE FOR GENNEMF\u00d8RELSE<\/strong><\/h2>\n\n\n\n<p>Hvis det efter at have fremsat en anmodning om tilg\u00e6ngelig information eller klage er blevet afvist, ikke er i overensstemmelse med den trufne beslutning, eller svaret ikke opfylder kravene n\u00e6vnt i artikel 12.5 i RD 1112\/2018, kan den p\u00e5g\u00e6ldende indlede en klage. I mangel af svar kan en klage ogs\u00e5 indledes.<\/p>\n\n\n\n<p>Klageproceduren, der er beskrevet i artikel 13 i kongeligt dekret 1112\/2018, kan indledes via kontaktformularen p\u00e5 dette websted (<strong>Klageproceduren omhandlet i artikel 13 i RD 1112\/2018 kan initieres via kontaktformularen p\u00e5 dette websted (origenysabor.com\/contact) eller telefonisk: + 34 604 985 084<\/strong>) eller via telefonnummeret: <a href=\"https:\/\/www.origenysabor.com\/da\/forsendelses-og-returpolitikker\/?wmc-currency=DKK\" data-type=\"page\" data-id=\"137\">+34 604 985 084<\/a><\/p>\n\n\n\n<p>Klager vil blive modtaget og h\u00e5ndteret af Sara Garc\u00eda Herranz<\/p>\n\n\n\n<h2 class=\"wp-block-heading\"><strong>Valgfrit indhold<\/strong><\/h2>\n\n\n\n<p>Webstedet skal v\u00e6re:<\/p>\n\n\n\n<ul class=\"wp-block-list\">\n<li>er designet til at opfylde de nuv\u00e6rende standarder og regler for tilg\u00e6ngelighed, der opfylder prioritet 2 (AA) kontrolpunkter defineret i retningslinjerne for webindholdstilg\u00e6ngelighed (WCAG 2.1)<\/li>\n\n\n\n<li>er optimeret til de nyeste versioner af Chrome, Edge, Firefox, Safari og Opera<\/li>\n\n\n\n<li>er designet til korrekt visning i enhver opl\u00f8sning og desktop, tablet eller mobil enhed (responsivt design)<\/li>\n\n\n\n<li>er lavet ved hj\u00e6lp af HTML5 som markeringssprog og CSS 3-stilark til dets design<\/li>\n<\/ul>\n\n\n\n<p>Hvis du vil \u00e6ndre skrifttypest\u00f8rrelsen p\u00e5 tekst i st\u00f8rre grafiske browsere, skal du bruge f\u00f8lgende menuer:<\/p>\n\n\n\n<ul class=\"wp-block-list\">\n<li>Internet Explorer, Mozilla og Firefox: Se &gt; Tekstst\u00f8rrelse<\/li>\n\n\n\n<li>Opera: Vis &gt; Zoom<\/li>\n\n\n\n<li>Safari: Vis &gt; G\u00f8r teksten st\u00f8rre<\/li>\n\n\n\n<li>Chrome: Kontrollerer den aktuelle side &gt; Tekstst\u00f8rrelse<\/li>\n\n\n\n<li>S\u00e5dan \u00e6ndres st\u00f8rrelse p\u00e5 alt p\u00e5 siden:\n<ul class=\"wp-block-list\">\n<li>Ctrl + + \u00f8ges<\/li>\n\n\n\n<li>Ctrl + - for at falde<\/li>\n\n\n\n<li>Ctrl + 0 gendanner den originale st\u00f8rrelse p\u00e5 teksten<\/li>\n\n\n\n<li>Hvis du vil tilsides\u00e6tte typografiarket eller \u00e6ndre tekstfarven, kan du se siden S\u00e5dan \u00e6ndres tekstst\u00f8rrelse eller farver p\u00e5 WAI, som du kan l\u00e6se oversat til engelsk i Hvordan \u00e6ndrer du st\u00f8rrelsen p\u00e5 teksten eller farverne?<\/li>\n<\/ul>\n<\/li>\n<\/ul>","protected":false},"excerpt":{"rendered":"<p>Sara Garc\u00eda Herranz se ha comprometido a hacer accesibles sus Sitios web de conformidad con el Real Decreto 1112\/2018, de 7 de septiembre, sobre accesibilidad de los sitios web y aplicaciones para dispositivos m\u00f3viles del sector p\u00fablico. La presente declaraci\u00f3n de accesibilidad se aplica al sitio web origenysabor.com SITUACI\u00d3N DE CUMPLIMIENTO Este sitio web es [&hellip;]<\/p>","protected":false},"author":1,"featured_media":0,"parent":0,"menu_order":0,"comment_status":"closed","ping_status":"closed","template":"","meta":{"footnotes":""},"class_list":["post-135","page","type-page","status-publish","hentry"],"_links":{"self":[{"href":"https:\/\/www.origenysabor.com\/da\/wp-json\/wp\/v2\/pages\/135","targetHints":{"allow":["GET"]}}],"collection":[{"href":"https:\/\/www.origenysabor.com\/da\/wp-json\/wp\/v2\/pages"}],"about":[{"href":"https:\/\/www.origenysabor.com\/da\/wp-json\/wp\/v2\/types\/page"}],"author":[{"embeddable":true,"href":"https:\/\/www.origenysabor.com\/da\/wp-json\/wp\/v2\/users\/1"}],"replies":[{"embeddable":true,"href":"https:\/\/www.origenysabor.com\/da\/wp-json\/wp\/v2\/comments?post=135"}],"version-history":[{"count":5,"href":"https:\/\/www.origenysabor.com\/da\/wp-json\/wp\/v2\/pages\/135\/revisions"}],"predecessor-version":[{"id":1371,"href":"https:\/\/www.origenysabor.com\/da\/wp-json\/wp\/v2\/pages\/135\/revisions\/1371"}],"wp:attachment":[{"href":"https:\/\/www.origenysabor.com\/da\/wp-json\/wp\/v2\/media?parent=135"}],"curies":[{"name":"wp","href":"https:\/\/api.w.org\/{rel}","templated":true}]}}