{"id":1046,"date":"2024-10-08T20:13:07","date_gmt":"2024-10-08T18:13:07","guid":{"rendered":"https:\/\/www.origenysabor.com\/producto\/salami-picante-covap-esenciaunica-chorizo-de-bellota-100-raza-iberica-cortado-a-maquina-120-g-ag-copia\/"},"modified":"2024-12-09T22:20:41","modified_gmt":"2024-12-09T21:20:41","slug":"salami-picante-covap-esenciaunica-chorizo-de-bellota-100-raza-iberica-cortado-a-maquina-120-g-ag-copia","status":"publish","type":"product","link":"https:\/\/www.origenysabor.com\/da\/vare\/krydret-salami-covap-esenciaunika-acorn-chorizo-100-percent-iberisk-race-skaaret-til-maskinen-120-g-ag-kopi\/","title":{"rendered":"COVAP ESENCIAUNICA krydret salami Chorizo de bellota 100% Iberisk race maskinsk\u00e5ret 120 g. AG"},"content":{"rendered":"<p>COVAP ESENCIAUNICA Iberian Salami 100% sk\u00e5ret med maskine p\u00e5 fabrikken. Taske p\u00e5 120 g.<\/p>\n<p>Madens navn: Jam\u00f3n de Bellota 100% Ib\u00e9rico<br \/>\nOprindelsesland: Spanien<br \/>\nOperat\u00f8rnavn: S.C.A GANADERA DEL VALLE DE LOS PEDROCHES (COVAP)<br \/>\nOperat\u00f8radresse: C \/ borgmester 56 - 14400 Pozoblanco (C\u00f3rdoba)<br \/>\nFoderets oprindelsessted: C\u00f3rdoba<br \/>\nNettom\u00e6ngde: 120 g<br \/>\nIngredienser og allergener<br \/>\nIberisk svinek\u00f8dfedt. Salt. Paprika. Dextrin. Svinek\u00f8dprotein. Dextrose. Krydderier. Aciditetsregulator (E-331iii). antioxidant (E-301). konserveringsmiddel (E-252). Ikke-spiselig tripe. Kan indeholde spor af m\u00e6lk og soja.<\/p>","protected":false},"excerpt":{"rendered":"<p>COVAP ESENCIAUNICA Chorizo 100% Iberisk p\u00f8lse maskinsk\u00e5ret p\u00e5 fabrikken. Pose med 120 g.<\/p>\n<p>F\u00f8devarens navn: Chorizo de Bellota 100% Ib\u00e9rico<br \/>\nOprindelsesland: Spanien<br \/>\nOperat\u00f8rnavn: S.C.A GANADERA DEL VALLE DE LOS PEDROCHES (COVAP)<br \/>\nOperat\u00f8radresse: C \/ borgmester 56 - 14400 Pozoblanco (C\u00f3rdoba)<br \/>\nFoderets oprindelsessted: C\u00f3rdoba<br \/>\nNettom\u00e6ngde: 120 g<br \/>\nIngredienser og allergener<br \/>\nIberisk svinek\u00f8dfedt. Salt. Paprika. Dextrin. Svinek\u00f8dprotein. Dextrose. Krydderier. Aciditetsregulator (E-331iii). antioxidant (E-301). konserveringsmiddel (E-252). Ikke-spiselig tripe. Kan indeholde spor af m\u00e6lk og soja.<\/p>","protected":false},"featured_media":1047,"comment_status":"closed","ping_status":"closed","template":"","meta":{"wds_primary_product_brand":0,"wds_primary_product_cat":0},"product_brand":[],"product_cat":[30],"product_tag":[],"class_list":{"0":"post-1046","1":"product","2":"type-product","3":"status-publish","4":"has-post-thumbnail","6":"product_cat-embutidos-ibericos","8":"first","9":"instock","10":"sale","11":"taxable","12":"shipping-taxable","13":"purchasable","14":"product-type-simple"},"_links":{"self":[{"href":"https:\/\/www.origenysabor.com\/da\/wp-json\/wp\/v2\/product\/1046","targetHints":{"allow":["GET"]}}],"collection":[{"href":"https:\/\/www.origenysabor.com\/da\/wp-json\/wp\/v2\/product"}],"about":[{"href":"https:\/\/www.origenysabor.com\/da\/wp-json\/wp\/v2\/types\/product"}],"replies":[{"embeddable":true,"href":"https:\/\/www.origenysabor.com\/da\/wp-json\/wp\/v2\/comments?post=1046"}],"wp:featuredmedia":[{"embeddable":true,"href":"https:\/\/www.origenysabor.com\/da\/wp-json\/wp\/v2\/media\/1047"}],"wp:attachment":[{"href":"https:\/\/www.origenysabor.com\/da\/wp-json\/wp\/v2\/media?parent=1046"}],"wp:term":[{"taxonomy":"product_brand","embeddable":true,"href":"https:\/\/www.origenysabor.com\/da\/wp-json\/wp\/v2\/product_brand?post=1046"},{"taxonomy":"product_cat","embeddable":true,"href":"https:\/\/www.origenysabor.com\/da\/wp-json\/wp\/v2\/product_cat?post=1046"},{"taxonomy":"product_tag","embeddable":true,"href":"https:\/\/www.origenysabor.com\/da\/wp-json\/wp\/v2\/product_tag?post=1046"}],"curies":[{"name":"wp","href":"https:\/\/api.w.org\/{rel}","templated":true}]}}