{"id":1050,"date":"2024-10-08T20:13:07","date_gmt":"2024-10-08T18:13:07","guid":{"rendered":"https:\/\/www.origenysabor.com\/producto\/vino-tinto-cune-do-rioja-pack-3-botellas-de-75-cl\/"},"modified":"2024-11-03T03:43:19","modified_gmt":"2024-11-03T02:43:19","slug":"vino-tinto-cune-do-rioja-pack-3-botellas-de-75-cl","status":"publish","type":"product","link":"https:\/\/www.origenysabor.com\/da\/vare\/roedvin-cune-do-rioja-pack-3-flasker-med-75-cl\/","title":{"rendered":"R\u00f8dvin CUNE DO Rioja Pack 3 flasker med 75 cl"},"content":{"rendered":"<p>F\u00f8devarens navn: VIN CRIANZA DENOMINACI\u00d3N DE ORIGEN RIOJA<br \/>\nOprindelsesland: Spanien<br \/>\nOperat\u00f8rens navn: COMPA\u00d1\u00cdA VINICOLA DEL NORTE DE ESPA\u00d1A SA<br \/>\nOperat\u00f8radresse: Crta de Logro\u00f1o - Laguardia Km 4,8<br \/>\nNettom\u00e6ngde: 225 centiliter<br \/>\nAlkoholindhold: 13,5%.<br \/>\nSmagsnotat Granatfarve med bl\u00e5lige toner i ellipsen. God aromatisk intensitet, der fremh\u00e6ver skovfrugter og lakrids i perfekt balance med noter af vanilje og ristet fra t\u00f8nderne af amerikansk eg. I munden efterlader det fornemmelser af balance og rundhed, hvilket efterlader en s\u00f8d vin med en behagelig finish.<br \/>\nGastronomi-anbefalede retter Ideel ledsager til en middelhavsdi\u00e6t.<\/p>","protected":false},"excerpt":{"rendered":"<p>F\u00f8devarens navn: VIN CRIANZA DENOMINACI\u00d3N DE ORIGEN RIOJA<br \/>\nOprindelsesland: Spanien<br \/>\nOperat\u00f8rens navn: COMPA\u00d1\u00cdA VINICOLA DEL NORTE DE ESPA\u00d1A SA<br \/>\nOperat\u00f8radresse: Crta de Logro\u00f1o - Laguardia Km 4,8<br \/>\nNettom\u00e6ngde: 225 centiliter<br \/>\nAlkoholindhold: 13,5%.<br \/>\nSmagsnotat Granatfarve med bl\u00e5lige toner i ellipsen. God aromatisk intensitet, der fremh\u00e6ver skovfrugter og lakrids i perfekt balance med noter af vanilje og ristet fra t\u00f8nderne af amerikansk eg. I munden efterlader det fornemmelser af balance og rundhed, hvilket efterlader en s\u00f8d vin med en behagelig finish.<br \/>\nGastronomi-anbefalede retter Ideel ledsager til en middelhavsdi\u00e6t.<\/p>","protected":false},"featured_media":1051,"comment_status":"closed","ping_status":"closed","template":"","meta":{"wds_primary_product_brand":0,"wds_primary_product_cat":0},"product_brand":[],"product_cat":[29],"product_tag":[],"class_list":{"0":"post-1050","1":"product","2":"type-product","3":"status-publish","4":"has-post-thumbnail","6":"product_cat-vinos","8":"first","9":"instock","10":"taxable","11":"shipping-taxable","12":"purchasable","13":"product-type-simple"},"_links":{"self":[{"href":"https:\/\/www.origenysabor.com\/da\/wp-json\/wp\/v2\/product\/1050","targetHints":{"allow":["GET"]}}],"collection":[{"href":"https:\/\/www.origenysabor.com\/da\/wp-json\/wp\/v2\/product"}],"about":[{"href":"https:\/\/www.origenysabor.com\/da\/wp-json\/wp\/v2\/types\/product"}],"replies":[{"embeddable":true,"href":"https:\/\/www.origenysabor.com\/da\/wp-json\/wp\/v2\/comments?post=1050"}],"wp:featuredmedia":[{"embeddable":true,"href":"https:\/\/www.origenysabor.com\/da\/wp-json\/wp\/v2\/media\/1051"}],"wp:attachment":[{"href":"https:\/\/www.origenysabor.com\/da\/wp-json\/wp\/v2\/media?parent=1050"}],"wp:term":[{"taxonomy":"product_brand","embeddable":true,"href":"https:\/\/www.origenysabor.com\/da\/wp-json\/wp\/v2\/product_brand?post=1050"},{"taxonomy":"product_cat","embeddable":true,"href":"https:\/\/www.origenysabor.com\/da\/wp-json\/wp\/v2\/product_cat?post=1050"},{"taxonomy":"product_tag","embeddable":true,"href":"https:\/\/www.origenysabor.com\/da\/wp-json\/wp\/v2\/product_tag?post=1050"}],"curies":[{"name":"wp","href":"https:\/\/api.w.org\/{rel}","templated":true}]}}