{"id":1054,"date":"2024-10-08T20:13:07","date_gmt":"2024-10-08T18:13:07","guid":{"rendered":"https:\/\/www.origenysabor.com\/producto\/cerdo-segoviano-al-horno-cuarto-cochinillo-asado-ag\/"},"modified":"2024-12-03T18:15:11","modified_gmt":"2024-12-03T17:15:11","slug":"cerdo-segoviano-al-horno-cuarto-cochinillo-asado-ag","status":"publish","type":"product","link":"https:\/\/www.origenysabor.com\/da\/vare\/segovian-pork-i-ovnens-fjerde-stegt-smaagris-ag\/","title":{"rendered":"Segovian Pork i Ovnens fjerde \u00ab Stegt sm\u00e5gris \u00bb AG"},"content":{"rendered":"<p>Her er vores STORE REVOLUTION: en kvart stegt sm\u00e5gris, der ikke har brug for k\u00f8ling. Med denne sm\u00e5gris kan du nyde den samme spr\u00f8de og gyldne som den traditionelle sm\u00e5gris uden at skulle bekymre dig om den kolde k\u00e6de. Opbevar det i et skab, transporter det i en kuffert og nyd det med din familie. Og frem for alt reducerer det energiforbruget. Med den maksimale garanti for Tabladillo, kan du gl\u00e6de dine sanser med en bagt sm\u00e5gris let og p\u00e5 rekordtid. Du har kun brug for 50 minutter for at bide fyren. Oplev den ammende gris, som alle vil tale om, dets saftige og l\u00e6kre k\u00f8d vil transportere dig til Segovia. Tildelt p\u00e5 Food Fair som et innovativt og moderigtigt produkt i 2022. Anbefales til 3 portioner<\/p>","protected":false},"excerpt":{"rendered":"<p>Her er vores STORE REVOLUTION: en kvart stegt sm\u00e5gris, der ikke har brug for k\u00f8ling. Med denne sm\u00e5gris kan du nyde den samme spr\u00f8de og gyldne som den traditionelle sm\u00e5gris uden at skulle bekymre dig om den kolde k\u00e6de. Opbevar det i et skab, transporter det i en kuffert og nyd det med din familie. Og frem for alt reducerer det energiforbruget. Med den maksimale garanti for Tabladillo, kan du gl\u00e6de dine sanser med en bagt sm\u00e5gris let og p\u00e5 rekordtid. Du har kun brug for 50 minutter for at bide fyren. Oplev den ammende gris, som alle vil tale om, dets saftige og l\u00e6kre k\u00f8d vil transportere dig til Segovia. Tildelt p\u00e5 Food Fair som et innovativt og moderigtigt produkt i 2022. Anbefales til 3 portioner<\/p>","protected":false},"featured_media":1532,"comment_status":"closed","ping_status":"closed","template":"","meta":{"wds_primary_product_brand":0,"wds_primary_product_cat":0},"product_brand":[],"product_cat":[23],"product_tag":[],"class_list":{"0":"post-1054","1":"product","2":"type-product","3":"status-publish","4":"has-post-thumbnail","6":"product_cat-otros-productos","8":"first","9":"instock","10":"sale","11":"featured","12":"taxable","13":"shipping-taxable","14":"purchasable","15":"product-type-simple"},"_links":{"self":[{"href":"https:\/\/www.origenysabor.com\/da\/wp-json\/wp\/v2\/product\/1054","targetHints":{"allow":["GET"]}}],"collection":[{"href":"https:\/\/www.origenysabor.com\/da\/wp-json\/wp\/v2\/product"}],"about":[{"href":"https:\/\/www.origenysabor.com\/da\/wp-json\/wp\/v2\/types\/product"}],"replies":[{"embeddable":true,"href":"https:\/\/www.origenysabor.com\/da\/wp-json\/wp\/v2\/comments?post=1054"}],"wp:featuredmedia":[{"embeddable":true,"href":"https:\/\/www.origenysabor.com\/da\/wp-json\/wp\/v2\/media\/1532"}],"wp:attachment":[{"href":"https:\/\/www.origenysabor.com\/da\/wp-json\/wp\/v2\/media?parent=1054"}],"wp:term":[{"taxonomy":"product_brand","embeddable":true,"href":"https:\/\/www.origenysabor.com\/da\/wp-json\/wp\/v2\/product_brand?post=1054"},{"taxonomy":"product_cat","embeddable":true,"href":"https:\/\/www.origenysabor.com\/da\/wp-json\/wp\/v2\/product_cat?post=1054"},{"taxonomy":"product_tag","embeddable":true,"href":"https:\/\/www.origenysabor.com\/da\/wp-json\/wp\/v2\/product_tag?post=1054"}],"curies":[{"name":"wp","href":"https:\/\/api.w.org\/{rel}","templated":true}]}}