{"id":1064,"date":"2024-10-08T20:13:07","date_gmt":"2024-10-08T18:13:07","guid":{"rendered":"https:\/\/www.origenysabor.com\/producto\/covap-esenciaunica-salami-salchichon-de-bellota-100-raza-iberica-cortado-a-maquina-120-g-ag\/"},"modified":"2024-11-08T22:07:30","modified_gmt":"2024-11-08T21:07:30","slug":"covap-esenciaunica-salami-salchichon-de-bellota-100-raza-iberica-cortado-a-maquina-120-g-ag","status":"publish","type":"product","link":"https:\/\/www.origenysabor.com\/da\/vare\/covap-esenciaunica-salami-bellota-salchichon-100-iberisk-race-skaret-af-maskine-120-g-ag\/","title":{"rendered":"COVAP ESENCIAUNICA salami Bellota salchich\u00f3n 100% iberisk race sk\u00e5ret af maskine 120 g. AG"},"content":{"rendered":"<p>COVAP ESENCIAUNICA 100% iberisk p\u00f8lse sk\u00e5ret i fabrik. Taske p\u00e5 120 g.<\/p>\n<p>Produktnavn: 100% iberisk Bellota Ham<br \/>\nOprindelsesland: Spanien<br \/>\nOperat\u00f8rnavn: S.C.A GANADERA DEL VALLE DE LOS PEDROCHES (COVAP)<br \/>\nOperat\u00f8radresse: C \/ borgmester 56 - 14400 Pozoblanco (C\u00f3rdoba)<br \/>\nFoderets oprindelsessted: C\u00f3rdoba<br \/>\nNettom\u00e6ngde: 120 g<br \/>\nIngredienser og allergener<br \/>\nIberisk svinek\u00f8d salchich\u00f3n. Salt. Sukker. Aciditetsregulator (E-331iii).<br \/>\nKonserveringsmidler (E-250 og E-252). antioxidant (E-301).<\/p>","protected":false},"excerpt":{"rendered":"<p>COVAP ESENCIAUNICA 100% iberisk p\u00f8lse sk\u00e5ret i fabrik. Taske p\u00e5 120 g.<\/p>\n<p>Produktnavn: 100% iberisk Bellota Ham<br \/>\nOprindelsesland: Spanien<br \/>\nOperat\u00f8rnavn: S.C.A GANADERA DEL VALLE DE LOS PEDROCHES (COVAP)<br \/>\nOperat\u00f8radresse: C \/ borgmester 56 - 14400 Pozoblanco (C\u00f3rdoba)<br \/>\nFoderets oprindelsessted: C\u00f3rdoba<br \/>\nNettom\u00e6ngde: 120 g<br \/>\nIngredienser og allergener<br \/>\nIberisk svinek\u00f8d salchich\u00f3n. Salt. Sukker. Aciditetsregulator (E-331iii).<br \/>\nKonserveringsmidler (E-250 og E-252). antioxidant (E-301).<\/p>","protected":false},"featured_media":1065,"comment_status":"closed","ping_status":"closed","template":"","meta":{"wds_primary_product_brand":0,"wds_primary_product_cat":0},"product_brand":[],"product_cat":[30],"product_tag":[],"class_list":{"0":"post-1064","1":"product","2":"type-product","3":"status-publish","4":"has-post-thumbnail","6":"product_cat-embutidos-ibericos","8":"first","9":"instock","10":"taxable","11":"shipping-taxable","12":"purchasable","13":"product-type-simple"},"_links":{"self":[{"href":"https:\/\/www.origenysabor.com\/da\/wp-json\/wp\/v2\/product\/1064","targetHints":{"allow":["GET"]}}],"collection":[{"href":"https:\/\/www.origenysabor.com\/da\/wp-json\/wp\/v2\/product"}],"about":[{"href":"https:\/\/www.origenysabor.com\/da\/wp-json\/wp\/v2\/types\/product"}],"replies":[{"embeddable":true,"href":"https:\/\/www.origenysabor.com\/da\/wp-json\/wp\/v2\/comments?post=1064"}],"wp:featuredmedia":[{"embeddable":true,"href":"https:\/\/www.origenysabor.com\/da\/wp-json\/wp\/v2\/media\/1065"}],"wp:attachment":[{"href":"https:\/\/www.origenysabor.com\/da\/wp-json\/wp\/v2\/media?parent=1064"}],"wp:term":[{"taxonomy":"product_brand","embeddable":true,"href":"https:\/\/www.origenysabor.com\/da\/wp-json\/wp\/v2\/product_brand?post=1064"},{"taxonomy":"product_cat","embeddable":true,"href":"https:\/\/www.origenysabor.com\/da\/wp-json\/wp\/v2\/product_cat?post=1064"},{"taxonomy":"product_tag","embeddable":true,"href":"https:\/\/www.origenysabor.com\/da\/wp-json\/wp\/v2\/product_tag?post=1064"}],"curies":[{"name":"wp","href":"https:\/\/api.w.org\/{rel}","templated":true}]}}