{"id":1070,"date":"2024-10-08T20:13:07","date_gmt":"2024-10-08T18:13:07","guid":{"rendered":"https:\/\/www.origenysabor.com\/producto\/queso-de-oveja-flor-de-esgueva-rueda-pieza-entera-de-34-kg-aproximadamente\/"},"modified":"2024-11-03T03:46:40","modified_gmt":"2024-11-03T02:46:40","slug":"queso-de-oveja-flor-de-esgueva-rueda-pieza-entera-de-34-kg-aproximadamente","status":"publish","type":"product","link":"https:\/\/www.origenysabor.com\/da\/vare\/flor-de-esgueva-rueda-faerost-hele-stykke-ca-3-4-kg\/","title":{"rendered":"Flor De Esgueva Rueda f\u00e5rost, hele stykke ca. 3,4 kg."},"content":{"rendered":"<p>Ost fremstillet af ren f\u00e5rem\u00e6lk og modnet i cirka 9 m\u00e5neder, hvilket giver den en intens smag. Det har en lys gul farve, st\u00e6rk aroma og ren smag, ideel til elskere af den bedste ost<\/p>","protected":false},"excerpt":{"rendered":"<p>Ost fremstillet af ren f\u00e5rem\u00e6lk og modnet i cirka 9 m\u00e5neder, hvilket giver den en intens smag. Det har en lys gul farve, st\u00e6rk aroma og ren smag, ideel til elskere af den bedste ost<\/p>","protected":false},"featured_media":1071,"comment_status":"closed","ping_status":"closed","template":"","meta":{"wds_primary_product_brand":0,"wds_primary_product_cat":0},"product_brand":[],"product_cat":[23],"product_tag":[],"class_list":{"0":"post-1070","1":"product","2":"type-product","3":"status-publish","4":"has-post-thumbnail","6":"product_cat-otros-productos","8":"first","9":"instock","10":"taxable","11":"shipping-taxable","12":"purchasable","13":"product-type-simple"},"_links":{"self":[{"href":"https:\/\/www.origenysabor.com\/da\/wp-json\/wp\/v2\/product\/1070","targetHints":{"allow":["GET"]}}],"collection":[{"href":"https:\/\/www.origenysabor.com\/da\/wp-json\/wp\/v2\/product"}],"about":[{"href":"https:\/\/www.origenysabor.com\/da\/wp-json\/wp\/v2\/types\/product"}],"replies":[{"embeddable":true,"href":"https:\/\/www.origenysabor.com\/da\/wp-json\/wp\/v2\/comments?post=1070"}],"wp:featuredmedia":[{"embeddable":true,"href":"https:\/\/www.origenysabor.com\/da\/wp-json\/wp\/v2\/media\/1071"}],"wp:attachment":[{"href":"https:\/\/www.origenysabor.com\/da\/wp-json\/wp\/v2\/media?parent=1070"}],"wp:term":[{"taxonomy":"product_brand","embeddable":true,"href":"https:\/\/www.origenysabor.com\/da\/wp-json\/wp\/v2\/product_brand?post=1070"},{"taxonomy":"product_cat","embeddable":true,"href":"https:\/\/www.origenysabor.com\/da\/wp-json\/wp\/v2\/product_cat?post=1070"},{"taxonomy":"product_tag","embeddable":true,"href":"https:\/\/www.origenysabor.com\/da\/wp-json\/wp\/v2\/product_tag?post=1070"}],"curies":[{"name":"wp","href":"https:\/\/api.w.org\/{rel}","templated":true}]}}