{"id":1084,"date":"2024-10-08T20:13:11","date_gmt":"2024-10-08T18:13:11","guid":{"rendered":"https:\/\/www.origenysabor.com\/producto\/fabada-asturiana-de-garbanzos-de-casa-gerardo-la-catedral-de-navarra-340-gr\/"},"modified":"2024-11-03T03:48:44","modified_gmt":"2024-11-03T02:48:44","slug":"fabada-asturiana-de-garbanzos-de-casa-gerardo-la-catedral-de-navarra-340-gr","status":"publish","type":"product","link":"https:\/\/www.origenysabor.com\/da\/vare\/fabada-asturiana-de-garbanzos-de-casa-gerardo-navarra-katedralen-340-gr\/","title":{"rendered":"Fabada Asturiana de Garbanzos de Casa Gerardo - Navarra-katedralen 340 gr."},"content":{"rendered":"<p>Autentisk asturisk Fabada, opskrift p\u00e5 restauranten Casa Gerardo.<br \/>\nMild smag og intens, kraftfuld smag.<br \/>\nEn sund og afbalanceret sk\u00e5l, der vil gl\u00e6de elskere af traditionelt asturisk og spansk k\u00f8kken.<\/p>","protected":false},"excerpt":{"rendered":"<p>Autentisk asturisk Fabada, opskrift p\u00e5 restauranten Casa Gerardo.<br \/>\nMild smag og intens, kraftfuld smag.<br \/>\nEn sund og afbalanceret sk\u00e5l, der vil gl\u00e6de elskere af traditionelt asturisk og spansk k\u00f8kken.<\/p>","protected":false},"featured_media":1085,"comment_status":"closed","ping_status":"closed","template":"","meta":{"wds_primary_product_brand":0,"wds_primary_product_cat":0},"product_brand":[],"product_cat":[40],"product_tag":[],"class_list":{"0":"post-1084","1":"product","2":"type-product","3":"status-publish","4":"has-post-thumbnail","6":"product_cat-conservas","8":"first","9":"instock","10":"taxable","11":"shipping-taxable","12":"purchasable","13":"product-type-simple"},"_links":{"self":[{"href":"https:\/\/www.origenysabor.com\/da\/wp-json\/wp\/v2\/product\/1084","targetHints":{"allow":["GET"]}}],"collection":[{"href":"https:\/\/www.origenysabor.com\/da\/wp-json\/wp\/v2\/product"}],"about":[{"href":"https:\/\/www.origenysabor.com\/da\/wp-json\/wp\/v2\/types\/product"}],"replies":[{"embeddable":true,"href":"https:\/\/www.origenysabor.com\/da\/wp-json\/wp\/v2\/comments?post=1084"}],"wp:featuredmedia":[{"embeddable":true,"href":"https:\/\/www.origenysabor.com\/da\/wp-json\/wp\/v2\/media\/1085"}],"wp:attachment":[{"href":"https:\/\/www.origenysabor.com\/da\/wp-json\/wp\/v2\/media?parent=1084"}],"wp:term":[{"taxonomy":"product_brand","embeddable":true,"href":"https:\/\/www.origenysabor.com\/da\/wp-json\/wp\/v2\/product_brand?post=1084"},{"taxonomy":"product_cat","embeddable":true,"href":"https:\/\/www.origenysabor.com\/da\/wp-json\/wp\/v2\/product_cat?post=1084"},{"taxonomy":"product_tag","embeddable":true,"href":"https:\/\/www.origenysabor.com\/da\/wp-json\/wp\/v2\/product_tag?post=1084"}],"curies":[{"name":"wp","href":"https:\/\/api.w.org\/{rel}","templated":true}]}}