{"id":1102,"date":"2024-10-08T20:13:11","date_gmt":"2024-10-08T18:13:11","guid":{"rendered":"https:\/\/www.origenysabor.com\/producto\/jamon-muslo-gran-riserva-curado-loncheado-jamon-iberico-marca-joselito-70-gr\/"},"modified":"2024-11-08T22:09:32","modified_gmt":"2024-11-08T21:09:32","slug":"jamon-muslo-gran-riserva-curado-loncheado-jamon-iberico-marca-joselito-70-gr","status":"publish","type":"product","link":"https:\/\/www.origenysabor.com\/da\/vare\/jamon-lar-gran-riserva-haerdet-skiver-iberisk-skinke-maerke-joselito-70-gr\/","title":{"rendered":"Jam\u00f3n (l\u00e5r) Gran Riserva h\u00e6rdet skiver (iberisk skinke), m\u00e6rke Joselito 70 gr. -"},"content":{"rendered":"<p>Joselito skinken har fine fedt\u00e5rer, der giver den et smukt marmorudseende og giver stor saftighed og en fin struktur. Fedtet, en af de store hemmeligheder ved Joselito skinke, er meget aromatisk og s\u00e5 flydende, at det smelter i munden og oversv\u00f8mmer ganen med en uforlignelig smag, fuld af nuancer, intens og langvarig.<\/p>","protected":false},"excerpt":{"rendered":"<p>Joselito skinken har fine fedt\u00e5rer, der giver den et smukt marmorudseende og giver stor saftighed og en fin struktur. Fedtet, en af de store hemmeligheder ved Joselito skinke, er meget aromatisk og s\u00e5 flydende, at det smelter i munden og oversv\u00f8mmer ganen med en uforlignelig smag, fuld af nuancer, intens og langvarig.<\/p>","protected":false},"featured_media":1103,"comment_status":"closed","ping_status":"closed","template":"","meta":{"wds_primary_product_brand":0,"wds_primary_product_cat":0},"product_brand":[],"product_cat":[30],"product_tag":[],"class_list":{"0":"post-1102","1":"product","2":"type-product","3":"status-publish","4":"has-post-thumbnail","6":"product_cat-embutidos-ibericos","8":"first","9":"instock","10":"taxable","11":"shipping-taxable","12":"purchasable","13":"product-type-simple"},"_links":{"self":[{"href":"https:\/\/www.origenysabor.com\/da\/wp-json\/wp\/v2\/product\/1102","targetHints":{"allow":["GET"]}}],"collection":[{"href":"https:\/\/www.origenysabor.com\/da\/wp-json\/wp\/v2\/product"}],"about":[{"href":"https:\/\/www.origenysabor.com\/da\/wp-json\/wp\/v2\/types\/product"}],"replies":[{"embeddable":true,"href":"https:\/\/www.origenysabor.com\/da\/wp-json\/wp\/v2\/comments?post=1102"}],"wp:featuredmedia":[{"embeddable":true,"href":"https:\/\/www.origenysabor.com\/da\/wp-json\/wp\/v2\/media\/1103"}],"wp:attachment":[{"href":"https:\/\/www.origenysabor.com\/da\/wp-json\/wp\/v2\/media?parent=1102"}],"wp:term":[{"taxonomy":"product_brand","embeddable":true,"href":"https:\/\/www.origenysabor.com\/da\/wp-json\/wp\/v2\/product_brand?post=1102"},{"taxonomy":"product_cat","embeddable":true,"href":"https:\/\/www.origenysabor.com\/da\/wp-json\/wp\/v2\/product_cat?post=1102"},{"taxonomy":"product_tag","embeddable":true,"href":"https:\/\/www.origenysabor.com\/da\/wp-json\/wp\/v2\/product_tag?post=1102"}],"curies":[{"name":"wp","href":"https:\/\/api.w.org\/{rel}","templated":true}]}}