{"id":1106,"date":"2024-10-08T20:13:11","date_gmt":"2024-10-08T18:13:11","guid":{"rendered":"https:\/\/www.origenysabor.com\/producto\/bolsa-de-lomo-joselito-70-gr\/"},"modified":"2024-11-03T03:55:52","modified_gmt":"2024-11-03T02:55:52","slug":"bolsa-de-lomo-joselito-70-gr","status":"publish","type":"product","link":"https:\/\/www.origenysabor.com\/da\/vare\/joselito-lomo-taske-70-gr\/","title":{"rendered":"Joselito Lomo taske 70 gr. -"},"content":{"rendered":"<p>Lys i r\u00f8g og paprika, har en bl\u00f8d struktur. Det er et k\u00f8d i r\u00f8d lilla farve og med lette infiltrationer af fedt, der v\u00e6ver en enorm og uregelm\u00e6ssig smag, mens den l\u00f8ber ganen med det altid karakteristiske strejf af paprika, der giver s\u00e5 meget personlighed til stykket.<\/p>","protected":false},"excerpt":{"rendered":"<p>Lys i r\u00f8g og paprika, har en bl\u00f8d struktur. Det er et k\u00f8d i r\u00f8d lilla farve og med lette infiltrationer af fedt, der v\u00e6ver en enorm og uregelm\u00e6ssig smag, mens den l\u00f8ber ganen med det altid karakteristiske strejf af paprika, der giver s\u00e5 meget personlighed til stykket.<\/p>","protected":false},"featured_media":1107,"comment_status":"closed","ping_status":"closed","template":"","meta":{"wds_primary_product_brand":0,"wds_primary_product_cat":0},"product_brand":[],"product_cat":[30],"product_tag":[],"class_list":{"0":"post-1106","1":"product","2":"type-product","3":"status-publish","4":"has-post-thumbnail","6":"product_cat-embutidos-ibericos","8":"first","9":"instock","10":"taxable","11":"shipping-taxable","12":"purchasable","13":"product-type-simple"},"_links":{"self":[{"href":"https:\/\/www.origenysabor.com\/da\/wp-json\/wp\/v2\/product\/1106","targetHints":{"allow":["GET"]}}],"collection":[{"href":"https:\/\/www.origenysabor.com\/da\/wp-json\/wp\/v2\/product"}],"about":[{"href":"https:\/\/www.origenysabor.com\/da\/wp-json\/wp\/v2\/types\/product"}],"replies":[{"embeddable":true,"href":"https:\/\/www.origenysabor.com\/da\/wp-json\/wp\/v2\/comments?post=1106"}],"wp:featuredmedia":[{"embeddable":true,"href":"https:\/\/www.origenysabor.com\/da\/wp-json\/wp\/v2\/media\/1107"}],"wp:attachment":[{"href":"https:\/\/www.origenysabor.com\/da\/wp-json\/wp\/v2\/media?parent=1106"}],"wp:term":[{"taxonomy":"product_brand","embeddable":true,"href":"https:\/\/www.origenysabor.com\/da\/wp-json\/wp\/v2\/product_brand?post=1106"},{"taxonomy":"product_cat","embeddable":true,"href":"https:\/\/www.origenysabor.com\/da\/wp-json\/wp\/v2\/product_cat?post=1106"},{"taxonomy":"product_tag","embeddable":true,"href":"https:\/\/www.origenysabor.com\/da\/wp-json\/wp\/v2\/product_tag?post=1106"}],"curies":[{"name":"wp","href":"https:\/\/api.w.org\/{rel}","templated":true}]}}