{"id":1108,"date":"2024-10-08T20:13:11","date_gmt":"2024-10-08T18:13:11","guid":{"rendered":"https:\/\/www.origenysabor.com\/producto\/paleta-de-jamon-loncheado-paleta-marca-joselito-70-gr\/"},"modified":"2024-11-03T03:56:08","modified_gmt":"2024-11-03T02:56:08","slug":"paleta-de-jamon-loncheado-paleta-marca-joselito-70-gr","status":"publish","type":"product","link":"https:\/\/www.origenysabor.com\/da\/vare\/skiver-ham-shoulder-shoulder-maerke-joselito-70-gr\/","title":{"rendered":"Skiver Ham Shoulder (Shoulder), m\u00e6rke Joselito 70 gr. -"},"content":{"rendered":"<p>Joselito Paleta er kendetegnet ved en stor saftighed, delikat struktur og harmonisk kombination af det bedste k\u00f8d med infiltrationer af gyldent fedt og rosacea, fra svin opdr\u00e6ttet udelukkende p\u00e5 en omfattende og fodret 100% naturlig m\u00e5de. Hver skive, n\u00f8jagtigt sk\u00e5ret, har en enorm og aromatisk smag, der smeltes ved kontakt med munden for sin enest\u00e5ende k\u00f8dfulde og forfining.<\/p>","protected":false},"excerpt":{"rendered":"<p>Joselito Paleta er kendetegnet ved en stor saftighed, delikat struktur og harmonisk kombination af det bedste k\u00f8d med infiltrationer af gyldent fedt og rosacea, fra svin opdr\u00e6ttet udelukkende p\u00e5 en omfattende og fodret 100% naturlig m\u00e5de. Hver skive, n\u00f8jagtigt sk\u00e5ret, har en enorm og aromatisk smag, der smeltes ved kontakt med munden for sin enest\u00e5ende k\u00f8dfulde og forfining.<\/p>","protected":false},"featured_media":1109,"comment_status":"closed","ping_status":"closed","template":"","meta":{"wds_primary_product_brand":0,"wds_primary_product_cat":0},"product_brand":[],"product_cat":[30],"product_tag":[],"class_list":{"0":"post-1108","1":"product","2":"type-product","3":"status-publish","4":"has-post-thumbnail","6":"product_cat-embutidos-ibericos","8":"first","9":"instock","10":"taxable","11":"shipping-taxable","12":"purchasable","13":"product-type-simple"},"_links":{"self":[{"href":"https:\/\/www.origenysabor.com\/da\/wp-json\/wp\/v2\/product\/1108","targetHints":{"allow":["GET"]}}],"collection":[{"href":"https:\/\/www.origenysabor.com\/da\/wp-json\/wp\/v2\/product"}],"about":[{"href":"https:\/\/www.origenysabor.com\/da\/wp-json\/wp\/v2\/types\/product"}],"replies":[{"embeddable":true,"href":"https:\/\/www.origenysabor.com\/da\/wp-json\/wp\/v2\/comments?post=1108"}],"wp:featuredmedia":[{"embeddable":true,"href":"https:\/\/www.origenysabor.com\/da\/wp-json\/wp\/v2\/media\/1109"}],"wp:attachment":[{"href":"https:\/\/www.origenysabor.com\/da\/wp-json\/wp\/v2\/media?parent=1108"}],"wp:term":[{"taxonomy":"product_brand","embeddable":true,"href":"https:\/\/www.origenysabor.com\/da\/wp-json\/wp\/v2\/product_brand?post=1108"},{"taxonomy":"product_cat","embeddable":true,"href":"https:\/\/www.origenysabor.com\/da\/wp-json\/wp\/v2\/product_cat?post=1108"},{"taxonomy":"product_tag","embeddable":true,"href":"https:\/\/www.origenysabor.com\/da\/wp-json\/wp\/v2\/product_tag?post=1108"}],"curies":[{"name":"wp","href":"https:\/\/api.w.org\/{rel}","templated":true}]}}