{"id":1110,"date":"2024-10-08T20:13:11","date_gmt":"2024-10-08T18:13:11","guid":{"rendered":"https:\/\/www.origenysabor.com\/producto\/bolsa-de-chorizo-joselito-70-gr\/"},"modified":"2024-11-03T03:56:22","modified_gmt":"2024-11-03T02:56:22","slug":"bolsa-de-chorizo-joselito-70-gr","status":"publish","type":"product","link":"https:\/\/www.origenysabor.com\/da\/vare\/taske-chorizo-joselito-70-gr\/","title":{"rendered":"Taske chorizo Joselito 70 gr. -"},"content":{"rendered":"<p>Intens og langvarig smag, fuld af nuancer. Anerkendt for sin aroma af paprika, for sin bl\u00f8de struktur, der st\u00e5r i kontrast til et kraftfuldt produkt, fuld af smag, aromatiseret og smag med stor intensitet og fantastisk saftighed. Det er den umiskendelige smag af et stykke lavet for h\u00e5nd og p\u00e5 en traditionel m\u00e5de, der sammen med skinke er blevet et emblematisk produkt af Joselito-grisen.<\/p>","protected":false},"excerpt":{"rendered":"<p>Intens og langvarig smag, fuld af nuancer. Anerkendt for sin aroma af paprika, for sin bl\u00f8de struktur, der st\u00e5r i kontrast til et kraftfuldt produkt, fuld af smag, aromatiseret og smag med stor intensitet og fantastisk saftighed. Det er den umiskendelige smag af et stykke lavet for h\u00e5nd og p\u00e5 en traditionel m\u00e5de, der sammen med skinke er blevet et emblematisk produkt af Joselito-grisen.<\/p>","protected":false},"featured_media":1111,"comment_status":"closed","ping_status":"closed","template":"","meta":{"wds_primary_product_brand":0,"wds_primary_product_cat":0},"product_brand":[],"product_cat":[30],"product_tag":[],"class_list":{"0":"post-1110","1":"product","2":"type-product","3":"status-publish","4":"has-post-thumbnail","6":"product_cat-embutidos-ibericos","8":"first","9":"instock","10":"taxable","11":"shipping-taxable","12":"purchasable","13":"product-type-simple"},"_links":{"self":[{"href":"https:\/\/www.origenysabor.com\/da\/wp-json\/wp\/v2\/product\/1110","targetHints":{"allow":["GET"]}}],"collection":[{"href":"https:\/\/www.origenysabor.com\/da\/wp-json\/wp\/v2\/product"}],"about":[{"href":"https:\/\/www.origenysabor.com\/da\/wp-json\/wp\/v2\/types\/product"}],"replies":[{"embeddable":true,"href":"https:\/\/www.origenysabor.com\/da\/wp-json\/wp\/v2\/comments?post=1110"}],"wp:featuredmedia":[{"embeddable":true,"href":"https:\/\/www.origenysabor.com\/da\/wp-json\/wp\/v2\/media\/1111"}],"wp:attachment":[{"href":"https:\/\/www.origenysabor.com\/da\/wp-json\/wp\/v2\/media?parent=1110"}],"wp:term":[{"taxonomy":"product_brand","embeddable":true,"href":"https:\/\/www.origenysabor.com\/da\/wp-json\/wp\/v2\/product_brand?post=1110"},{"taxonomy":"product_cat","embeddable":true,"href":"https:\/\/www.origenysabor.com\/da\/wp-json\/wp\/v2\/product_cat?post=1110"},{"taxonomy":"product_tag","embeddable":true,"href":"https:\/\/www.origenysabor.com\/da\/wp-json\/wp\/v2\/product_tag?post=1110"}],"curies":[{"name":"wp","href":"https:\/\/api.w.org\/{rel}","templated":true}]}}