{"id":1148,"date":"2024-10-08T20:13:14","date_gmt":"2024-10-08T18:13:14","guid":{"rendered":"https:\/\/www.origenysabor.com\/producto\/tripode-para-colocar-el-quemador-espiral-de-la-paellera\/"},"modified":"2024-11-03T04:01:02","modified_gmt":"2024-11-03T03:01:02","slug":"tripode-para-colocar-el-quemador-espiral-de-la-paellera","status":"publish","type":"product","link":"https:\/\/www.origenysabor.com\/da\/vare\/stativ-til-placering-af-spiralbraenderen-fra-paella-makeren\/","title":{"rendered":"Stativ til placering af spiralbr\u00e6nderen fra paella-makeren"},"content":{"rendered":"<p>Med en regulator til forskellige potdiametre. Tillader at underst\u00f8tte spiralpanden og paellapanden, n\u00e5r der ikke er nogen hylde til r\u00e5dighed. Anbefales til brug i haven eller udend\u00f8rs.<\/p>","protected":false},"excerpt":{"rendered":"<p>Med en regulator til forskellige potdiametre. Tillader at underst\u00f8tte spiralpanden og paellapanden, n\u00e5r der ikke er nogen hylde til r\u00e5dighed. Anbefales til brug i haven eller udend\u00f8rs.<\/p>","protected":false},"featured_media":1149,"comment_status":"closed","ping_status":"closed","template":"","meta":{"wds_primary_product_brand":0,"wds_primary_product_cat":0},"product_brand":[],"product_cat":[35],"product_tag":[],"class_list":{"0":"post-1148","1":"product","2":"type-product","3":"status-publish","4":"has-post-thumbnail","6":"product_cat-paellas-y-legumbres","8":"first","9":"instock","10":"taxable","11":"shipping-taxable","12":"purchasable","13":"product-type-simple"},"_links":{"self":[{"href":"https:\/\/www.origenysabor.com\/da\/wp-json\/wp\/v2\/product\/1148","targetHints":{"allow":["GET"]}}],"collection":[{"href":"https:\/\/www.origenysabor.com\/da\/wp-json\/wp\/v2\/product"}],"about":[{"href":"https:\/\/www.origenysabor.com\/da\/wp-json\/wp\/v2\/types\/product"}],"replies":[{"embeddable":true,"href":"https:\/\/www.origenysabor.com\/da\/wp-json\/wp\/v2\/comments?post=1148"}],"wp:featuredmedia":[{"embeddable":true,"href":"https:\/\/www.origenysabor.com\/da\/wp-json\/wp\/v2\/media\/1149"}],"wp:attachment":[{"href":"https:\/\/www.origenysabor.com\/da\/wp-json\/wp\/v2\/media?parent=1148"}],"wp:term":[{"taxonomy":"product_brand","embeddable":true,"href":"https:\/\/www.origenysabor.com\/da\/wp-json\/wp\/v2\/product_brand?post=1148"},{"taxonomy":"product_cat","embeddable":true,"href":"https:\/\/www.origenysabor.com\/da\/wp-json\/wp\/v2\/product_cat?post=1148"},{"taxonomy":"product_tag","embeddable":true,"href":"https:\/\/www.origenysabor.com\/da\/wp-json\/wp\/v2\/product_tag?post=1148"}],"curies":[{"name":"wp","href":"https:\/\/api.w.org\/{rel}","templated":true}]}}