{"id":1155,"date":"2024-10-08T20:13:14","date_gmt":"2024-10-08T18:13:14","guid":{"rendered":"https:\/\/www.origenysabor.com\/producto\/gula-del-norte-picante-al-ajillo-pack-de-6-latas-de-200-g\/"},"modified":"2024-11-03T04:02:05","modified_gmt":"2024-11-03T03:02:05","slug":"gula-del-norte-picante-al-ajillo-pack-de-6-latas-de-200-g","status":"publish","type":"product","link":"https:\/\/www.origenysabor.com\/da\/vare\/gula-del-norte-krydret-hvidlok-pakke-med-6-daser-pa-200-g\/","title":{"rendered":"Gula del norte krydret hvidl\u00f8g. Pakke med 6 d\u00e5ser p\u00e5 200 g."},"content":{"rendered":"<p>Northern Gaul Preserve kogt med krydret hvidl\u00f8g.<br \/>\nForarbejdet fiskeprodukt. Indeholder fiskeprotein, vand, solsikkeolie, hvedemel, salt, sojaprotein, vegetabilsk protein, m\u00e6lkeprotein;<\/p>\n<p>Opbevares p\u00e5 et k\u00f8ligt, t\u00f8rt sted.<\/p>\n<p>S\u00e5dan bruges den: Opvarm i en stegepande eller i mikrob\u00f8lgeovnen uden at koge olien.<\/p>\n<p>S\u00e5dan bruges: Opvarm i en gryde eller mikrob\u00f8lgeovn uden kogning af olien.<\/p>","protected":false},"excerpt":{"rendered":"<p>Northern Gaul Preserve kogt med krydret hvidl\u00f8g.<br \/>\nForarbejdet fiskeprodukt. Indeholder fiskeprotein, vand, solsikkeolie, hvedemel, salt, sojaprotein, vegetabilsk protein, m\u00e6lkeprotein;<\/p>\n<p>Opbevares p\u00e5 et k\u00f8ligt, t\u00f8rt sted.<\/p>\n<p>S\u00e5dan bruges den: Opvarm i en stegepande eller i mikrob\u00f8lgeovnen uden at koge olien.<\/p>\n<p>S\u00e5dan bruges: Opvarm i en gryde eller mikrob\u00f8lgeovn uden kogning af olien.<\/p>","protected":false},"featured_media":1156,"comment_status":"closed","ping_status":"closed","template":"","meta":{"wds_primary_product_brand":0,"wds_primary_product_cat":0},"product_brand":[],"product_cat":[32],"product_tag":[],"class_list":{"0":"post-1155","1":"product","2":"type-product","3":"status-publish","4":"has-post-thumbnail","6":"product_cat-anchoas-y-conservas-del-mar","8":"first","9":"instock","10":"taxable","11":"shipping-taxable","12":"purchasable","13":"product-type-simple"},"_links":{"self":[{"href":"https:\/\/www.origenysabor.com\/da\/wp-json\/wp\/v2\/product\/1155","targetHints":{"allow":["GET"]}}],"collection":[{"href":"https:\/\/www.origenysabor.com\/da\/wp-json\/wp\/v2\/product"}],"about":[{"href":"https:\/\/www.origenysabor.com\/da\/wp-json\/wp\/v2\/types\/product"}],"replies":[{"embeddable":true,"href":"https:\/\/www.origenysabor.com\/da\/wp-json\/wp\/v2\/comments?post=1155"}],"wp:featuredmedia":[{"embeddable":true,"href":"https:\/\/www.origenysabor.com\/da\/wp-json\/wp\/v2\/media\/1156"}],"wp:attachment":[{"href":"https:\/\/www.origenysabor.com\/da\/wp-json\/wp\/v2\/media?parent=1155"}],"wp:term":[{"taxonomy":"product_brand","embeddable":true,"href":"https:\/\/www.origenysabor.com\/da\/wp-json\/wp\/v2\/product_brand?post=1155"},{"taxonomy":"product_cat","embeddable":true,"href":"https:\/\/www.origenysabor.com\/da\/wp-json\/wp\/v2\/product_cat?post=1155"},{"taxonomy":"product_tag","embeddable":true,"href":"https:\/\/www.origenysabor.com\/da\/wp-json\/wp\/v2\/product_tag?post=1155"}],"curies":[{"name":"wp","href":"https:\/\/api.w.org\/{rel}","templated":true}]}}