{"id":1171,"date":"2024-10-08T20:13:18","date_gmt":"2024-10-08T18:13:18","guid":{"rendered":"https:\/\/www.origenysabor.com\/producto\/filetes-de-anchoa-anchoas-del-mar-cantabrico-en-aceite-de-oliva-virgen-marca-revilla-calidad-oro-lata-de-12-filetes\/"},"modified":"2024-11-08T22:19:45","modified_gmt":"2024-11-08T21:19:45","slug":"filetes-de-anchoa-anchoas-del-mar-cantabrico-en-aceite-de-oliva-virgen-marca-revilla-calidad-oro-lata-de-12-filetes","status":"publish","type":"product","link":"https:\/\/www.origenysabor.com\/da\/vare\/ansjovy-fileter-ansjos-fra-det-kantabriske-hav-i-jomfru-olivenolie-brand-revilla-kvalitetsguld-kan-12-fileter\/","title":{"rendered":"Ansjovier fileter \/ ansjos del mar Cantabrico en aceite de oliva virgen. Brand Revilla. Calidad oro. Kan af 12 fileter."},"content":{"rendered":"<p>Vi har valgt for dig, flagskibet til ansjosproduktion i Santo\u00f1a.<br \/>\nLavet af ansjos af st\u00f8rre st\u00f8rrelse end \u00ab almindelig \u00bb produktion af Cantabrian, som ogs\u00e5 allerede er af en betydelig st\u00f8rrelse, vores ansjos er lavet af ansjos af st\u00f8rre st\u00f8rrelse end \u00ab almindelig \u00bb produktion af Cantabrian.<\/p>","protected":false},"excerpt":{"rendered":"<p>Vi har valgt for dig, flagskibet til ansjosproduktion i Santo\u00f1a.<br \/>\nLavet af ansjos af st\u00f8rre st\u00f8rrelse end \u00ab almindelig \u00bb produktion af Cantabrian, som ogs\u00e5 allerede er af en betydelig st\u00f8rrelse, vores ansjos er lavet af ansjos af st\u00f8rre st\u00f8rrelse end \u00ab almindelig \u00bb produktion af Cantabrian.<\/p>","protected":false},"featured_media":1172,"comment_status":"closed","ping_status":"closed","template":"","meta":{"wds_primary_product_brand":0,"wds_primary_product_cat":0},"product_brand":[],"product_cat":[32],"product_tag":[],"class_list":{"0":"post-1171","1":"product","2":"type-product","3":"status-publish","4":"has-post-thumbnail","6":"product_cat-anchoas-y-conservas-del-mar","8":"first","9":"instock","10":"taxable","11":"shipping-taxable","12":"purchasable","13":"product-type-simple"},"_links":{"self":[{"href":"https:\/\/www.origenysabor.com\/da\/wp-json\/wp\/v2\/product\/1171","targetHints":{"allow":["GET"]}}],"collection":[{"href":"https:\/\/www.origenysabor.com\/da\/wp-json\/wp\/v2\/product"}],"about":[{"href":"https:\/\/www.origenysabor.com\/da\/wp-json\/wp\/v2\/types\/product"}],"replies":[{"embeddable":true,"href":"https:\/\/www.origenysabor.com\/da\/wp-json\/wp\/v2\/comments?post=1171"}],"wp:featuredmedia":[{"embeddable":true,"href":"https:\/\/www.origenysabor.com\/da\/wp-json\/wp\/v2\/media\/1172"}],"wp:attachment":[{"href":"https:\/\/www.origenysabor.com\/da\/wp-json\/wp\/v2\/media?parent=1171"}],"wp:term":[{"taxonomy":"product_brand","embeddable":true,"href":"https:\/\/www.origenysabor.com\/da\/wp-json\/wp\/v2\/product_brand?post=1171"},{"taxonomy":"product_cat","embeddable":true,"href":"https:\/\/www.origenysabor.com\/da\/wp-json\/wp\/v2\/product_cat?post=1171"},{"taxonomy":"product_tag","embeddable":true,"href":"https:\/\/www.origenysabor.com\/da\/wp-json\/wp\/v2\/product_tag?post=1171"}],"curies":[{"name":"wp","href":"https:\/\/api.w.org\/{rel}","templated":true}]}}