{"id":1173,"date":"2024-10-08T20:13:18","date_gmt":"2024-10-08T18:13:18","guid":{"rendered":"https:\/\/www.origenysabor.com\/producto\/filetes-de-anchoa-anchoas-del-cantabrico-en-aceite-de-oliva-dop-santona-marca-revilla-tarro-de-160-gramos\/"},"modified":"2024-11-08T22:16:04","modified_gmt":"2024-11-08T21:16:04","slug":"filetes-de-anchoa-anchoas-del-cantabrico-en-aceite-de-oliva-dop-santona-marca-revilla-tarro-de-160-gramos","status":"publish","type":"product","link":"https:\/\/www.origenysabor.com\/da\/vare\/filetes-de-anchoa-anchoas-del-cantabrico-en-aceite-de-oliva-dop-santona-marca-revilla-tarro-de-160-gramos\/","title":{"rendered":"Ansjovies fileter \/ Ansjovier i den kantabriske region i olivenolie DOP Santo\u00f1a. Brand Revilla. Krukke p\u00e5 160 gram."},"content":{"rendered":"<p>Vi har valgt for dig, flagskibet til ansjosproduktion i Santo\u00f1a.<br \/>\nPakket i glasskruer i jomfru olivenolie.<br \/>\nLavet med ansjos af et st\u00f8rre kaliber end dem, der er produceret i det kantabriske \u00bb<\/p>","protected":false},"excerpt":{"rendered":"<p>Vi har valgt for dig, flagskibet til ansjosproduktion i Santo\u00f1a.<br \/>\nPakket i glasskruer i jomfru olivenolie.<br \/>\nLavet med ansjos af et st\u00f8rre kaliber end dem, der er produceret i det kantabriske \u00bb<\/p>","protected":false},"featured_media":1174,"comment_status":"closed","ping_status":"closed","template":"","meta":{"wds_primary_product_brand":0,"wds_primary_product_cat":0},"product_brand":[],"product_cat":[32],"product_tag":[],"class_list":{"0":"post-1173","1":"product","2":"type-product","3":"status-publish","4":"has-post-thumbnail","6":"product_cat-anchoas-y-conservas-del-mar","8":"first","9":"instock","10":"taxable","11":"shipping-taxable","12":"purchasable","13":"product-type-simple"},"_links":{"self":[{"href":"https:\/\/www.origenysabor.com\/da\/wp-json\/wp\/v2\/product\/1173","targetHints":{"allow":["GET"]}}],"collection":[{"href":"https:\/\/www.origenysabor.com\/da\/wp-json\/wp\/v2\/product"}],"about":[{"href":"https:\/\/www.origenysabor.com\/da\/wp-json\/wp\/v2\/types\/product"}],"replies":[{"embeddable":true,"href":"https:\/\/www.origenysabor.com\/da\/wp-json\/wp\/v2\/comments?post=1173"}],"wp:featuredmedia":[{"embeddable":true,"href":"https:\/\/www.origenysabor.com\/da\/wp-json\/wp\/v2\/media\/1174"}],"wp:attachment":[{"href":"https:\/\/www.origenysabor.com\/da\/wp-json\/wp\/v2\/media?parent=1173"}],"wp:term":[{"taxonomy":"product_brand","embeddable":true,"href":"https:\/\/www.origenysabor.com\/da\/wp-json\/wp\/v2\/product_brand?post=1173"},{"taxonomy":"product_cat","embeddable":true,"href":"https:\/\/www.origenysabor.com\/da\/wp-json\/wp\/v2\/product_cat?post=1173"},{"taxonomy":"product_tag","embeddable":true,"href":"https:\/\/www.origenysabor.com\/da\/wp-json\/wp\/v2\/product_tag?post=1173"}],"curies":[{"name":"wp","href":"https:\/\/api.w.org\/{rel}","templated":true}]}}