{"id":1050,"date":"2024-10-08T20:13:07","date_gmt":"2024-10-08T18:13:07","guid":{"rendered":"https:\/\/www.origenysabor.com\/producto\/vino-tinto-cune-do-rioja-pack-3-botellas-de-75-cl\/"},"modified":"2024-11-03T03:43:19","modified_gmt":"2024-11-03T02:43:19","slug":"vino-tinto-cune-do-rioja-pack-3-botellas-de-75-cl","status":"publish","type":"product","link":"https:\/\/www.origenysabor.com\/en\/product\/red-wine-cune-do-rioja-pack-3-bottles-of-75-cl\/","title":{"rendered":"Red wine CUNE DO Rioja Pack 3 bottles of 75 cl"},"content":{"rendered":"<p>Name of the foodstuff: WINE CRIANZA DENOMINACI\u00d3N DE ORIGEN RIOJA<br \/>\nCountry of origin: Spain<br \/>\nName of operator: COMPA\u00d1IA VINICOLA DEL NORTE DE ESPA\u00d1A SA<br \/>\nName of operator: COMPA\u00d1\u00cdA VINICOLA DEL NORTE DE ESPA\u00d1A SA<br \/>\nNet quantity: 225 centilitres<br \/>\nAlcohol content: 13.5%.<br \/>\nTasting note Garnet color with bluish tones in the ellipse. Good aromatic intensity, highlighting forest fruits and liquorice in perfect balance with notes of vanilla and toasted from the barrels of American oak. In the mouth it leaves sensations of balance and roundness, leaving a sweet wine with a pleasant finish.<br \/>\nGastronomy-Recommended dishes Ideal companion for a Mediterranean diet.<\/p>","protected":false},"excerpt":{"rendered":"<p>Name of the foodstuff: WINE CRIANZA DENOMINACI\u00d3N DE ORIGEN RIOJA<br \/>\nCountry of origin: Spain<br \/>\nName of operator: COMPA\u00d1IA VINICOLA DEL NORTE DE ESPA\u00d1A SA<br \/>\nName of operator: COMPA\u00d1\u00cdA VINICOLA DEL NORTE DE ESPA\u00d1A SA<br \/>\nNet quantity: 225 centilitres<br \/>\nAlcohol content: 13.5%.<br \/>\nTasting note Garnet color with bluish tones in the ellipse. Good aromatic intensity, highlighting forest fruits and liquorice in perfect balance with notes of vanilla and toasted from the barrels of American oak. In the mouth it leaves sensations of balance and roundness, leaving a sweet wine with a pleasant finish.<br \/>\nGastronomy-Recommended dishes Ideal companion for a Mediterranean diet.<\/p>","protected":false},"featured_media":1051,"comment_status":"closed","ping_status":"closed","template":"","meta":{"wds_primary_product_brand":0,"wds_primary_product_cat":0},"product_brand":[],"product_cat":[29],"product_tag":[],"class_list":{"0":"post-1050","1":"product","2":"type-product","3":"status-publish","4":"has-post-thumbnail","6":"product_cat-vinos","8":"first","9":"instock","10":"taxable","11":"shipping-taxable","12":"purchasable","13":"product-type-simple"},"_links":{"self":[{"href":"https:\/\/www.origenysabor.com\/en\/wp-json\/wp\/v2\/product\/1050","targetHints":{"allow":["GET"]}}],"collection":[{"href":"https:\/\/www.origenysabor.com\/en\/wp-json\/wp\/v2\/product"}],"about":[{"href":"https:\/\/www.origenysabor.com\/en\/wp-json\/wp\/v2\/types\/product"}],"replies":[{"embeddable":true,"href":"https:\/\/www.origenysabor.com\/en\/wp-json\/wp\/v2\/comments?post=1050"}],"wp:featuredmedia":[{"embeddable":true,"href":"https:\/\/www.origenysabor.com\/en\/wp-json\/wp\/v2\/media\/1051"}],"wp:attachment":[{"href":"https:\/\/www.origenysabor.com\/en\/wp-json\/wp\/v2\/media?parent=1050"}],"wp:term":[{"taxonomy":"product_brand","embeddable":true,"href":"https:\/\/www.origenysabor.com\/en\/wp-json\/wp\/v2\/product_brand?post=1050"},{"taxonomy":"product_cat","embeddable":true,"href":"https:\/\/www.origenysabor.com\/en\/wp-json\/wp\/v2\/product_cat?post=1050"},{"taxonomy":"product_tag","embeddable":true,"href":"https:\/\/www.origenysabor.com\/en\/wp-json\/wp\/v2\/product_tag?post=1050"}],"curies":[{"name":"wp","href":"https:\/\/api.w.org\/{rel}","templated":true}]}}