{"id":1078,"date":"2024-10-08T20:13:07","date_gmt":"2024-10-08T18:13:07","guid":{"rendered":"https:\/\/www.origenysabor.com\/producto\/pate-de-morcilla-sanguinaccio-marca-el-laurel-150-gr\/"},"modified":"2024-11-03T03:47:37","modified_gmt":"2024-11-03T02:47:37","slug":"pate-de-morcilla-sanguinaccio-marca-el-laurel-150-gr","status":"publish","type":"product","link":"https:\/\/www.origenysabor.com\/en\/product\/pate-de-morcilla-sanguinaccio-brand-el-laurel-150-gr\/","title":{"rendered":"P\u00e2t\u00e9 de Morcilla\/ Sanguinaccio brand El Laurel 150 gr."},"content":{"rendered":"<p>P\u00e2t\u00e9 de morcilla\/morcilla espa\u00f1ola with selected cider apples. P\u00e2t\u00e9 with character, creamy and soft on the palate.<\/p>","protected":false},"excerpt":{"rendered":"<p>P\u00e2t\u00e9 de morcilla\/morcilla espa\u00f1ola with selected cider apples. P\u00e2t\u00e9 with character, creamy and soft on the palate.<\/p>","protected":false},"featured_media":1079,"comment_status":"closed","ping_status":"closed","template":"","meta":{"wds_primary_product_brand":0,"wds_primary_product_cat":0},"product_brand":[],"product_cat":[23],"product_tag":[],"class_list":{"0":"post-1078","1":"product","2":"type-product","3":"status-publish","4":"has-post-thumbnail","6":"product_cat-otros-productos","8":"first","9":"instock","10":"taxable","11":"shipping-taxable","12":"purchasable","13":"product-type-simple"},"_links":{"self":[{"href":"https:\/\/www.origenysabor.com\/en\/wp-json\/wp\/v2\/product\/1078","targetHints":{"allow":["GET"]}}],"collection":[{"href":"https:\/\/www.origenysabor.com\/en\/wp-json\/wp\/v2\/product"}],"about":[{"href":"https:\/\/www.origenysabor.com\/en\/wp-json\/wp\/v2\/types\/product"}],"replies":[{"embeddable":true,"href":"https:\/\/www.origenysabor.com\/en\/wp-json\/wp\/v2\/comments?post=1078"}],"wp:featuredmedia":[{"embeddable":true,"href":"https:\/\/www.origenysabor.com\/en\/wp-json\/wp\/v2\/media\/1079"}],"wp:attachment":[{"href":"https:\/\/www.origenysabor.com\/en\/wp-json\/wp\/v2\/media?parent=1078"}],"wp:term":[{"taxonomy":"product_brand","embeddable":true,"href":"https:\/\/www.origenysabor.com\/en\/wp-json\/wp\/v2\/product_brand?post=1078"},{"taxonomy":"product_cat","embeddable":true,"href":"https:\/\/www.origenysabor.com\/en\/wp-json\/wp\/v2\/product_cat?post=1078"},{"taxonomy":"product_tag","embeddable":true,"href":"https:\/\/www.origenysabor.com\/en\/wp-json\/wp\/v2\/product_tag?post=1078"}],"curies":[{"name":"wp","href":"https:\/\/api.w.org\/{rel}","templated":true}]}}