{"id":127,"date":"2024-08-23T15:33:37","date_gmt":"2024-08-23T13:33:37","guid":{"rendered":"https:\/\/ecommplantilla.orbidi.es\/?page_id=127"},"modified":"2024-10-27T05:17:33","modified_gmt":"2024-10-27T04:17:33","slug":"sobre-nosotros","status":"publish","type":"page","link":"https:\/\/www.origenysabor.com\/fi\/tietoja-meista\/","title":{"rendered":"Tietoja meist\u00e4"},"content":{"rendered":"<div data-elementor-type=\"wp-page\" data-elementor-id=\"127\" class=\"elementor elementor-127\" data-elementor-post-type=\"page\">\n\t\t\t\t<div class=\"elementor-element elementor-element-e166b74 e-con-full e-flex e-con e-parent\" data-id=\"e166b74\" data-element_type=\"container\" data-e-type=\"container\" data-settings=\"{&quot;background_background&quot;:&quot;classic&quot;}\">\n\t\t<div class=\"elementor-element elementor-element-ea1fe35 e-flex e-con-boxed e-con e-child\" data-id=\"ea1fe35\" data-element_type=\"container\" data-e-type=\"container\">\n\t\t\t\t\t<div class=\"e-con-inner\">\n\t\t\t\t<div class=\"elementor-element elementor-element-55ee24b elementor-widget elementor-widget-heading\" data-id=\"55ee24b\" data-element_type=\"widget\" data-e-type=\"widget\" data-widget_type=\"heading.default\">\n\t\t\t\t<div class=\"elementor-widget-container\">\n\t\t\t\t\t<h1 class=\"elementor-heading-title elementor-size-default\">Ensiluokkaista laatua jokaisessa kappaleessa<\/h1>\t\t\t\t<\/div>\n\t\t\t\t<\/div>\n\t\t\t\t<div class=\"elementor-element elementor-element-22a01b3 elementor-widget elementor-widget-heading\" data-id=\"22a01b3\" data-element_type=\"widget\" data-e-type=\"widget\" data-widget_type=\"heading.default\">\n\t\t\t\t<div class=\"elementor-widget-container\">\n\t\t\t\t\t<span class=\"elementor-heading-title elementor-size-default\">Makumme alkuper\u00e4<\/span>\t\t\t\t<\/div>\n\t\t\t\t<\/div>\n\t\t\t\t\t<\/div>\n\t\t\t\t<\/div>\n\t\t\t\t<\/div>\n\t\t<div class=\"elementor-element elementor-element-3e4e65a e-con-full e-flex e-con e-parent\" data-id=\"3e4e65a\" data-element_type=\"container\" data-e-type=\"container\" data-settings=\"{&quot;background_background&quot;:&quot;classic&quot;}\">\n\t\t<div class=\"elementor-element elementor-element-6232801 e-con-full e-flex e-con e-child\" data-id=\"6232801\" data-element_type=\"container\" data-e-type=\"container\">\n\t\t\t\t<div class=\"elementor-element elementor-element-9e4ac18 elementor-widget elementor-widget-heading\" data-id=\"9e4ac18\" data-element_type=\"widget\" data-e-type=\"widget\" data-widget_type=\"heading.default\">\n\t\t\t\t<div class=\"elementor-widget-container\">\n\t\t\t\t\t<h2 class=\"elementor-heading-title elementor-size-default\">Espanjalaiset juuret, globaali laatu<\/h2>\t\t\t\t<\/div>\n\t\t\t\t<\/div>\n\t\t\t\t<div class=\"elementor-element elementor-element-059929f elementor-widget elementor-widget-heading\" data-id=\"059929f\" data-element_type=\"widget\" data-e-type=\"widget\" data-widget_type=\"heading.default\">\n\t\t\t\t<div class=\"elementor-widget-container\">\n\t\t\t\t\t<h2 class=\"elementor-heading-title elementor-size-default\">Intohimomme aitoa kohtaan<\/h2>\t\t\t\t<\/div>\n\t\t\t\t<\/div>\n\t\t\t\t<div class=\"elementor-element elementor-element-1922fb0 elementor-widget elementor-widget-text-editor\" data-id=\"1922fb0\" data-element_type=\"widget\" data-e-type=\"widget\" data-widget_type=\"text-editor.default\">\n\t\t\t\t<div class=\"elementor-widget-container\">\n\t\t\t\t\t\t\t\t\t<p>Origen y Saborissa olemme omistautuneet tarjoamaan tuotteita, jotka vangitsevat espanjalaisen gastronomian olemuksen. Meit\u00e4 ohjaa sitoutumisemme laatuun, perinteisiin ja autenttiseen makuun tuomalla maamme parhaat puolet p\u00f6yt\u00e4\u00e4nne.<\/p>\t\t\t\t\t\t\t\t<\/div>\n\t\t\t\t<\/div>\n\t\t\t\t<\/div>\n\t\t<div class=\"elementor-element elementor-element-3ee4e04 e-con-full e-flex e-con e-child\" data-id=\"3ee4e04\" data-element_type=\"container\" data-e-type=\"container\">\n\t\t\t\t<div class=\"elementor-element elementor-element-f0a85da elementor-widget elementor-widget-image\" data-id=\"f0a85da\" data-element_type=\"widget\" data-e-type=\"widget\" data-widget_type=\"image.default\">\n\t\t\t\t<div class=\"elementor-widget-container\">\n\t\t\t\t\t\t\t\t\t\t\t\t\t\t\t<img fetchpriority=\"high\" decoding=\"async\" width=\"800\" height=\"533\" src=\"https:\/\/www.origenysabor.com\/wp-content\/uploads\/2024\/10\/shutterstock_2470704051.jpg\" class=\"attachment-large size-large wp-image-1232\" alt=\"Viipaloidut,tomaatit,paahdetun,leiv\u00e4n,p\u00e4\u00e4ll\u00e4,kasteltu,oliivi\u00f6ljyll\u00e4,klassinen,oliivi\u00f6ljy,p\u00e4\u00e4ll\u00e4\" srcset=\"https:\/\/www.origenysabor.com\/wp-content\/uploads\/2024\/10\/shutterstock_2470704051.jpg 1000w, https:\/\/www.origenysabor.com\/wp-content\/smush-webp\/2024\/10\/shutterstock_2470704051-300x200.jpg.webp 300w, https:\/\/www.origenysabor.com\/wp-content\/smush-webp\/2024\/10\/shutterstock_2470704051-768x511.jpg.webp 768w, https:\/\/www.origenysabor.com\/wp-content\/smush-webp\/2024\/10\/shutterstock_2470704051-600x400.jpg.webp 600w\" sizes=\"(max-width: 800px) 100vw, 800px\" data-smush-webp-fallback=\"{&quot;srcset&quot;:&quot;https:\\\/\\\/www.origenysabor.com\\\/wp-content\\\/uploads\\\/2024\\\/10\\\/shutterstock_2470704051.jpg 1000w, https:\\\/\\\/www.origenysabor.com\\\/wp-content\\\/uploads\\\/2024\\\/10\\\/shutterstock_2470704051-300x200.jpg 300w, https:\\\/\\\/www.origenysabor.com\\\/wp-content\\\/uploads\\\/2024\\\/10\\\/shutterstock_2470704051-768x511.jpg 768w, https:\\\/\\\/www.origenysabor.com\\\/wp-content\\\/uploads\\\/2024\\\/10\\\/shutterstock_2470704051-600x400.jpg 600w&quot;}\" \/>\t\t\t\t\t\t\t\t\t\t\t\t\t\t\t<\/div>\n\t\t\t\t<\/div>\n\t\t\t\t<\/div>\n\t\t\t\t<\/div>\n\t\t<div class=\"elementor-element elementor-element-7af5822 e-con-full e-flex e-con e-parent\" data-id=\"7af5822\" data-element_type=\"container\" data-e-type=\"container\" data-settings=\"{&quot;background_background&quot;:&quot;classic&quot;}\">\n\t\t<div class=\"elementor-element elementor-element-52002d6 e-con-full e-flex e-con e-child\" data-id=\"52002d6\" data-element_type=\"container\" data-e-type=\"container\">\n\t\t\t\t<div class=\"elementor-element elementor-element-e376019 elementor-widget elementor-widget-image\" data-id=\"e376019\" data-element_type=\"widget\" data-e-type=\"widget\" data-widget_type=\"image.default\">\n\t\t\t\t<div class=\"elementor-widget-container\">\n\t\t\t\t\t\t\t\t\t\t\t\t\t\t\t<img decoding=\"async\" width=\"2560\" height=\"1440\" src=\"https:\/\/www.origenysabor.com\/wp-content\/smush-webp\/2024\/10\/armando-brenlha-EufUgeuCa7Y-unsplash-scaled.jpg.webp\" class=\"attachment-full size-full wp-image-1372\" alt=\"armando brenhla\" srcset=\"https:\/\/www.origenysabor.com\/wp-content\/smush-webp\/2024\/10\/armando-brenlha-EufUgeuCa7Y-unsplash-scaled.jpg.webp 2560w, https:\/\/www.origenysabor.com\/wp-content\/smush-webp\/2024\/10\/armando-brenlha-EufUgeuCa7Y-unsplash-300x169.jpg.webp 300w, https:\/\/www.origenysabor.com\/wp-content\/smush-webp\/2024\/10\/armando-brenlha-EufUgeuCa7Y-unsplash-1024x576.jpg.webp 1024w, https:\/\/www.origenysabor.com\/wp-content\/smush-webp\/2024\/10\/armando-brenlha-EufUgeuCa7Y-unsplash-768x432.jpg.webp 768w, https:\/\/www.origenysabor.com\/wp-content\/smush-webp\/2024\/10\/armando-brenlha-EufUgeuCa7Y-unsplash-1536x864.jpg.webp 1536w, https:\/\/www.origenysabor.com\/wp-content\/smush-webp\/2024\/10\/armando-brenlha-EufUgeuCa7Y-unsplash-2048x1152.jpg.webp 2048w, https:\/\/www.origenysabor.com\/wp-content\/smush-webp\/2024\/10\/armando-brenlha-EufUgeuCa7Y-unsplash-600x337.jpg.webp 600w\" sizes=\"(max-width: 2560px) 100vw, 2560px\" loading=\"lazy\" data-smush-webp-fallback=\"{&quot;src&quot;:&quot;https:\\\/\\\/www.origenysabor.com\\\/wp-content\\\/uploads\\\/2024\\\/10\\\/armando-brenlha-EufUgeuCa7Y-unsplash-scaled.jpg&quot;,&quot;srcset&quot;:&quot;https:\\\/\\\/www.origenysabor.com\\\/wp-content\\\/uploads\\\/2024\\\/10\\\/armando-brenlha-EufUgeuCa7Y-unsplash-scaled.jpg 2560w, https:\\\/\\\/www.origenysabor.com\\\/wp-content\\\/uploads\\\/2024\\\/10\\\/armando-brenlha-EufUgeuCa7Y-unsplash-300x169.jpg 300w, https:\\\/\\\/www.origenysabor.com\\\/wp-content\\\/uploads\\\/2024\\\/10\\\/armando-brenlha-EufUgeuCa7Y-unsplash-1024x576.jpg 1024w, https:\\\/\\\/www.origenysabor.com\\\/wp-content\\\/uploads\\\/2024\\\/10\\\/armando-brenlha-EufUgeuCa7Y-unsplash-768x432.jpg 768w, https:\\\/\\\/www.origenysabor.com\\\/wp-content\\\/uploads\\\/2024\\\/10\\\/armando-brenlha-EufUgeuCa7Y-unsplash-1536x864.jpg 1536w, https:\\\/\\\/www.origenysabor.com\\\/wp-content\\\/uploads\\\/2024\\\/10\\\/armando-brenlha-EufUgeuCa7Y-unsplash-2048x1152.jpg 2048w, https:\\\/\\\/www.origenysabor.com\\\/wp-content\\\/uploads\\\/2024\\\/10\\\/armando-brenlha-EufUgeuCa7Y-unsplash-600x337.jpg 600w&quot;}\" \/>\t\t\t\t\t\t\t\t\t\t\t\t\t\t\t<\/div>\n\t\t\t\t<\/div>\n\t\t\t\t<\/div>\n\t\t<div class=\"elementor-element elementor-element-2b2e893 e-con-full e-flex e-con e-child\" data-id=\"2b2e893\" data-element_type=\"container\" data-e-type=\"container\">\n\t\t\t\t<div class=\"elementor-element elementor-element-43255b1 elementor-widget elementor-widget-heading\" data-id=\"43255b1\" data-element_type=\"widget\" data-e-type=\"widget\" data-widget_type=\"heading.default\">\n\t\t\t\t<div class=\"elementor-widget-container\">\n\t\t\t\t\t<h2 class=\"elementor-heading-title elementor-size-default\">Inspiroitunut innovaatio<\/h2>\t\t\t\t<\/div>\n\t\t\t\t<\/div>\n\t\t\t\t<div class=\"elementor-element elementor-element-40e48a5 elementor-widget elementor-widget-heading\" data-id=\"40e48a5\" data-element_type=\"widget\" data-e-type=\"widget\" data-widget_type=\"heading.default\">\n\t\t\t\t<div class=\"elementor-widget-container\">\n\t\t\t\t\t<h2 class=\"elementor-heading-title elementor-size-default\">Perinn\u00f6n ja nykyajan yhdist\u00e4minen<\/h2>\t\t\t\t<\/div>\n\t\t\t\t<\/div>\n\t\t\t\t<div class=\"elementor-element elementor-element-f910b7f elementor-widget elementor-widget-text-editor\" data-id=\"f910b7f\" data-element_type=\"widget\" data-e-type=\"widget\" data-widget_type=\"text-editor.default\">\n\t\t\t\t<div class=\"elementor-widget-container\">\n\t\t\t\t\t\t\t\t\t<p>Origen y Saborissa yhdist\u00e4mme klassikon olemuksen nykyaikaiseen l\u00e4hestymistapaan, mukautuen ajankohtaisiin vaatimuksiin menett\u00e4m\u00e4tt\u00e4 identiteetti\u00e4mme. Kehit\u00e4mme itse\u00e4mme jatkuvasti uudelleen tarjotaksemme sinulle tuotteita, jotka kunnioittavat perint\u00f6\u00e4mme ja samalla yll\u00e4t\u00e4mme moderneilla yksityiskohdilla, jotka kohottavat kulinaarista kokemustasi.<\/p>\t\t\t\t\t\t\t\t<\/div>\n\t\t\t\t<\/div>\n\t\t\t\t<\/div>\n\t\t\t\t<\/div>\n\t\t<div class=\"elementor-element elementor-element-79458e8 e-flex e-con-boxed e-con e-parent\" data-id=\"79458e8\" data-element_type=\"container\" data-e-type=\"container\" data-settings=\"{&quot;background_background&quot;:&quot;classic&quot;}\">\n\t\t\t\t\t<div class=\"e-con-inner\">\n\t\t\t\t<div class=\"elementor-element elementor-element-867723c elementor-widget elementor-widget-heading\" data-id=\"867723c\" data-element_type=\"widget\" data-e-type=\"widget\" data-widget_type=\"heading.default\">\n\t\t\t\t<div class=\"elementor-widget-container\">\n\t\t\t\t\t<h2 class=\"elementor-heading-title elementor-size-default\">Gourmet-lajitelma jokaiseen makuun<\/h2>\t\t\t\t<\/div>\n\t\t\t\t<\/div>\n\t\t<div class=\"elementor-element elementor-element-1605522 e-con-full e-flex e-con e-child\" data-id=\"1605522\" data-element_type=\"container\" data-e-type=\"container\">\n\t\t<div class=\"elementor-element elementor-element-fddb9e5 e-con-full e-flex e-con e-child\" data-id=\"fddb9e5\" data-element_type=\"container\" data-e-type=\"container\">\n\t\t\t\t<div class=\"elementor-element elementor-element-8c13e3a elementor-widget elementor-widget-image\" data-id=\"8c13e3a\" data-element_type=\"widget\" data-e-type=\"widget\" data-widget_type=\"image.default\">\n\t\t\t\t<div class=\"elementor-widget-container\">\n\t\t\t\t\t\t\t\t\t\t\t\t\t\t\t<img decoding=\"async\" width=\"642\" height=\"425\" src=\"https:\/\/www.origenysabor.com\/wp-content\/uploads\/2024\/09\/Rectangle-12-15.jpg\" class=\"attachment-full size-full wp-image-612\" alt=\"suorakulmaviinej\u00e4\" srcset=\"https:\/\/www.origenysabor.com\/wp-content\/uploads\/2024\/09\/Rectangle-12-15.jpg 642w, https:\/\/www.origenysabor.com\/wp-content\/smush-webp\/2024\/09\/Rectangle-12-15-300x199.jpg.webp 300w, https:\/\/www.origenysabor.com\/wp-content\/smush-webp\/2024\/09\/Rectangle-12-15-600x397.jpg.webp 600w\" sizes=\"(max-width: 642px) 100vw, 642px\" loading=\"lazy\" data-smush-webp-fallback=\"{&quot;srcset&quot;:&quot;https:\\\/\\\/www.origenysabor.com\\\/wp-content\\\/uploads\\\/2024\\\/09\\\/Rectangle-12-15.jpg 642w, https:\\\/\\\/www.origenysabor.com\\\/wp-content\\\/uploads\\\/2024\\\/09\\\/Rectangle-12-15-300x199.jpg 300w, https:\\\/\\\/www.origenysabor.com\\\/wp-content\\\/uploads\\\/2024\\\/09\\\/Rectangle-12-15-600x397.jpg 600w&quot;}\" \/>\t\t\t\t\t\t\t\t\t\t\t\t\t\t\t<\/div>\n\t\t\t\t<\/div>\n\t\t\t\t<div class=\"elementor-element elementor-element-0f1f354 elementor-widget elementor-widget-heading\" data-id=\"0f1f354\" data-element_type=\"widget\" data-e-type=\"widget\" data-widget_type=\"heading.default\">\n\t\t\t\t<div class=\"elementor-widget-container\">\n\t\t\t\t\t<h2 class=\"elementor-heading-title elementor-size-default\">Viinit ja sangria<\/h2>\t\t\t\t<\/div>\n\t\t\t\t<\/div>\n\t\t\t\t<div class=\"elementor-element elementor-element-71984aa elementor-widget elementor-widget-text-editor\" data-id=\"71984aa\" data-element_type=\"widget\" data-e-type=\"widget\" data-widget_type=\"text-editor.default\">\n\t\t\t\t<div class=\"elementor-widget-container\">\n\t\t\t\t\t\t\t\t\t<p>Espanjalaisia \u200b\u200bjuomia, jotka on valmistettu huolellisesti vangitsemaan kunkin alueen ainutlaatuiset maut ja aromit.<\/p>\t\t\t\t\t\t\t\t<\/div>\n\t\t\t\t<\/div>\n\t\t\t\t<\/div>\n\t\t<div class=\"elementor-element elementor-element-a6cc027 e-con-full e-flex e-con e-child\" data-id=\"a6cc027\" data-element_type=\"container\" data-e-type=\"container\">\n\t\t\t\t<div class=\"elementor-element elementor-element-3807169 elementor-widget elementor-widget-image\" data-id=\"3807169\" data-element_type=\"widget\" data-e-type=\"widget\" data-widget_type=\"image.default\">\n\t\t\t\t<div class=\"elementor-widget-container\">\n\t\t\t\t\t\t\t\t\t\t\t\t\t\t\t<img loading=\"lazy\" decoding=\"async\" width=\"643\" height=\"425\" src=\"https:\/\/www.origenysabor.com\/wp-content\/uploads\/2024\/09\/Rectangle-12-13.jpg\" class=\"attachment-large size-large wp-image-610\" alt=\"kinkkua ja tomaattia\" srcset=\"https:\/\/www.origenysabor.com\/wp-content\/uploads\/2024\/09\/Rectangle-12-13.jpg 643w, https:\/\/www.origenysabor.com\/wp-content\/smush-webp\/2024\/09\/Rectangle-12-13-300x198.jpg.webp 300w, https:\/\/www.origenysabor.com\/wp-content\/smush-webp\/2024\/09\/Rectangle-12-13-600x397.jpg.webp 600w\" sizes=\"(max-width: 643px) 100vw, 643px\" data-smush-webp-fallback=\"{&quot;srcset&quot;:&quot;https:\\\/\\\/www.origenysabor.com\\\/wp-content\\\/uploads\\\/2024\\\/09\\\/Rectangle-12-13.jpg 643w, https:\\\/\\\/www.origenysabor.com\\\/wp-content\\\/uploads\\\/2024\\\/09\\\/Rectangle-12-13-300x198.jpg 300w, https:\\\/\\\/www.origenysabor.com\\\/wp-content\\\/uploads\\\/2024\\\/09\\\/Rectangle-12-13-600x397.jpg 600w&quot;}\" \/>\t\t\t\t\t\t\t\t\t\t\t\t\t\t\t<\/div>\n\t\t\t\t<\/div>\n\t\t\t\t<div class=\"elementor-element elementor-element-f3388ed elementor-widget elementor-widget-heading\" data-id=\"f3388ed\" data-element_type=\"widget\" data-e-type=\"widget\" data-widget_type=\"heading.default\">\n\t\t\t\t<div class=\"elementor-widget-container\">\n\t\t\t\t\t<h2 class=\"elementor-heading-title elementor-size-default\">Iberian makkarat<\/h2>\t\t\t\t<\/div>\n\t\t\t\t<\/div>\n\t\t\t\t<div class=\"elementor-element elementor-element-eb266a4 elementor-widget elementor-widget-text-editor\" data-id=\"eb266a4\" data-element_type=\"widget\" data-e-type=\"widget\" data-widget_type=\"text-editor.default\">\n\t\t\t\t<div class=\"elementor-widget-container\">\n\t\t\t\t\t\t\t\t\t<p>Nauti makkaroista, jotka on valmistettu korkealaatuisimmista raaka-aineista ja noudattamalla k\u00e4sintehtyj\u00e4 reseptej\u00e4.<\/p>\t\t\t\t\t\t\t\t<\/div>\n\t\t\t\t<\/div>\n\t\t\t\t<\/div>\n\t\t\t\t<\/div>\n\t\t<div class=\"elementor-element elementor-element-2ee88f8 e-con-full e-flex e-con e-child\" data-id=\"2ee88f8\" data-element_type=\"container\" data-e-type=\"container\">\n\t\t<div class=\"elementor-element elementor-element-fc4ccb9 e-con-full e-flex e-con e-child\" data-id=\"fc4ccb9\" data-element_type=\"container\" data-e-type=\"container\">\n\t\t\t\t<div class=\"elementor-element elementor-element-2e0541f elementor-widget elementor-widget-image\" data-id=\"2e0541f\" data-element_type=\"widget\" data-e-type=\"widget\" data-widget_type=\"image.default\">\n\t\t\t\t<div class=\"elementor-widget-container\">\n\t\t\t\t\t\t\t\t\t\t\t\t\t\t\t<img loading=\"lazy\" decoding=\"async\" width=\"1000\" height=\"667\" src=\"https:\/\/www.origenysabor.com\/wp-content\/uploads\/2024\/10\/shutterstock_2323162613.jpg\" class=\"attachment-full size-full wp-image-1225\" alt=\"Erilaisia,avattuja,t\u00f6lkkej\u00e4,joissa,on,erilaisia,kalas\u00e4ilykkeit\u00e4.\" srcset=\"https:\/\/www.origenysabor.com\/wp-content\/uploads\/2024\/10\/shutterstock_2323162613.jpg 1000w, https:\/\/www.origenysabor.com\/wp-content\/smush-webp\/2024\/10\/shutterstock_2323162613-300x200.jpg.webp 300w, https:\/\/www.origenysabor.com\/wp-content\/smush-webp\/2024\/10\/shutterstock_2323162613-768x512.jpg.webp 768w, https:\/\/www.origenysabor.com\/wp-content\/smush-webp\/2024\/10\/shutterstock_2323162613-600x400.jpg.webp 600w\" sizes=\"(max-width: 1000px) 100vw, 1000px\" data-smush-webp-fallback=\"{&quot;srcset&quot;:&quot;https:\\\/\\\/www.origenysabor.com\\\/wp-content\\\/uploads\\\/2024\\\/10\\\/shutterstock_2323162613.jpg 1000w, https:\\\/\\\/www.origenysabor.com\\\/wp-content\\\/uploads\\\/2024\\\/10\\\/shutterstock_2323162613-300x200.jpg 300w, https:\\\/\\\/www.origenysabor.com\\\/wp-content\\\/uploads\\\/2024\\\/10\\\/shutterstock_2323162613-768x512.jpg 768w, https:\\\/\\\/www.origenysabor.com\\\/wp-content\\\/uploads\\\/2024\\\/10\\\/shutterstock_2323162613-600x400.jpg 600w&quot;}\" \/>\t\t\t\t\t\t\t\t\t\t\t\t\t\t\t<\/div>\n\t\t\t\t<\/div>\n\t\t\t\t<div class=\"elementor-element elementor-element-7b0dff5 elementor-widget elementor-widget-heading\" data-id=\"7b0dff5\" data-element_type=\"widget\" data-e-type=\"widget\" data-widget_type=\"heading.default\">\n\t\t\t\t<div class=\"elementor-widget-container\">\n\t\t\t\t\t<h2 class=\"elementor-heading-title elementor-size-default\">Anjovis ja kalas\u00e4ilykkeet<\/h2>\t\t\t\t<\/div>\n\t\t\t\t<\/div>\n\t\t\t\t<div class=\"elementor-element elementor-element-db45571 elementor-widget elementor-widget-text-editor\" data-id=\"db45571\" data-element_type=\"widget\" data-e-type=\"widget\" data-widget_type=\"text-editor.default\">\n\t\t\t\t<div class=\"elementor-widget-container\">\n\t\t\t\t\t\t\t\t\t<p>L\u00f6yd\u00e4 gourmet-s\u00e4ilykkeet, jotka ovat t\u00e4ynn\u00e4 makua ja tuoreutta, jotka ovat t\u00e4ydellisi\u00e4 nautittavaksi milloin tahansa vuoden aikana.<\/p>\t\t\t\t\t\t\t\t<\/div>\n\t\t\t\t<\/div>\n\t\t\t\t<\/div>\n\t\t<div class=\"elementor-element elementor-element-f1b6daa e-con-full e-flex e-con e-child\" data-id=\"f1b6daa\" data-element_type=\"container\" data-e-type=\"container\">\n\t\t\t\t<div class=\"elementor-element elementor-element-4c231cc elementor-widget elementor-widget-image\" data-id=\"4c231cc\" data-element_type=\"widget\" data-e-type=\"widget\" data-widget_type=\"image.default\">\n\t\t\t\t<div class=\"elementor-widget-container\">\n\t\t\t\t\t\t\t\t\t\t\t\t\t\t\t<img loading=\"lazy\" decoding=\"async\" width=\"739\" height=\"741\" src=\"https:\/\/www.origenysabor.com\/wp-content\/uploads\/2024\/10\/Rectangle-11-6.jpg\" class=\"attachment-large size-large wp-image-1023\" alt=\"riisi suorakulmio\" srcset=\"https:\/\/www.origenysabor.com\/wp-content\/uploads\/2024\/10\/Rectangle-11-6.jpg 739w, https:\/\/www.origenysabor.com\/wp-content\/smush-webp\/2024\/10\/Rectangle-11-6-300x300.jpg.webp 300w, https:\/\/www.origenysabor.com\/wp-content\/smush-webp\/2024\/10\/Rectangle-11-6-150x150.jpg.webp 150w, https:\/\/www.origenysabor.com\/wp-content\/smush-webp\/2024\/10\/Rectangle-11-6-600x602.jpg.webp 600w, https:\/\/www.origenysabor.com\/wp-content\/smush-webp\/2024\/10\/Rectangle-11-6-100x100.jpg.webp 100w\" sizes=\"(max-width: 739px) 100vw, 739px\" data-smush-webp-fallback=\"{&quot;srcset&quot;:&quot;https:\\\/\\\/www.origenysabor.com\\\/wp-content\\\/uploads\\\/2024\\\/10\\\/Rectangle-11-6.jpg 739w, https:\\\/\\\/www.origenysabor.com\\\/wp-content\\\/uploads\\\/2024\\\/10\\\/Rectangle-11-6-300x300.jpg 300w, https:\\\/\\\/www.origenysabor.com\\\/wp-content\\\/uploads\\\/2024\\\/10\\\/Rectangle-11-6-150x150.jpg 150w, https:\\\/\\\/www.origenysabor.com\\\/wp-content\\\/uploads\\\/2024\\\/10\\\/Rectangle-11-6-600x602.jpg 600w, https:\\\/\\\/www.origenysabor.com\\\/wp-content\\\/uploads\\\/2024\\\/10\\\/Rectangle-11-6-100x100.jpg 100w&quot;}\" \/>\t\t\t\t\t\t\t\t\t\t\t\t\t\t\t<\/div>\n\t\t\t\t<\/div>\n\t\t\t\t<div class=\"elementor-element elementor-element-bdabb00 elementor-widget elementor-widget-heading\" data-id=\"bdabb00\" data-element_type=\"widget\" data-e-type=\"widget\" data-widget_type=\"heading.default\">\n\t\t\t\t<div class=\"elementor-widget-container\">\n\t\t\t\t\t<h2 class=\"elementor-heading-title elementor-size-default\">Kasviksia ja paellaa<\/h2>\t\t\t\t<\/div>\n\t\t\t\t<\/div>\n\t\t\t\t<div class=\"elementor-element elementor-element-007dcfc elementor-widget elementor-widget-text-editor\" data-id=\"007dcfc\" data-element_type=\"widget\" data-e-type=\"widget\" data-widget_type=\"text-editor.default\">\n\t\t\t\t<div class=\"elementor-widget-container\">\n\t\t\t\t\t\t\t\t\t<div class=\"flex max-w-full flex-col flex-grow\"><div class=\"min-h-8 text-message flex w-full flex-col items-end gap-2 whitespace-normal break-words [.text-message+&amp;]:mt-5\" dir=\"auto\" data-message-author-role=\"assistant\" data-message-id=\"26c320e1-3952-48fd-ae4b-1f9d130cdab4\" data-message-model-slug=\"gpt-4o\"><div class=\"flex w-full flex-col gap-1 empty:hidden first:pt-[3px]\"><div class=\"markdown prose w-full break-words dark:prose-invert light\"><p>K\u00e4yt\u00e4mme paellassamme korkealaatuisia tuotteita, mik\u00e4 takaa tuoreuden ja aitouden jokaisessa puremassa.<\/p><\/div><\/div><\/div><\/div>\t\t\t\t\t\t\t\t<\/div>\n\t\t\t\t<\/div>\n\t\t\t\t<\/div>\n\t\t\t\t<\/div>\n\t\t\t\t\t<\/div>\n\t\t\t\t<\/div>\n\t\t\t\t<\/div>","protected":false},"excerpt":{"rendered":"<p>Calidad premium en cada pieza El origen de nuestro sabor Ra\u00edces espa\u00f1olas, calidad global Nuestra pasi\u00f3n por lo aut\u00e9ntico En Origen y Sabor, nos dedicamos a ofrecer productos que capturan la esencia de la gastronom\u00eda espa\u00f1ola. Nos impulsa el compromiso con la calidad, la tradici\u00f3n y el sabor aut\u00e9ntico, llevando lo mejor de nuestra tierra [&hellip;]<\/p>","protected":false},"author":1,"featured_media":0,"parent":0,"menu_order":0,"comment_status":"closed","ping_status":"closed","template":"","meta":{"footnotes":""},"class_list":["post-127","page","type-page","status-publish","hentry"],"_links":{"self":[{"href":"https:\/\/www.origenysabor.com\/fi\/wp-json\/wp\/v2\/pages\/127","targetHints":{"allow":["GET"]}}],"collection":[{"href":"https:\/\/www.origenysabor.com\/fi\/wp-json\/wp\/v2\/pages"}],"about":[{"href":"https:\/\/www.origenysabor.com\/fi\/wp-json\/wp\/v2\/types\/page"}],"author":[{"embeddable":true,"href":"https:\/\/www.origenysabor.com\/fi\/wp-json\/wp\/v2\/users\/1"}],"replies":[{"embeddable":true,"href":"https:\/\/www.origenysabor.com\/fi\/wp-json\/wp\/v2\/comments?post=127"}],"version-history":[{"count":103,"href":"https:\/\/www.origenysabor.com\/fi\/wp-json\/wp\/v2\/pages\/127\/revisions"}],"predecessor-version":[{"id":1375,"href":"https:\/\/www.origenysabor.com\/fi\/wp-json\/wp\/v2\/pages\/127\/revisions\/1375"}],"wp:attachment":[{"href":"https:\/\/www.origenysabor.com\/fi\/wp-json\/wp\/v2\/media?parent=127"}],"curies":[{"name":"wp","href":"https:\/\/api.w.org\/{rel}","templated":true}]}}