{"id":129,"date":"2024-08-23T15:34:05","date_gmt":"2024-08-23T13:34:05","guid":{"rendered":"https:\/\/ecommplantilla.orbidi.es\/?page_id=129"},"modified":"2024-12-02T12:01:15","modified_gmt":"2024-12-02T11:01:15","slug":"contacto","status":"publish","type":"page","link":"https:\/\/www.origenysabor.com\/fi\/ota-yhteytta\/","title":{"rendered":"Ota yhteytt\u00e4"},"content":{"rendered":"<div data-elementor-type=\"wp-page\" data-elementor-id=\"129\" class=\"elementor elementor-129\" data-elementor-post-type=\"page\">\n\t\t\t\t<div class=\"elementor-element elementor-element-7c7ebca e-con-full e-flex e-con e-parent\" data-id=\"7c7ebca\" data-element_type=\"container\" data-e-type=\"container\" data-settings=\"{&quot;background_background&quot;:&quot;classic&quot;}\">\n\t\t<div class=\"elementor-element elementor-element-3d48492 e-flex e-con-boxed e-con e-child\" data-id=\"3d48492\" data-element_type=\"container\" data-e-type=\"container\">\n\t\t\t\t\t<div class=\"e-con-inner\">\n\t\t\t\t<div class=\"elementor-element elementor-element-16b650a elementor-widget elementor-widget-heading\" data-id=\"16b650a\" data-element_type=\"widget\" data-e-type=\"widget\" data-widget_type=\"heading.default\">\n\t\t\t\t<div class=\"elementor-widget-container\">\n\t\t\t\t\t<h1 class=\"elementor-heading-title elementor-size-default\">Puhutaan siit\u00e4, mit\u00e4 tarvitset<\/h1>\t\t\t\t<\/div>\n\t\t\t\t<\/div>\n\t\t\t\t<div class=\"elementor-element elementor-element-2e10b80 elementor-widget elementor-widget-heading\" data-id=\"2e10b80\" data-element_type=\"widget\" data-e-type=\"widget\" data-widget_type=\"heading.default\">\n\t\t\t\t<div class=\"elementor-widget-container\">\n\t\t\t\t\t<span class=\"elementor-heading-title elementor-size-default\">Tyytyv\u00e4isyytesi on meille etusijalla<\/span>\t\t\t\t<\/div>\n\t\t\t\t<\/div>\n\t\t\t\t\t<\/div>\n\t\t\t\t<\/div>\n\t\t\t\t<\/div>\n\t\t<div class=\"elementor-element elementor-element-2d645c9 e-con-full e-flex e-con e-parent\" data-id=\"2d645c9\" data-element_type=\"container\" data-e-type=\"container\" data-settings=\"{&quot;background_background&quot;:&quot;classic&quot;}\">\n\t\t\t\t<div class=\"elementor-element elementor-element-5be1648 elementor-widget elementor-widget-heading\" data-id=\"5be1648\" data-element_type=\"widget\" data-e-type=\"widget\" data-widget_type=\"heading.default\">\n\t\t\t\t<div class=\"elementor-widget-container\">\n\t\t\t\t\t<h2 class=\"elementor-heading-title elementor-size-default\">Ota yhteytt\u00e4<\/h2>\t\t\t\t<\/div>\n\t\t\t\t<\/div>\n\t\t<div class=\"elementor-element elementor-element-3a66c3e e-flex e-con-boxed e-con e-child\" data-id=\"3a66c3e\" data-element_type=\"container\" data-e-type=\"container\">\n\t\t\t\t\t<div class=\"e-con-inner\">\n\t\t<a class=\"elementor-element elementor-element-01162c9 e-con-full e-flex e-con e-child\" data-id=\"01162c9\" data-element_type=\"container\" data-e-type=\"container\" data-settings=\"{&quot;background_background&quot;:&quot;classic&quot;}\" href=\"tel: 34604985084\" target=\"_blank\">\n\t\t\t\t<div class=\"elementor-element elementor-element-b5e73f2 elementor-view-default elementor-widget elementor-widget-icon\" data-id=\"b5e73f2\" data-element_type=\"widget\" data-e-type=\"widget\" data-widget_type=\"icon.default\">\n\t\t\t\t<div class=\"elementor-widget-container\">\n\t\t\t\t\t\t\t<div class=\"elementor-icon-wrapper\">\n\t\t\t<div class=\"elementor-icon\">\n\t\t\t<svg xmlns=\"http:\/\/www.w3.org\/2000\/svg\" width=\"80\" height=\"80\" fill=\"currentColor\" viewbox=\"0 0 80 80\"><path d=\"m69.247 50.094-14.763-6.616a4.375 4.375 0 0 0-4.15.381 1.51 1.51 0 0 0-.175.132l-7.715 6.562a.59.59 0 0 1-.525.019c-4.96-2.394-10.097-7.5-12.5-12.39a.597.597 0 0 1 0-.526l6.584-7.812a1.95 1.95 0 0 0 .131-.182 4.375 4.375 0 0 0 .35-4.146l-6.568-14.738a4.375 4.375 0 0 0-4.55-2.619A16.95 16.95 0 0 0 10.625 25c0 24.47 19.906 44.376 44.375 44.376a16.953 16.953 0 0 0 16.84-14.74 4.375 4.375 0 0 0-2.593-4.541ZM55 65.624C32.6 65.625 14.375 47.4 14.375 25a13.197 13.197 0 0 1 11.46-13.125h.071a.625.625 0 0 1 .575.41l6.594 14.721a.625.625 0 0 1 0 .522l-6.597 7.831a1.47 1.47 0 0 0-.134.178 4.375 4.375 0 0 0-.285 4.291c2.772 5.675 8.491 11.35 14.229 14.122a4.375 4.375 0 0 0 4.303-.313c.059-.04.118-.084.175-.13l7.712-6.563a.6.6 0 0 1 .5-.032l14.766 6.616a.625.625 0 0 1 .378.625A13.2 13.2 0 0 1 55 65.625Z\"><\/path><\/svg>\t\t\t<\/div>\n\t\t<\/div>\n\t\t\t\t\t\t<\/div>\n\t\t\t\t<\/div>\n\t\t\t\t<div class=\"elementor-element elementor-element-21a16d2 elementor-widget elementor-widget-heading\" data-id=\"21a16d2\" data-element_type=\"widget\" data-e-type=\"widget\" data-widget_type=\"heading.default\">\n\t\t\t\t<div class=\"elementor-widget-container\">\n\t\t\t\t\t<h3 class=\"elementor-heading-title elementor-size-default\">Puhelin<\/h3>\t\t\t\t<\/div>\n\t\t\t\t<\/div>\n\t\t\t\t<div class=\"elementor-element elementor-element-edf41cf elementor-widget elementor-widget-heading\" data-id=\"edf41cf\" data-element_type=\"widget\" data-e-type=\"widget\" data-widget_type=\"heading.default\">\n\t\t\t\t<div class=\"elementor-widget-container\">\n\t\t\t\t\t<p class=\"elementor-heading-title elementor-size-default\">Soita meille<br>\n+34 604 985 084<\/p>\t\t\t\t<\/div>\n\t\t\t\t<\/div>\n\t\t\t\t<\/a>\n\t\t<a class=\"elementor-element elementor-element-44bd528 e-con-full e-flex e-con e-child\" data-id=\"44bd528\" data-element_type=\"container\" data-e-type=\"container\" data-settings=\"{&quot;background_background&quot;:&quot;classic&quot;}\" href=\"mailto:info@origenysabor.com\" target=\"_blank\">\n\t\t\t\t<div class=\"elementor-element elementor-element-204b831 elementor-view-default elementor-widget elementor-widget-icon\" data-id=\"204b831\" data-element_type=\"widget\" data-e-type=\"widget\" data-widget_type=\"icon.default\">\n\t\t\t\t<div class=\"elementor-widget-container\">\n\t\t\t\t\t\t\t<div class=\"elementor-icon-wrapper\">\n\t\t\t<div class=\"elementor-icon\">\n\t\t\t<svg xmlns=\"http:\/\/www.w3.org\/2000\/svg\" width=\"80\" height=\"80\" fill=\"currentColor\" viewbox=\"0 0 80 80\"><path d=\"M40 8.125a31.875 31.875 0 1 0 0 63.75c6.603 0 13.534-1.984 18.538-5.313a1.876 1.876 0 1 0-2.079-3.124c-4.343 2.89-10.653 4.687-16.459 4.687A28.125 28.125 0 1 1 68.125 40c0 9.244-4.306 10.625-6.875 10.625S54.375 49.244 54.375 40V27.5a1.875 1.875 0 1 0-3.75 0v2.813a14.374 14.374 0 1 0 1.356 17.6c1.694 4.15 4.894 6.462 9.269 6.462C67.903 54.375 71.875 49 71.875 40A31.913 31.913 0 0 0 40 8.125Zm0 42.5a10.625 10.625 0 1 1 0-21.25 10.625 10.625 0 0 1 0 21.25Z\"><\/path><\/svg>\t\t\t<\/div>\n\t\t<\/div>\n\t\t\t\t\t\t<\/div>\n\t\t\t\t<\/div>\n\t\t\t\t<div class=\"elementor-element elementor-element-14ed22e elementor-widget elementor-widget-heading\" data-id=\"14ed22e\" data-element_type=\"widget\" data-e-type=\"widget\" data-widget_type=\"heading.default\">\n\t\t\t\t<div class=\"elementor-widget-container\">\n\t\t\t\t\t<h3 class=\"elementor-heading-title elementor-size-default\">S\u00e4hk\u00f6posti<\/h3>\t\t\t\t<\/div>\n\t\t\t\t<\/div>\n\t\t\t\t<div class=\"elementor-element elementor-element-70d0f48 elementor-widget elementor-widget-heading\" data-id=\"70d0f48\" data-element_type=\"widget\" data-e-type=\"widget\" data-widget_type=\"heading.default\">\n\t\t\t\t<div class=\"elementor-widget-container\">\n\t\t\t\t\t<p class=\"elementor-heading-title elementor-size-default\">Kirjoita meille<br>\ninfo@origenysabor.com<\/p>\t\t\t\t<\/div>\n\t\t\t\t<\/div>\n\t\t\t\t<\/a>\n\t\t\t\t\t<\/div>\n\t\t\t\t<\/div>\n\t\t\t\t<\/div>\n\t\t<div class=\"elementor-element elementor-element-9dde63b e-con-full e-flex e-con e-parent\" data-id=\"9dde63b\" data-element_type=\"container\" data-e-type=\"container\" data-settings=\"{&quot;background_background&quot;:&quot;classic&quot;}\">\n\t\t<div class=\"elementor-element elementor-element-826617e e-con-full e-flex e-con e-child\" data-id=\"826617e\" data-element_type=\"container\" data-e-type=\"container\">\n\t\t\t\t<div class=\"elementor-element elementor-element-4a814ca elementor-widget elementor-widget-heading\" data-id=\"4a814ca\" data-element_type=\"widget\" data-e-type=\"widget\" data-widget_type=\"heading.default\">\n\t\t\t\t<div class=\"elementor-widget-container\">\n\t\t\t\t\t<p class=\"elementor-heading-title elementor-size-default\">L\u00e4het\u00e4 meille kyselysi<\/p>\t\t\t\t<\/div>\n\t\t\t\t<\/div>\n\t\t\t\t<div class=\"elementor-element elementor-element-019f3d9 elementor-widget__width-initial elementor-widget elementor-widget-text-editor\" data-id=\"019f3d9\" data-element_type=\"widget\" data-e-type=\"widget\" data-widget_type=\"text-editor.default\">\n\t\t\t\t<div class=\"elementor-widget-container\">\n\t\t\t\t\t\t\t\t\t<p>Autamme sinua kaikissa kysymyksiss\u00e4 tai pyynn\u00f6iss\u00e4. T\u00e4yt\u00e4 lomake, niin otamme sinuun yhteytt\u00e4 mahdollisimman pian.<\/p>\t\t\t\t\t\t\t\t<\/div>\n\t\t\t\t<\/div>\n\t\t\t\t<\/div>\n\t\t<div class=\"elementor-element elementor-element-eddc2b4 e-con-full e-flex e-con e-child\" data-id=\"eddc2b4\" data-element_type=\"container\" data-e-type=\"container\">\n\t\t\t\t<div class=\"elementor-element elementor-element-298e298 elementor-widget__width-initial elementor-button-align-stretch elementor-widget elementor-widget-form\" data-id=\"298e298\" data-element_type=\"widget\" data-e-type=\"widget\" data-settings=\"{&quot;step_next_label&quot;:&quot;Siguiente&quot;,&quot;step_previous_label&quot;:&quot;Anterior&quot;,&quot;button_width&quot;:&quot;100&quot;,&quot;step_type&quot;:&quot;number_text&quot;,&quot;step_icon_shape&quot;:&quot;circle&quot;}\" data-widget_type=\"form.default\">\n\t\t\t\t<div class=\"elementor-widget-container\">\n\t\t\t\t\t\t\t<form class=\"elementor-form\" method=\"post\" name=\"Formulario de contacto\" aria-label=\"Yhteydenottolomake\" novalidate=\"\">\n\t\t\t<input type=\"hidden\" name=\"post_id\" value=\"129\"\/>\n\t\t\t<input type=\"hidden\" name=\"form_id\" value=\"298e298\"\/>\n\t\t\t<input type=\"hidden\" name=\"referer_title\" value=\"Contacto | Origen y Sabor\" \/>\n\n\t\t\t\t\t\t\t<input type=\"hidden\" name=\"queried_id\" value=\"129\"\/>\n\t\t\t\n\t\t\t<div class=\"elementor-form-fields-wrapper elementor-labels-above\">\n\t\t\t\t\t\t\t\t<div class=\"elementor-field-type-text elementor-field-group elementor-column elementor-field-group-field_3736973 elementor-col-50\">\n\t\t\t\t\t\t\t\t\t\t\t\t\t<input size=\"1\" type=\"text\" name=\"form_fields[field_3736973]\" id=\"form-field-field_3736973\" class=\"elementor-field elementor-size-sm  elementor-field-textual\" placeholder=\"Nimi\">\n\t\t\t\t\t\t\t\t\t\t\t<\/div>\n\t\t\t\t\t\t\t\t<div class=\"elementor-field-type-text elementor-field-group elementor-column elementor-field-group-field_801675c elementor-col-50\">\n\t\t\t\t\t\t\t\t\t\t\t\t\t<input size=\"1\" type=\"text\" name=\"form_fields[field_801675c]\" id=\"form-field-field_801675c\" class=\"elementor-field elementor-size-sm  elementor-field-textual\" placeholder=\"Sukunimi\">\n\t\t\t\t\t\t\t\t\t\t\t<\/div>\n\t\t\t\t\t\t\t\t<div class=\"elementor-field-type-tel elementor-field-group elementor-column elementor-field-group-field_adb44c4 elementor-col-50 elementor-field-required\">\n\t\t\t\t\t\t\t<input size=\"1\" type=\"tel\" name=\"form_fields[field_adb44c4]\" id=\"form-field-field_adb44c4\" class=\"elementor-field elementor-size-sm  elementor-field-textual\" placeholder=\"Puhelin\" required=\"required\" pattern=\"[0-9()#&amp;+*-=.]+\" title=\"Kun tal og telefonkarakterer (#,-,*, o.s.v.) accepteres.\">\n\n\t\t\t\t\t\t<\/div>\n\t\t\t\t\t\t\t\t<div class=\"elementor-field-type-email elementor-field-group elementor-column elementor-field-group-field_17cfe87 elementor-col-50 elementor-field-required\">\n\t\t\t\t\t\t\t\t\t\t\t\t\t<input size=\"1\" type=\"email\" name=\"form_fields[field_17cfe87]\" id=\"form-field-field_17cfe87\" class=\"elementor-field elementor-size-sm  elementor-field-textual\" placeholder=\"S\u00e4hk\u00f6postiosoite\" required=\"required\">\n\t\t\t\t\t\t\t\t\t\t\t<\/div>\n\t\t\t\t\t\t\t\t<div class=\"elementor-field-type-textarea elementor-field-group elementor-column elementor-field-group-field_1e72834 elementor-col-100\">\n\t\t\t\t\t\t\t\t\t\t\t\t<label for=\"form-field-field_1e72834\" class=\"elementor-field-label\">\n\t\t\t\t\t\t\t\tViesti\t\t\t\t\t\t\t<\/label>\n\t\t\t\t\t\t<textarea class=\"elementor-field-textual elementor-field  elementor-size-sm\" name=\"form_fields[field_1e72834]\" id=\"form-field-field_1e72834\" rows=\"4\"><\/textarea>\t\t\t\t<\/div>\n\t\t\t\t\t\t\t\t<div class=\"elementor-field-type-checkbox elementor-field-group elementor-column elementor-field-group-field_d12c3bb elementor-col-100\">\n\t\t\t\t\t<div class=\"elementor-field-subgroup\"><span class=\"elementor-field-option\"><input type=\"checkbox\" value=\"He le\u00eddo y acepto la Pol\u00edtica de Privacidad\" id=\"form-field-field_d12c3bb-0\" name=\"form_fields[field_d12c3bb]\"> <label for=\"form-field-field_d12c3bb-0\">Olen lukenut ja hyv\u00e4ksyn tietosuojak\u00e4yt\u00e4nn\u00f6n<\/label><\/span><\/div>\t\t\t\t<\/div>\n\t\t\t\t\t\t\t\t<div class=\"elementor-field-type-text\">\n\t\t\t\t\t<input size=\"1\" type=\"text\" name=\"form_fields[field_2c09214]\" id=\"form-field-field_2c09214\" class=\"elementor-field elementor-size-sm\" style=\"display:none !important;\">\t\t\t\t<\/div>\n\t\t\t\t\t\t\t\t<div class=\"elementor-field-type-recaptcha elementor-field-group elementor-column elementor-field-group-field_3eb62de elementor-col-100\">\n\t\t\t\t\t<div class=\"elementor-field\" id=\"form-field-field_3eb62de\"><div class=\"elementor-g-recaptcha\" data-sitekey=\"6LeqG5AqAAAAAP3CRPsVrzypfkDlXdCnlketL7yj\" data-type=\"v2_checkbox\" data-theme=\"light\" data-size=\"normal\"><\/div><\/div>\t\t\t\t<\/div>\n\t\t\t\t\t\t\t\t<div class=\"elementor-field-group elementor-column elementor-field-type-submit elementor-col-100 e-form__buttons\">\n\t\t\t\t\t<button class=\"elementor-button elementor-size-sm\" type=\"submit\">\n\t\t\t\t\t\t<span class=\"elementor-button-content-wrapper\">\n\t\t\t\t\t\t\t\t\t\t\t\t\t\t\t\t\t\t\t\t\t\t<span class=\"elementor-button-text\">L\u00e4het\u00e4<\/span>\n\t\t\t\t\t\t\t\t\t\t\t\t\t<\/span>\n\t\t\t\t\t<\/button>\n\t\t\t\t<\/div>\n\t\t\t<\/div>\n\t\t<input type=\"hidden\" name=\"trp-form-language\" value=\"fi\"\/><\/form>\n\t\t\t\t\t\t<\/div>\n\t\t\t\t<\/div>\n\t\t\t\t<\/div>\n\t\t\t\t<\/div>\n\t\t\t\t<\/div>","protected":false},"excerpt":{"rendered":"<p>Hablemos de lo que necesitas Tu satisfacci\u00f3n es nuestra prioridad Cont\u00e1ctanos Tel\u00e9fono Ll\u00e1manos +34 604 985 084 Correo el\u00e9ctr\u00f3nico Escr\u00edbenos info@origenysabor.com Env\u00edanos tu consulta Estamos aqu\u00ed para ayudarte con cualquier duda o solicitud. Completa el formulario y nos pondremos en contacto contigo lo antes posible.<\/p>","protected":false},"author":1,"featured_media":0,"parent":0,"menu_order":0,"comment_status":"closed","ping_status":"closed","template":"","meta":{"footnotes":""},"class_list":["post-129","page","type-page","status-publish","hentry"],"_links":{"self":[{"href":"https:\/\/www.origenysabor.com\/fi\/wp-json\/wp\/v2\/pages\/129","targetHints":{"allow":["GET"]}}],"collection":[{"href":"https:\/\/www.origenysabor.com\/fi\/wp-json\/wp\/v2\/pages"}],"about":[{"href":"https:\/\/www.origenysabor.com\/fi\/wp-json\/wp\/v2\/types\/page"}],"author":[{"embeddable":true,"href":"https:\/\/www.origenysabor.com\/fi\/wp-json\/wp\/v2\/users\/1"}],"replies":[{"embeddable":true,"href":"https:\/\/www.origenysabor.com\/fi\/wp-json\/wp\/v2\/comments?post=129"}],"version-history":[{"count":139,"href":"https:\/\/www.origenysabor.com\/fi\/wp-json\/wp\/v2\/pages\/129\/revisions"}],"predecessor-version":[{"id":1767,"href":"https:\/\/www.origenysabor.com\/fi\/wp-json\/wp\/v2\/pages\/129\/revisions\/1767"}],"wp:attachment":[{"href":"https:\/\/www.origenysabor.com\/fi\/wp-json\/wp\/v2\/media?parent=129"}],"curies":[{"name":"wp","href":"https:\/\/api.w.org\/{rel}","templated":true}]}}