{"id":131,"date":"2024-08-23T15:34:25","date_gmt":"2024-08-23T13:34:25","guid":{"rendered":"https:\/\/ecommplantilla.orbidi.es\/?page_id=131"},"modified":"2024-10-27T05:00:30","modified_gmt":"2024-10-27T04:00:30","slug":"politicas-de-privacidad","status":"publish","type":"page","link":"https:\/\/www.origenysabor.com\/fi\/yksityisyyden-suoja\/","title":{"rendered":"Tietosuojak\u00e4yt\u00e4nt\u00f6"},"content":{"rendered":"<h2 class=\"wp-block-heading\"><strong>1. TIEDOT K\u00c4YTT\u00c4J\u00c4LLE<\/strong><\/h2>\n\n\n\n<p>Sara Garc\u00eda Herranz rekisterinpit\u00e4j\u00e4n\u00e4 ilmoittaa, ett\u00e4 27. huhtikuuta annetun asetuksen (EU) 2016\/679 (RGPD) ja L.O. 3\/2018, 5.12., tietosuojasta ja digitaalisten oikeuksien takuusta (LOPDGDD), k\u00e4sittelemme tietojasi t\u00e4m\u00e4n tietosuojaselosteen mukaisesti.<\/p>\n\n\n\n<p>T\u00e4ss\u00e4 tietosuojaselosteessa kuvailemme, kuinka ker\u00e4\u00e4mme henkil\u00f6tietojasi ja miksi ker\u00e4\u00e4mme niit\u00e4, mit\u00e4 teemme niill\u00e4, kenen kanssa jaamme ne, kuinka suojaamme niit\u00e4 ja valintojasi henkil\u00f6tietojesi k\u00e4sittelyss\u00e4.<\/p>\n\n\n\n<p>T\u00e4m\u00e4 k\u00e4yt\u00e4nt\u00f6 koskee henkil\u00f6tietojesi k\u00e4sittely\u00e4, jonka yritys on ker\u00e4nnyt palvelujensa tarjoamiseksi. Jos hyv\u00e4ksyt t\u00e4m\u00e4n k\u00e4yt\u00e4nn\u00f6n toimenpiteet, hyv\u00e4ksyt, ett\u00e4 k\u00e4sittelemme henkil\u00f6tietojasi t\u00e4ss\u00e4 k\u00e4yt\u00e4nn\u00f6ss\u00e4 m\u00e4\u00e4ritellyll\u00e4 tavalla.<\/p>\n\n\n\n<h2 class=\"wp-block-heading\"><strong>2. OTA YHTEYTT\u00c4<\/strong><\/h2>\n\n\n\n<p>Nimi: Sara Garc\u00eda Herranz<\/p>\n\n\n\n<p>Kauppanimi: Origin and Taste<\/p>\n\n\n\n<p>CIF: 70258272B<\/p>\n\n\n\n<p>Osoite: Calle Uni\u00f3n Fenosa, 04 - CP 40100 - San Ildefonso - Segovia<\/p>\n\n\n\n<p>s\u00e4hk\u00f6posti: <a href=\"mailto:info@origenysabor.com\" target=\"_blank\" rel=\"noreferrer noopener\">info@origenysabor.com<\/a><\/p>\n\n\n\n<h2 class=\"wp-block-heading\"><strong>3. KESKEISET PERIAATTEET<\/strong><\/h2>\n\n\n\n<p>Olemme aina olleet sitoutuneita tarjoamaan palvelumme korkealaatuisina, mik\u00e4 sis\u00e4lt\u00e4\u00e4 tietojesi turvallisen ja l\u00e4pin\u00e4kyv\u00e4n k\u00e4sittelyn. Periaatteemme ovat:<\/p>\n\n\n\n<ul class=\"wp-block-list\">\n<li><strong>Laillisuus<\/strong>Ker\u00e4\u00e4mme henkil\u00f6tietojasi vain tiettyihin, nimenomaisiin ja laillisiin tarkoituksiin.<\/li>\n\n\n\n<li><strong>Tietojen minimointi<\/strong>Rajoitamme henkil\u00f6tietojen ker\u00e4\u00e4misen siihen, mik\u00e4 on ehdottoman olennaista ja tarpeellista niiden tarkoitusten kannalta, joita varten ne on ker\u00e4tty.<\/li>\n\n\n\n<li><strong>K\u00e4ytt\u00f6tarkoituksen rajoitus<\/strong>Ker\u00e4\u00e4mme henkil\u00f6tietojasi vain ilmoitettuihin tarkoituksiin ja vain toiveidesi mukaisesti.<\/li>\n\n\n\n<li><strong>Tarkkuus<\/strong>Pid\u00e4mme henkil\u00f6tietosi t\u00e4sm\u00e4llisin\u00e4 ja ajan tasalla.<\/li>\n\n\n\n<li><strong>Tietoturva<\/strong>K\u00e4yt\u00e4mme asianmukaisia \u200b\u200bja oikeasuhteisia teknisi\u00e4 ja organisatorisia toimenpiteit\u00e4 varmistaaksemme, ett\u00e4 tietosi eiv\u00e4t vahingoitu, kuten tietojen paljastaminen tai luvaton k\u00e4ytt\u00f6, vahingossa tapahtuva tai laiton tuhoutuminen tai vahingossa tapahtuva kadottaminen tai muuttaminen ja mik\u00e4 tahansa muu laiton k\u00e4sittely.<\/li>\n\n\n\n<li><strong>P\u00e4\u00e4sy ja oikaisu<\/strong>Meill\u00e4 on keinot p\u00e4\u00e4st\u00e4 k\u00e4siksi tietoihisi tai oikaista niit\u00e4, kun pid\u00e4t sit\u00e4 tarpeellisena.<\/li>\n\n\n\n<li><strong>S\u00e4ilytt\u00e4minen<\/strong>\u00e4ilyt\u00e4mme henkil\u00f6tietojasi laillisella ja tarkoituksenmukaisella tavalla ja vain niin kauan kuin se on tarpeen niihin tarkoituksiin, joita varten ne on ker\u00e4tty.<\/li>\n\n\n\n<li><strong>Kansainv\u00e4liset siirrot<\/strong>kun tietojasi siirret\u00e4\u00e4n EU:n\/ETA:n ulkopuolelle, ne suojataan riitt\u00e4v\u00e4sti.<\/li>\n\n\n\n<li><strong>Kolmannet osapuolet<\/strong>enkil\u00f6tietojen k\u00e4ytt\u00f6 ja siirto kolmansille osapuolille tapahtuu sovellettavien lakien ja m\u00e4\u00e4r\u00e4ysten sek\u00e4 asianmukaisten sopimustakuiden mukaisesti.<\/li>\n\n\n\n<li><strong>Suoramarkkinointi ja ev\u00e4steet<\/strong>Noudatamme soveltuvaa mainontaa ja ev\u00e4steit\u00e4 koskevaa lains\u00e4\u00e4d\u00e4nt\u00f6\u00e4.<\/li>\n<\/ul>\n\n\n\n<h2 class=\"wp-block-heading\"><strong>4. HENKIL\u00d6TIETOJEN KER\u00c4\u00c4MINEN JA K\u00c4SITTELY<\/strong><\/h2>\n\n\n\n<p>Tietotyyppej\u00e4, joita voidaan pyyt\u00e4\u00e4 ja k\u00e4sitell\u00e4, ovat:<\/p>\n\n\n\n<ul class=\"wp-block-list\">\n<li>Luonteeltaan tunnistetiedot.<\/li>\n<\/ul>\n\n\n\n<p>Ker\u00e4\u00e4mme my\u00f6s automaattisesti tietoja vierailustasi verkkosivustollamme ev\u00e4stek\u00e4yt\u00e4nn\u00f6ss\u00e4 kuvatulla tavalla.<\/p>\n\n\n\n<p>Aina kun pyyd\u00e4mme henkil\u00f6tietojasi, ilmoitamme sinulle selke\u00e4sti, mit\u00e4 henkil\u00f6tietoja ker\u00e4\u00e4mme ja mihin tarkoitukseen. Yleens\u00e4 ker\u00e4\u00e4mme ja k\u00e4sittelemme henkil\u00f6tietojasi seuraaviin tarkoituksiin:<\/p>\n\n\n\n<ul class=\"wp-block-list\">\n<li>Tarjoa tietoa, palveluita, tuotteita, asiaankuuluvaa tietoa ja uutisia alalla.<\/li>\n\n\n\n<li>Viestinn\u00e4n l\u00e4hett\u00e4minen.<\/li>\n<\/ul>\n\n\n\n<h2 class=\"wp-block-heading\"><strong>5. LAISUUS<\/strong><\/h2>\n\n\n\n<p>Sovellettavien tietosuojam\u00e4\u00e4r\u00e4ysten mukaisesti henkil\u00f6tietojasi voidaan k\u00e4sitell\u00e4 edellytt\u00e4en, ett\u00e4:<\/p>\n\n\n\n<ul class=\"wp-block-list\">\n<li>Olet antanut meille suostumuksesi k\u00e4sittelytarkoituksiin. Voit peruuttaa suostumuksesi milloin tahansa.<\/li>\n\n\n\n<li>Lakis\u00e4\u00e4teisen vaatimuksen mukaan.<\/li>\n\n\n\n<li>Oikeutetun edun vuoksi, johon tietosuojaoikeutesi eiv\u00e4t vaikuta, kuten kaupallisten tietojen l\u00e4hett\u00e4minen joko tilaamalla uutiskirjeemme tai olemalla asiakas.<\/li>\n\n\n\n<li>V\u00e4ltt\u00e4m\u00e4t\u00f6n mink\u00e4 tahansa palvelumme tarjoamiseksi sinun ja meid\u00e4n v\u00e4lisen sopimussuhteen kautta.<\/li>\n<\/ul>\n\n\n\n<h2 class=\"wp-block-heading\"><strong>6. HENKIL\u00d6TIETOJEN ILMOITTAMINEN<\/strong><\/h2>\n\n\n\n<p>Tietoja voidaan luovuttaa Sara Garc\u00eda Herranziin liittyville yrityksille erilaisten palvelujen tarjoamiseksi K\u00e4sittelij\u00f6in\u00e4. Yritys ei tee siirtoja, paitsi lainmukaisen velvoitteen perusteella.<\/p>\n\n\n\n<h2 class=\"wp-block-heading\"><strong>7. OIKEUTESI<\/strong><\/h2>\n\n\n\n<p>Henkil\u00f6tietojesi ker\u00e4\u00e4miseen ja k\u00e4sittelyyn liittyen voit ottaa meihin yhteytt\u00e4 milloin tahansa:<\/p>\n\n\n\n<ul class=\"wp-block-list\">\n<li>P\u00e4\u00e4sy henkil\u00f6tietoihisi ja muihin GDPR:n artiklassa 15.1 m\u00e4\u00e4riteltyihin tietoihin.<\/li>\n\n\n\n<li>Korjaa henkil\u00f6tietosi, jotka ovat ep\u00e4tarkkoja tai puutteellisia GDPR:n artiklan 16 mukaisesti.<\/li>\n\n\n\n<li>Poista henkil\u00f6tietosi GDPR:n artiklan 17 mukaisesti.<\/li>\n\n\n\n<li>Rajoita henkil\u00f6tietojesi k\u00e4sittely\u00e4 GDPR:n artiklan 18 mukaisesti.<\/li>\n\n\n\n<li>Pyyd\u00e4 tietojesi siirrett\u00e4vyytt\u00e4 GDPR:n artiklan 20 mukaisesti.<\/li>\n\n\n\n<li>Vastustaa henkil\u00f6tietojesi k\u00e4sittely\u00e4 GDPR:n artiklan 21 mukaisesti.<\/li>\n<\/ul>\n\n\n\n<p>Jos olet antanut suostumuksesi tietty\u00e4 tarkoitusta varten, sinulla on oikeus peruuttaa suostumus milloin tahansa, vaikuttamatta k\u00e4sittelyn lainmukaisuuteen sen peruuttamiseen annetulla ennakkosuostumuksella rrhh.<\/p>\n\n\n\n<p>Voit k\u00e4ytt\u00e4\u00e4 n\u00e4it\u00e4 oikeuksia l\u00e4hett\u00e4m\u00e4ll\u00e4 perustellun ja akkreditoidun viestin osoitteeseen tuemail@tudominio.com<\/p>\n\n\n\n<p>Sinulla on my\u00f6s oikeus tehd\u00e4 valitus toimivaltaiselle valvontaviranomaiselle (www.aepd.es), jos katsot, ett\u00e4 k\u00e4sittely ei ole sovellettavia m\u00e4\u00e4r\u00e4yksi\u00e4.<\/p>\n\n\n\n<h2 class=\"wp-block-heading\"><strong>8. OIKEUDELLISET TIEDOT<\/strong><\/h2>\n\n\n\n<p>T\u00e4m\u00e4n k\u00e4yt\u00e4nn\u00f6n vaatimukset t\u00e4ydent\u00e4v\u00e4t eiv\u00e4tk\u00e4 korvaa muita voimassa olevia sovellettavan tietosuojalains\u00e4\u00e4d\u00e4nn\u00f6n vaatimuksia, jotka ovat voimassa joka tapauksessa.<\/p>\n\n\n\n<p>T\u00e4m\u00e4 k\u00e4yt\u00e4nt\u00f6 tarkistetaan m\u00e4\u00e4r\u00e4ajoin, ja yhti\u00f6 voi muuttaa sit\u00e4 milloin tahansa. Kun n\u00e4in tapahtuu, ilmoitamme sinulle kaikista muutoksista ja pyyd\u00e4mme sinua lukemaan k\u00e4yt\u00e4nt\u00f6mme uusimman version uudelleen ja vahvistamaan hyv\u00e4ksynt\u00e4si.<\/p>","protected":false},"excerpt":{"rendered":"<p>1. INFORMACI\u00d3N AL USUARIO Sara Garc\u00eda Herranz, como Responsable del Tratamiento, le informa que, seg\u00fan lo dispuesto en el Reglamento (UE) 2016\/679, de 27 de abril, (RGPD) y en la L.O. 3\/2018, de 5 de diciembre, de protecci\u00f3n de datos y garant\u00eda de los derechos digitales (LOPDGDD), trataremos su datos tal y como reflejamos en [&hellip;]<\/p>","protected":false},"author":1,"featured_media":0,"parent":0,"menu_order":0,"comment_status":"closed","ping_status":"closed","template":"","meta":{"footnotes":""},"class_list":["post-131","page","type-page","status-publish","hentry"],"_links":{"self":[{"href":"https:\/\/www.origenysabor.com\/fi\/wp-json\/wp\/v2\/pages\/131","targetHints":{"allow":["GET"]}}],"collection":[{"href":"https:\/\/www.origenysabor.com\/fi\/wp-json\/wp\/v2\/pages"}],"about":[{"href":"https:\/\/www.origenysabor.com\/fi\/wp-json\/wp\/v2\/types\/page"}],"author":[{"embeddable":true,"href":"https:\/\/www.origenysabor.com\/fi\/wp-json\/wp\/v2\/users\/1"}],"replies":[{"embeddable":true,"href":"https:\/\/www.origenysabor.com\/fi\/wp-json\/wp\/v2\/comments?post=131"}],"version-history":[{"count":7,"href":"https:\/\/www.origenysabor.com\/fi\/wp-json\/wp\/v2\/pages\/131\/revisions"}],"predecessor-version":[{"id":1363,"href":"https:\/\/www.origenysabor.com\/fi\/wp-json\/wp\/v2\/pages\/131\/revisions\/1363"}],"wp:attachment":[{"href":"https:\/\/www.origenysabor.com\/fi\/wp-json\/wp\/v2\/media?parent=131"}],"curies":[{"name":"wp","href":"https:\/\/api.w.org\/{rel}","templated":true}]}}