{"id":133,"date":"2024-08-23T15:34:37","date_gmt":"2024-08-23T13:34:37","guid":{"rendered":"https:\/\/ecommplantilla.orbidi.es\/?page_id=133"},"modified":"2024-10-27T05:13:53","modified_gmt":"2024-10-27T04:13:53","slug":"aviso-legal","status":"publish","type":"page","link":"https:\/\/www.origenysabor.com\/fi\/oikeudellinen-huomautus\/","title":{"rendered":"Oikeudellinen huomautus"},"content":{"rendered":"<h2 class=\"wp-block-heading\"><strong>TIETOPALVELULAKI (ISSI)<\/strong><\/h2>\n\n\n\n<p>Sivustosta vastaava Sara Garc\u00eda Herranz, j\u00e4ljemp\u00e4n\u00e4 VASTUULLINEN, antaa k\u00e4ytt\u00e4jien saataville t\u00e4m\u00e4n asiakirjan, jonka tarkoituksena on noudattaa tietoyhteiskunnan ja s\u00e4hk\u00f6isen kaupank\u00e4ynnin palveluista (LSSICE) 11. hein\u00e4kuuta annetussa laissa 34\/2002 s\u00e4\u00e4dettyj\u00e4 velvoitteita. sek\u00e4 tiedottaa kaikille verkkosivuston k\u00e4ytt\u00e4jille k\u00e4ytt\u00f6ehdoista.<\/p>\n\n\n\n<p>Kuka tahansa t\u00e4lle sivustolle k\u00e4ytt\u00e4v\u00e4 henkil\u00f6 ottaa k\u00e4ytt\u00e4j\u00e4n roolin ja sitoutuu noudattamaan ja tarkasti noudattamaan t\u00e4ss\u00e4 esitettyj\u00e4 m\u00e4\u00e4r\u00e4yksi\u00e4 sek\u00e4 kaikkia muita sovellettavia s\u00e4\u00e4nn\u00f6ksi\u00e4.&nbsp;<\/p>\n\n\n\n<p>Sara Garc\u00eda Herranz, varaa oikeuden muuttaa kaikentyyppisi\u00e4 tietoja, jotka saattavat n\u00e4ky\u00e4 verkkosivuilla ilman velvollisuutta ilmoittaa etuk\u00e4teen tai ilmoittaa k\u00e4ytt\u00e4jille t\u00e4llaisista velvollisuuksista. Ymm\u00e4rt\u00e4\u00e4, ett\u00e4 Sara Garc\u00eda Herranzin verkkosivuilla julkaiseminen riitt\u00e4\u00e4 .<\/p>\n\n\n\n<h2 class=\"wp-block-heading\"><strong>1. TUNNISTETIEDOT<\/strong><\/h2>\n\n\n\n<p>Nimi: Sara Garc\u00eda Herranz<\/p>\n\n\n\n<p>Kauppanimi: Origin and Taste<\/p>\n\n\n\n<p>CIF: 70258272B<\/p>\n\n\n\n<p>Osoite: Calle Uni\u00f3n Fenosa, 04 - CP 40100 - San Ildefonso - Segovia<\/p>\n\n\n\n<p>s\u00e4hk\u00f6posti: <a href=\"mailto:info@origenysabor.com\" target=\"_blank\" rel=\"noreferrer noopener\">info@origenysabor.com<\/a><\/p>\n\n\n\n<h2 class=\"wp-block-heading\"><strong>2. AIHE<\/strong><\/h2>\n\n\n\n<p>Verkkosivuston kautta tarjoamme k\u00e4ytt\u00e4jille mahdollisuuden saada tietoa palveluistamme.<\/p>\n\n\n\n<h2 class=\"wp-block-heading\"><strong>3. YKSITYISYYDEN SUOJA JA TIETOJEN K\u00c4SITTELY<\/strong><\/h2>\n\n\n\n<p>Kun tiettyyn sis\u00e4lt\u00f6\u00f6n tai palveluun p\u00e4\u00e4sy\u00e4 varten on tarpeen antaa henkil\u00f6tietoja, k\u00e4ytt\u00e4j\u00e4t takaavat niiden todenper\u00e4isyyden, tarkkuuden, aitouden ja p\u00e4tevyyden. Yritys antaa t\u00e4llaisille tiedoille asianmukaisen automaattisen k\u00e4sittelyn niiden luonteen tai tarkoituksen mukaisesti tietosuojaseloste-osiossa esitetyin ehdoin.<\/p>\n\n\n\n<h2 class=\"wp-block-heading\"><strong>4. IMMATERIAALINEN OMAISUUS<\/strong><\/h2>\n\n\n\n<p>K\u00e4ytt\u00e4j\u00e4 tiedostaa ja hyv\u00e4ksyy, ett\u00e4 kaikki verkkotilassa n\u00e4kyv\u00e4 sis\u00e4lt\u00f6, erityisesti mallit, tekstit, kuvat, logot, kuvakkeet, painikkeet, ohjelmistot, kauppanimet, tavaramerkit tai muut merkit, joita teollisuus ja\/tai kauppa saattavat k\u00e4ytt\u00e4\u00e4 ovat immateriaalioikeuksien alaisia \u200b\u200bja kaikki tavaramerkit, kauppanimet tai erotusmerkit, kaikki teollis- ja immateriaalioikeudet, sis\u00e4lt\u00f6\u00f6n ja\/tai mihin tahansa muihin elementteihin, jotka on lis\u00e4tty sivut, jotka ovat yrityksen ja\/tai kolmansien osapuolien yksinomaista omaisuutta, joilla on yksinoikeus k\u00e4ytt\u00e4\u00e4 niit\u00e4 kaupallisessa liikenteess\u00e4. T\u00e4st\u00e4 syyst\u00e4 K\u00e4ytt\u00e4j\u00e4 sitoutuu olemaan j\u00e4ljent\u00e4m\u00e4tt\u00e4, kopioimatta, levitt\u00e4m\u00e4tt\u00e4, asettamatta saataville tai muutoin kommunikoimatta julkisesti, muuntamatta tai muokkaamatta t\u00e4llaista sis\u00e4lt\u00f6\u00e4, mik\u00e4 pit\u00e4\u00e4 yrityksen vapaana t\u00e4llaisten velvoitteiden rikkomisesta johtuvista vaatimuksista. P\u00e4\u00e4sy Web Spaceen ei miss\u00e4\u00e4n tapauksessa tarkoita mink\u00e4\u00e4nlaista luopumista, siirtoa, lisenssi\u00e4 tai t\u00e4llaisten oikeuksien t\u00e4ydellist\u00e4 tai osittaista luovuttamista, ellei nimenomaisesti toisin mainita. N\u00e4m\u00e4 yleiset k\u00e4ytt\u00f6ehdot eiv\u00e4t anna k\u00e4ytt\u00e4jille muita verkkotilan ja\/tai sen sis\u00e4ll\u00f6n k\u00e4ytt\u00f6-, HR-, muuttamis-, hy\u00f6dynt\u00e4mis-, j\u00e4ljent\u00e4mis-, jakelu- tai julkistamisoikeuksia, kuin mit\u00e4 t\u00e4ss\u00e4 on nimenomaisesti m\u00e4\u00e4r\u00e4tty. Oikeuksien muu k\u00e4ytt\u00f6 tai hy\u00f6dynt\u00e4minen edellytt\u00e4\u00e4 yrityksen tai asianomaisten oikeuksien haltijan nimenomaisesti t\u00e4t\u00e4 tarkoitusta varten my\u00f6nt\u00e4m\u00e4\u00e4 ennakkolupaa.<\/p>\n\n\n\n<p>Sis\u00e4lt\u00f6, tekstit, valokuvat, mallit, logot, kuvat, tietokoneohjelmat, l\u00e4hdekoodit ja yleens\u00e4 kaikki t\u00e4ss\u00e4 tilassa oleva henkinen luomus sek\u00e4 itse tila kokonaisuudessaan multimediateoksena on suojattu tekij\u00e4noikeudella. immateriaalioikeuslain mukaan. Yritys omistaa elementit, jotka yhdist\u00e4v\u00e4t verkkotilan graafisen suunnittelun, valikot, navigointipainikkeet, HTML-koodin, tekstit, kuvat, tekstuurit, grafiikan ja kaiken muun verkkotilan sis\u00e4ll\u00f6n tai joka tapauksessa asianmukaiset valtuutukset t\u00e4llaisten elementtien k\u00e4ytt\u00f6\u00e4. Verkkotilan sis\u00e4lt\u00e4m\u00e4\u00e4 sis\u00e4lt\u00f6\u00e4 ei saa kopioida kokonaan tai osittain, v\u00e4litt\u00e4\u00e4 tai tallentaa mill\u00e4\u00e4n tiedonhakuj\u00e4rjestelm\u00e4ll\u00e4, miss\u00e4\u00e4n muodossa tai mill\u00e4\u00e4n v\u00e4lineell\u00e4, ellei kyseiselt\u00e4 taholta ole saatu kirjallista lupaa etuk\u00e4teen.<\/p>\n\n\n\n<p>On my\u00f6s kielletty\u00e4 poistaa, kiert\u00e4\u00e4 ja\/tai manipuloida \u00abtekij\u00e4noikeuksia\u00bb sek\u00e4 teknisi\u00e4 suojalaitteita tai muita tietomekanismeja, jotka voivat sis\u00e4lt\u00e4\u00e4 sis\u00e4ll\u00f6n. T\u00e4m\u00e4n verkkotilan k\u00e4ytt\u00e4j\u00e4 sitoutuu kunnioittamaan annettuja oikeuksia ja v\u00e4ltt\u00e4m\u00e4\u00e4n kaikkia toimia, jotka voivat vahingoittaa niit\u00e4. Yritys varaa oikeuden k\u00e4ytt\u00e4\u00e4 kaikkia laillisia keinoja tai toimia omalla oikeudellaan puolustaakseen laillisia immateriaali- ja teollisoikeuksiaan.<\/p>\n\n\n\n<h2 class=\"wp-block-heading\"><strong>5. VERKKOTILAN K\u00c4YTT\u00c4J\u00c4N VELVOLLISUUDET JA VELVOLLISUUDET<\/strong><\/h2>\n\n\n\n<p>K\u00e4ytt\u00e4j\u00e4 hyv\u00e4ksyy:<\/p>\n\n\n\n<ol class=\"wp-block-list\">\n<li>K\u00e4ytt\u00e4\u00e4 verkkotilaa sek\u00e4 sen sis\u00e4lt\u00f6\u00e4 ja palveluita asianmukaisesti ja laillisesti seuraavien ohjeiden mukaisesti: (i) kulloinkin sovellettava lains\u00e4\u00e4d\u00e4nt\u00f6; (ii) Web-tilan yleiset k\u00e4ytt\u00f6ehdot; (iii) yleisesti hyv\u00e4ksytty moraali ja hyv\u00e4t tavat; ja (iv) yleinen j\u00e4rjestys.<\/li>\n\n\n\n<li>Tarjoa kaikki tarvittavat keinot ja tekniset vaatimukset p\u00e4\u00e4st\u00e4ksesi verkkotilaan.<\/li>\n\n\n\n<li>Anna totuudenmukaista tietoa t\u00e4ytt\u00e4m\u00e4ll\u00e4 Web Spacen sis\u00e4lt\u00e4m\u00e4t lomakkeet henkil\u00f6tiedoillasi ja pit\u00e4m\u00e4ll\u00e4 ne aina ajan tasalla, jotta ne vastaavat milloin tahansa K\u00e4ytt\u00e4j\u00e4n todelliseen tilanteeseen. K\u00e4ytt\u00e4j\u00e4 on yksin vastuussa antamistaan \u200b\u200bv\u00e4\u00e4rist\u00e4 tai ep\u00e4tarkoista lausunnoista sek\u00e4 vahingoista, joita h\u00e4nen antamiensa tiedoista aiheutuu yritykselle tai kolmansille osapuolille.<\/li>\n<\/ol>\n\n\n\n<p>Huolimatta edellisen kappaleen m\u00e4\u00e4r\u00e4yksist\u00e4, k\u00e4ytt\u00e4j\u00e4n on my\u00f6s pid\u00e4tt\u00e4ydytt\u00e4v\u00e4:<\/p>\n\n\n\n<ol class=\"wp-block-list\">\n<li>K\u00e4ytt\u00e4\u00e4 verkkotilaa ja\/tai sis\u00e4lt\u00f6\u00e4 luvatta tai vilpillisesti tarkoituksiin tai vaikutuksiin, jotka ovat laittomia, kiellettyj\u00e4 n\u00e4iss\u00e4 yleisiss\u00e4 k\u00e4ytt\u00f6ehdoissa, vahingoittavat kolmansien osapuolten oikeuksia ja etuja tai jotka voivat mill\u00e4\u00e4n tavalla vahingoittaa, est\u00e4\u00e4, ylikuormitus, vahingoittaa tai est\u00e4\u00e4 palvelujen tai asiakirjojen, tiedostojen ja kaikenlaiseen tietokonelaitteeseen tallennetun sis\u00e4ll\u00f6n normaalin k\u00e4yt\u00f6n.<\/li>\n\n\n\n<li>. P\u00e4\u00e4sy tai yrit\u00e4 k\u00e4ytt\u00e4\u00e4 Web Spacen rajoitettuja resursseja tai alueita t\u00e4ytt\u00e4m\u00e4tt\u00e4 t\u00e4llaisen p\u00e4\u00e4syn edellytyksi\u00e4.<\/li>\n\n\n\n<li>Aiheuttaa vahinkoa Web Spacen, sen toimittajien tai kolmansien osapuolten fyysisille tai loogisille j\u00e4rjestelmille.<\/li>\n\n\n\n<li>Tuoda tai levitt\u00e4\u00e4 verkossa tietokoneviruksia tai muita fyysisi\u00e4 tai loogisia j\u00e4rjestelmi\u00e4, jotka todenn\u00e4k\u00f6isesti aiheuttavat vahinkoa yrityksen, tavarantoimittajien tai kolmansien osapuolten fyysisille tai loogisille j\u00e4rjestelmille.<\/li>\n\n\n\n<li>Yritt\u00e4\u00e4 p\u00e4\u00e4st\u00e4 k\u00e4siksi, k\u00e4ytt\u00e4\u00e4 ja\/tai manipuloida yrityksen, kolmannen osapuolen palveluntarjoajien ja muiden K\u00e4ytt\u00e4jien tietoja.<\/li>\n\n\n\n<li>J\u00e4ljenn\u00e4 tai kopioi, levit\u00e4, salli yleis\u00f6n p\u00e4\u00e4sy mink\u00e4 tahansa julkisen viestinn\u00e4n kautta, muunna tai muokkaa sis\u00e4lt\u00f6\u00e4, ellei sinulla ole vastaavien oikeuksien omistajan lupaa tai se on lain mukaan sallittua.<\/li>\n\n\n\n<li>Poistaa, piilottaa tai manipuloida sis\u00e4lt\u00f6\u00f6n sis\u00e4ltyvi\u00e4 immateriaalioikeuksia koskevia huomautuksia ja muita yrityksen tai kolmansien osapuolien oikeuksia yksil\u00f6ivi\u00e4 tietoja sek\u00e4 teknisi\u00e4 suojalaitteita tai tieto mekanismeja, jotka voidaan liitt\u00e4\u00e4 sis\u00e4lt\u00f6\u00f6n.<\/li>\n\n\n\n<li>Hanki ja yrit\u00e4 hankkia sis\u00e4lt\u00f6 muilla keinoilla tai menetelmill\u00e4 kuin niill\u00e4, jotka on asetettu saataville t\u00e4t\u00e4 tarkoitusta varten, tarpeen mukaan tai jotka on nimenomaisesti ilmoitettu verkkosivuilla, joilla sis\u00e4lt\u00f6 sijaitsee; tai yleens\u00e4 niist\u00e4, joita tavallisesti k\u00e4ytet\u00e4\u00e4n Internetiss\u00e4, koska niihin ei liity verkkotilan ja\/tai sis\u00e4ll\u00f6n vaurioitumis- tai menett\u00e4misriski\u00e4.<\/li>\n\n\n\n<li>Erityisesti ja vain tiedotustarkoituksessa K\u00e4ytt\u00e4j\u00e4 sitoutuu olemaan v\u00e4litt\u00e4m\u00e4tt\u00e4, levitt\u00e4m\u00e4tt\u00e4 tai antamatta kolmansien osapuolten saataville mit\u00e4\u00e4n tietoja, tietoja, sis\u00e4lt\u00f6\u00e4, viestej\u00e4, grafiikkaa, piirustuksia, \u00e4\u00e4ni- ja\/tai kuvatiedostoja, valokuvia, tallenteita, ohjelmistoja ja yleens\u00e4 kaikenlaista materiaalia, joka: \u2022 mill\u00e4 tahansa tavalla poikkeaa tai loukkaa perustuslaissa, kansainv\u00e4lisiss\u00e4 sopimuksissa ja muussa sovellettavassa lains\u00e4\u00e4d\u00e4nn\u00f6ss\u00e4 tunnustettuja perusoikeuksia ja julkisia vapauksia.\u2022 Ansaitsee, yllytt\u00e4\u00e4 tai edist\u00e4\u00e4 rikollista, halventavaa, herjaavaa, v\u00e4kivaltaista tai , yleens\u00e4 vastoin lakia, moraalia, yleisesti hyv\u00e4ksytty\u00e4 hyv\u00e4\u00e4 moraalia tai yleist\u00e4 j\u00e4rjestyst\u00e4. Aiheuttaa tai voi aiheuttaa ei-hyv\u00e4ksytt\u00e4v\u00e4\u00e4 ahdistusta tai pelkoa.\u2022 Aiheuttaa tai yllytt\u00e4\u00e4 sinua ryhtym\u00e4\u00e4n toimiin, jotka ovat vaarallisia, vaarallisia tai haitallisia terveydelle ja henkinen tasapaino.\u2022 Se on suojattu yritykselle tai kolmansille osapuolille kuuluvalla henkisen tai teollisen suojan lains\u00e4\u00e4d\u00e4nn\u00f6ll\u00e4 ilman, ett\u00e4 k\u00e4ytt\u00f6tarkoitus on valtuutettu.\u2022 Ei saa olla kunnian, henkil\u00f6kohtaisen ja perheen l\u00e4heisyyden tai ihmiskuvan vastainen.\u2022 Ei saa olla mink\u00e4\u00e4nlaista mainontaa .\u2022 Sis\u00e4llyt\u00e4 kaikki virukset tai ohjelmat, jotka est\u00e4v\u00e4t Web Spacen normaalin toiminnan.<\/li>\n<\/ol>\n\n\n\n<p>Jos sinulle annetaan salasana p\u00e4\u00e4st\u00e4ksesi joihinkin verkkotilan palveluihin ja\/tai sis\u00e4lt\u00f6\u00f6n, olet velvollinen k\u00e4ytt\u00e4m\u00e4\u00e4n sit\u00e4 ahkerasti ja pit\u00e4m\u00e4\u00e4n sen aina salassa. N\u00e4in ollen se on vastuussa sen asianmukaisesta s\u00e4ilytyksest\u00e4 ja luottamuksellisuudesta sitoutuen olemaan siirt\u00e4m\u00e4tt\u00e4 sit\u00e4 tilap\u00e4isesti tai pysyv\u00e4sti kolmansille osapuolille tai sallimatta ulkopuolisten p\u00e4\u00e4sy\u00e4 edell\u00e4 mainittuihin palveluihin ja\/tai sis\u00e4lt\u00f6\u00f6n. Samoin yritys on velvollinen ilmoittamaan kaikista tapahtumista, joihin saattaa liitty\u00e4 sen salasanan v\u00e4\u00e4rink\u00e4ytt\u00f6\u00e4, kuten varkaus, katoaminen tai luvaton p\u00e4\u00e4sy, jatkaakseen sen v\u00e4lit\u00f6nt\u00e4 peruuttamista. Niin kauan kuin yll\u00e4 olevaa ilmoitusta ei tehd\u00e4, yritys vapautuu kaikesta vastuusta, joka voi aiheutua sen salasanan v\u00e4\u00e4rink\u00e4yt\u00f6st\u00e4, ja se on vastuussa verkkotilan sis\u00e4ll\u00f6n ja\/tai palvelujen laittomasta k\u00e4yt\u00f6st\u00e4 mink\u00e4 tahansa tahon toimesta. laiton kolmas osapuoli. Jos laiminly\u00f6nnill\u00e4 tai tahallaan rikot jotakin n\u00e4iss\u00e4 yleisiss\u00e4 k\u00e4ytt\u00f6ehdoissa m\u00e4\u00e4r\u00e4tyist\u00e4 velvollisuuksista, olet vastuussa kaikista vahingoista, jotka voivat aiheutua t\u00e4llaisesta rikkomisesta yritykselle.<\/p>\n\n\n\n<h2 class=\"wp-block-heading\"><strong>6. VELVOLLISUUDET<\/strong><\/h2>\n\n\n\n<p>Mit\u00e4\u00e4n takuuta ei anneta verkkosivustolla olevien elementtien ja tietojen jatkuvasta p\u00e4\u00e4syst\u00e4, oikeasta n\u00e4yt\u00f6st\u00e4, latauksesta tai hy\u00f6dyllisyydest\u00e4, jotka voivat est\u00e4\u00e4, haitata tai keskeytt\u00e4\u00e4 tekij\u00e4t tai olosuhteet, joihin se ei voi vaikuttaa. Se ei ole vastuussa p\u00e4\u00e4t\u00f6ksist\u00e4, jotka voidaan tehd\u00e4 tarjotun sis\u00e4ll\u00f6n tai tiedon saamisen seurauksena.<\/p>\n\n\n\n<p>Palvelu voidaan keskeytt\u00e4\u00e4 tai suhde K\u00e4ytt\u00e4j\u00e4n kanssa lopettaa v\u00e4litt\u00f6m\u00e4sti, jos havaitaan, ett\u00e4 sen verkkotilan tai jonkin siin\u00e4 tarjotun palvelun k\u00e4ytt\u00f6 on n\u00e4iden yleisten k\u00e4ytt\u00f6ehtojen vastaista. Emme ole vastuussa mist\u00e4\u00e4n vahingoista, menetyksist\u00e4, vaateista tai kuluista, jotka johtuvat verkkotilan k\u00e4yt\u00f6st\u00e4.<\/p>\n\n\n\n<p>Olet yksin vastuussa sellaisen sis\u00e4ll\u00f6n poistamisesta mahdollisimman pian, joka voi aiheuttaa t\u00e4llaisia \u200b\u200bvahinkoja, edellytt\u00e4en, ett\u00e4 t\u00e4st\u00e4 ilmoitetaan. Emme ole erityisesti vastuussa mist\u00e4\u00e4n vahingoista, jotka voivat johtua muun muassa seuraavista:<\/p>\n\n\n\n<ol class=\"wp-block-list\">\n<li>H\u00e4iri\u00f6t, katkokset, viat, laiminly\u00f6nnit, puhelinkatkot, viiv\u00e4stykset, tukokset tai katkokset s\u00e4hk\u00f6isen j\u00e4rjestelm\u00e4n toiminnassa, jotka johtuvat tietoliikennelinjojen ja -verkkojen puutteista, ylikuormituksista ja virheist\u00e4 tai muusta yrityksest\u00e4 riippumattomasta syyst\u00e4.&nbsp;<\/li>\n\n\n\n<li>Laiton h\u00e4irint\u00e4 kaikenlaisten haittaohjelmien ja viestint\u00e4v\u00e4lineiden, kuten tietokonevirusten tai muiden, kautta.<\/li>\n\n\n\n<li>Verkkotilan virheellinen tai sopimaton k\u00e4ytt\u00f6.<\/li>\n\n\n\n<li>Suojaus- tai navigointivirheet, jotka johtuvat selaimen toimintah\u00e4iri\u00f6st\u00e4 tai sen vanhentuneiden versioiden k\u00e4yt\u00f6st\u00e4. Verkkotilan yll\u00e4pit\u00e4j\u00e4 pid\u00e4tt\u00e4\u00e4 oikeuden poistaa kokonaan tai osittain kaiken verkkotilassa olevan sis\u00e4ll\u00f6n tai tiedon.<\/li>\n<\/ol>\n\n\n\n<p>Yritys sulkee pois kaiken vastuun vahingoista, jotka voivat johtua Web Spacen k\u00e4ytt\u00e4jien ilmaisen saatavuuden ja k\u00e4yt\u00f6n palvelujen v\u00e4\u00e4rink\u00e4yt\u00f6st\u00e4. Olet my\u00f6s vapautettu kaikesta vastuusta sis\u00e4ll\u00f6st\u00e4 ja tiedoista, jotka voidaan saada tiedonkeruulomakkeiden seurauksena, ja se on sama vain kyselyiden ja ep\u00e4ilyjen palvelujen tarjoamisen osalta. Toisaalta, jos n\u00e4iden palvelujen laittomasta tai virheellisest\u00e4 k\u00e4yt\u00f6st\u00e4 aiheutuu vahinkoa, K\u00e4ytt\u00e4j\u00e4 voidaan vaatia korvaamaan aiheutuneet vahingot.<\/p>\n\n\n\n<p>Sin\u00e4 pid\u00e4t yrityksen vapaana kaikista vahingoista, jotka johtuvat kolmansien osapuolien vaatimuksista, toimista tai vaatimuksista, jotka johtuvat p\u00e4\u00e4syst\u00e4si verkkotilaan tai sen k\u00e4yt\u00f6st\u00e4. Sitoudut my\u00f6s korvaamaan kaikki vahingot, jotka voivat johtua siit\u00e4, ett\u00e4 k\u00e4yt\u00e4t \"robotteja\", \"h\u00e4m\u00e4h\u00e4kkej\u00e4\", \"indeksoijia\" tai vastaavia ty\u00f6kaluja, joita k\u00e4ytet\u00e4\u00e4n tietojen ker\u00e4\u00e4miseen tai poimimiseen tai mist\u00e4 tahansa muusta toiminnasta, joka aiheuttaa kohtuuttoman taakan. Web Spacen toiminnasta.<\/p>\n\n\n\n<h2 class=\"wp-block-heading\"><strong>7. HYPERLINKIT<\/strong><\/h2>\n\n\n\n<p>K\u00e4ytt\u00e4j\u00e4 sitoutuu olemaan j\u00e4ljent\u00e4m\u00e4tt\u00e4 verkkotilaa mill\u00e4\u00e4n tavalla, edes hyperlinkin tai hyperlinkin avulla, eik\u00e4 sen sis\u00e4lt\u00f6\u00e4, ellei tiedostosta vastaava henkil\u00f6 ole antanut siihen nimenomaista kirjallista lupaa.<\/p>\n\n\n\n<p>Verkkotila voi sis\u00e4lt\u00e4\u00e4 linkkej\u00e4 muihin kolmansien osapuolten hallinnoimiin verkkotiloihin helpottaakseen K\u00e4ytt\u00e4j\u00e4n p\u00e4\u00e4sy\u00e4 yhteisty\u00f6ss\u00e4 toimivien yritysten ja\/tai sponsorien tietoihin. N\u00e4in ollen yritys ei ole vastuussa n\u00e4iden verkkotilojen sis\u00e4ll\u00f6st\u00e4, eik\u00e4 se ole takaajana ja\/tai tarjoajana ja\/tai palveluiden ja\/tai tietojen tarjoajana, jota voidaan tarjota kolmansille osapuolille linkkien kautta kolmansille osapuolille.<\/p>\n\n\n\n<p>K\u00e4ytt\u00e4j\u00e4lle my\u00f6nnet\u00e4\u00e4n rajoitettu, peruutettava ja ei-yksinomainen oikeus luoda linkkej\u00e4 Web-tilan p\u00e4\u00e4sivulle yksinomaan yksityiseen ja ei-kaupalliseen k\u00e4ytt\u00f6\u00f6n. Web Spacet, jotka sis\u00e4lt\u00e4v\u00e4t linkin verkkotilaamme (i) eiv\u00e4t saa v\u00e4\u00e4rent\u00e4\u00e4 suhdettaan tai v\u00e4itt\u00e4\u00e4, ett\u00e4 t\u00e4llainen linkki on valtuutettu, eiv\u00e4tk\u00e4 ne sis\u00e4ll\u00e4 tavaramerkkej\u00e4, nimityksi\u00e4, kauppanimi\u00e4, logoja tai muita yrityksemme erottavia merkkej\u00e4; (ii) ei saa sis\u00e4lt\u00e4\u00e4 sis\u00e4lt\u00f6\u00e4, jota voidaan pit\u00e4\u00e4 karua, s\u00e4\u00e4dyt\u00f6nt\u00e4, loukkaavaa, kiistanalaista, joka yllytt\u00e4\u00e4 v\u00e4kivaltaan tai syrjint\u00e4\u00e4n sukupuolen, rodun tai uskonnon perusteella, yleisen j\u00e4rjestyksen vastaista tai laitonta; (iii) ei saa linkitt\u00e4\u00e4 millek\u00e4\u00e4n muulle Web Spacen sivulle kuin p\u00e4\u00e4sivulle; (iv) on linkitett\u00e4v\u00e4 Web Spacen omaan osoitteeseen antamatta linkitt\u00e4v\u00e4n Web Spacen toistaa verkkotilaa osana verkkosivustoaan tai jollakin sen \"kehyksest\u00e4\" tai luoda \"selainta\" millek\u00e4\u00e4n sivuston sivulle. Web Space. Yritys voi milloin tahansa pyyt\u00e4\u00e4 mink\u00e4 tahansa Web-avaruuteen johtavan linkin poistamista, mink\u00e4 j\u00e4lkeen se jatkaa v\u00e4litt\u00f6m\u00e4sti sen poistamista.<\/p>\n\n\n\n<p>Yhti\u00f6 ei voi valvoa muiden verkkotiloihin linkitettyjen verkkotilojen tarjoamia tietoja, sis\u00e4lt\u00f6\u00e4, tuotteita tai palveluita.<\/p>\n\n\n\n<h2 class=\"wp-block-heading\"><strong>8. TIETOSUOJA<\/strong><\/h2>\n\n\n\n<p>K\u00e4ytt\u00e4\u00e4kseen joitakin palveluita K\u00e4ytt\u00e4j\u00e4n on ensin annettava tietyt henkil\u00f6tiedot. Yritys k\u00e4sittelee n\u00e4m\u00e4 tiedot automaattisesti ja soveltaa vastaavia turvatoimenpiteit\u00e4 GDPR:n, LOPDGDD:n ja LSSI:n mukaisesti. K\u00e4ytt\u00e4j\u00e4 p\u00e4\u00e4see k\u00e4siksi henkil\u00f6tietojen k\u00e4sittelyss\u00e4 noudatettavaan k\u00e4yt\u00e4nt\u00f6\u00f6n sek\u00e4 aiemmin m\u00e4\u00e4riteltyjen k\u00e4ytt\u00f6tarkoitusten m\u00e4\u00e4ritt\u00e4miseen tietosuojaselosteessa m\u00e4\u00e4ritellyin ehdoin.<\/p>\n\n\n\n<h2 class=\"wp-block-heading\"><strong>9. EV\u00c4STEET<\/strong><\/h2>\n\n\n\n<p>Yritys varaa oikeuden k\u00e4ytt\u00e4\u00e4 \"ev\u00e4ste\"-tekniikkaa verkkotilassa tunnistaakseen sinut usein k\u00e4ytt\u00e4v\u00e4ksi ja mukauttaakseen verkkotilan k\u00e4ytt\u00f6\u00e4si valitsemalla esivalintasi kielesi tai halutumman tai tarkemman sis\u00e4ll\u00f6n.<\/p>\n\n\n\n<p>Ev\u00e4steet ker\u00e4\u00e4v\u00e4t k\u00e4ytt\u00e4j\u00e4n IP-osoitteen, ja Google on vastuussa n\u00e4iden tietojen k\u00e4sittelyst\u00e4.<\/p>\n\n\n\n<p>Ev\u00e4steet ovat tiedostoja, jotka l\u00e4hetet\u00e4\u00e4n selaimeen web-palvelimen kautta tallentamaan k\u00e4ytt\u00e4j\u00e4n navigointia verkkotilassa, kun k\u00e4ytt\u00e4j\u00e4 sallii sen vastaanottamisen. Halutessasi voit m\u00e4\u00e4ritt\u00e4\u00e4 selaimesi niin, ett\u00e4 se ilmoittaa n\u00e4yt\u00f6ll\u00e4 ev\u00e4steiden vastaanottamisesta ja est\u00e4\u00e4 ev\u00e4steiden asennuksen kiintolevyllesi. Katso lis\u00e4tietoja selaimesi ohjeista ja oppaista.<\/p>\n\n\n\n<p>Ev\u00e4steiden ansiosta on mahdollista tunnistaa k\u00e4ytt\u00e4j\u00e4n k\u00e4ytt\u00e4m\u00e4n tietokoneen selain sis\u00e4ll\u00f6n helpottamiseksi ja selausasetusten tai mainoksen tarjoamiseksi K\u00e4ytt\u00e4j\u00e4lle, k\u00e4ytt\u00e4jien demografisiin profiileihin sek\u00e4 k\u00e4yntien ja liikenneparametrien mittaamiseen, edistymisen seurantaan. ja merkint\u00f6jen m\u00e4\u00e4r\u00e4.<\/p>\n\n\n\n<h2 class=\"wp-block-heading\"><strong>10. VAKUUTUKSET JA TAKUUT<\/strong><\/h2>\n\n\n\n<p>Yleisesti ottaen Web-sivuston sis\u00e4lt\u00f6 ja palvelut ovat puhtaasti informatiivisia. Siksi niit\u00e4 tarjoamalla ei anneta mit\u00e4\u00e4n takuuta tai esityst\u00e4 verkkotilassa tarjottuun sis\u00e4lt\u00f6\u00f6n ja palveluihin, mukaan lukien rajoituksetta lainmukaisuuden, luotettavuuden, hy\u00f6dyllisyyden, todenper\u00e4isyyden, tarkkuuden tai markkinoitavuuden takuut, paitsi silt\u00e4 osin kuin t\u00e4llaisia \u200b\u200besityksi\u00e4 ja takuita ei voida sulkea pois lailla.<\/p>\n\n\n\n<h2 class=\"wp-block-heading\"><strong>11. FORCE MAJEURE<\/strong><\/h2>\n\n\n\n<p>Yritys ei ole vastuussa kaikissa palvelukyvytt\u00f6myystapauksissa, jos t\u00e4m\u00e4 johtuu pitkittyneist\u00e4 s\u00e4hk\u00f6ntoimitusten, telelinjojen, sosiaalisten konfliktien, lakon, kapinan, r\u00e4j\u00e4hdyksist\u00e4, tulvista, hallituksen toimista ja laiminly\u00f6nneist\u00e4 ja yleens\u00e4. kaikissa ylivoimaisissa esteiss\u00e4 tai odottamattomissa olosuhteissa.<\/p>\n\n\n\n<h2 class=\"wp-block-heading\"><strong>12. RIITOJEN RATKAISEMINEN. SOVELLETTAVA LAKI JA TOIMINTAALA<\/strong><\/h2>\n\n\n\n<p>N\u00e4it\u00e4 yleisi\u00e4 k\u00e4ytt\u00f6ehtoja sek\u00e4 verkkotilan k\u00e4ytt\u00f6\u00e4 s\u00e4\u00e4telev\u00e4t Espanjan lait. Kaikkien erimielisyyksien ratkaisemiseksi osapuolet alistuvat verkkosivuston yll\u00e4pit\u00e4j\u00e4n kotipaikan tuomioistuimiin.<\/p>\n\n\n\n<p>Jos jokin n\u00e4iden yleisten k\u00e4ytt\u00f6ehtojen m\u00e4\u00e4r\u00e4ys muuttuu t\u00e4yt\u00e4nt\u00f6\u00f6npanokelvottomaksi tai mit\u00e4tt\u00f6m\u00e4ksi sovellettavan lain tai oikeudellisen tai hallinnollisen p\u00e4\u00e4t\u00f6ksen seurauksena, t\u00e4llainen t\u00e4yt\u00e4nt\u00f6\u00f6npanokelpoisuus tai p\u00e4tem\u00e4tt\u00f6myys ei tee n\u00e4ist\u00e4 yleisist\u00e4 k\u00e4ytt\u00f6ehdoista t\u00e4yt\u00e4nt\u00f6\u00f6npanokelvottomia tai mit\u00e4tt\u00f6mi\u00e4 kokonaisuudessaan. T\u00e4llaisissa tapauksissa yhti\u00f6n on muutettava kyseist\u00e4 s\u00e4\u00e4nn\u00f6st\u00e4 tai korvattava se s\u00e4\u00e4nn\u00f6ksell\u00e4, joka on p\u00e4tev\u00e4 ja t\u00e4yt\u00e4nt\u00f6\u00f6npanokelpoinen ja joka mahdollisuuksien mukaan saavuttaa alkuper\u00e4isen s\u00e4\u00e4nn\u00f6ksen tavoitteen ja tarkoituksen.<\/p>","protected":false},"excerpt":{"rendered":"<p>LEY DE LOS SERVICIOS DE LA SOCIEDAD DE LA INFORMACI\u00d3N (LSSI) Sara Garc\u00eda Herranz, responsable del sitio web, en adelante RESPONSABLE, pone a disposici\u00f3n de los usuarios el presente documento, con el que pretende dar cumplimiento a las obligaciones dispuestas en la Ley 34\/2002, de 11 de julio, de Servicios de la Sociedad de la [&hellip;]<\/p>","protected":false},"author":1,"featured_media":0,"parent":0,"menu_order":0,"comment_status":"closed","ping_status":"closed","template":"","meta":{"footnotes":""},"class_list":["post-133","page","type-page","status-publish","hentry"],"_links":{"self":[{"href":"https:\/\/www.origenysabor.com\/fi\/wp-json\/wp\/v2\/pages\/133","targetHints":{"allow":["GET"]}}],"collection":[{"href":"https:\/\/www.origenysabor.com\/fi\/wp-json\/wp\/v2\/pages"}],"about":[{"href":"https:\/\/www.origenysabor.com\/fi\/wp-json\/wp\/v2\/types\/page"}],"author":[{"embeddable":true,"href":"https:\/\/www.origenysabor.com\/fi\/wp-json\/wp\/v2\/users\/1"}],"replies":[{"embeddable":true,"href":"https:\/\/www.origenysabor.com\/fi\/wp-json\/wp\/v2\/comments?post=133"}],"version-history":[{"count":9,"href":"https:\/\/www.origenysabor.com\/fi\/wp-json\/wp\/v2\/pages\/133\/revisions"}],"predecessor-version":[{"id":1370,"href":"https:\/\/www.origenysabor.com\/fi\/wp-json\/wp\/v2\/pages\/133\/revisions\/1370"}],"wp:attachment":[{"href":"https:\/\/www.origenysabor.com\/fi\/wp-json\/wp\/v2\/media?parent=133"}],"curies":[{"name":"wp","href":"https:\/\/api.w.org\/{rel}","templated":true}]}}