{"id":135,"date":"2024-08-23T15:34:51","date_gmt":"2024-08-23T13:34:51","guid":{"rendered":"https:\/\/ecommplantilla.orbidi.es\/?page_id=135"},"modified":"2024-10-27T05:16:18","modified_gmt":"2024-10-27T04:16:18","slug":"accesibilidad","status":"publish","type":"page","link":"https:\/\/www.origenysabor.com\/fi\/esteettomyys\/","title":{"rendered":"Esteett\u00f6myys"},"content":{"rendered":"<p>Sara Garc\u00eda Herranz on sitoutunut saattamaan verkkosivustonsa saavutettaviksi julkisen sektorin mobiililaitteiden verkkosivujen ja sovellusten saavutettavuudesta 7. syyskuuta annetun kuninkaan asetuksen 1112\/2018 mukaisesti.<\/p>\n\n\n\n<p>T\u00e4m\u00e4 saavutettavuusseloste koskee origenysabor.com-sivustoa<\/p>\n\n\n\n<h2 class=\"wp-block-heading\"><strong>VAATIMUSTENMUKAISUUDEN TILA<\/strong><\/h2>\n\n\n\n<p>T\u00e4m\u00e4 verkkosivusto on osittain RD 1112\/2018 mukainen, johtuen poikkeuksista ja alla mainittujen n\u00e4k\u00f6kohtien poikkeamisesta.<\/p>\n\n\n\n<h2 class=\"wp-block-heading\"><strong>SIS\u00c4LT\u00d6 EI OLE SAATAVILLA<\/strong><\/h2>\n\n\n\n<p>Seuraava sis\u00e4lt\u00f6 ei ole k\u00e4ytett\u00e4viss\u00e4:&nbsp;<\/p>\n\n\n\n<ul class=\"wp-block-list\">\n<li>RD 1112\/2018:n noudattamatta j\u00e4tt\u00e4minen:\n<ul class=\"wp-block-list\">\n<li>Saattaa olla sis\u00e4lt\u00f6\u00e4 muilla kielill\u00e4, joissa kielenmuutosta ei ole merkitty oikein<\/li>\n\n\n\n<li>Vain \u00e4\u00e4ni\u00e4 sis\u00e4lt\u00e4vill\u00e4 multimediaelementeill\u00e4 ei ehk\u00e4 ole vaihtoehtoa<\/li>\n\n\n\n<li>Videoita voi olla ilman tekstityst\u00e4<\/li>\n\n\n\n<li>Tekstisis\u00e4lt\u00f6\u00e4 on ilman riitt\u00e4v\u00e4\u00e4 kontrastia<\/li>\n\n\n\n<li>On havaittu, ett\u00e4 joissakin tapauksissa tarkennus ei t\u00e4yt\u00e4 vaadittua v\u00e4himm\u00e4iskontrastisuhdetta<\/li>\n\n\n\n<li>Joissakin tapauksissa sis\u00e4lt\u00f6 saattaa olla p\u00e4\u00e4llekk\u00e4ist\u00e4<\/li>\n\n\n\n<li>PDF-dokumenteissa saattaa olla esteett\u00f6myysongelmia<\/li>\n<\/ul>\n<\/li>\n\n\n\n<li>Suhteettoman suuri taakka:\n<ul class=\"wp-block-list\">\n<li>Ei sovellu.<\/li>\n<\/ul>\n<\/li>\n\n\n\n<li>Sis\u00e4lt\u00f6 ei kuulu sovellettavan lain soveltamisalaan:\n<ul class=\"wp-block-list\">\n<li>Saattaa olla ennen 20.9.2018 julkaistuja PDF-muotoisia asiakirjoja, jotka eiv\u00e4t t\u00e4ysin t\u00e4yt\u00e4 kaikkia saavutettavuusvaatimuksia.<\/li>\n<\/ul>\n<\/li>\n<\/ul>\n\n\n\n<h2 class=\"wp-block-heading\"><strong>T\u00c4M\u00c4N SAATAVUUSSELVITYKSEN VALMISTELU<\/strong><\/h2>\n\n\n\n<p>T\u00e4m\u00e4 lausunto on laadittu 17.8.2024.<\/p>\n\n\n\n<p>T\u00e4ss\u00e4 lausunnossa k\u00e4ytetty menetelm\u00e4 on ollut itsearviointi.<\/p>\n\n\n\n<p>Ilmoituksen viimeisin tarkistus: 17.8.2024.<\/p>\n\n\n\n<h2 class=\"wp-block-heading\"><strong>HUOMAUTUKSET JA YHTEYSTIEDOT<\/strong><\/h2>\n\n\n\n<p>Viestint\u00e4 saavutettavuusvaatimuksista<\/p>\n\n\n\n<p>Voit l\u00e4hett\u00e4\u00e4 esteett\u00f6myysvaatimuksia koskevia viestej\u00e4 (RD 1112\/2018:n artikla 10.2.a), kuten:<\/p>\n\n\n\n<ul class=\"wp-block-list\">\n<li>Ilmoita t\u00e4m\u00e4n sivuston mahdollisista rikkomuksista<\/li>\n\n\n\n<li>V\u00e4lit\u00e4 muut sis\u00e4ll\u00f6n saatavuuden vaikeudet<\/li>\n\n\n\n<li>Tee muita sivuston saavutettavuuteen liittyvi\u00e4 kysymyksi\u00e4 tai parannusehdotuksia t\u00e4ll\u00e4<\/li>\n<\/ul>\n\n\n\n<p>t\u00e4ll\u00e4 verkkosivustolla olevan yhteydenottolomakkeen kautta (<strong>sivustolla olevan yhteydenottolomakkeen kautta<\/strong>) tai puhelimitse: <a href=\"https:\/\/www.origenysabor.com\/fi\/toimitus-ja-palautusehdot\/?wmc-currency=EUR\" data-type=\"page\" data-id=\"137\">+34 604 985 084<\/a><\/p>\n\n\n\n<h2 class=\"wp-block-heading\"><strong>PYYNN\u00d6T K\u00c4YTETT\u00c4VISS\u00c4 TIETOJA JA VALITUKSET<\/strong><\/h2>\n\n\n\n<p>Voit l\u00e4hett\u00e4\u00e4 esteett\u00f6myysvalituksia koskeviin tietopyynt\u00f6ihin ja valituksiin liittyv\u00e4n lomakkeen kautta:<\/p>\n\n\n\n<ul class=\"wp-block-list\">\n<li>a Kantelu RD 1112\/2018 vaatimusten noudattamisesta tai<\/li>\n\n\n\n<li>saatavilla olevien tietojen pyynt\u00f6 koskien:\n<ul class=\"wp-block-list\">\n<li>sis\u00e4lt\u00f6, joka on j\u00e4tetty RD 1112\/2018 soveltamisalan ulkopuolelle 3 artiklan 4 kohdan mukaisesti<\/li>\n\n\n\n<li>sis\u00e4lt\u00f6, joka on vapautettu saavutettavuusvaatimuksista aiheuttamalla suhteettoman rasituksen.<\/li>\n<\/ul>\n<\/li>\n<\/ul>\n\n\n\n<p>Saatavilla olevia tietoja koskevassa pyynn\u00f6ss\u00e4 on selke\u00e4sti mainittava ne tosiasiat, syyt ja pyynt\u00f6, joiden avulla voidaan todeta, ett\u00e4 pyynt\u00f6 on perusteltu ja oikeutettu.<\/p>\n\n\n\n<p>Valitukset ja vaatimukset saatavilla olevista tiedoista tehd\u00e4\u00e4n s\u00e4hk\u00f6isen sivuston (https:\/\/sede.red.gob.es\/procedimientos\/reclamation-and-suggestions) kautta, ja verkkotietoj\u00e4rjestelmien alue vastaanottaa ja k\u00e4sittelee ne.<\/p>\n\n\n\n<h2 class=\"wp-block-heading\"><strong>T\u00c4YT\u00c4NT\u00d6\u00d6NPANOMENETTELY<\/strong><\/h2>\n\n\n\n<p>Jos tietopyynn\u00f6n tai valituksen tekemisen j\u00e4lkeen se on hyl\u00e4tty, se ei ole yhtenev\u00e4inen tehdyn p\u00e4\u00e4t\u00f6ksen kanssa tai vastaus ei t\u00e4yt\u00e4 RD 1112\/2018 12.5 \u00a7:ss\u00e4 tarkoitettuja vaatimuksia, asianomainen voi tehd\u00e4 vireillepanon. valitus. Jos vastausta ei saada, voidaan my\u00f6s tehd\u00e4 valitus.<\/p>\n\n\n\n<p>RD 1112\/2018 \u00a7:ss\u00e4 13 tarkoitetun valitusmenettelyn voi k\u00e4ynnist\u00e4\u00e4 t\u00e4ll\u00e4 sivustolla olevalla yhteydenottolomakkeella (<strong>sivustolla olevan yhteydenottolomakkeen kautta<\/strong>) tai puhelimitse: <a href=\"https:\/\/www.origenysabor.com\/fi\/toimitus-ja-palautusehdot\/?wmc-currency=EUR\" data-type=\"page\" data-id=\"137\">+34 604 985 084<\/a><\/p>\n\n\n\n<p>Valitukset vastaanottaa ja k\u00e4sittelee Sara Garc\u00eda Herranz<\/p>\n\n\n\n<h2 class=\"wp-block-heading\"><strong>VALINNAINEN SIS\u00c4LT\u00d6<\/strong><\/h2>\n\n\n\n<p>Verkkosivuston tulee olla:<\/p>\n\n\n\n<ul class=\"wp-block-list\">\n<li>on suunniteltu t\u00e4ytt\u00e4m\u00e4\u00e4n nykyiset esteett\u00f6myysstandardit ja -m\u00e4\u00e4r\u00e4ykset ja t\u00e4ytt\u00e4m\u00e4\u00e4n Web Content Accessibility Guidelines (WCAG 2.1) -spesifikaatiossa m\u00e4\u00e4ritellyt Priority 2 (AA) -tarkistuskohdat.<\/li>\n\n\n\n<li>on optimoitu Chromen, Edgen, Firefoxin, Safarin ja Operan uusimmille versioille<\/li>\n\n\n\n<li>on suunniteltu oikeaan n\u00e4ytt\u00f6\u00f6n miss\u00e4 tahansa resoluutiossa ja p\u00f6yt\u00e4koneella, tabletilla tai mobiililaitteella (responsiivinen muotoilu)<\/li>\n\n\n\n<li>on tehty k\u00e4ytt\u00e4m\u00e4ll\u00e4 HTML5:t\u00e4 merkint\u00e4kielen\u00e4 ja CSS 3 -tyylisivuja sen suunnittelussa<\/li>\n<\/ul>\n\n\n\n<p>Jos haluat muuttaa tekstin fonttikokoa yleisimmiss\u00e4 graafisissa selaimissa, k\u00e4yt\u00e4 seuraavia valikkoja:<\/p>\n\n\n\n<ul class=\"wp-block-list\">\n<li>Internet Explorer, Mozilla ja Firefox: N\u00e4yt\u00e4 &gt; Tekstin koko<\/li>\n\n\n\n<li>Opera: N\u00e4yt\u00e4 &gt; Zoomaa<\/li>\n\n\n\n<li>Safari: N\u00e4yt\u00e4 &gt; Suurenna teksti\u00e4<\/li>\n\n\n\n<li>Chrome: Ohjaa nykyist\u00e4 sivua &gt; Tekstin koko<\/li>\n\n\n\n<li>Sivun kaiken koon muuttaminen:\n<ul class=\"wp-block-list\">\n<li>Ctrl + + lis\u00e4t\u00e4ksesi<\/li>\n\n\n\n<li>Ctrl + - v\u00e4hent\u00e4\u00e4ksesi<\/li>\n\n\n\n<li>Ctrl + 0 palauttaa tekstin alkuper\u00e4isen koon<\/li>\n\n\n\n<li>Jos haluat ohittaa tyylisivun tai muuttaa tekstin v\u00e4ri\u00e4, voit katsoa WAI:n tekstin koon tai v\u00e4rien muuttaminen -sivua, jonka voit lukea englannin kielelle k\u00e4\u00e4nnettyn\u00e4 kohdassa Kuinka muuttaa tekstin tai v\u00e4rien kokoa?<\/li>\n<\/ul>\n<\/li>\n<\/ul>","protected":false},"excerpt":{"rendered":"<p>Sara Garc\u00eda Herranz se ha comprometido a hacer accesibles sus Sitios web de conformidad con el Real Decreto 1112\/2018, de 7 de septiembre, sobre accesibilidad de los sitios web y aplicaciones para dispositivos m\u00f3viles del sector p\u00fablico. La presente declaraci\u00f3n de accesibilidad se aplica al sitio web origenysabor.com SITUACI\u00d3N DE CUMPLIMIENTO Este sitio web es [&hellip;]<\/p>","protected":false},"author":1,"featured_media":0,"parent":0,"menu_order":0,"comment_status":"closed","ping_status":"closed","template":"","meta":{"footnotes":""},"class_list":["post-135","page","type-page","status-publish","hentry"],"_links":{"self":[{"href":"https:\/\/www.origenysabor.com\/fi\/wp-json\/wp\/v2\/pages\/135","targetHints":{"allow":["GET"]}}],"collection":[{"href":"https:\/\/www.origenysabor.com\/fi\/wp-json\/wp\/v2\/pages"}],"about":[{"href":"https:\/\/www.origenysabor.com\/fi\/wp-json\/wp\/v2\/types\/page"}],"author":[{"embeddable":true,"href":"https:\/\/www.origenysabor.com\/fi\/wp-json\/wp\/v2\/users\/1"}],"replies":[{"embeddable":true,"href":"https:\/\/www.origenysabor.com\/fi\/wp-json\/wp\/v2\/comments?post=135"}],"version-history":[{"count":5,"href":"https:\/\/www.origenysabor.com\/fi\/wp-json\/wp\/v2\/pages\/135\/revisions"}],"predecessor-version":[{"id":1371,"href":"https:\/\/www.origenysabor.com\/fi\/wp-json\/wp\/v2\/pages\/135\/revisions\/1371"}],"wp:attachment":[{"href":"https:\/\/www.origenysabor.com\/fi\/wp-json\/wp\/v2\/media?parent=135"}],"curies":[{"name":"wp","href":"https:\/\/api.w.org\/{rel}","templated":true}]}}