{"id":137,"date":"2024-08-23T15:35:09","date_gmt":"2024-08-23T13:35:09","guid":{"rendered":"https:\/\/ecommplantilla.orbidi.es\/?page_id=137"},"modified":"2024-10-28T16:33:19","modified_gmt":"2024-10-28T15:33:19","slug":"politicas-de-envios-y-devoluciones","status":"publish","type":"page","link":"https:\/\/www.origenysabor.com\/fi\/toimitus-ja-palautusehdot\/","title":{"rendered":"Toimitus- ja palautusehdot"},"content":{"rendered":"<p>Kiitos, ett\u00e4 harkitset tuotteitamme tarpeidesi mukaisesti. Alla kerromme yksityiskohtaisesti toimitus- ja palautusk\u00e4yt\u00e4nn\u00f6ist\u00e4mme Espanjassa. Ne ovat yleisi\u00e4 ja soveltuvat monenlaisiin tuotteisiin, mukaan lukien vaatteet, tekniikka ja paljon muuta. Huomaa, ett\u00e4 joillakin tuoteluokilla voi olla erityisi\u00e4 lis\u00e4k\u00e4yt\u00e4nt\u00f6j\u00e4, joten suosittelemme tutustumaan kunkin tuotteen yksityiskohtaisiin tietoihin.<\/p>\n\n\n\n<p><strong>L\u00e4hetykset:<\/strong><\/p>\n\n\n\n<p><strong>1. Tilausvahvistus:<\/strong><\/p>\n\n\n\n<ul class=\"wp-block-list\">\n<li>Tilauksen tekemisen j\u00e4lkeen saat s\u00e4hk\u00f6postiisi vahvistuksen, jossa on ostotiedot, mukaan lukien tuotteen kuvaus, m\u00e4\u00e4r\u00e4 ja toimitusosoite.<\/li>\n\n\n\n<li>Fyysiset tuotteet toimitetaan ostoprosessin aikana annettuun osoitteeseen, kun taas digitaaliset tuotteet voivat olla v\u00e4litt\u00f6m\u00e4sti ladattavissa tai l\u00e4hetet\u00e4\u00e4n s\u00e4hk\u00f6postitse.<\/li>\n<\/ul>\n\n\n\n<p><\/p>\n\n\n\n<p><strong>2. L\u00e4hetysaika:<\/strong><\/p>\n\n\n\n<ul class=\"wp-block-list\">\n<li>Toimitusaika voi vaihdella tuotteen sijainnin ja saatavuuden mukaan. Annamme sinulle arvioidun toimitusajan ostoprosessin aikana.<\/li>\n\n\n\n<li>Digitaalisten tuotteiden osalta toimitus tapahtuu v\u00e4litt\u00f6m\u00e4sti tai tilausvahvistuksessa ohjeen mukaisesti.<\/li>\n<\/ul>\n\n\n\n<p><\/p>\n\n\n\n<p><strong>3. Toimituskulut:<\/strong><\/p>\n\n\n\n<ul class=\"wp-block-list\">\n<li>Toimituskulut voivat vaihdella valitun toimitustavan ja toimituspaikan mukaan. Ilmoitamme sinulle sovellettavista toimituskuluista ostoprosessin aikana.<\/li>\n<\/ul>\n\n\n\n<p><\/p>\n\n\n\n<p><strong>Palautukset:<\/strong><\/p>\n\n\n\n<p><strong>1. Palautusk\u00e4yt\u00e4nt\u00f6:&nbsp;<\/strong><\/p>\n\n\n\n<ul class=\"wp-block-list\">\n<li>Hyv\u00e4ksymme tuotteiden palautukset 14 p\u00e4iv\u00e4n kuluessa niiden vastaanottamisesta palautusk\u00e4yt\u00e4nt\u00f6jemme mukaisesti.<\/li>\n\n\n\n<li>Tuotteet on palautettava alkuper\u00e4isess\u00e4 kunnossaan, k\u00e4ytt\u00e4m\u00e4tt\u00f6min\u00e4 ja alkuper\u00e4iset etiketit ja pakkaukset ehj\u00e4t, jotta ne voidaan palauttaa tai vaihtaa. <strong>ne on palautettava alkuper\u00e4isess\u00e4 kunnossaan, k\u00e4ytt\u00e4m\u00e4tt\u00f6min\u00e4 ja siten, ett\u00e4 kaikki alkuper\u00e4iset etiketit ja pakkaukset ovat ehji\u00e4.<\/strong> olla oikeutettu hyvitykseen tai vaihtoon.<\/li>\n<\/ul>\n\n\n\n<p><\/p>\n\n\n\n<p><strong>2.<\/strong> <strong>Palautusprosessi:&nbsp;<\/strong><\/p>\n\n\n\n<ul class=\"wp-block-list\">\n<li>Aloita palautusprosessi ottamalla meihin yhteytt\u00e4 alla mainittujen kanavien kautta. Annamme sinulle yksityiskohtaiset ohjeet palautuksen edetess\u00e4.<\/li>\n\n\n\n<li>Vastaanotettuamme palautetun tuotteen suoritamme tarkastuksen varmistaaksemme sen kunnon ja jatkamme hyvityst\u00e4 tai vaihtoa tarpeen mukaan ja k\u00e4yt\u00e4nt\u00f6jemme mukaisesti.<\/li>\n<\/ul>\n\n\n\n<p><\/p>\n\n\n\n<p><strong>Puhelut ja s\u00e4hk\u00f6postit:<\/strong><\/p>\n\n\n\n<p>Jos tarvitset lis\u00e4apua tai erityisi\u00e4 tiedusteluja tuotteiden toimituksista ja palautuksista, ota meihin yhteytt\u00e4:<\/p>\n\n\n\n<p><strong>Puhelut:<\/strong><\/p>\n\n\n\n<p>Puhelin: <a href=\"tel: 34604985084\" data-type=\"tel\" data-id=\"tel:+34604985084\">+34 604 985 084<\/a><\/p>\n\n\n\n<p><strong>S\u00e4hk\u00f6postiosoite:<\/strong><\/p>\n\n\n\n<p>Asiakaspalvelun s\u00e4hk\u00f6posti: <a href=\"mailto:info@origenysabor.com\" target=\"_blank\" rel=\"noreferrer noopener\">info@origenysabor.com<\/a><\/p>\n\n\n\n<p>Asiakaspalvelumme on t\u00e4\u00e4ll\u00e4 auttamassa sinua milloin tahansa. Kiitos, ett\u00e4 valitsit tuotteemme!<\/p>","protected":false},"excerpt":{"rendered":"<p>Gracias por considerar nuestros productos para tus necesidades. A continuaci\u00f3n, detallamos nuestras pol\u00edticas de env\u00edos y devoluciones en Espa\u00f1a, estas son generales y aplicables a una amplia gama de productos, que incluyen ropa, tecnolog\u00eda y m\u00e1s. Por favor, ten en cuenta que algunas categor\u00edas de productos pueden tener pol\u00edticas espec\u00edficas adicionales, por lo que te [&hellip;]<\/p>","protected":false},"author":1,"featured_media":0,"parent":0,"menu_order":0,"comment_status":"closed","ping_status":"closed","template":"","meta":{"footnotes":""},"class_list":["post-137","page","type-page","status-publish","hentry"],"_links":{"self":[{"href":"https:\/\/www.origenysabor.com\/fi\/wp-json\/wp\/v2\/pages\/137","targetHints":{"allow":["GET"]}}],"collection":[{"href":"https:\/\/www.origenysabor.com\/fi\/wp-json\/wp\/v2\/pages"}],"about":[{"href":"https:\/\/www.origenysabor.com\/fi\/wp-json\/wp\/v2\/types\/page"}],"author":[{"embeddable":true,"href":"https:\/\/www.origenysabor.com\/fi\/wp-json\/wp\/v2\/users\/1"}],"replies":[{"embeddable":true,"href":"https:\/\/www.origenysabor.com\/fi\/wp-json\/wp\/v2\/comments?post=137"}],"version-history":[{"count":11,"href":"https:\/\/www.origenysabor.com\/fi\/wp-json\/wp\/v2\/pages\/137\/revisions"}],"predecessor-version":[{"id":1384,"href":"https:\/\/www.origenysabor.com\/fi\/wp-json\/wp\/v2\/pages\/137\/revisions\/1384"}],"wp:attachment":[{"href":"https:\/\/www.origenysabor.com\/fi\/wp-json\/wp\/v2\/media?parent=137"}],"curies":[{"name":"wp","href":"https:\/\/api.w.org\/{rel}","templated":true}]}}