{"id":625,"date":"2024-09-16T21:08:31","date_gmt":"2024-09-16T19:08:31","guid":{"rendered":"https:\/\/origenysabor.com\/?page_id=625"},"modified":"2024-10-09T00:25:31","modified_gmt":"2024-10-08T22:25:31","slug":"productos","status":"publish","type":"page","link":"https:\/\/www.origenysabor.com\/fi\/tuotteet\/","title":{"rendered":"Tuotteet"},"content":{"rendered":"<div data-elementor-type=\"wp-page\" data-elementor-id=\"625\" class=\"elementor elementor-625\" data-elementor-post-type=\"page\">\n\t\t\t\t<div class=\"elementor-element elementor-element-56a53e1 e-con-full e-flex e-con e-parent\" data-id=\"56a53e1\" data-element_type=\"container\" data-e-type=\"container\" data-settings=\"{&quot;background_background&quot;:&quot;classic&quot;}\">\n\t\t<div class=\"elementor-element elementor-element-e1ab278 e-flex e-con-boxed e-con e-child\" data-id=\"e1ab278\" data-element_type=\"container\" data-e-type=\"container\">\n\t\t\t\t\t<div class=\"e-con-inner\">\n\t\t\t\t<div class=\"elementor-element elementor-element-aa17803 elementor-widget elementor-widget-heading\" data-id=\"aa17803\" data-element_type=\"widget\" data-e-type=\"widget\" data-widget_type=\"heading.default\">\n\t\t\t\t<div class=\"elementor-widget-container\">\n\t\t\t\t\t<h1 class=\"elementor-heading-title elementor-size-default\">Paras valikoima tuoreita tuotteita<\/h1>\t\t\t\t<\/div>\n\t\t\t\t<\/div>\n\t\t\t\t<div class=\"elementor-element elementor-element-aead91c elementor-widget elementor-widget-heading\" data-id=\"aead91c\" data-element_type=\"widget\" data-e-type=\"widget\" data-widget_type=\"heading.default\">\n\t\t\t\t<div class=\"elementor-widget-container\">\n\t\t\t\t\t<span class=\"elementor-heading-title elementor-size-default\">Monipuolinen menu kaikille<\/span>\t\t\t\t<\/div>\n\t\t\t\t<\/div>\n\t\t\t\t\t<\/div>\n\t\t\t\t<\/div>\n\t\t\t\t<\/div>\n\t\t<div class=\"elementor-element elementor-element-caa3c94 e-flex e-con-boxed e-con e-parent\" data-id=\"caa3c94\" data-element_type=\"container\" data-e-type=\"container\" data-settings=\"{&quot;background_background&quot;:&quot;classic&quot;}\">\n\t\t\t\t\t<div class=\"e-con-inner\">\n\t\t\t\t<div class=\"elementor-element elementor-element-784e752 elementor-widget elementor-widget-heading\" data-id=\"784e752\" data-element_type=\"widget\" data-e-type=\"widget\" data-widget_type=\"heading.default\">\n\t\t\t\t<div class=\"elementor-widget-container\">\n\t\t\t\t\t<h2 class=\"elementor-heading-title elementor-size-default\">Valitse kategoriasi<\/h2>\t\t\t\t<\/div>\n\t\t\t\t<\/div>\n\t\t<div class=\"elementor-element elementor-element-25f35f2 e-con-full e-flex e-con e-child\" data-id=\"25f35f2\" data-element_type=\"container\" data-e-type=\"container\">\n\t\t<div class=\"elementor-element elementor-element-98b8918 e-con-full e-flex e-con e-child\" data-id=\"98b8918\" data-element_type=\"container\" data-e-type=\"container\" data-settings=\"{&quot;background_background&quot;:&quot;classic&quot;}\">\n\t\t\t\t<div class=\"elementor-element elementor-element-f3df249 elementor-widget elementor-widget-image\" data-id=\"f3df249\" data-element_type=\"widget\" data-e-type=\"widget\" data-widget_type=\"image.default\">\n\t\t\t\t<div class=\"elementor-widget-container\">\n\t\t\t\t\t\t\t\t\t\t\t\t\t\t\t<img fetchpriority=\"high\" decoding=\"async\" width=\"642\" height=\"425\" src=\"https:\/\/www.origenysabor.com\/wp-content\/uploads\/2024\/09\/Rectangle-12-15.jpg\" class=\"attachment-full size-full wp-image-612\" alt=\"suorakulmaviinej\u00e4\" srcset=\"https:\/\/www.origenysabor.com\/wp-content\/uploads\/2024\/09\/Rectangle-12-15.jpg 642w, https:\/\/www.origenysabor.com\/wp-content\/smush-webp\/2024\/09\/Rectangle-12-15-300x199.jpg.webp 300w, https:\/\/www.origenysabor.com\/wp-content\/smush-webp\/2024\/09\/Rectangle-12-15-600x397.jpg.webp 600w\" sizes=\"(max-width: 642px) 100vw, 642px\" data-smush-webp-fallback=\"{&quot;srcset&quot;:&quot;https:\\\/\\\/www.origenysabor.com\\\/wp-content\\\/uploads\\\/2024\\\/09\\\/Rectangle-12-15.jpg 642w, https:\\\/\\\/www.origenysabor.com\\\/wp-content\\\/uploads\\\/2024\\\/09\\\/Rectangle-12-15-300x199.jpg 300w, https:\\\/\\\/www.origenysabor.com\\\/wp-content\\\/uploads\\\/2024\\\/09\\\/Rectangle-12-15-600x397.jpg 600w&quot;}\" \/>\t\t\t\t\t\t\t\t\t\t\t\t\t\t\t<\/div>\n\t\t\t\t<\/div>\n\t\t<div class=\"elementor-element elementor-element-6df3224 e-con-full e-flex e-con e-child\" data-id=\"6df3224\" data-element_type=\"container\" data-e-type=\"container\">\n\t\t\t\t<div class=\"elementor-element elementor-element-9a7223e elementor-widget elementor-widget-heading\" data-id=\"9a7223e\" data-element_type=\"widget\" data-e-type=\"widget\" data-widget_type=\"heading.default\">\n\t\t\t\t<div class=\"elementor-widget-container\">\n\t\t\t\t\t<h2 class=\"elementor-heading-title elementor-size-default\">Viinit ja sangria<\/h2>\t\t\t\t<\/div>\n\t\t\t\t<\/div>\n\t\t\t\t<div class=\"elementor-element elementor-element-7501d84 elementor-mobile-align-center elementor-align-center elementor-widget elementor-widget-button\" data-id=\"7501d84\" data-element_type=\"widget\" data-e-type=\"widget\" data-widget_type=\"button.default\">\n\t\t\t\t<div class=\"elementor-widget-container\">\n\t\t\t\t\t\t\t\t\t<div class=\"elementor-button-wrapper\">\n\t\t\t\t\t<a class=\"elementor-button elementor-button-link elementor-size-sm\" href=\"https:\/\/www.origenysabor.com\/fi\/tuote-osasto\/viinit\/\">\n\t\t\t\t\t\t<span class=\"elementor-button-content-wrapper\">\n\t\t\t\t\t\t\t\t\t<span class=\"elementor-button-text\">Katso tuotteet<\/span>\n\t\t\t\t\t<\/span>\n\t\t\t\t\t<\/a>\n\t\t\t\t<\/div>\n\t\t\t\t\t\t\t\t<\/div>\n\t\t\t\t<\/div>\n\t\t\t\t<\/div>\n\t\t\t\t<\/div>\n\t\t<div class=\"elementor-element elementor-element-84aa5d1 e-con-full e-flex e-con e-child\" data-id=\"84aa5d1\" data-element_type=\"container\" data-e-type=\"container\" data-settings=\"{&quot;background_background&quot;:&quot;classic&quot;}\">\n\t\t\t\t<div class=\"elementor-element elementor-element-df8e219 elementor-widget elementor-widget-image\" data-id=\"df8e219\" data-element_type=\"widget\" data-e-type=\"widget\" data-widget_type=\"image.default\">\n\t\t\t\t<div class=\"elementor-widget-container\">\n\t\t\t\t\t\t\t\t\t\t\t\t\t\t\t<img decoding=\"async\" width=\"643\" height=\"425\" src=\"https:\/\/www.origenysabor.com\/wp-content\/uploads\/2024\/09\/Rectangle-12-13.jpg\" class=\"attachment-large size-large wp-image-610\" alt=\"kinkkua ja tomaattia\" srcset=\"https:\/\/www.origenysabor.com\/wp-content\/uploads\/2024\/09\/Rectangle-12-13.jpg 643w, https:\/\/www.origenysabor.com\/wp-content\/smush-webp\/2024\/09\/Rectangle-12-13-300x198.jpg.webp 300w, https:\/\/www.origenysabor.com\/wp-content\/smush-webp\/2024\/09\/Rectangle-12-13-600x397.jpg.webp 600w\" sizes=\"(max-width: 643px) 100vw, 643px\" loading=\"lazy\" data-smush-webp-fallback=\"{&quot;srcset&quot;:&quot;https:\\\/\\\/www.origenysabor.com\\\/wp-content\\\/uploads\\\/2024\\\/09\\\/Rectangle-12-13.jpg 643w, https:\\\/\\\/www.origenysabor.com\\\/wp-content\\\/uploads\\\/2024\\\/09\\\/Rectangle-12-13-300x198.jpg 300w, https:\\\/\\\/www.origenysabor.com\\\/wp-content\\\/uploads\\\/2024\\\/09\\\/Rectangle-12-13-600x397.jpg 600w&quot;}\" \/>\t\t\t\t\t\t\t\t\t\t\t\t\t\t\t<\/div>\n\t\t\t\t<\/div>\n\t\t<div class=\"elementor-element elementor-element-ff3dca8 e-con-full e-flex e-con e-child\" data-id=\"ff3dca8\" data-element_type=\"container\" data-e-type=\"container\">\n\t\t\t\t<div class=\"elementor-element elementor-element-9d02d38 elementor-widget elementor-widget-heading\" data-id=\"9d02d38\" data-element_type=\"widget\" data-e-type=\"widget\" data-widget_type=\"heading.default\">\n\t\t\t\t<div class=\"elementor-widget-container\">\n\t\t\t\t\t<h2 class=\"elementor-heading-title elementor-size-default\">Iberian makkarat<\/h2>\t\t\t\t<\/div>\n\t\t\t\t<\/div>\n\t\t\t\t<div class=\"elementor-element elementor-element-e678640 elementor-mobile-align-center elementor-align-center elementor-widget elementor-widget-button\" data-id=\"e678640\" data-element_type=\"widget\" data-e-type=\"widget\" data-widget_type=\"button.default\">\n\t\t\t\t<div class=\"elementor-widget-container\">\n\t\t\t\t\t\t\t\t\t<div class=\"elementor-button-wrapper\">\n\t\t\t\t\t<a class=\"elementor-button elementor-button-link elementor-size-sm\" href=\"https:\/\/www.origenysabor.com\/fi\/tuote-osasto\/iberianmakkarat\/\">\n\t\t\t\t\t\t<span class=\"elementor-button-content-wrapper\">\n\t\t\t\t\t\t\t\t\t<span class=\"elementor-button-text\">Katso tuotteet<\/span>\n\t\t\t\t\t<\/span>\n\t\t\t\t\t<\/a>\n\t\t\t\t<\/div>\n\t\t\t\t\t\t\t\t<\/div>\n\t\t\t\t<\/div>\n\t\t\t\t<\/div>\n\t\t\t\t<\/div>\n\t\t\t\t<\/div>\n\t\t<div class=\"elementor-element elementor-element-ed57d00 e-con-full e-flex e-con e-child\" data-id=\"ed57d00\" data-element_type=\"container\" data-e-type=\"container\">\n\t\t<div class=\"elementor-element elementor-element-b9177a4 e-con-full e-flex e-con e-child\" data-id=\"b9177a4\" data-element_type=\"container\" data-e-type=\"container\" data-settings=\"{&quot;background_background&quot;:&quot;classic&quot;}\">\n\t\t\t\t<div class=\"elementor-element elementor-element-f7aaaf4 elementor-widget elementor-widget-image\" data-id=\"f7aaaf4\" data-element_type=\"widget\" data-e-type=\"widget\" data-widget_type=\"image.default\">\n\t\t\t\t<div class=\"elementor-widget-container\">\n\t\t\t\t\t\t\t\t\t\t\t\t\t\t\t<img decoding=\"async\" width=\"1000\" height=\"667\" src=\"https:\/\/www.origenysabor.com\/wp-content\/uploads\/2024\/10\/shutterstock_2323162613.jpg\" class=\"attachment-full size-full wp-image-1225\" alt=\"Erilaisia,avattuja,t\u00f6lkkej\u00e4,joissa,on,erilaisia,kalas\u00e4ilykkeit\u00e4.\" srcset=\"https:\/\/www.origenysabor.com\/wp-content\/uploads\/2024\/10\/shutterstock_2323162613.jpg 1000w, https:\/\/www.origenysabor.com\/wp-content\/smush-webp\/2024\/10\/shutterstock_2323162613-300x200.jpg.webp 300w, https:\/\/www.origenysabor.com\/wp-content\/smush-webp\/2024\/10\/shutterstock_2323162613-768x512.jpg.webp 768w, https:\/\/www.origenysabor.com\/wp-content\/smush-webp\/2024\/10\/shutterstock_2323162613-600x400.jpg.webp 600w\" sizes=\"(max-width: 1000px) 100vw, 1000px\" loading=\"lazy\" data-smush-webp-fallback=\"{&quot;srcset&quot;:&quot;https:\\\/\\\/www.origenysabor.com\\\/wp-content\\\/uploads\\\/2024\\\/10\\\/shutterstock_2323162613.jpg 1000w, https:\\\/\\\/www.origenysabor.com\\\/wp-content\\\/uploads\\\/2024\\\/10\\\/shutterstock_2323162613-300x200.jpg 300w, https:\\\/\\\/www.origenysabor.com\\\/wp-content\\\/uploads\\\/2024\\\/10\\\/shutterstock_2323162613-768x512.jpg 768w, https:\\\/\\\/www.origenysabor.com\\\/wp-content\\\/uploads\\\/2024\\\/10\\\/shutterstock_2323162613-600x400.jpg 600w&quot;}\" \/>\t\t\t\t\t\t\t\t\t\t\t\t\t\t\t<\/div>\n\t\t\t\t<\/div>\n\t\t<div class=\"elementor-element elementor-element-4e4a00b e-con-full e-flex e-con e-child\" data-id=\"4e4a00b\" data-element_type=\"container\" data-e-type=\"container\" data-settings=\"{&quot;background_background&quot;:&quot;classic&quot;}\">\n\t\t\t\t<div class=\"elementor-element elementor-element-da0b172 elementor-widget elementor-widget-heading\" data-id=\"da0b172\" data-element_type=\"widget\" data-e-type=\"widget\" data-widget_type=\"heading.default\">\n\t\t\t\t<div class=\"elementor-widget-container\">\n\t\t\t\t\t<h2 class=\"elementor-heading-title elementor-size-default\">Anjovis ja kalas\u00e4ilykkeet<\/h2>\t\t\t\t<\/div>\n\t\t\t\t<\/div>\n\t\t\t\t<div class=\"elementor-element elementor-element-425b96d elementor-mobile-align-center elementor-align-center elementor-widget elementor-widget-button\" data-id=\"425b96d\" data-element_type=\"widget\" data-e-type=\"widget\" data-widget_type=\"button.default\">\n\t\t\t\t<div class=\"elementor-widget-container\">\n\t\t\t\t\t\t\t\t\t<div class=\"elementor-button-wrapper\">\n\t\t\t\t\t<a class=\"elementor-button elementor-button-link elementor-size-sm\" href=\"https:\/\/www.origenysabor.com\/fi\/tuote-osasto\/sardellit-ja-ayriaissailykkeet\/\">\n\t\t\t\t\t\t<span class=\"elementor-button-content-wrapper\">\n\t\t\t\t\t\t\t\t\t<span class=\"elementor-button-text\">Katso tuotteet<\/span>\n\t\t\t\t\t<\/span>\n\t\t\t\t\t<\/a>\n\t\t\t\t<\/div>\n\t\t\t\t\t\t\t\t<\/div>\n\t\t\t\t<\/div>\n\t\t\t\t<\/div>\n\t\t\t\t<\/div>\n\t\t<div class=\"elementor-element elementor-element-ce9baa6 e-con-full e-flex e-con e-child\" data-id=\"ce9baa6\" data-element_type=\"container\" data-e-type=\"container\" data-settings=\"{&quot;background_background&quot;:&quot;classic&quot;}\">\n\t\t\t\t<div class=\"elementor-element elementor-element-538c117 elementor-widget elementor-widget-image\" data-id=\"538c117\" data-element_type=\"widget\" data-e-type=\"widget\" data-widget_type=\"image.default\">\n\t\t\t\t<div class=\"elementor-widget-container\">\n\t\t\t\t\t\t\t\t\t\t\t\t\t\t\t<img loading=\"lazy\" decoding=\"async\" width=\"739\" height=\"741\" src=\"https:\/\/www.origenysabor.com\/wp-content\/uploads\/2024\/10\/Rectangle-11-6.jpg\" class=\"attachment-full size-full wp-image-1023\" alt=\"riisi suorakulmio\" srcset=\"https:\/\/www.origenysabor.com\/wp-content\/uploads\/2024\/10\/Rectangle-11-6.jpg 739w, https:\/\/www.origenysabor.com\/wp-content\/smush-webp\/2024\/10\/Rectangle-11-6-300x300.jpg.webp 300w, https:\/\/www.origenysabor.com\/wp-content\/smush-webp\/2024\/10\/Rectangle-11-6-150x150.jpg.webp 150w, https:\/\/www.origenysabor.com\/wp-content\/smush-webp\/2024\/10\/Rectangle-11-6-600x602.jpg.webp 600w, https:\/\/www.origenysabor.com\/wp-content\/smush-webp\/2024\/10\/Rectangle-11-6-100x100.jpg.webp 100w\" sizes=\"(max-width: 739px) 100vw, 739px\" data-smush-webp-fallback=\"{&quot;srcset&quot;:&quot;https:\\\/\\\/www.origenysabor.com\\\/wp-content\\\/uploads\\\/2024\\\/10\\\/Rectangle-11-6.jpg 739w, https:\\\/\\\/www.origenysabor.com\\\/wp-content\\\/uploads\\\/2024\\\/10\\\/Rectangle-11-6-300x300.jpg 300w, https:\\\/\\\/www.origenysabor.com\\\/wp-content\\\/uploads\\\/2024\\\/10\\\/Rectangle-11-6-150x150.jpg 150w, https:\\\/\\\/www.origenysabor.com\\\/wp-content\\\/uploads\\\/2024\\\/10\\\/Rectangle-11-6-600x602.jpg 600w, https:\\\/\\\/www.origenysabor.com\\\/wp-content\\\/uploads\\\/2024\\\/10\\\/Rectangle-11-6-100x100.jpg 100w&quot;}\" \/>\t\t\t\t\t\t\t\t\t\t\t\t\t\t\t<\/div>\n\t\t\t\t<\/div>\n\t\t<div class=\"elementor-element elementor-element-641bfb6 e-con-full e-flex e-con e-child\" data-id=\"641bfb6\" data-element_type=\"container\" data-e-type=\"container\" data-settings=\"{&quot;background_background&quot;:&quot;classic&quot;}\">\n\t\t\t\t<div class=\"elementor-element elementor-element-df9d988 elementor-widget elementor-widget-heading\" data-id=\"df9d988\" data-element_type=\"widget\" data-e-type=\"widget\" data-widget_type=\"heading.default\">\n\t\t\t\t<div class=\"elementor-widget-container\">\n\t\t\t\t\t<h2 class=\"elementor-heading-title elementor-size-default\">Kasviksia ja paellaa<\/h2>\t\t\t\t<\/div>\n\t\t\t\t<\/div>\n\t\t\t\t<div class=\"elementor-element elementor-element-4a3f94d elementor-mobile-align-center elementor-align-center elementor-widget elementor-widget-button\" data-id=\"4a3f94d\" data-element_type=\"widget\" data-e-type=\"widget\" data-widget_type=\"button.default\">\n\t\t\t\t<div class=\"elementor-widget-container\">\n\t\t\t\t\t\t\t\t\t<div class=\"elementor-button-wrapper\">\n\t\t\t\t\t<a class=\"elementor-button elementor-button-link elementor-size-sm\" href=\"https:\/\/www.origenysabor.com\/fi\/tuote-osasto\/paellat-ja-palkokasvit\/\">\n\t\t\t\t\t\t<span class=\"elementor-button-content-wrapper\">\n\t\t\t\t\t\t\t\t\t<span class=\"elementor-button-text\">Katso tuotteet<\/span>\n\t\t\t\t\t<\/span>\n\t\t\t\t\t<\/a>\n\t\t\t\t<\/div>\n\t\t\t\t\t\t\t\t<\/div>\n\t\t\t\t<\/div>\n\t\t\t\t<\/div>\n\t\t\t\t<\/div>\n\t\t\t\t<\/div>\n\t\t<div class=\"elementor-element elementor-element-566005e e-con-full e-flex e-con e-child\" data-id=\"566005e\" data-element_type=\"container\" data-e-type=\"container\">\n\t\t<div class=\"elementor-element elementor-element-1069cc7 e-con-full e-flex e-con e-child\" data-id=\"1069cc7\" data-element_type=\"container\" data-e-type=\"container\" data-settings=\"{&quot;background_background&quot;:&quot;classic&quot;}\">\n\t\t\t\t<div class=\"elementor-element elementor-element-ea92db5 elementor-widget elementor-widget-image\" data-id=\"ea92db5\" data-element_type=\"widget\" data-e-type=\"widget\" data-widget_type=\"image.default\">\n\t\t\t\t<div class=\"elementor-widget-container\">\n\t\t\t\t\t\t\t\t\t\t\t\t\t\t\t<img loading=\"lazy\" decoding=\"async\" width=\"600\" height=\"600\" src=\"https:\/\/www.origenysabor.com\/wp-content\/uploads\/2024\/09\/Rectangle-12-4.jpg\" class=\"attachment-full size-full wp-image-601\" alt=\"s\u00e4ilykkeet\" srcset=\"https:\/\/www.origenysabor.com\/wp-content\/uploads\/2024\/09\/Rectangle-12-4.jpg 600w, https:\/\/www.origenysabor.com\/wp-content\/smush-webp\/2024\/09\/Rectangle-12-4-300x300.jpg.webp 300w, https:\/\/www.origenysabor.com\/wp-content\/smush-webp\/2024\/09\/Rectangle-12-4-150x150.jpg.webp 150w, https:\/\/www.origenysabor.com\/wp-content\/smush-webp\/2024\/09\/Rectangle-12-4-100x100.jpg.webp 100w\" sizes=\"(max-width: 600px) 100vw, 600px\" data-smush-webp-fallback=\"{&quot;srcset&quot;:&quot;https:\\\/\\\/www.origenysabor.com\\\/wp-content\\\/uploads\\\/2024\\\/09\\\/Rectangle-12-4.jpg 600w, https:\\\/\\\/www.origenysabor.com\\\/wp-content\\\/uploads\\\/2024\\\/09\\\/Rectangle-12-4-300x300.jpg 300w, https:\\\/\\\/www.origenysabor.com\\\/wp-content\\\/uploads\\\/2024\\\/09\\\/Rectangle-12-4-150x150.jpg 150w, https:\\\/\\\/www.origenysabor.com\\\/wp-content\\\/uploads\\\/2024\\\/09\\\/Rectangle-12-4-100x100.jpg 100w&quot;}\" \/>\t\t\t\t\t\t\t\t\t\t\t\t\t\t\t<\/div>\n\t\t\t\t<\/div>\n\t\t<div class=\"elementor-element elementor-element-e3252c3 e-con-full e-flex e-con e-child\" data-id=\"e3252c3\" data-element_type=\"container\" data-e-type=\"container\" data-settings=\"{&quot;background_background&quot;:&quot;classic&quot;}\">\n\t\t\t\t<div class=\"elementor-element elementor-element-f6bf03f elementor-widget elementor-widget-heading\" data-id=\"f6bf03f\" data-element_type=\"widget\" data-e-type=\"widget\" data-widget_type=\"heading.default\">\n\t\t\t\t<div class=\"elementor-widget-container\">\n\t\t\t\t\t<h2 class=\"elementor-heading-title elementor-size-default\">S\u00e4ilykkeet<\/h2>\t\t\t\t<\/div>\n\t\t\t\t<\/div>\n\t\t\t\t<div class=\"elementor-element elementor-element-0150bc2 elementor-mobile-align-center elementor-align-center elementor-widget elementor-widget-button\" data-id=\"0150bc2\" data-element_type=\"widget\" data-e-type=\"widget\" data-widget_type=\"button.default\">\n\t\t\t\t<div class=\"elementor-widget-container\">\n\t\t\t\t\t\t\t\t\t<div class=\"elementor-button-wrapper\">\n\t\t\t\t\t<a class=\"elementor-button elementor-button-link elementor-size-sm\" href=\"https:\/\/www.origenysabor.com\/fi\/tuote-osasto\/sailykkeet\/\">\n\t\t\t\t\t\t<span class=\"elementor-button-content-wrapper\">\n\t\t\t\t\t\t\t\t\t<span class=\"elementor-button-text\">Katso tuotteet<\/span>\n\t\t\t\t\t<\/span>\n\t\t\t\t\t<\/a>\n\t\t\t\t<\/div>\n\t\t\t\t\t\t\t\t<\/div>\n\t\t\t\t<\/div>\n\t\t\t\t<\/div>\n\t\t\t\t<\/div>\n\t\t<div class=\"elementor-element elementor-element-f1b7af7 e-con-full e-flex e-con e-child\" data-id=\"f1b7af7\" data-element_type=\"container\" data-e-type=\"container\" data-settings=\"{&quot;background_background&quot;:&quot;classic&quot;}\">\n\t\t\t\t<div class=\"elementor-element elementor-element-41fff87 elementor-widget elementor-widget-image\" data-id=\"41fff87\" data-element_type=\"widget\" data-e-type=\"widget\" data-widget_type=\"image.default\">\n\t\t\t\t<div class=\"elementor-widget-container\">\n\t\t\t\t\t\t\t\t\t\t\t\t\t\t\t<img loading=\"lazy\" decoding=\"async\" width=\"800\" height=\"802\" src=\"https:\/\/www.origenysabor.com\/wp-content\/uploads\/2024\/10\/Rectangle-11-5.jpg\" class=\"attachment-large size-large wp-image-1024\" alt=\"suorakulmaiset juustot\" srcset=\"https:\/\/www.origenysabor.com\/wp-content\/uploads\/2024\/10\/Rectangle-11-5.jpg 1017w, https:\/\/www.origenysabor.com\/wp-content\/smush-webp\/2024\/10\/Rectangle-11-5-300x300.jpg.webp 300w, https:\/\/www.origenysabor.com\/wp-content\/smush-webp\/2024\/10\/Rectangle-11-5-150x150.jpg.webp 150w, https:\/\/www.origenysabor.com\/wp-content\/smush-webp\/2024\/10\/Rectangle-11-5-768x770.jpg.webp 768w, https:\/\/www.origenysabor.com\/wp-content\/smush-webp\/2024\/10\/Rectangle-11-5-600x602.jpg.webp 600w, https:\/\/www.origenysabor.com\/wp-content\/smush-webp\/2024\/10\/Rectangle-11-5-100x100.jpg.webp 100w\" sizes=\"(max-width: 800px) 100vw, 800px\" data-smush-webp-fallback=\"{&quot;srcset&quot;:&quot;https:\\\/\\\/www.origenysabor.com\\\/wp-content\\\/uploads\\\/2024\\\/10\\\/Rectangle-11-5.jpg 1017w, https:\\\/\\\/www.origenysabor.com\\\/wp-content\\\/uploads\\\/2024\\\/10\\\/Rectangle-11-5-300x300.jpg 300w, https:\\\/\\\/www.origenysabor.com\\\/wp-content\\\/uploads\\\/2024\\\/10\\\/Rectangle-11-5-150x150.jpg 150w, https:\\\/\\\/www.origenysabor.com\\\/wp-content\\\/uploads\\\/2024\\\/10\\\/Rectangle-11-5-768x770.jpg 768w, https:\\\/\\\/www.origenysabor.com\\\/wp-content\\\/uploads\\\/2024\\\/10\\\/Rectangle-11-5-600x602.jpg 600w, https:\\\/\\\/www.origenysabor.com\\\/wp-content\\\/uploads\\\/2024\\\/10\\\/Rectangle-11-5-100x100.jpg 100w&quot;}\" \/>\t\t\t\t\t\t\t\t\t\t\t\t\t\t\t<\/div>\n\t\t\t\t<\/div>\n\t\t<div class=\"elementor-element elementor-element-0b922d7 e-con-full e-flex e-con e-child\" data-id=\"0b922d7\" data-element_type=\"container\" data-e-type=\"container\" data-settings=\"{&quot;background_background&quot;:&quot;classic&quot;}\">\n\t\t\t\t<div class=\"elementor-element elementor-element-e0e4995 elementor-widget elementor-widget-heading\" data-id=\"e0e4995\" data-element_type=\"widget\" data-e-type=\"widget\" data-widget_type=\"heading.default\">\n\t\t\t\t<div class=\"elementor-widget-container\">\n\t\t\t\t\t<h2 class=\"elementor-heading-title elementor-size-default\">Espanjalainen juusto ja muut laadukkaat tuotteet<\/h2>\t\t\t\t<\/div>\n\t\t\t\t<\/div>\n\t\t\t\t<div class=\"elementor-element elementor-element-0178b1d elementor-mobile-align-center elementor-align-center elementor-widget elementor-widget-button\" data-id=\"0178b1d\" data-element_type=\"widget\" data-e-type=\"widget\" data-widget_type=\"button.default\">\n\t\t\t\t<div class=\"elementor-widget-container\">\n\t\t\t\t\t\t\t\t\t<div class=\"elementor-button-wrapper\">\n\t\t\t\t\t<a class=\"elementor-button elementor-button-link elementor-size-sm\" href=\"https:\/\/www.origenysabor.com\/fi\/tuote-osasto\/muut-tuotteet\/\">\n\t\t\t\t\t\t<span class=\"elementor-button-content-wrapper\">\n\t\t\t\t\t\t\t\t\t<span class=\"elementor-button-text\">Katso tuotteet<\/span>\n\t\t\t\t\t<\/span>\n\t\t\t\t\t<\/a>\n\t\t\t\t<\/div>\n\t\t\t\t\t\t\t\t<\/div>\n\t\t\t\t<\/div>\n\t\t\t\t<\/div>\n\t\t\t\t<\/div>\n\t\t\t\t<\/div>\n\t\t\t\t\t<\/div>\n\t\t\t\t<\/div>\n\t\t\t\t<\/div>","protected":false},"excerpt":{"rendered":"<p>La mejor selecci\u00f3n de productos frescos Una carta diversa para todos Elige tu categor\u00eda Vinos y sangr\u00edas VER PRODUCTOS Embutidos ib\u00e9ricos VER PRODUCTOS Anchoas del cant\u00e1brico y conservas del mar VER PRODUCTOS Legumbres y paellas VER PRODUCTOS Conservas VER PRODUCTOS Otros productos VER PRODUCTOS<\/p>","protected":false},"author":1,"featured_media":0,"parent":0,"menu_order":0,"comment_status":"closed","ping_status":"closed","template":"","meta":{"footnotes":""},"class_list":["post-625","page","type-page","status-publish","hentry"],"_links":{"self":[{"href":"https:\/\/www.origenysabor.com\/fi\/wp-json\/wp\/v2\/pages\/625","targetHints":{"allow":["GET"]}}],"collection":[{"href":"https:\/\/www.origenysabor.com\/fi\/wp-json\/wp\/v2\/pages"}],"about":[{"href":"https:\/\/www.origenysabor.com\/fi\/wp-json\/wp\/v2\/types\/page"}],"author":[{"embeddable":true,"href":"https:\/\/www.origenysabor.com\/fi\/wp-json\/wp\/v2\/users\/1"}],"replies":[{"embeddable":true,"href":"https:\/\/www.origenysabor.com\/fi\/wp-json\/wp\/v2\/comments?post=625"}],"version-history":[{"count":52,"href":"https:\/\/www.origenysabor.com\/fi\/wp-json\/wp\/v2\/pages\/625\/revisions"}],"predecessor-version":[{"id":1228,"href":"https:\/\/www.origenysabor.com\/fi\/wp-json\/wp\/v2\/pages\/625\/revisions\/1228"}],"wp:attachment":[{"href":"https:\/\/www.origenysabor.com\/fi\/wp-json\/wp\/v2\/media?parent=625"}],"curies":[{"name":"wp","href":"https:\/\/api.w.org\/{rel}","templated":true}]}}