{"id":1050,"date":"2024-10-08T20:13:07","date_gmt":"2024-10-08T18:13:07","guid":{"rendered":"https:\/\/www.origenysabor.com\/producto\/vino-tinto-cune-do-rioja-pack-3-botellas-de-75-cl\/"},"modified":"2024-11-03T03:43:19","modified_gmt":"2024-11-03T02:43:19","slug":"vino-tinto-cune-do-rioja-pack-3-botellas-de-75-cl","status":"publish","type":"product","link":"https:\/\/www.origenysabor.com\/fi\/tuote\/punaviini-cune-do-rioja-pakkaus-3-pulloa-75-cl\/","title":{"rendered":"Punaviini CUNE DO Rioja Pakkaus 3 pulloa 75 cl"},"content":{"rendered":"<p>Elintarvikkeen nimi: WINE CRIANZA DENOMINACI\u00d3N DE ORIGEN RIOJA<br \/>\nAlkuper\u00e4maa: Espanja<br \/>\nOperaattorin nimi: COMPA\u00d1\u00cdA VINICOLA DEL NORTE DE ESPA\u00d1A SA<br \/>\nOperaattorin osoite: Crta de Logro\u00f1o - Laguardia Km 4,8<br \/>\nNettom\u00e4\u00e4r\u00e4: 225 senttilitraa<br \/>\nAlkoholipitoisuus: 13,5 %.<br \/>\nMakuhuomautus Granaattiv\u00e4ri ja sinert\u00e4v\u00e4t s\u00e4vyt ellipsiss\u00e4. Hyv\u00e4 aromaattinen intensiteetti, korostaen mets\u00e4n hedelmi\u00e4 ja lakritsia t\u00e4ydellisess\u00e4 tasapainossa vaniljan ja amerikkalaisen tammitynnyreist\u00e4 paahdetun vivahteen kanssa. Suussa se j\u00e4tt\u00e4\u00e4 tasapainon ja py\u00f6reyden tunteen j\u00e4tt\u00e4en makean viinin miellytt\u00e4v\u00e4n lopputuloksena.<br \/>\nGastronomia-suositeltuja ruokia Ihanteellinen kumppani V\u00e4limeren ruokavalioon.<\/p>","protected":false},"excerpt":{"rendered":"<p>Elintarvikkeen nimi: WINE CRIANZA DENOMINACI\u00d3N DE ORIGEN RIOJA<br \/>\nAlkuper\u00e4maa: Espanja<br \/>\nOperaattorin nimi: COMPA\u00d1\u00cdA VINICOLA DEL NORTE DE ESPA\u00d1A SA<br \/>\nOperaattorin osoite: Crta de Logro\u00f1o - Laguardia Km 4,8<br \/>\nNettom\u00e4\u00e4r\u00e4: 225 senttilitraa<br \/>\nAlkoholipitoisuus: 13,5 %.<br \/>\nMakuhuomautus Granaattiv\u00e4ri ja sinert\u00e4v\u00e4t s\u00e4vyt ellipsiss\u00e4. Hyv\u00e4 aromaattinen intensiteetti, korostaen mets\u00e4n hedelmi\u00e4 ja lakritsia t\u00e4ydellisess\u00e4 tasapainossa vaniljan ja amerikkalaisen tammitynnyreist\u00e4 paahdetun vivahteen kanssa. Suussa se j\u00e4tt\u00e4\u00e4 tasapainon ja py\u00f6reyden tunteen j\u00e4tt\u00e4en makean viinin miellytt\u00e4v\u00e4n lopputuloksena.<br \/>\nGastronomia-suositeltuja ruokia Ihanteellinen kumppani V\u00e4limeren ruokavalioon.<\/p>","protected":false},"featured_media":1051,"comment_status":"closed","ping_status":"closed","template":"","meta":{"wds_primary_product_brand":0,"wds_primary_product_cat":0},"product_brand":[],"product_cat":[29],"product_tag":[],"class_list":{"0":"post-1050","1":"product","2":"type-product","3":"status-publish","4":"has-post-thumbnail","6":"product_cat-vinos","8":"first","9":"instock","10":"taxable","11":"shipping-taxable","12":"purchasable","13":"product-type-simple"},"_links":{"self":[{"href":"https:\/\/www.origenysabor.com\/fi\/wp-json\/wp\/v2\/product\/1050","targetHints":{"allow":["GET"]}}],"collection":[{"href":"https:\/\/www.origenysabor.com\/fi\/wp-json\/wp\/v2\/product"}],"about":[{"href":"https:\/\/www.origenysabor.com\/fi\/wp-json\/wp\/v2\/types\/product"}],"replies":[{"embeddable":true,"href":"https:\/\/www.origenysabor.com\/fi\/wp-json\/wp\/v2\/comments?post=1050"}],"wp:featuredmedia":[{"embeddable":true,"href":"https:\/\/www.origenysabor.com\/fi\/wp-json\/wp\/v2\/media\/1051"}],"wp:attachment":[{"href":"https:\/\/www.origenysabor.com\/fi\/wp-json\/wp\/v2\/media?parent=1050"}],"wp:term":[{"taxonomy":"product_brand","embeddable":true,"href":"https:\/\/www.origenysabor.com\/fi\/wp-json\/wp\/v2\/product_brand?post=1050"},{"taxonomy":"product_cat","embeddable":true,"href":"https:\/\/www.origenysabor.com\/fi\/wp-json\/wp\/v2\/product_cat?post=1050"},{"taxonomy":"product_tag","embeddable":true,"href":"https:\/\/www.origenysabor.com\/fi\/wp-json\/wp\/v2\/product_tag?post=1050"}],"curies":[{"name":"wp","href":"https:\/\/api.w.org\/{rel}","templated":true}]}}