{"id":1052,"date":"2024-10-08T20:13:07","date_gmt":"2024-10-08T18:13:07","guid":{"rendered":"https:\/\/www.origenysabor.com\/producto\/protos-vino-tinto-crianza-do-ribera-del-duero-estuche-3-botellas-75-cl\/"},"modified":"2024-11-08T22:13:08","modified_gmt":"2024-11-08T21:13:08","slug":"protos-vino-tinto-crianza-do-ribera-del-duero-estuche-3-botellas-75-cl","status":"publish","type":"product","link":"https:\/\/www.origenysabor.com\/fi\/tuote\/protos-punaviini-crianza-do-ribera-del-duero-case-3-pulloa-75-cl\/","title":{"rendered":"PROTOS punaviini Crianza DO Ribera del Duero Case 3 pulloa 75 cl"},"content":{"rendered":"<p>Tuotteen nimi: Punaviini<br \/>\nOperaattorin nimi: Bodegas Ribera Duero de Pe\u00f1afiel S.L.<br \/>\nOperaattorin osoite: C\/ Bodegas Protos 24-28, 47300 Pe\u00f1afiel<br \/>\nElintarvikkeen alkuper\u00e4paikka: Ribera del Dueron alkuper\u00e4nimitys<br \/>\nNettom\u00e4\u00e4r\u00e4: 2250 millilitraa<br \/>\nAlkoholipitoisuus: 14,5 %.<br \/>\nMakuhuomautus: Kirsikanpunaviini Bigarreau. Suuri aromaattinen intensiteetti, kypsi\u00e4 hedelmi\u00e4, makeita mausteita ja paahdettuja vivahteita. Ymp\u00e4r\u00f6iv\u00e4 ja maukas, tasapainoinen maku, jossa on hienovaraisuutta ja miellytt\u00e4v\u00e4 kypsyys. Viimeistely muistuttaa kypsi\u00e4 hedelmi\u00e4.<br \/>\nGastronomia-suositusruoat: Punainen liha, makkarat, riistalinnut, pienriista, kevyet muhennos- ja muhennosruoat, puolisuolatut juustot.<\/p>","protected":false},"excerpt":{"rendered":"<p>Tuotteen nimi: Punaviini<br \/>\nOperaattorin nimi: Bodegas Ribera Duero de Pe\u00f1afiel S.L.<br \/>\nOperaattorin osoite: C\/ Bodegas Protos 24-28, 47300 Pe\u00f1afiel<br \/>\nElintarvikkeen alkuper\u00e4paikka: Ribera del Dueron alkuper\u00e4nimitys<br \/>\nNettom\u00e4\u00e4r\u00e4: 2250 millilitraa<br \/>\nAlkoholipitoisuus: 14,5 %.<br \/>\nMakuhuomautus: Kirsikanpunaviini Bigarreau. Suuri aromaattinen intensiteetti, kypsi\u00e4 hedelmi\u00e4, makeita mausteita ja paahdettuja vivahteita. Ymp\u00e4r\u00f6iv\u00e4 ja maukas, tasapainoinen maku, jossa on hienovaraisuutta ja miellytt\u00e4v\u00e4 kypsyys. Viimeistely muistuttaa kypsi\u00e4 hedelmi\u00e4.<br \/>\nGastronomia-suositusruoat: Punainen liha, makkarat, riistalinnut, pienriista, kevyet muhennos- ja muhennosruoat, puolisuolatut juustot.<\/p>","protected":false},"featured_media":1053,"comment_status":"closed","ping_status":"closed","template":"","meta":{"wds_primary_product_brand":0,"wds_primary_product_cat":0},"product_brand":[],"product_cat":[29],"product_tag":[],"class_list":{"0":"post-1052","1":"product","2":"type-product","3":"status-publish","4":"has-post-thumbnail","6":"product_cat-vinos","8":"first","9":"instock","10":"taxable","11":"shipping-taxable","12":"purchasable","13":"product-type-simple"},"_links":{"self":[{"href":"https:\/\/www.origenysabor.com\/fi\/wp-json\/wp\/v2\/product\/1052","targetHints":{"allow":["GET"]}}],"collection":[{"href":"https:\/\/www.origenysabor.com\/fi\/wp-json\/wp\/v2\/product"}],"about":[{"href":"https:\/\/www.origenysabor.com\/fi\/wp-json\/wp\/v2\/types\/product"}],"replies":[{"embeddable":true,"href":"https:\/\/www.origenysabor.com\/fi\/wp-json\/wp\/v2\/comments?post=1052"}],"wp:featuredmedia":[{"embeddable":true,"href":"https:\/\/www.origenysabor.com\/fi\/wp-json\/wp\/v2\/media\/1053"}],"wp:attachment":[{"href":"https:\/\/www.origenysabor.com\/fi\/wp-json\/wp\/v2\/media?parent=1052"}],"wp:term":[{"taxonomy":"product_brand","embeddable":true,"href":"https:\/\/www.origenysabor.com\/fi\/wp-json\/wp\/v2\/product_brand?post=1052"},{"taxonomy":"product_cat","embeddable":true,"href":"https:\/\/www.origenysabor.com\/fi\/wp-json\/wp\/v2\/product_cat?post=1052"},{"taxonomy":"product_tag","embeddable":true,"href":"https:\/\/www.origenysabor.com\/fi\/wp-json\/wp\/v2\/product_tag?post=1052"}],"curies":[{"name":"wp","href":"https:\/\/api.w.org\/{rel}","templated":true}]}}