{"id":1054,"date":"2024-10-08T20:13:07","date_gmt":"2024-10-08T18:13:07","guid":{"rendered":"https:\/\/www.origenysabor.com\/producto\/cerdo-segoviano-al-horno-cuarto-cochinillo-asado-ag\/"},"modified":"2024-12-03T18:15:11","modified_gmt":"2024-12-03T17:15:11","slug":"cerdo-segoviano-al-horno-cuarto-cochinillo-asado-ag","status":"publish","type":"product","link":"https:\/\/www.origenysabor.com\/fi\/tuote\/segovian-pork-uunissa-neljas-paistettu-porsas-ag\/","title":{"rendered":"Segovian Pork uunissa Nelj\u00e4s \u00abPaistettu porsas\u00bb AG"},"content":{"rendered":"<p>T\u00e4ss\u00e4 on SUURI VALLOKUUTUKSEMME: nelj\u00e4nnespaistettu porsas, joka ei tarvitse j\u00e4\u00e4hdytyst\u00e4. T\u00e4m\u00e4n porsaan kanssa voit nauttia yht\u00e4 raikkaalta ja kullankeltaisesta kuin perinteinen porsas ilman, ett\u00e4 sinun tarvitsee huolehtia kylm\u00e4ketjusta. S\u00e4ilyt\u00e4 sit\u00e4 kaapissa, kuljeta matkalaukussa ja nauti perheesi kanssa. Ja ennen kaikkea se v\u00e4hent\u00e4\u00e4 energiankulutusta. Tabladillon maksimaalisella takuulla voit ilahduttaa aistejasi leivotulla porsaalla helposti ja enn\u00e4tysajassa. Tarvitset vain 50 minuuttia purra miest\u00e4. L\u00f6yd\u00e4 sika, josta kaikki puhuvat, sen mehukas ja herkullinen liha kuljettaa sinut Segoviaan. Palkittu Ruokamessuilla innovatiivisena ja muodikkaana tuotteena 2022. Suositellaan 3 annosta<\/p>","protected":false},"excerpt":{"rendered":"<p>T\u00e4ss\u00e4 on SUURI VALLOKUUTUKSEMME: nelj\u00e4nnespaistettu porsas, joka ei tarvitse j\u00e4\u00e4hdytyst\u00e4. T\u00e4m\u00e4n porsaan kanssa voit nauttia yht\u00e4 raikkaalta ja kullankeltaisesta kuin perinteinen porsas ilman, ett\u00e4 sinun tarvitsee huolehtia kylm\u00e4ketjusta. S\u00e4ilyt\u00e4 sit\u00e4 kaapissa, kuljeta matkalaukussa ja nauti perheesi kanssa. Ja ennen kaikkea se v\u00e4hent\u00e4\u00e4 energiankulutusta. Tabladillon maksimaalisella takuulla voit ilahduttaa aistejasi leivotulla porsaalla helposti ja enn\u00e4tysajassa. Tarvitset vain 50 minuuttia purra miest\u00e4. L\u00f6yd\u00e4 sika, josta kaikki puhuvat, sen mehukas ja herkullinen liha kuljettaa sinut Segoviaan. Palkittu Ruokamessuilla innovatiivisena ja muodikkaana tuotteena 2022. Suositellaan 3 annosta<\/p>","protected":false},"featured_media":1532,"comment_status":"closed","ping_status":"closed","template":"","meta":{"wds_primary_product_brand":0,"wds_primary_product_cat":0},"product_brand":[],"product_cat":[23],"product_tag":[],"class_list":{"0":"post-1054","1":"product","2":"type-product","3":"status-publish","4":"has-post-thumbnail","6":"product_cat-otros-productos","8":"first","9":"instock","10":"sale","11":"featured","12":"taxable","13":"shipping-taxable","14":"purchasable","15":"product-type-simple"},"_links":{"self":[{"href":"https:\/\/www.origenysabor.com\/fi\/wp-json\/wp\/v2\/product\/1054","targetHints":{"allow":["GET"]}}],"collection":[{"href":"https:\/\/www.origenysabor.com\/fi\/wp-json\/wp\/v2\/product"}],"about":[{"href":"https:\/\/www.origenysabor.com\/fi\/wp-json\/wp\/v2\/types\/product"}],"replies":[{"embeddable":true,"href":"https:\/\/www.origenysabor.com\/fi\/wp-json\/wp\/v2\/comments?post=1054"}],"wp:featuredmedia":[{"embeddable":true,"href":"https:\/\/www.origenysabor.com\/fi\/wp-json\/wp\/v2\/media\/1532"}],"wp:attachment":[{"href":"https:\/\/www.origenysabor.com\/fi\/wp-json\/wp\/v2\/media?parent=1054"}],"wp:term":[{"taxonomy":"product_brand","embeddable":true,"href":"https:\/\/www.origenysabor.com\/fi\/wp-json\/wp\/v2\/product_brand?post=1054"},{"taxonomy":"product_cat","embeddable":true,"href":"https:\/\/www.origenysabor.com\/fi\/wp-json\/wp\/v2\/product_cat?post=1054"},{"taxonomy":"product_tag","embeddable":true,"href":"https:\/\/www.origenysabor.com\/fi\/wp-json\/wp\/v2\/product_tag?post=1054"}],"curies":[{"name":"wp","href":"https:\/\/api.w.org\/{rel}","templated":true}]}}