{"id":1056,"date":"2024-10-08T20:13:07","date_gmt":"2024-10-08T18:13:07","guid":{"rendered":"https:\/\/www.origenysabor.com\/producto\/ventresca-de-bonito-del-norte-en-aceite-de-oliva-en-lata-de-78-g-marca-escuris-ag\/"},"modified":"2024-11-08T22:21:21","modified_gmt":"2024-11-08T21:21:21","slug":"ventresca-de-bonito-del-norte-en-aceite-de-oliva-en-lata-de-78-g-marca-escuris-ag","status":"publish","type":"product","link":"https:\/\/www.origenysabor.com\/fi\/tuote\/pohjolan-bonito-ventresca-oliivioljyssa-78-gn-tolkkissa-escuris-ag\/","title":{"rendered":"Pohjolan bonito Ventresca oliivi\u00f6ljyss\u00e4 78 g:n t\u00f6lkkiss\u00e4 Escuris AG"},"content":{"rendered":"<p>Tonnikalan vatsa oliivi\u00f6ljypurkkeessa 78 g netto valutettuna<\/p>","protected":false},"excerpt":{"rendered":"<p>Tonnikalan vatsa oliivi\u00f6ljypurkkeessa 78 g netto valutettuna<\/p>","protected":false},"featured_media":1057,"comment_status":"closed","ping_status":"closed","template":"","meta":{"wds_primary_product_brand":0,"wds_primary_product_cat":0},"product_brand":[],"product_cat":[32],"product_tag":[],"class_list":{"0":"post-1056","1":"product","2":"type-product","3":"status-publish","4":"has-post-thumbnail","6":"product_cat-anchoas-y-conservas-del-mar","8":"first","9":"instock","10":"taxable","11":"shipping-taxable","12":"purchasable","13":"product-type-simple"},"_links":{"self":[{"href":"https:\/\/www.origenysabor.com\/fi\/wp-json\/wp\/v2\/product\/1056","targetHints":{"allow":["GET"]}}],"collection":[{"href":"https:\/\/www.origenysabor.com\/fi\/wp-json\/wp\/v2\/product"}],"about":[{"href":"https:\/\/www.origenysabor.com\/fi\/wp-json\/wp\/v2\/types\/product"}],"replies":[{"embeddable":true,"href":"https:\/\/www.origenysabor.com\/fi\/wp-json\/wp\/v2\/comments?post=1056"}],"wp:featuredmedia":[{"embeddable":true,"href":"https:\/\/www.origenysabor.com\/fi\/wp-json\/wp\/v2\/media\/1057"}],"wp:attachment":[{"href":"https:\/\/www.origenysabor.com\/fi\/wp-json\/wp\/v2\/media?parent=1056"}],"wp:term":[{"taxonomy":"product_brand","embeddable":true,"href":"https:\/\/www.origenysabor.com\/fi\/wp-json\/wp\/v2\/product_brand?post=1056"},{"taxonomy":"product_cat","embeddable":true,"href":"https:\/\/www.origenysabor.com\/fi\/wp-json\/wp\/v2\/product_cat?post=1056"},{"taxonomy":"product_tag","embeddable":true,"href":"https:\/\/www.origenysabor.com\/fi\/wp-json\/wp\/v2\/product_tag?post=1056"}],"curies":[{"name":"wp","href":"https:\/\/api.w.org\/{rel}","templated":true}]}}