{"id":1068,"date":"2024-10-08T20:13:07","date_gmt":"2024-10-08T18:13:07","guid":{"rendered":"https:\/\/www.origenysabor.com\/producto\/queso-de-oveja-curado-el-gran-cardenal-pieza-entera-de-32-kg-aproximadamente\/"},"modified":"2024-11-03T03:46:28","modified_gmt":"2024-11-03T02:46:28","slug":"queso-de-oveja-curado-el-gran-cardenal-pieza-entera-de-32-kg-aproximadamente","status":"publish","type":"product","link":"https:\/\/www.origenysabor.com\/fi\/tuote\/kypsennetyn-lampaan-juusto-suuri-kardinaali-kokonaisena-noin-32-kg\/","title":{"rendered":"Kypsennetyn lampaan juusto Suuri kardinaali kokonaisena noin 3,2 kg."},"content":{"rendered":"<p>Se on valmistettu 100 % lampaanmaidosta, ja sen kypsytysaika on 6 kuukautta, mik\u00e4 tekee siit\u00e4 h\u00e4mm\u00e4stytt\u00e4v\u00e4n persoonallisen juuston, jolla on intensiivinen maku, joka on ominaista maidolle, josta se on valmistettu. Todellinen helmi hyvin valmistettujen juustojen yst\u00e4ville.<br \/>\nPala<\/p>","protected":false},"excerpt":{"rendered":"<p>Se on valmistettu 100 % lampaanmaidosta, ja sen kypsytysaika on 6 kuukautta, mik\u00e4 tekee siit\u00e4 h\u00e4mm\u00e4stytt\u00e4v\u00e4n persoonallisen juuston, jolla on intensiivinen maku, joka on ominaista maidolle, josta se on valmistettu. Todellinen helmi hyvin valmistettujen juustojen yst\u00e4ville.<br \/>\nPala<\/p>","protected":false},"featured_media":1069,"comment_status":"closed","ping_status":"closed","template":"","meta":{"wds_primary_product_brand":0,"wds_primary_product_cat":0},"product_brand":[],"product_cat":[23],"product_tag":[],"class_list":{"0":"post-1068","1":"product","2":"type-product","3":"status-publish","4":"has-post-thumbnail","6":"product_cat-otros-productos","8":"first","9":"instock","10":"taxable","11":"shipping-taxable","12":"purchasable","13":"product-type-simple"},"_links":{"self":[{"href":"https:\/\/www.origenysabor.com\/fi\/wp-json\/wp\/v2\/product\/1068","targetHints":{"allow":["GET"]}}],"collection":[{"href":"https:\/\/www.origenysabor.com\/fi\/wp-json\/wp\/v2\/product"}],"about":[{"href":"https:\/\/www.origenysabor.com\/fi\/wp-json\/wp\/v2\/types\/product"}],"replies":[{"embeddable":true,"href":"https:\/\/www.origenysabor.com\/fi\/wp-json\/wp\/v2\/comments?post=1068"}],"wp:featuredmedia":[{"embeddable":true,"href":"https:\/\/www.origenysabor.com\/fi\/wp-json\/wp\/v2\/media\/1069"}],"wp:attachment":[{"href":"https:\/\/www.origenysabor.com\/fi\/wp-json\/wp\/v2\/media?parent=1068"}],"wp:term":[{"taxonomy":"product_brand","embeddable":true,"href":"https:\/\/www.origenysabor.com\/fi\/wp-json\/wp\/v2\/product_brand?post=1068"},{"taxonomy":"product_cat","embeddable":true,"href":"https:\/\/www.origenysabor.com\/fi\/wp-json\/wp\/v2\/product_cat?post=1068"},{"taxonomy":"product_tag","embeddable":true,"href":"https:\/\/www.origenysabor.com\/fi\/wp-json\/wp\/v2\/product_tag?post=1068"}],"curies":[{"name":"wp","href":"https:\/\/api.w.org\/{rel}","templated":true}]}}