{"id":1076,"date":"2024-10-08T20:13:07","date_gmt":"2024-10-08T18:13:07","guid":{"rendered":"https:\/\/www.origenysabor.com\/producto\/pimientos-del-piquillo-al-horno-rellenos-de-erizo-de-mar-marca-el-laurel-280-gr\/"},"modified":"2024-11-08T22:20:45","modified_gmt":"2024-11-08T21:20:45","slug":"pimientos-del-piquillo-al-horno-rellenos-de-erizo-de-mar-marca-el-laurel-280-gr","status":"publish","type":"product","link":"https:\/\/www.origenysabor.com\/fi\/tuote\/merisiililla-taytetyt-paistetut-piquillo-paprikat-merkki-el-laurel-280-gr\/","title":{"rendered":"Merisiilill\u00e4 t\u00e4ytetyt paistetut piquillo-paprikat. Merkki El Laurel 280 gr."},"content":{"rendered":"<p>Paprikat, jotka on t\u00e4ytetty yhdell\u00e4 Kantabrian maukkaimmista herkuista, merisiilist\u00e4, kaikki ammattitaidolla valmistettuja.<\/p>","protected":false},"excerpt":{"rendered":"<p>Paprikat, jotka on t\u00e4ytetty yhdell\u00e4 Kantabrian maukkaimmista herkuista, merisiilist\u00e4, kaikki ammattitaidolla valmistettuja.<\/p>","protected":false},"featured_media":1077,"comment_status":"closed","ping_status":"closed","template":"","meta":{"wds_primary_product_brand":0,"wds_primary_product_cat":0},"product_brand":[],"product_cat":[32],"product_tag":[],"class_list":{"0":"post-1076","1":"product","2":"type-product","3":"status-publish","4":"has-post-thumbnail","6":"product_cat-anchoas-y-conservas-del-mar","8":"first","9":"instock","10":"taxable","11":"shipping-taxable","12":"purchasable","13":"product-type-simple"},"_links":{"self":[{"href":"https:\/\/www.origenysabor.com\/fi\/wp-json\/wp\/v2\/product\/1076","targetHints":{"allow":["GET"]}}],"collection":[{"href":"https:\/\/www.origenysabor.com\/fi\/wp-json\/wp\/v2\/product"}],"about":[{"href":"https:\/\/www.origenysabor.com\/fi\/wp-json\/wp\/v2\/types\/product"}],"replies":[{"embeddable":true,"href":"https:\/\/www.origenysabor.com\/fi\/wp-json\/wp\/v2\/comments?post=1076"}],"wp:featuredmedia":[{"embeddable":true,"href":"https:\/\/www.origenysabor.com\/fi\/wp-json\/wp\/v2\/media\/1077"}],"wp:attachment":[{"href":"https:\/\/www.origenysabor.com\/fi\/wp-json\/wp\/v2\/media?parent=1076"}],"wp:term":[{"taxonomy":"product_brand","embeddable":true,"href":"https:\/\/www.origenysabor.com\/fi\/wp-json\/wp\/v2\/product_brand?post=1076"},{"taxonomy":"product_cat","embeddable":true,"href":"https:\/\/www.origenysabor.com\/fi\/wp-json\/wp\/v2\/product_cat?post=1076"},{"taxonomy":"product_tag","embeddable":true,"href":"https:\/\/www.origenysabor.com\/fi\/wp-json\/wp\/v2\/product_tag?post=1076"}],"curies":[{"name":"wp","href":"https:\/\/api.w.org\/{rel}","templated":true}]}}