{"id":1082,"date":"2024-10-08T20:13:07","date_gmt":"2024-10-08T18:13:07","guid":{"rendered":"https:\/\/www.origenysabor.com\/producto\/garbanzos-con-callos-casa-gerardo-la-catedral-de-navarra-350-gr\/"},"modified":"2024-11-03T03:48:20","modified_gmt":"2024-11-03T02:48:20","slug":"garbanzos-con-callos-casa-gerardo-la-catedral-de-navarra-350-gr","status":"publish","type":"product","link":"https:\/\/www.origenysabor.com\/fi\/tuote\/kikarter-med-callos-casa-gerardo-katedralen-i-navarra-350-gr\/","title":{"rendered":"Kikherneet kalloilla Casa Gerardo - Navarran katedraali 350 gr."},"content":{"rendered":"<p>Asturialainen resepti kikherneist\u00e4 ja paista parhaista luonnollisista ainesosista. Navarran katedraalissa valmistettuja kikherneit\u00e4 samalla reseptill\u00e4 kuin asturialaisessa Casa Gerardossa. Valmistettu paikallisten tuottajien valituista raaka-aineista: kikherneluokka<\/p>","protected":false},"excerpt":{"rendered":"<p>Asturialainen resepti kikherneist\u00e4 ja paista parhaista luonnollisista ainesosista. Navarran katedraalissa valmistettuja kikherneit\u00e4 samalla reseptill\u00e4 kuin asturialaisessa Casa Gerardossa. Valmistettu paikallisten tuottajien valituista raaka-aineista: kikherneluokka<\/p>","protected":false},"featured_media":1083,"comment_status":"closed","ping_status":"closed","template":"","meta":{"wds_primary_product_brand":0,"wds_primary_product_cat":0},"product_brand":[],"product_cat":[40],"product_tag":[],"class_list":{"0":"post-1082","1":"product","2":"type-product","3":"status-publish","4":"has-post-thumbnail","6":"product_cat-conservas","8":"first","9":"instock","10":"taxable","11":"shipping-taxable","12":"purchasable","13":"product-type-simple"},"_links":{"self":[{"href":"https:\/\/www.origenysabor.com\/fi\/wp-json\/wp\/v2\/product\/1082","targetHints":{"allow":["GET"]}}],"collection":[{"href":"https:\/\/www.origenysabor.com\/fi\/wp-json\/wp\/v2\/product"}],"about":[{"href":"https:\/\/www.origenysabor.com\/fi\/wp-json\/wp\/v2\/types\/product"}],"replies":[{"embeddable":true,"href":"https:\/\/www.origenysabor.com\/fi\/wp-json\/wp\/v2\/comments?post=1082"}],"wp:featuredmedia":[{"embeddable":true,"href":"https:\/\/www.origenysabor.com\/fi\/wp-json\/wp\/v2\/media\/1083"}],"wp:attachment":[{"href":"https:\/\/www.origenysabor.com\/fi\/wp-json\/wp\/v2\/media?parent=1082"}],"wp:term":[{"taxonomy":"product_brand","embeddable":true,"href":"https:\/\/www.origenysabor.com\/fi\/wp-json\/wp\/v2\/product_brand?post=1082"},{"taxonomy":"product_cat","embeddable":true,"href":"https:\/\/www.origenysabor.com\/fi\/wp-json\/wp\/v2\/product_cat?post=1082"},{"taxonomy":"product_tag","embeddable":true,"href":"https:\/\/www.origenysabor.com\/fi\/wp-json\/wp\/v2\/product_tag?post=1082"}],"curies":[{"name":"wp","href":"https:\/\/api.w.org\/{rel}","templated":true}]}}