{"id":1086,"date":"2024-10-08T20:13:11","date_gmt":"2024-10-08T18:13:11","guid":{"rendered":"https:\/\/www.origenysabor.com\/producto\/queso-manchego-semicurado-marca-dehesa-de-los-llanos-1-kg\/"},"modified":"2024-11-03T03:52:34","modified_gmt":"2024-11-03T02:52:34","slug":"queso-manchego-semicurado-marca-dehesa-de-los-llanos-1-kg","status":"publish","type":"product","link":"https:\/\/www.origenysabor.com\/fi\/tuote\/manchego-juusto-semicurado-tuotemerkki-dehesa-de-los-llanos-1-kg\/","title":{"rendered":"Manchego juusto semicurado tuotemerkki Dehesa de los Llanos 1 kg."},"content":{"rendered":"<p>Artisan Manchego -juusto, jossa on kolmen kuukauden ik\u00e4\u00e4ntymist\u00e4, kermainen rakenne ja norsunluun valkoinen v\u00e4ri. Maitomainen tuoksu muistuttaa kermaa, voita ja jogurttia. Sopii kananmuna-allergioille ja laktoosi-intoleranteille.<\/p>","protected":false},"excerpt":{"rendered":"<p>Artisan Manchego -juusto, jossa on kolmen kuukauden ik\u00e4\u00e4ntymist\u00e4, kermainen rakenne ja norsunluun valkoinen v\u00e4ri. Maitomainen tuoksu muistuttaa kermaa, voita ja jogurttia. Sopii kananmuna-allergioille ja laktoosi-intoleranteille.<\/p>","protected":false},"featured_media":1087,"comment_status":"closed","ping_status":"closed","template":"","meta":{"wds_primary_product_brand":0,"wds_primary_product_cat":0},"product_brand":[],"product_cat":[23],"product_tag":[],"class_list":{"0":"post-1086","1":"product","2":"type-product","3":"status-publish","4":"has-post-thumbnail","6":"product_cat-otros-productos","8":"first","9":"instock","10":"taxable","11":"shipping-taxable","12":"purchasable","13":"product-type-simple"},"_links":{"self":[{"href":"https:\/\/www.origenysabor.com\/fi\/wp-json\/wp\/v2\/product\/1086","targetHints":{"allow":["GET"]}}],"collection":[{"href":"https:\/\/www.origenysabor.com\/fi\/wp-json\/wp\/v2\/product"}],"about":[{"href":"https:\/\/www.origenysabor.com\/fi\/wp-json\/wp\/v2\/types\/product"}],"replies":[{"embeddable":true,"href":"https:\/\/www.origenysabor.com\/fi\/wp-json\/wp\/v2\/comments?post=1086"}],"wp:featuredmedia":[{"embeddable":true,"href":"https:\/\/www.origenysabor.com\/fi\/wp-json\/wp\/v2\/media\/1087"}],"wp:attachment":[{"href":"https:\/\/www.origenysabor.com\/fi\/wp-json\/wp\/v2\/media?parent=1086"}],"wp:term":[{"taxonomy":"product_brand","embeddable":true,"href":"https:\/\/www.origenysabor.com\/fi\/wp-json\/wp\/v2\/product_brand?post=1086"},{"taxonomy":"product_cat","embeddable":true,"href":"https:\/\/www.origenysabor.com\/fi\/wp-json\/wp\/v2\/product_cat?post=1086"},{"taxonomy":"product_tag","embeddable":true,"href":"https:\/\/www.origenysabor.com\/fi\/wp-json\/wp\/v2\/product_tag?post=1086"}],"curies":[{"name":"wp","href":"https:\/\/api.w.org\/{rel}","templated":true}]}}