{"id":1090,"date":"2024-10-08T20:13:11","date_gmt":"2024-10-08T18:13:11","guid":{"rendered":"https:\/\/www.origenysabor.com\/producto\/set-de-4-productos-cinco-jotas-100-ibericos-cortados-integramente-en-lonchas-a-mano\/"},"modified":"2024-11-03T03:53:11","modified_gmt":"2024-11-03T02:53:11","slug":"set-de-4-productos-cinco-jotas-100-ibericos-cortados-integramente-en-lonchas-a-mano","status":"publish","type":"product","link":"https:\/\/www.origenysabor.com\/fi\/tuote\/4-tuotteen-sarja-viisi-jota-100-iberian-leikattu-kokonaan-kasin-viipaleiksi\/","title":{"rendered":"4 tuotteen sarja Viisi Jota 100% Iberian leikattu kokonaan k\u00e4sin viipaleiksi"},"content":{"rendered":"<p>\"Cuatro Ases de Cinco Jotas\" ovat v\u00e4ltt\u00e4m\u00e4tt\u00f6mi\u00e4 kaikille iberialaisten herkkujen yst\u00e4ville, sill\u00e4 ne sis\u00e4lt\u00e4v\u00e4t (320 g viipaloitua):<br \/>\n1 siivu Bellota 100% Iberian lapa 80 gr<br \/>\n1 pussi Iberico-kinkkua viipaloituna Bellota 100% alkaen 80 gr<br \/>\n1 Lomo de Bellota 100 % Ib\u00e9rico 80 g<br \/>\n1 Ca\u00f1a de Presassa viipaloituna, 80 g.<br \/>\nCinco Jotas asettaa sormiesi ulottuville t\u00e4m\u00e4n tyylikk\u00e4\u00e4n pakkauksen 100 % tammenterhopohjaisia \u200b\u200biberialaisia \u200b\u200bmakkaroita, jotka s\u00e4ilytt\u00e4v\u00e4t sen rodun puhtauden ja ainutlaatuisuuden, josta se tulee, ja joka samalla vapauttaa tekstuurit ja aromit, jotka valloittavat vaativimmankin maun.<\/p>","protected":false},"excerpt":{"rendered":"<p>\"Cuatro Ases de Cinco Jotas\" ovat v\u00e4ltt\u00e4m\u00e4tt\u00f6mi\u00e4 kaikille iberialaisten herkkujen yst\u00e4ville, sill\u00e4 ne sis\u00e4lt\u00e4v\u00e4t (320 g viipaloitua):<br \/>\n1 siivu Bellota 100% Iberian lapa 80 gr<br \/>\n1 pussi Iberico-kinkkua viipaloituna Bellota 100% alkaen 80 gr<br \/>\n1 Lomo de Bellota 100 % Ib\u00e9rico 80 g<br \/>\n1 Ca\u00f1a de Presassa viipaloituna, 80 g.<br \/>\nCinco Jotas asettaa sormiesi ulottuville t\u00e4m\u00e4n tyylikk\u00e4\u00e4n pakkauksen 100 % tammenterhopohjaisia \u200b\u200biberialaisia \u200b\u200bmakkaroita, jotka s\u00e4ilytt\u00e4v\u00e4t sen rodun puhtauden ja ainutlaatuisuuden, josta se tulee, ja joka samalla vapauttaa tekstuurit ja aromit, jotka valloittavat vaativimmankin maun.<\/p>","protected":false},"featured_media":1091,"comment_status":"closed","ping_status":"closed","template":"","meta":{"wds_primary_product_brand":0,"wds_primary_product_cat":0},"product_brand":[],"product_cat":[30],"product_tag":[],"class_list":{"0":"post-1090","1":"product","2":"type-product","3":"status-publish","4":"has-post-thumbnail","6":"product_cat-embutidos-ibericos","8":"first","9":"instock","10":"taxable","11":"shipping-taxable","12":"purchasable","13":"product-type-simple"},"_links":{"self":[{"href":"https:\/\/www.origenysabor.com\/fi\/wp-json\/wp\/v2\/product\/1090","targetHints":{"allow":["GET"]}}],"collection":[{"href":"https:\/\/www.origenysabor.com\/fi\/wp-json\/wp\/v2\/product"}],"about":[{"href":"https:\/\/www.origenysabor.com\/fi\/wp-json\/wp\/v2\/types\/product"}],"replies":[{"embeddable":true,"href":"https:\/\/www.origenysabor.com\/fi\/wp-json\/wp\/v2\/comments?post=1090"}],"wp:featuredmedia":[{"embeddable":true,"href":"https:\/\/www.origenysabor.com\/fi\/wp-json\/wp\/v2\/media\/1091"}],"wp:attachment":[{"href":"https:\/\/www.origenysabor.com\/fi\/wp-json\/wp\/v2\/media?parent=1090"}],"wp:term":[{"taxonomy":"product_brand","embeddable":true,"href":"https:\/\/www.origenysabor.com\/fi\/wp-json\/wp\/v2\/product_brand?post=1090"},{"taxonomy":"product_cat","embeddable":true,"href":"https:\/\/www.origenysabor.com\/fi\/wp-json\/wp\/v2\/product_cat?post=1090"},{"taxonomy":"product_tag","embeddable":true,"href":"https:\/\/www.origenysabor.com\/fi\/wp-json\/wp\/v2\/product_tag?post=1090"}],"curies":[{"name":"wp","href":"https:\/\/api.w.org\/{rel}","templated":true}]}}