{"id":1100,"date":"2024-10-08T20:13:11","date_gmt":"2024-10-08T18:13:11","guid":{"rendered":"https:\/\/www.origenysabor.com\/producto\/salami-entero-salchichon-iberico-marca-joselito-1300-gr\/"},"modified":"2024-11-03T03:55:04","modified_gmt":"2024-11-03T02:55:04","slug":"salami-entero-salchichon-iberico-marca-joselito-1300-gr","status":"publish","type":"product","link":"https:\/\/www.origenysabor.com\/fi\/tuote\/salami-whole-iberian-salami-merkki-joselito-1300-gr\/","title":{"rendered":"Salami Whole (Iberian Salami) merkki Joselito 1300 gr. -"},"content":{"rendered":"<p>Pehme\u00e4 pippurin ripaus, joka antaa intensiivisen aromin erityisen hienolle pilkotukselle, joka koostuu Joselito Salchich\u00f3nista, joka on my\u00f6s maustettu merisuolalla ja valkosipulilla. Purppuran ja punertavan v\u00e4lill\u00e4 on laaja valikoima s\u00e4vyj\u00e4, jotka heijastavat mehev\u00e4\u00e4 rakennetta ja kirkasta v\u00e4ri\u00e4, joka antaa poikkeuksellisen makuel\u00e4myksen, hienoimman hienonnetun lihan t\u00e4ydellisen yhteensovituksen pippurin ja valkosipulin kohdalle.<\/p>","protected":false},"excerpt":{"rendered":"<p>Pehme\u00e4 pippurin ripaus, joka antaa intensiivisen aromin erityisen hienolle pilkotukselle, joka koostuu Joselito Salchich\u00f3nista, joka on my\u00f6s maustettu merisuolalla ja valkosipulilla. Purppuran ja punertavan v\u00e4lill\u00e4 on laaja valikoima s\u00e4vyj\u00e4, jotka heijastavat mehev\u00e4\u00e4 rakennetta ja kirkasta v\u00e4ri\u00e4, joka antaa poikkeuksellisen makuel\u00e4myksen, hienoimman hienonnetun lihan t\u00e4ydellisen yhteensovituksen pippurin ja valkosipulin kohdalle.<\/p>","protected":false},"featured_media":1101,"comment_status":"closed","ping_status":"closed","template":"","meta":{"wds_primary_product_brand":0,"wds_primary_product_cat":0},"product_brand":[],"product_cat":[30],"product_tag":[],"class_list":{"0":"post-1100","1":"product","2":"type-product","3":"status-publish","4":"has-post-thumbnail","6":"product_cat-embutidos-ibericos","8":"first","9":"instock","10":"taxable","11":"shipping-taxable","12":"purchasable","13":"product-type-simple"},"_links":{"self":[{"href":"https:\/\/www.origenysabor.com\/fi\/wp-json\/wp\/v2\/product\/1100","targetHints":{"allow":["GET"]}}],"collection":[{"href":"https:\/\/www.origenysabor.com\/fi\/wp-json\/wp\/v2\/product"}],"about":[{"href":"https:\/\/www.origenysabor.com\/fi\/wp-json\/wp\/v2\/types\/product"}],"replies":[{"embeddable":true,"href":"https:\/\/www.origenysabor.com\/fi\/wp-json\/wp\/v2\/comments?post=1100"}],"wp:featuredmedia":[{"embeddable":true,"href":"https:\/\/www.origenysabor.com\/fi\/wp-json\/wp\/v2\/media\/1101"}],"wp:attachment":[{"href":"https:\/\/www.origenysabor.com\/fi\/wp-json\/wp\/v2\/media?parent=1100"}],"wp:term":[{"taxonomy":"product_brand","embeddable":true,"href":"https:\/\/www.origenysabor.com\/fi\/wp-json\/wp\/v2\/product_brand?post=1100"},{"taxonomy":"product_cat","embeddable":true,"href":"https:\/\/www.origenysabor.com\/fi\/wp-json\/wp\/v2\/product_cat?post=1100"},{"taxonomy":"product_tag","embeddable":true,"href":"https:\/\/www.origenysabor.com\/fi\/wp-json\/wp\/v2\/product_tag?post=1100"}],"curies":[{"name":"wp","href":"https:\/\/api.w.org\/{rel}","templated":true}]}}