{"id":1116,"date":"2024-10-08T20:13:11","date_gmt":"2024-10-08T18:13:11","guid":{"rendered":"https:\/\/www.origenysabor.com\/producto\/filetes-de-anchoa-del-cantabrico-en-aceite-de-oliva-virgen-marca-consorcio-lata-de-400-gramos\/"},"modified":"2024-11-08T22:19:07","modified_gmt":"2024-11-08T21:19:07","slug":"filetes-de-anchoa-del-cantabrico-en-aceite-de-oliva-virgen-marca-consorcio-lata-de-400-gramos","status":"publish","type":"product","link":"https:\/\/www.origenysabor.com\/fi\/tuote\/anjovisfileet-kantabrian-alueelta-neitsytoliivioljyssa-merkki-consorcio-400-grammaa-tolkki\/","title":{"rendered":"Kantabrian anjovisfileet neitsytoliivi\u00f6ljyss\u00e4. Merkki CONSORCIO. 400 grammaa t\u00f6lkki."},"content":{"rendered":"<p>Anjovis on kulinaarinen herkku, ja viel\u00e4 enemm\u00e4n herkullisessa oliivi\u00f6ljyss\u00e4 s\u00e4il\u00f6ttyn\u00e4.<\/p>\n<p>Yleist\u00e4 tietoa<br \/>\nRuoan nimi: Anjovis oliivi\u00f6ljyss\u00e4<br \/>\nAlkuper\u00e4maa: Espanja<br \/>\nOperaattorin nimi: CONSORCIO ESPA\u00d1OL CONSERVERO S.A.<br \/>\nOperaattorin osoite: C\/Eguilior, 1-39740 Santo\u00f1a<br \/>\nNettom\u00e4\u00e4r\u00e4: 400 g<br \/>\nAinesosat ja allergeenit<br \/>\nanjovis, oliivi\u00f6ljy ja suola<\/p>","protected":false},"excerpt":{"rendered":"<p>Anjovis on kulinaarinen herkku, ja viel\u00e4 enemm\u00e4n herkullisessa oliivi\u00f6ljyss\u00e4 s\u00e4il\u00f6ttyn\u00e4.<\/p>\n<p>Yleist\u00e4 tietoa<br \/>\nRuoan nimi: Anjovis oliivi\u00f6ljyss\u00e4<br \/>\nAlkuper\u00e4maa: Espanja<br \/>\nOperaattorin nimi: CONSORCIO ESPA\u00d1OL CONSERVERO S.A.<br \/>\nOperaattorin osoite: C\/Eguilior, 1-39740 Santo\u00f1a<br \/>\nNettom\u00e4\u00e4r\u00e4: 400 g<br \/>\nAinesosat ja allergeenit<br \/>\nanjovis, oliivi\u00f6ljy ja suola<\/p>","protected":false},"featured_media":1117,"comment_status":"closed","ping_status":"closed","template":"","meta":{"wds_primary_product_brand":0,"wds_primary_product_cat":0},"product_brand":[],"product_cat":[32],"product_tag":[],"class_list":{"0":"post-1116","1":"product","2":"type-product","3":"status-publish","4":"has-post-thumbnail","6":"product_cat-anchoas-y-conservas-del-mar","8":"first","9":"instock","10":"taxable","11":"shipping-taxable","12":"purchasable","13":"product-type-simple"},"_links":{"self":[{"href":"https:\/\/www.origenysabor.com\/fi\/wp-json\/wp\/v2\/product\/1116","targetHints":{"allow":["GET"]}}],"collection":[{"href":"https:\/\/www.origenysabor.com\/fi\/wp-json\/wp\/v2\/product"}],"about":[{"href":"https:\/\/www.origenysabor.com\/fi\/wp-json\/wp\/v2\/types\/product"}],"replies":[{"embeddable":true,"href":"https:\/\/www.origenysabor.com\/fi\/wp-json\/wp\/v2\/comments?post=1116"}],"wp:featuredmedia":[{"embeddable":true,"href":"https:\/\/www.origenysabor.com\/fi\/wp-json\/wp\/v2\/media\/1117"}],"wp:attachment":[{"href":"https:\/\/www.origenysabor.com\/fi\/wp-json\/wp\/v2\/media?parent=1116"}],"wp:term":[{"taxonomy":"product_brand","embeddable":true,"href":"https:\/\/www.origenysabor.com\/fi\/wp-json\/wp\/v2\/product_brand?post=1116"},{"taxonomy":"product_cat","embeddable":true,"href":"https:\/\/www.origenysabor.com\/fi\/wp-json\/wp\/v2\/product_cat?post=1116"},{"taxonomy":"product_tag","embeddable":true,"href":"https:\/\/www.origenysabor.com\/fi\/wp-json\/wp\/v2\/product_tag?post=1116"}],"curies":[{"name":"wp","href":"https:\/\/api.w.org\/{rel}","templated":true}]}}