{"id":1144,"date":"2024-10-08T20:13:14","date_gmt":"2024-10-08T18:13:14","guid":{"rendered":"https:\/\/www.origenysabor.com\/producto\/paellera-sarten-tradicional-de-aluminio-para-paella-40cm\/"},"modified":"2024-11-03T04:00:25","modified_gmt":"2024-11-03T03:00:25","slug":"paellera-sarten-tradicional-de-aluminio-para-paella-40cm","status":"publish","type":"product","link":"https:\/\/www.origenysabor.com\/fi\/tuote\/paellera-perinteinen-alumiinipannu-paellalle-40cm\/","title":{"rendered":"Paellera, perinteinen alumiinipannu paellalle 40cm"},"content":{"rendered":"<p>Saatavana eri kokoisina paellapannun koosta riippuen. Keitt\u00e4\u00e4 paellaa perinteisell\u00e4 tavalla. Jaa l\u00e4mp\u00f6 tasaisesti paellapannulle.<\/p>","protected":false},"excerpt":{"rendered":"<p>Saatavana eri kokoisina paellapannun koosta riippuen. Keitt\u00e4\u00e4 paellaa perinteisell\u00e4 tavalla. Jaa l\u00e4mp\u00f6 tasaisesti paellapannulle.<\/p>","protected":false},"featured_media":1145,"comment_status":"closed","ping_status":"closed","template":"","meta":{"wds_primary_product_brand":0,"wds_primary_product_cat":0},"product_brand":[],"product_cat":[35],"product_tag":[],"class_list":{"0":"post-1144","1":"product","2":"type-product","3":"status-publish","4":"has-post-thumbnail","6":"product_cat-paellas-y-legumbres","8":"first","9":"instock","10":"taxable","11":"shipping-taxable","12":"purchasable","13":"product-type-simple"},"_links":{"self":[{"href":"https:\/\/www.origenysabor.com\/fi\/wp-json\/wp\/v2\/product\/1144","targetHints":{"allow":["GET"]}}],"collection":[{"href":"https:\/\/www.origenysabor.com\/fi\/wp-json\/wp\/v2\/product"}],"about":[{"href":"https:\/\/www.origenysabor.com\/fi\/wp-json\/wp\/v2\/types\/product"}],"replies":[{"embeddable":true,"href":"https:\/\/www.origenysabor.com\/fi\/wp-json\/wp\/v2\/comments?post=1144"}],"wp:featuredmedia":[{"embeddable":true,"href":"https:\/\/www.origenysabor.com\/fi\/wp-json\/wp\/v2\/media\/1145"}],"wp:attachment":[{"href":"https:\/\/www.origenysabor.com\/fi\/wp-json\/wp\/v2\/media?parent=1144"}],"wp:term":[{"taxonomy":"product_brand","embeddable":true,"href":"https:\/\/www.origenysabor.com\/fi\/wp-json\/wp\/v2\/product_brand?post=1144"},{"taxonomy":"product_cat","embeddable":true,"href":"https:\/\/www.origenysabor.com\/fi\/wp-json\/wp\/v2\/product_cat?post=1144"},{"taxonomy":"product_tag","embeddable":true,"href":"https:\/\/www.origenysabor.com\/fi\/wp-json\/wp\/v2\/product_tag?post=1144"}],"curies":[{"name":"wp","href":"https:\/\/api.w.org\/{rel}","templated":true}]}}