{"id":1153,"date":"2024-10-08T20:13:14","date_gmt":"2024-10-08T18:13:14","guid":{"rendered":"https:\/\/www.origenysabor.com\/producto\/cocedor-de-espiral-para-paellera-de-60cm\/"},"modified":"2024-11-03T04:01:40","modified_gmt":"2024-11-03T03:01:40","slug":"cocedor-de-espiral-para-paellera-de-60cm","status":"publish","type":"product","link":"https:\/\/www.origenysabor.com\/fi\/tuote\/spiraaliliesi-paellalle-60cm\/","title":{"rendered":"Spiraaliliesi paellalle 60cm"},"content":{"rendered":"<p>Saatavana eri halkaisijoilla riippuen paellapannun koosta. Liekin voimakkuuden s\u00e4\u00e4timell\u00e4. Paellan kypsent\u00e4minen perinteisell\u00e4 tavalla. Jaa l\u00e4mp\u00f6 tasaisesti paellapannulle.<\/p>","protected":false},"excerpt":{"rendered":"<p>Saatavana eri halkaisijoilla riippuen paellapannun koosta. Liekin voimakkuuden s\u00e4\u00e4timell\u00e4. Paellan kypsent\u00e4minen perinteisell\u00e4 tavalla. Jaa l\u00e4mp\u00f6 tasaisesti paellapannulle.<\/p>","protected":false},"featured_media":1151,"comment_status":"closed","ping_status":"closed","template":"","meta":{"wds_primary_product_brand":0,"wds_primary_product_cat":0},"product_brand":[],"product_cat":[35],"product_tag":[],"class_list":{"0":"post-1153","1":"product","2":"type-product","3":"status-publish","4":"has-post-thumbnail","6":"product_cat-paellas-y-legumbres","8":"first","9":"instock","10":"taxable","11":"shipping-taxable","12":"purchasable","13":"product-type-simple"},"_links":{"self":[{"href":"https:\/\/www.origenysabor.com\/fi\/wp-json\/wp\/v2\/product\/1153","targetHints":{"allow":["GET"]}}],"collection":[{"href":"https:\/\/www.origenysabor.com\/fi\/wp-json\/wp\/v2\/product"}],"about":[{"href":"https:\/\/www.origenysabor.com\/fi\/wp-json\/wp\/v2\/types\/product"}],"replies":[{"embeddable":true,"href":"https:\/\/www.origenysabor.com\/fi\/wp-json\/wp\/v2\/comments?post=1153"}],"wp:featuredmedia":[{"embeddable":true,"href":"https:\/\/www.origenysabor.com\/fi\/wp-json\/wp\/v2\/media\/1151"}],"wp:attachment":[{"href":"https:\/\/www.origenysabor.com\/fi\/wp-json\/wp\/v2\/media?parent=1153"}],"wp:term":[{"taxonomy":"product_brand","embeddable":true,"href":"https:\/\/www.origenysabor.com\/fi\/wp-json\/wp\/v2\/product_brand?post=1153"},{"taxonomy":"product_cat","embeddable":true,"href":"https:\/\/www.origenysabor.com\/fi\/wp-json\/wp\/v2\/product_cat?post=1153"},{"taxonomy":"product_tag","embeddable":true,"href":"https:\/\/www.origenysabor.com\/fi\/wp-json\/wp\/v2\/product_tag?post=1153"}],"curies":[{"name":"wp","href":"https:\/\/api.w.org\/{rel}","templated":true}]}}