{"id":1155,"date":"2024-10-08T20:13:14","date_gmt":"2024-10-08T18:13:14","guid":{"rendered":"https:\/\/www.origenysabor.com\/producto\/gula-del-norte-picante-al-ajillo-pack-de-6-latas-de-200-g\/"},"modified":"2024-11-03T04:02:05","modified_gmt":"2024-11-03T03:02:05","slug":"gula-del-norte-picante-al-ajillo-pack-de-6-latas-de-200-g","status":"publish","type":"product","link":"https:\/\/www.origenysabor.com\/fi\/tuote\/gula-del-norte-kryddig-vitlok-forpackning-med-6-burkar-pa-200-g\/","title":{"rendered":"Gula del norte mausteinen valkosipuli. Pakkauksessa 6 t\u00f6lkki\u00e4 200g."},"content":{"rendered":"<p>Mausteisella valkosipulilla kypsennetty Northern Gaul Preserve.<br \/>\nJalostettu kalatuote. Sis\u00e4lt\u00e4\u00e4 kalaproteiinia, vett\u00e4, auringonkukka\u00f6ljy\u00e4, vehn\u00e4jauhoa, suolaa, soijaproteiinia, kasviproteiinia, maitoproteiinia;<\/p>\n<p>S\u00e4ilyt\u00e4 viile\u00e4ss\u00e4, kuivassa paikassa.<\/p>\n<p>K\u00e4ytt\u00f6: Kuumenna pannulla tai mikroaaltouunissa keitt\u00e4m\u00e4tt\u00e4 \u00f6ljy\u00e4.<\/p>\n<p>Vinkki: Kokeile munakokkelia tai salaatteja.<\/p>","protected":false},"excerpt":{"rendered":"<p>Mausteisella valkosipulilla kypsennetty Northern Gaul Preserve.<br \/>\nJalostettu kalatuote. Sis\u00e4lt\u00e4\u00e4 kalaproteiinia, vett\u00e4, auringonkukka\u00f6ljy\u00e4, vehn\u00e4jauhoa, suolaa, soijaproteiinia, kasviproteiinia, maitoproteiinia;<\/p>\n<p>S\u00e4ilyt\u00e4 viile\u00e4ss\u00e4, kuivassa paikassa.<\/p>\n<p>K\u00e4ytt\u00f6: Kuumenna pannulla tai mikroaaltouunissa keitt\u00e4m\u00e4tt\u00e4 \u00f6ljy\u00e4.<\/p>\n<p>Vinkki: Kokeile munakokkelia tai salaatteja.<\/p>","protected":false},"featured_media":1156,"comment_status":"closed","ping_status":"closed","template":"","meta":{"wds_primary_product_brand":0,"wds_primary_product_cat":0},"product_brand":[],"product_cat":[32],"product_tag":[],"class_list":{"0":"post-1155","1":"product","2":"type-product","3":"status-publish","4":"has-post-thumbnail","6":"product_cat-anchoas-y-conservas-del-mar","8":"first","9":"instock","10":"taxable","11":"shipping-taxable","12":"purchasable","13":"product-type-simple"},"_links":{"self":[{"href":"https:\/\/www.origenysabor.com\/fi\/wp-json\/wp\/v2\/product\/1155","targetHints":{"allow":["GET"]}}],"collection":[{"href":"https:\/\/www.origenysabor.com\/fi\/wp-json\/wp\/v2\/product"}],"about":[{"href":"https:\/\/www.origenysabor.com\/fi\/wp-json\/wp\/v2\/types\/product"}],"replies":[{"embeddable":true,"href":"https:\/\/www.origenysabor.com\/fi\/wp-json\/wp\/v2\/comments?post=1155"}],"wp:featuredmedia":[{"embeddable":true,"href":"https:\/\/www.origenysabor.com\/fi\/wp-json\/wp\/v2\/media\/1156"}],"wp:attachment":[{"href":"https:\/\/www.origenysabor.com\/fi\/wp-json\/wp\/v2\/media?parent=1155"}],"wp:term":[{"taxonomy":"product_brand","embeddable":true,"href":"https:\/\/www.origenysabor.com\/fi\/wp-json\/wp\/v2\/product_brand?post=1155"},{"taxonomy":"product_cat","embeddable":true,"href":"https:\/\/www.origenysabor.com\/fi\/wp-json\/wp\/v2\/product_cat?post=1155"},{"taxonomy":"product_tag","embeddable":true,"href":"https:\/\/www.origenysabor.com\/fi\/wp-json\/wp\/v2\/product_tag?post=1155"}],"curies":[{"name":"wp","href":"https:\/\/api.w.org\/{rel}","templated":true}]}}