{"id":1157,"date":"2024-10-08T20:13:14","date_gmt":"2024-10-08T18:13:14","guid":{"rendered":"https:\/\/www.origenysabor.com\/producto\/caviar-de-erizo-caviar-de-erizo-los-peperetes-lata-de-150-gramos\/"},"modified":"2024-11-08T22:14:48","modified_gmt":"2024-11-08T21:14:48","slug":"caviar-de-erizo-caviar-de-erizo-los-peperetes-lata-de-150-gramos","status":"publish","type":"product","link":"https:\/\/www.origenysabor.com\/fi\/tuote\/siilin-kaviaari-siilin-kaviaari-peperetes-tolkki-150-grammaa\/","title":{"rendered":"Siilin kaviaari Siilin kaviaari Los Peperetes. T\u00f6lkki 150 grammaa."},"content":{"rendered":"<p>Merisiilin kaviaari tunnetulta Los Peperetes -br\u00e4ndilt\u00e4. Ei lis\u00e4aineita. Merisiilin munat, vesi ja suola.<br \/>\nMerisiilin munat<\/p>","protected":false},"excerpt":{"rendered":"<p>Merisiilin kaviaari tunnetulta Los Peperetes -br\u00e4ndilt\u00e4. Ei lis\u00e4aineita. Merisiilin munat, vesi ja suola.<br \/>\nMerisiilin munat<\/p>","protected":false},"featured_media":1158,"comment_status":"closed","ping_status":"closed","template":"","meta":{"wds_primary_product_brand":0,"wds_primary_product_cat":0},"product_brand":[],"product_cat":[32],"product_tag":[],"class_list":{"0":"post-1157","1":"product","2":"type-product","3":"status-publish","4":"has-post-thumbnail","6":"product_cat-anchoas-y-conservas-del-mar","8":"first","9":"instock","10":"taxable","11":"shipping-taxable","12":"purchasable","13":"product-type-simple"},"_links":{"self":[{"href":"https:\/\/www.origenysabor.com\/fi\/wp-json\/wp\/v2\/product\/1157","targetHints":{"allow":["GET"]}}],"collection":[{"href":"https:\/\/www.origenysabor.com\/fi\/wp-json\/wp\/v2\/product"}],"about":[{"href":"https:\/\/www.origenysabor.com\/fi\/wp-json\/wp\/v2\/types\/product"}],"replies":[{"embeddable":true,"href":"https:\/\/www.origenysabor.com\/fi\/wp-json\/wp\/v2\/comments?post=1157"}],"wp:featuredmedia":[{"embeddable":true,"href":"https:\/\/www.origenysabor.com\/fi\/wp-json\/wp\/v2\/media\/1158"}],"wp:attachment":[{"href":"https:\/\/www.origenysabor.com\/fi\/wp-json\/wp\/v2\/media?parent=1157"}],"wp:term":[{"taxonomy":"product_brand","embeddable":true,"href":"https:\/\/www.origenysabor.com\/fi\/wp-json\/wp\/v2\/product_brand?post=1157"},{"taxonomy":"product_cat","embeddable":true,"href":"https:\/\/www.origenysabor.com\/fi\/wp-json\/wp\/v2\/product_cat?post=1157"},{"taxonomy":"product_tag","embeddable":true,"href":"https:\/\/www.origenysabor.com\/fi\/wp-json\/wp\/v2\/product_tag?post=1157"}],"curies":[{"name":"wp","href":"https:\/\/api.w.org\/{rel}","templated":true}]}}