{"id":1159,"date":"2024-10-08T20:13:18","date_gmt":"2024-10-08T18:13:18","guid":{"rendered":"https:\/\/www.origenysabor.com\/producto\/don-bocarte-ventresca-di-bonito-en-aceite-de-oliva-virgen-lata-de-150g\/"},"modified":"2024-11-08T22:15:22","modified_gmt":"2024-11-08T21:15:22","slug":"don-bocarte-ventresca-di-bonito-en-aceite-de-oliva-virgen-lata-de-150g","status":"publish","type":"product","link":"https:\/\/www.origenysabor.com\/fi\/tuote\/don-bocarte-ventresca-tonnikala-neitsytoliivioljyssa-150g-tolkki\/","title":{"rendered":"Don Bocarte Ventresca di Bonito neitsytoliivi\u00f6ljyss\u00e4. T\u00f6lkki 150g."},"content":{"rendered":"<p>Kaunis ventresca oliivi\u00f6ljyss\u00e4. Don Bocarte valmistaa t\u00e4m\u00e4n tuotteen kuuluisasta tonnikalalajikkeesta \"Bonito\" Atlantinmerelt\u00e4 Pohjois-Espanjasta.<br \/>\nPeltit\u00f6lkit<\/p>","protected":false},"excerpt":{"rendered":"<p>Kaunis ventresca oliivi\u00f6ljyss\u00e4. Don Bocarte valmistaa t\u00e4m\u00e4n tuotteen kuuluisasta tonnikalalajikkeesta \"Bonito\" Atlantinmerelt\u00e4 Pohjois-Espanjasta.<br \/>\nPeltit\u00f6lkit<\/p>","protected":false},"featured_media":1160,"comment_status":"closed","ping_status":"closed","template":"","meta":{"wds_primary_product_brand":0,"wds_primary_product_cat":0},"product_brand":[],"product_cat":[32],"product_tag":[],"class_list":{"0":"post-1159","1":"product","2":"type-product","3":"status-publish","4":"has-post-thumbnail","6":"product_cat-anchoas-y-conservas-del-mar","8":"first","9":"instock","10":"taxable","11":"shipping-taxable","12":"purchasable","13":"product-type-simple"},"_links":{"self":[{"href":"https:\/\/www.origenysabor.com\/fi\/wp-json\/wp\/v2\/product\/1159","targetHints":{"allow":["GET"]}}],"collection":[{"href":"https:\/\/www.origenysabor.com\/fi\/wp-json\/wp\/v2\/product"}],"about":[{"href":"https:\/\/www.origenysabor.com\/fi\/wp-json\/wp\/v2\/types\/product"}],"replies":[{"embeddable":true,"href":"https:\/\/www.origenysabor.com\/fi\/wp-json\/wp\/v2\/comments?post=1159"}],"wp:featuredmedia":[{"embeddable":true,"href":"https:\/\/www.origenysabor.com\/fi\/wp-json\/wp\/v2\/media\/1160"}],"wp:attachment":[{"href":"https:\/\/www.origenysabor.com\/fi\/wp-json\/wp\/v2\/media?parent=1159"}],"wp:term":[{"taxonomy":"product_brand","embeddable":true,"href":"https:\/\/www.origenysabor.com\/fi\/wp-json\/wp\/v2\/product_brand?post=1159"},{"taxonomy":"product_cat","embeddable":true,"href":"https:\/\/www.origenysabor.com\/fi\/wp-json\/wp\/v2\/product_cat?post=1159"},{"taxonomy":"product_tag","embeddable":true,"href":"https:\/\/www.origenysabor.com\/fi\/wp-json\/wp\/v2\/product_tag?post=1159"}],"curies":[{"name":"wp","href":"https:\/\/api.w.org\/{rel}","templated":true}]}}