{"id":1175,"date":"2024-10-08T20:13:18","date_gmt":"2024-10-08T18:13:18","guid":{"rendered":"https:\/\/www.origenysabor.com\/producto\/filetes-de-anchoa-del-cantabrico-en-aceite-de-oliva-virgen-don-bocarte-lata-de-10-12-filetes\/"},"modified":"2024-11-11T12:54:46","modified_gmt":"2024-11-11T11:54:46","slug":"filetes-de-anchoa-del-cantabrico-en-aceite-de-oliva-virgen-don-bocarte-lata-de-10-12-filetes","status":"publish","type":"product","link":"https:\/\/www.origenysabor.com\/fi\/tuote\/anjovisfileet-kantabrianmerelta-neitsytoliivioljyssa-don-bocarte-10-12-fileet-tolkki\/","title":{"rendered":"Anjovisfileet Kantabrianmerelt\u00e4 neitsytoliivi\u00f6ljyss\u00e4 Don Bocarte. 10\/12 fileet t\u00f6lkki."},"content":{"rendered":"<p>Olemme valinneet sinulle Santo\u00f1an sardellintuotannon kruununjalokiven.<br \/>\nValmistettu suuremmasta kaliiperista sardellista kuin Cantabrian \"aurinko\".<\/p>","protected":false},"excerpt":{"rendered":"<p>Olemme valinneet sinulle Santo\u00f1an sardellintuotannon kruununjalokiven.<br \/>\nValmistettu suuremmasta kaliiperista sardellista kuin Cantabrian \"aurinko\".<\/p>","protected":false},"featured_media":1176,"comment_status":"closed","ping_status":"closed","template":"","meta":{"wds_primary_product_brand":0,"wds_primary_product_cat":0},"product_brand":[],"product_cat":[32],"product_tag":[],"class_list":{"0":"post-1175","1":"product","2":"type-product","3":"status-publish","4":"has-post-thumbnail","6":"product_cat-anchoas-y-conservas-del-mar","8":"first","9":"instock","10":"taxable","11":"shipping-taxable","12":"purchasable","13":"product-type-simple"},"_links":{"self":[{"href":"https:\/\/www.origenysabor.com\/fi\/wp-json\/wp\/v2\/product\/1175","targetHints":{"allow":["GET"]}}],"collection":[{"href":"https:\/\/www.origenysabor.com\/fi\/wp-json\/wp\/v2\/product"}],"about":[{"href":"https:\/\/www.origenysabor.com\/fi\/wp-json\/wp\/v2\/types\/product"}],"replies":[{"embeddable":true,"href":"https:\/\/www.origenysabor.com\/fi\/wp-json\/wp\/v2\/comments?post=1175"}],"wp:featuredmedia":[{"embeddable":true,"href":"https:\/\/www.origenysabor.com\/fi\/wp-json\/wp\/v2\/media\/1176"}],"wp:attachment":[{"href":"https:\/\/www.origenysabor.com\/fi\/wp-json\/wp\/v2\/media?parent=1175"}],"wp:term":[{"taxonomy":"product_brand","embeddable":true,"href":"https:\/\/www.origenysabor.com\/fi\/wp-json\/wp\/v2\/product_brand?post=1175"},{"taxonomy":"product_cat","embeddable":true,"href":"https:\/\/www.origenysabor.com\/fi\/wp-json\/wp\/v2\/product_cat?post=1175"},{"taxonomy":"product_tag","embeddable":true,"href":"https:\/\/www.origenysabor.com\/fi\/wp-json\/wp\/v2\/product_tag?post=1175"}],"curies":[{"name":"wp","href":"https:\/\/api.w.org\/{rel}","templated":true}]}}