{"id":133,"date":"2024-08-23T15:34:37","date_gmt":"2024-08-23T13:34:37","guid":{"rendered":"https:\/\/ecommplantilla.orbidi.es\/?page_id=133"},"modified":"2024-10-27T05:13:53","modified_gmt":"2024-10-27T04:13:53","slug":"aviso-legal","status":"publish","type":"page","link":"https:\/\/www.origenysabor.com\/sv\/raettsligt-meddelande\/","title":{"rendered":"R\u00e4ttsligt meddelande"},"content":{"rendered":"<h2 class=\"wp-block-heading\"><strong>INFORMATION SOCIETY SERVICES ACT (ISSI)<\/strong><\/h2>\n\n\n\n<p>Sara Garc\u00eda Herranz, ansvarig f\u00f6r webbplatsen, nedan ANSVARLIG, tillhandah\u00e5ller anv\u00e4ndarna detta dokument, som syftar till att uppfylla skyldigheterna i lag 34\/2002 av den 11 juli, av informationssamh\u00e4llet och elektroniska handelstj\u00e4nster (LSSICE), samt informera alla anv\u00e4ndare av webbplatsen om vilka anv\u00e4ndningsvillkor som finns.<\/p>\n\n\n\n<p>Varje person som g\u00e5r in p\u00e5 denna webbplats tar rollen som anv\u00e4ndare, \u00e5tar sig att f\u00f6lja och strikt f\u00f6lja best\u00e4mmelserna som anges h\u00e4r, liksom alla andra r\u00e4ttsliga best\u00e4mmelser som \u00e4r till\u00e4mpliga.&nbsp;<\/p>\n\n\n\n<p>Sara Garc\u00eda Herranz f\u00f6rbeh\u00e5ller sig r\u00e4tten att \u00e4ndra alla typer av information som kan visas p\u00e5 webbplatsen, utan att det finns n\u00e5gon skyldighet att meddela eller meddela anv\u00e4ndarna s\u00e5dana skyldigheter i f\u00f6rv\u00e4g, Att f\u00f6rst\u00e5 att publikationen p\u00e5 Sara Garc\u00eda Herranz webbplats \u00e4r tillr\u00e4cklig.<\/p>\n\n\n\n<h2 class=\"wp-block-heading\"><strong>1. IDENTIFIKATIONSDATA<\/strong><\/h2>\n\n\n\n<p>Namn: Sara Garc\u00eda Herranz<\/p>\n\n\n\n<p>Handelsnamn: Origen y Sabor<\/p>\n\n\n\n<p>MOMSREGISTRERINGSNUMMER: 70258272B<\/p>\n\n\n\n<p>Adress: Calle Uni\u00f3n Fenosa, 04 - CP 40100 - San Ildefonso - Segovia<\/p>\n\n\n\n<p>e-post: <a href=\"mailto:info@origenysabor.com\" target=\"_blank\" rel=\"noreferrer noopener\">info@origenysabor.com<\/a><\/p>\n\n\n\n<h2 class=\"wp-block-heading\"><strong>2. \u00c4MNEOMR\u00c5DE<\/strong><\/h2>\n\n\n\n<p>Via webbplatsen erbjuder vi anv\u00e4ndare m\u00f6jlighet att f\u00e5 tillg\u00e5ng till information om v\u00e5ra tj\u00e4nster.<\/p>\n\n\n\n<h2 class=\"wp-block-heading\"><strong>3. PRIVACY OCH DATABEHANDLING<\/strong><\/h2>\n\n\n\n<p>N\u00e4r det \u00e4r n\u00f6dv\u00e4ndigt att tillhandah\u00e5lla personuppgifter f\u00f6r \u00e5tkomst till visst inneh\u00e5ll eller tj\u00e4nst garanterar anv\u00e4ndarna deras sanningsenhet, noggrannhet, \u00e4kthet och giltighet. F\u00f6retaget kommer att ge s\u00e5dana uppgifter l\u00e4mplig automatiserad behandling beroende p\u00e5 dess art eller syfte, i de termer som anges i avsnittet Integritetspolicy.<\/p>\n\n\n\n<h2 class=\"wp-block-heading\"><strong>4. INTELLEKTUELL FASTIGHET<\/strong><\/h2>\n\n\n\n<p>Anv\u00e4ndaren erk\u00e4nner och accepterar att allt inneh\u00e5ll som visas p\u00e5 webbutrymmet, s\u00e4rskilt m\u00f6nster, texter, bilder, logotyper, ikoner, knappar, programvara, handelsnamn, varum\u00e4rken, eller andra tecken som kan anv\u00e4ndas av industri och \/ eller handel \u00e4r f\u00f6rem\u00e5l f\u00f6r immateriella r\u00e4ttigheter och alla varum\u00e4rken, handelsnamn eller distinkta tecken, alla industriella och immateriella r\u00e4ttigheter, p\u00e5 inneh\u00e5llet och \/ eller andra element som \u00e4r infogade p\u00e5 sidan, som \u00e4r f\u00f6retagets och \/ eller tredje parts exklusiva egendom, som har exklusiv r\u00e4tt att anv\u00e4nda dem i kommersiell trafik. D\u00e4rf\u00f6r samtycker anv\u00e4ndaren till att inte reproducera, kopiera, distribuera, g\u00f6ra tillg\u00e4ngliga eller p\u00e5 annat s\u00e4tt kommunicera offentligt, att omvandla eller \u00e4ndra s\u00e5dant inneh\u00e5ll, d\u00e4rmed h\u00e5lla f\u00f6retaget fritt fr\u00e5n alla fordringar som uppst\u00e5r till f\u00f6ljd av brott mot s\u00e5dana skyldigheter. I inget fall inneb\u00e4r \u00e5tkomst till webbutrymmet n\u00e5gon typ av undantag, \u00f6verf\u00f6ring, licens eller total eller delvis tilldelning av s\u00e5dana r\u00e4ttigheter, s\u00e5vida inte annat uttryckligen anges. Dessa allm\u00e4nna anv\u00e4ndarvillkor ger inte anv\u00e4ndarna n\u00e5gon annan anv\u00e4ndarr\u00e4tt, HR, \u00e4ndring, exploatering, reproduktion, distribution eller offentlig kommunikation av webbutrymmet och\/eller dess andra inneh\u00e5ll \u00e4n de som uttryckligen f\u00f6reskrivs h\u00e4r. All annan anv\u00e4ndning eller utnyttjande av r\u00e4ttigheter ska vara f\u00f6rem\u00e5l f\u00f6r ett f\u00f6rhands- och uttryckligt tillst\u00e5nd som specifikt beviljats f\u00f6r detta \u00e4ndam\u00e5l av f\u00f6retaget eller tredje parts innehavaren av de ber\u00f6rda r\u00e4ttigheterna.<\/p>\n\n\n\n<p>Inneh\u00e5llet, texter, fotografier, m\u00f6nster, logotyper, bilder, datorprogram, k\u00e4llkoder och i allm\u00e4nhet alla intellektuella skapelser som finns i detta utrymme, s\u00e5v\u00e4l som rymden sj\u00e4lv som helhet, som multimedia konstn\u00e4rligt arbete skyddas som upphovsr\u00e4tt genom immaterialr\u00e4tt. F\u00f6retaget \u00e4ger elementen som integrerar den grafiska designen av webbutrymmet, menyerna, navigeringsknapparna, HTML-kod, texter, bilder, texturer, grafik och annat inneh\u00e5ll i webbutrymmet eller i alla fall har l\u00e4mplig beh\u00f6righet f\u00f6r anv\u00e4ndning av s\u00e5dana element. Inneh\u00e5llet i webbutrymmet f\u00e5r inte reproduceras, helt eller delvis, \u00f6verf\u00f6ras eller registreras av n\u00e5got informationss\u00f6kningssystem, i n\u00e5gon form eller p\u00e5 n\u00e5got medium, s\u00e5vida inte f\u00f6rhandsgodk\u00e4nnande erh\u00e5lls skriftligen fr\u00e5n n\u00e4mnda enhet.<\/p>\n\n\n\n<p>Det \u00e4r ocks\u00e5 f\u00f6rbjudet att ta bort, kringg\u00e5 och \/ eller manipulera \u00ab copyright \u00bb s\u00e5v\u00e4l som de tekniska skyddsanordningarna eller alla informationsmekanismer som kan inneh\u00e5lla inneh\u00e5llet. Anv\u00e4ndaren av detta webbutrymme \u00e5tar sig att respektera de angivna r\u00e4ttigheterna och undvika alla \u00e5tg\u00e4rder som kan skada dem, F\u00f6retaget f\u00f6rbeh\u00e5ller sig r\u00e4tten att ut\u00f6va alla r\u00e4ttsliga medel eller handlingar i sin egen r\u00e4tt att f\u00f6rsvara sina legitima immateriella och industriella \u00e4gander\u00e4ttigheter.<\/p>\n\n\n\n<h2 class=\"wp-block-heading\"><strong>5. SKYLDIGHETER OCH ANSVAR F\u00d6R ANV\u00c4NDAREN AV WEBRUMMET<\/strong><\/h2>\n\n\n\n<p>Anv\u00e4ndaren samtycker till att:<\/p>\n\n\n\n<ol class=\"wp-block-list\">\n<li>Anv\u00e4nd korrekt och laglig anv\u00e4ndning av webbutrymmet s\u00e5v\u00e4l som av inneh\u00e5llet och tj\u00e4nsterna i enlighet med: (i) den lagstiftning som g\u00e4ller varje g\u00e5ng; (ii) de allm\u00e4nna anv\u00e4ndarvillkoren f\u00f6r webbutrymmet; (iii) allm\u00e4nt accepterade moral och goda s\u00e4tt; och (iv) allm\u00e4n ordning.<\/li>\n\n\n\n<li>Ge alla n\u00f6dv\u00e4ndiga medel och tekniska krav f\u00f6r att komma \u00e5t webbutrymmet.<\/li>\n\n\n\n<li>Ge sanningsenlig information genom att fylla i formul\u00e4rerna p\u00e5 webbutrymmet med dina personuppgifter och h\u00e5lla dem uppdaterade hela tiden s\u00e5 att de svarar n\u00e4r som helst, till anv\u00e4ndarens verkliga situation. Anv\u00e4ndaren \u00e4r ensam ansvarig f\u00f6r alla falska eller felaktiga uttalanden som gjorts av honom och f\u00f6r alla skador som orsakats till f\u00f6retaget eller tredje parter av den information han tillhandah\u00e5ller.<\/li>\n<\/ol>\n\n\n\n<p>Trots best\u00e4mmelserna i f\u00f6reg\u00e5ende stycke m\u00e5ste anv\u00e4ndaren ocks\u00e5 avst\u00e5 fr\u00e5n:<\/p>\n\n\n\n<ol class=\"wp-block-list\">\n<li>G\u00f6r en obeh\u00f6rig eller bedr\u00e4glig anv\u00e4ndning av webbutrymmet och \/ eller inneh\u00e5llet f\u00f6r syften eller effekter som \u00e4r olagliga, f\u00f6rbjudna i dessa allm\u00e4nna anv\u00e4ndarvillkor, skadligt f\u00f6r tredje parts r\u00e4ttigheter och intressen, eller som p\u00e5 n\u00e5got s\u00e4tt kan skada, inaktivera, \u00f6verbelasta, skada eller f\u00f6rhindra normal anv\u00e4ndning av tj\u00e4nster eller dokument, filer och alla typer av inneh\u00e5ll lagrat i datorutrustning.<\/li>\n\n\n\n<li>\u00c5tkomst eller f\u00f6rs\u00f6k att f\u00e5 \u00e5tkomst till begr\u00e4nsade resurser eller omr\u00e5den i webbutrymmet, utan att uppfylla villkoren f\u00f6r s\u00e5dan \u00e5tkomst.<\/li>\n\n\n\n<li>Orsakar skador p\u00e5 de fysiska eller logiska systemen i Web Space, dess leverant\u00f6rer eller tredje parter.<\/li>\n\n\n\n<li>Introducera eller sprida i n\u00e4tverksdatorvirus eller andra fysiska eller logiska system som sannolikt kan orsaka skador p\u00e5 f\u00f6retagets, leverant\u00f6rernas eller tredje parts fysiska eller logiska system.<\/li>\n\n\n\n<li>F\u00f6rs\u00f6k att f\u00e5 tillg\u00e5ng till, anv\u00e4nda och \/ eller manipulera f\u00f6retagets, tredjepartsleverant\u00f6rernas och andra anv\u00e4ndares data.<\/li>\n\n\n\n<li>Reproducera eller kopiera, distribuera, till\u00e5ta allm\u00e4nhetens \u00e5tkomst genom n\u00e5gon form av offentlig kommunikation, omvandla eller \u00e4ndra inneh\u00e5llet, s\u00e5vida du inte har tillst\u00e5nd fr\u00e5n \u00e4garen till motsvarande r\u00e4ttigheter eller om det \u00e4r lagligt till\u00e5tet.<\/li>\n\n\n\n<li>Radera, d\u00f6lja eller manipulera immateriella r\u00e4ttigheter och andra identifierande uppgifter om f\u00f6retagets r\u00e4ttigheter eller tredje parter som ing\u00e5r i inneh\u00e5llet, s\u00e5v\u00e4l som de tekniska skyddsanordningarna eller alla informationsmekanismer som kan s\u00e4ttas in i inneh\u00e5llet.<\/li>\n\n\n\n<li>Skaffa och f\u00f6rs\u00f6ka f\u00e5 inneh\u00e5llet med andra medel eller f\u00f6rfaranden \u00e4n de som g\u00f6rs tillg\u00e4ngliga f\u00f6r detta \u00e4ndam\u00e5l, i f\u00f6rekommande fall, eller uttryckligen anges p\u00e5 webbsidorna d\u00e4r inneh\u00e5llet finns; eller i allm\u00e4nhet av de som vanligtvis anv\u00e4nds p\u00e5 Internet eftersom de inte medf\u00f6r n\u00e5gon risk f\u00f6r skada eller f\u00f6rlust av anv\u00e4ndning av webbutrymmet och \/ eller inneh\u00e5llet.<\/li>\n\n\n\n<li>I synnerhet och endast f\u00f6r informations\u00e4ndam\u00e5l \u00e5tar sig anv\u00e4ndaren att inte \u00f6verf\u00f6ra, sprida eller g\u00f6ra tillg\u00e4ngliga f\u00f6r tredje part information, data, inneh\u00e5ll, meddelanden, grafik, ritningar, ljud och\/eller bildfiler, fotografier, inspelningar, programvara och i allm\u00e4nhet alla typer av material som: \u2022 P\u00e5 n\u00e5got s\u00e4tt tv\u00e4rtom, avviker fr\u00e5n eller bryter mot grundl\u00e4ggande r\u00e4ttigheter och offentliga friheter som erk\u00e4nns i konstitutionen, internationella f\u00f6rdrag och annan till\u00e4mplig lagstiftning.\u2022 Inducerar, uppmanar eller fr\u00e4mjar kriminell, denigrerar, \u00e4rekr\u00e4nkande, v\u00e5ldsam eller i allm\u00e4nhet i strid med lagen, moral, allm\u00e4nt accepterad god moral eller allm\u00e4n ordning. F\u00f6rd\u00f6mer eller kan orsaka ett oacceptabelt tillst\u00e5nd av \u00e5ngest eller r\u00e4dsla.\u2022 Inducerar eller uppmanar dig att delta i metoder som \u00e4r farliga, farliga eller skadliga f\u00f6r h\u00e4lsa och mental balans.\u2022 Det skyddas av den intellektuella eller industriella skyddslagstiftningen som tillh\u00f6r f\u00f6retaget eller tredje parter utan att den avsedda anv\u00e4ndningen \u00e4r godk\u00e4nd.\u2022 Var i strid med \u00e4ra, personlig och familj\u00e4r intimitet eller bilden av m\u00e4nniskor.\u2022 Ers\u00e4tt alla typer av reklam.\u2022 Inkludera alla typer av virus eller program som f\u00f6rhindrar normal funktion av webbutrymmet.<\/li>\n<\/ol>\n\n\n\n<p>Om du har ett l\u00f6senord f\u00f6r att f\u00e5 \u00e5tkomst till n\u00e5gra av tj\u00e4nsterna och \/ eller inneh\u00e5llet i webbutrymmet, \u00e4r du skyldig att anv\u00e4nda det noggrant och h\u00e5lla det hemligt hela tiden. F\u00f6ljaktligen kommer den att ansvara f\u00f6r dess korrekta v\u00e5rdnad och konfidentialitet, och f\u00f6rbinder sig att inte \u00f6verf\u00f6ra den till tredje part, tillf\u00e4lligt eller permanent, eller att till\u00e5ta \u00e5tkomst till ovann\u00e4mnda tj\u00e4nster och\/eller inneh\u00e5ll av utomst\u00e5ende. P\u00e5 samma s\u00e4tt \u00e4r f\u00f6retaget skyldigt att meddela alla h\u00e4ndelser som kan inneb\u00e4ra missbruk av dess l\u00f6senord, till exempel genom st\u00f6ld, f\u00f6rlust eller obeh\u00f6rig \u00e5tkomst, f\u00f6r att forts\u00e4tta med dess omedelbara avbokning. F\u00f6ljaktligen, s\u00e5 l\u00e4nge ovanst\u00e5ende anm\u00e4lan inte g\u00f6rs, ska f\u00f6retaget befrias fr\u00e5n allt ansvar som kan uppst\u00e5 till f\u00f6ljd av missbruk av dess l\u00f6senord, som ansvarar f\u00f6r olaglig anv\u00e4ndning av inneh\u00e5llet och \/ eller tj\u00e4nsterna i webbutrymmet av n\u00e5gon olaglig tredje part. Om du, med f\u00f6rsumlighet eller avsiktlig avsikt, bryter mot n\u00e5gon av de skyldigheter som anges i dessa allm\u00e4nna anv\u00e4ndarvillkor, du \u00e4r ansvarig f\u00f6r alla skador som kan uppst\u00e5 till f\u00f6ljd av ett s\u00e5dant \u00f6vertr\u00e4delse till f\u00f6retaget.<\/p>\n\n\n\n<h2 class=\"wp-block-heading\"><strong>6. ANSVAR<\/strong><\/h2>\n\n\n\n<p>Ingen garanti ges f\u00f6r fortsatt \u00e5tkomst eller korrekt visning, nedladdning eller anv\u00e4ndbarhet av elementen och informationen p\u00e5 webbplatsen som kan f\u00f6rhindras, hindras eller avbryts av faktorer eller omst\u00e4ndigheter utanf\u00f6r dess kontroll. Det ansvarar inte f\u00f6r de beslut som kan fattas till f\u00f6ljd av tillg\u00e5ng till inneh\u00e5llet eller den information som erbjuds.<\/p>\n\n\n\n<p>Tj\u00e4nsten kan avbrytas eller f\u00f6rh\u00e5llandet med anv\u00e4ndaren avslutas omedelbart om det konstateras att anv\u00e4ndningen av dess webbutrymme eller n\u00e5gon av de tj\u00e4nster som erbjuds d\u00e4ri, strider mot dessa allm\u00e4nna anv\u00e4ndarvillkor. Vi ansvarar inte f\u00f6r skador, f\u00f6rluster, fordringar eller utgifter som uppst\u00e5r vid anv\u00e4ndning av webbutrymmet.<\/p>\n\n\n\n<p>Du \u00e4r ensam ansvarig f\u00f6r att s\u00e5 snart som m\u00f6jligt ta bort inneh\u00e5llet som kan orsaka s\u00e5dana skador, f\u00f6rutsatt att detta meddelas. Vi \u00e4r s\u00e4rskilt inte ansvariga f\u00f6r skador som kan leda till bland annat av:<\/p>\n\n\n\n<ol class=\"wp-block-list\">\n<li>St\u00f6rningar, avbrott, fel, utel\u00e4mnanden, telefonuppdelningar, f\u00f6rseningar, blockeringar eller fr\u00e5nkopplingar i driften av det elektroniska systemet, orsakat av brister, \u00f6verbelastningar och fel i telekommunikationslinjer och n\u00e4tverk, eller n\u00e5gon annan orsak utanf\u00f6r f\u00f6retagets kontroll.&nbsp;<\/li>\n\n\n\n<li>Olaglig st\u00f6rning genom anv\u00e4ndning av skadlig programvara av n\u00e5got slag och genom kommunikationsmedel, till exempel datavirus eller n\u00e5got annat.<\/li>\n\n\n\n<li>Felaktig eller ol\u00e4mplig anv\u00e4ndning av webbutrymmet.<\/li>\n\n\n\n<li>S\u00e4kerhets- eller navigationsfel orsakade av en webbl\u00e4sarfel eller anv\u00e4ndning av f\u00f6r\u00e5ldrade versioner av samma. Administrat\u00f6ren av webbutrymmet f\u00f6rbeh\u00e5ller sig r\u00e4tten att helt eller delvis dra tillbaka allt inneh\u00e5ll eller information som finns i webbutrymmet.<\/li>\n<\/ol>\n\n\n\n<p>F\u00f6retaget utesluter allt ansvar f\u00f6r skador av alla slag som kan bero p\u00e5 missbruk av tj\u00e4nsterna med fri tillg\u00e4nglighet och anv\u00e4ndning av anv\u00e4ndarna av webbutrymme. Du \u00e4r ocks\u00e5 befriad fr\u00e5n allt ansvar f\u00f6r inneh\u00e5llet och informationen som kan tas emot till f\u00f6ljd av datainsamlingsformul\u00e4r, att vara densamma endast f\u00f6r tillhandah\u00e5llande av tj\u00e4nster av fr\u00e5gor och tvivel. \u00c5 andra sidan, om det orsakar skador f\u00f6r olaglig eller felaktig anv\u00e4ndning av dessa tj\u00e4nster, kan anv\u00e4ndaren kr\u00e4vas f\u00f6r de skador som orsakats.<\/p>\n\n\n\n<p>Du kommer att h\u00e5lla f\u00f6retaget ofarligt fr\u00e5n skador som uppst\u00e5r till f\u00f6ljd av fordringar, handlingar eller krav fr\u00e5n tredje part till f\u00f6ljd av din tillg\u00e5ng till eller anv\u00e4ndning av webbutrymmet. Du samtycker ocks\u00e5 till att ers\u00e4tta eventuella skador, vilket kan vara resultatet av din anv\u00e4ndning av \"robotar\", \"spindlar\", \"crawlers\" eller liknande verktyg som anv\u00e4nds f\u00f6r att samla in eller extrahera data eller n\u00e5gon annan \u00e5tg\u00e4rd av dig som medf\u00f6r en orimlig b\u00f6rda f\u00f6r driften av webbutrymmet.<\/p>\n\n\n\n<h2 class=\"wp-block-heading\"><strong>7. HYPERLINKS<\/strong><\/h2>\n\n\n\n<p>Anv\u00e4ndaren \u00e5tar sig att inte reproducera p\u00e5 n\u00e5got s\u00e4tt, inte ens med hj\u00e4lp av en hyperl\u00e4nk eller hyperl\u00e4nk, webbutrymmet, s\u00e5v\u00e4l som n\u00e5got av dess inneh\u00e5ll, s\u00e5vida inte uttryckligen skriftligt godk\u00e4nts av den person som \u00e4r ansvarig f\u00f6r handlingarna.<\/p>\n\n\n\n<p>Web Space kan inneh\u00e5lla l\u00e4nkar till andra webbutrymmen som hanteras av tredje part f\u00f6r att underl\u00e4tta anv\u00e4ndarens tillg\u00e5ng till information fr\u00e5n samarbetsvilliga f\u00f6retag och \/ eller sponsorer. F\u00f6ljaktligen \u00e4r f\u00f6retaget inte ansvarigt f\u00f6r inneh\u00e5llet i dessa webbutrymmen och \u00e4r inte heller i en position som garant och \/ eller leverant\u00f6r av tj\u00e4nster och\/ eller information som kan erbjudas tredje part genom l\u00e4nkar till tredje part.<\/p>\n\n\n\n<p>Anv\u00e4ndaren beviljas en begr\u00e4nsad, \u00e5terkallbar och icke-exklusiv r\u00e4tt att skapa l\u00e4nkar till startsidan f\u00f6r webbutrymmet uteslutande f\u00f6r privat och icke-kommersiellt bruk. Webbutrymmen som inneh\u00e5ller en l\u00e4nk till v\u00e5rt webbutrymme (i) kanske inte f\u00f6rfalskar deras f\u00f6rh\u00e5llande eller h\u00e4vdar att en s\u00e5dan l\u00e4nk har godk\u00e4nts, och inte heller inkluderar varum\u00e4rken, beteckningar, handelsnamn, logotyper eller andra distinkta tecken p\u00e5 v\u00e5rt f\u00f6retag; (ii) f\u00e5r inte inneh\u00e5lla inneh\u00e5ll som kan betraktas som tawdry, obscen, st\u00f6tande, kontroversiell, anstiftande v\u00e5ld eller diskriminering p\u00e5 grund av k\u00f6n, ras eller religion, i strid med allm\u00e4n ordning eller olaglig; (iii) f\u00e5r inte l\u00e4nka till n\u00e5gon annan sida p\u00e5 webbutrymmet \u00e4n startsidan; (iv) m\u00e5ste l\u00e4nka till den egna adressen till webbutrymmet, utan att l\u00e5ta det l\u00e4nkande webbutrymmet reproducera webbutrymmet som en del av sin webbplats eller inom en av dess \"ramar\" eller skapa en \"webbl\u00e4sare\" p\u00e5 n\u00e5gon av sidorna i webbutrymmet. F\u00f6retaget kan n\u00e4r som helst beg\u00e4ra att alla l\u00e4nkar till webbutrymmet tas bort, varefter det omedelbart ska forts\u00e4tta med att det tas bort.<\/p>\n\n\n\n<p>F\u00f6retaget kan inte kontrollera information, inneh\u00e5ll, produkter eller tj\u00e4nster som tillhandah\u00e5lls av andra webbutrymmen som har uppr\u00e4ttat l\u00e4nkar till webbutrymmet.<\/p>\n\n\n\n<h2 class=\"wp-block-heading\"><strong>8. DATA SKYDD<\/strong><\/h2>\n\n\n\n<p>F\u00f6r att kunna anv\u00e4nda vissa av tj\u00e4nsterna m\u00e5ste anv\u00e4ndaren f\u00f6rst tillhandah\u00e5lla vissa personuppgifter. F\u00f6retaget kommer automatiskt att behandla dessa uppgifter och till\u00e4mpa motsvarande s\u00e4kerhets\u00e5tg\u00e4rder, allt i \u00f6verensst\u00e4mmelse med GDPR, LOPDGDD och LSSI. Anv\u00e4ndaren kan komma \u00e5t den policy som f\u00f6ljts vid behandlingen av personuppgifter, samt uppr\u00e4ttandet av tidigare etablerade syften, under de villkor som definieras i sekretesspolicyn.<\/p>\n\n\n\n<h2 class=\"wp-block-heading\"><strong>9. KOKAR<\/strong><\/h2>\n\n\n\n<p>F\u00f6retaget f\u00f6rbeh\u00e5ller sig r\u00e4tten att anv\u00e4nda \"cookie\" -teknologi i Web Space, f\u00f6r att k\u00e4nna igen dig som en vanlig anv\u00e4ndare och anpassa din anv\u00e4ndning av webbutrymmet genom att v\u00e4lja ditt spr\u00e5k eller mer \u00f6nskat eller specifikt inneh\u00e5ll.<\/p>\n\n\n\n<p>Cookies samlar in anv\u00e4ndarens IP-adress, d\u00e4r Google ansvarar f\u00f6r att behandla denna information.<\/p>\n\n\n\n<p>Cookies \u00e4r filer som skickas till en webbl\u00e4sare via en webbserver f\u00f6r att registrera navigeringen av anv\u00e4ndaren i webbutrymmet n\u00e4r anv\u00e4ndaren till\u00e5ter mottagning. Om du vill kan du konfigurera din webbl\u00e4sare s\u00e5 att den meddelas p\u00e5 sk\u00e4rmen om mottagandet av cookies och f\u00f6r att f\u00f6rhindra installation av cookies p\u00e5 din h\u00e5rddisk. Se webbl\u00e4sarens instruktioner och manualer f\u00f6r mer detaljerad information.<\/p>\n\n\n\n<p>Tack vare cookies \u00e4r det m\u00f6jligt att k\u00e4nna igen webbl\u00e4saren p\u00e5 datorn som anv\u00e4nds av anv\u00e4ndaren f\u00f6r att underl\u00e4tta inneh\u00e5ll och erbjuda surfpreferenser eller reklam f\u00f6r anv\u00e4ndaren, till demografiska profiler f\u00f6r anv\u00e4ndare s\u00e5v\u00e4l som f\u00f6r att m\u00e4ta bes\u00f6k och trafikparametrar, sp\u00e5ra framsteg och antal poster.<\/p>\n\n\n\n<h2 class=\"wp-block-heading\"><strong>10. F\u00d6RKLARINGAR OCH GARANTIER<\/strong><\/h2>\n\n\n\n<p>I allm\u00e4nhet \u00e4r inneh\u00e5llet och tj\u00e4nsterna som erbjuds p\u00e5 webbplatsen rent informativa. Genom att erbjuda dem ges d\u00e4rf\u00f6r ingen garanti eller representation i f\u00f6rh\u00e5llande till inneh\u00e5llet och tj\u00e4nsterna som erbjuds p\u00e5 webbutrymmet, inklusive, utan begr\u00e4nsning, garantier f\u00f6r laglighet, tillf\u00f6rlitlighet, anv\u00e4ndbarhet, sanning, noggrannhet eller f\u00f6rs\u00e4ljningsbarhet, f\u00f6rutom i den utstr\u00e4ckning som s\u00e5dana framst\u00e4llningar och garantier inte kan uteslutas genom lag.<\/p>\n\n\n\n<h2 class=\"wp-block-heading\"><strong>11. TVINGA MAJEURE<\/strong><\/h2>\n\n\n\n<p>F\u00f6retaget \u00e4r inte ansvarigt i alla fall av of\u00f6rm\u00e5ga att tillhandah\u00e5lla tj\u00e4nster, om detta beror p\u00e5 l\u00e5ngvariga avbrott i elf\u00f6rs\u00f6rjning, telekommunikationslinjer, sociala konflikter, strejker, uppror, explosioner, \u00f6versv\u00e4mningar, handlingar och underl\u00e5tenheter av regeringen, och i allm\u00e4nhet alla fall av force majeure eller of\u00f6rutsebara omst\u00e4ndigheter.<\/p>\n\n\n\n<h2 class=\"wp-block-heading\"><strong>12. TVISTL\u00d6SNING. G\u00c4LLANDE LAG OCH JURISDIKTION<\/strong><\/h2>\n\n\n\n<p>Dessa allm\u00e4nna anv\u00e4ndarvillkor, liksom anv\u00e4ndningen av webbutrymmet, regleras av spansk lag. F\u00f6r att l\u00f6sa eventuella tvister kommer parterna att \u00f6verl\u00e4mna till domstolarna och domstolarna p\u00e5 webbplatschefens s\u00e4te.<\/p>\n\n\n\n<p>I h\u00e4ndelse av att n\u00e5gon best\u00e4mmelse i dessa allm\u00e4nna anv\u00e4ndarvillkor g\u00f6rs inte verkst\u00e4llbar eller ogiltig enligt till\u00e4mplig lag eller som ett resultat av ett r\u00e4ttsligt eller administrativt beslut, s\u00e5dan icke-verkst\u00e4llbarhet eller ogiltighet f\u00e5r inte g\u00f6ra dessa allm\u00e4nna anv\u00e4ndarvillkor inte verkst\u00e4llbara eller ogiltiga som helhet. I s\u00e5dana fall ska f\u00f6retaget \u00e4ndra eller ers\u00e4tta den best\u00e4mmelsen med en som \u00e4r giltig och verkst\u00e4llbar och som, i den m\u00e5n det \u00e4r m\u00f6jligt, uppn\u00e5r m\u00e5let och syftet med den ursprungliga best\u00e4mmelsen.<\/p>","protected":false},"excerpt":{"rendered":"<p>LEY DE LOS SERVICIOS DE LA SOCIEDAD DE LA INFORMACI\u00d3N (LSSI) Sara Garc\u00eda Herranz, responsable del sitio web, en adelante RESPONSABLE, pone a disposici\u00f3n de los usuarios el presente documento, con el que pretende dar cumplimiento a las obligaciones dispuestas en la Ley 34\/2002, de 11 de julio, de Servicios de la Sociedad de la [&hellip;]<\/p>","protected":false},"author":1,"featured_media":0,"parent":0,"menu_order":0,"comment_status":"closed","ping_status":"closed","template":"","meta":{"footnotes":""},"class_list":["post-133","page","type-page","status-publish","hentry"],"_links":{"self":[{"href":"https:\/\/www.origenysabor.com\/sv\/wp-json\/wp\/v2\/pages\/133","targetHints":{"allow":["GET"]}}],"collection":[{"href":"https:\/\/www.origenysabor.com\/sv\/wp-json\/wp\/v2\/pages"}],"about":[{"href":"https:\/\/www.origenysabor.com\/sv\/wp-json\/wp\/v2\/types\/page"}],"author":[{"embeddable":true,"href":"https:\/\/www.origenysabor.com\/sv\/wp-json\/wp\/v2\/users\/1"}],"replies":[{"embeddable":true,"href":"https:\/\/www.origenysabor.com\/sv\/wp-json\/wp\/v2\/comments?post=133"}],"version-history":[{"count":9,"href":"https:\/\/www.origenysabor.com\/sv\/wp-json\/wp\/v2\/pages\/133\/revisions"}],"predecessor-version":[{"id":1370,"href":"https:\/\/www.origenysabor.com\/sv\/wp-json\/wp\/v2\/pages\/133\/revisions\/1370"}],"wp:attachment":[{"href":"https:\/\/www.origenysabor.com\/sv\/wp-json\/wp\/v2\/media?parent=133"}],"curies":[{"name":"wp","href":"https:\/\/api.w.org\/{rel}","templated":true}]}}