{"id":1050,"date":"2024-10-08T20:13:07","date_gmt":"2024-10-08T18:13:07","guid":{"rendered":"https:\/\/www.origenysabor.com\/producto\/vino-tinto-cune-do-rioja-pack-3-botellas-de-75-cl\/"},"modified":"2024-11-03T03:43:19","modified_gmt":"2024-11-03T02:43:19","slug":"vino-tinto-cune-do-rioja-pack-3-botellas-de-75-cl","status":"publish","type":"product","link":"https:\/\/www.origenysabor.com\/sv\/produkt\/rott-vin-cune-do-rioja-pack-3-flaskor-med-75-cl\/","title":{"rendered":"R\u00f6tt vin CUNE DO Rioja Pack 3 flaskor med 75 cl"},"content":{"rendered":"<p>Livsmedelsnamn: VIN CRIANZA DENOMINACI\u00d3N DE ORIGEN RIOJA<br \/>\nUrsprungsland: Spanien<br \/>\nOperat\u00f6rens namn: COMPA\u00d1\u00cdA VINICOLA DEL NORTE DE ESPA\u00d1A SA<br \/>\nOperat\u00f6rsadress: Crta de Logro\u00f1o - Laguardia Km 4,8<br \/>\nNettom\u00e4ngd: 225 centiliter<br \/>\nAlkoholinneh\u00e5ll: 13,5%.<br \/>\nSmakanm\u00e4rkning Granatf\u00e4rg med bl\u00e5aktiga toner i ellipsen. Bra aromatisk intensitet, belyser skogsfrukter och lakrits i perfekt balans med noter av vanilj och rostad fr\u00e5n fat av amerikansk ek. I munnen l\u00e4mnar det k\u00e4nslor av balans och rundhet och l\u00e4mnar ett s\u00f6tt vin med en trevlig finish.<br \/>\nGastronomi-rekommenderade r\u00e4tter Idealisk f\u00f6ljeslagare f\u00f6r en medelhavsdiet.<\/p>","protected":false},"excerpt":{"rendered":"<p>Livsmedelsnamn: VIN CRIANZA DENOMINACI\u00d3N DE ORIGEN RIOJA<br \/>\nUrsprungsland: Spanien<br \/>\nOperat\u00f6rens namn: COMPA\u00d1\u00cdA VINICOLA DEL NORTE DE ESPA\u00d1A SA<br \/>\nOperat\u00f6rsadress: Crta de Logro\u00f1o - Laguardia Km 4,8<br \/>\nNettom\u00e4ngd: 225 centiliter<br \/>\nAlkoholinneh\u00e5ll: 13,5%.<br \/>\nSmakanm\u00e4rkning Granatf\u00e4rg med bl\u00e5aktiga toner i ellipsen. Bra aromatisk intensitet, belyser skogsfrukter och lakrits i perfekt balans med noter av vanilj och rostad fr\u00e5n fat av amerikansk ek. I munnen l\u00e4mnar det k\u00e4nslor av balans och rundhet och l\u00e4mnar ett s\u00f6tt vin med en trevlig finish.<br \/>\nGastronomi-rekommenderade r\u00e4tter Idealisk f\u00f6ljeslagare f\u00f6r en medelhavsdiet.<\/p>","protected":false},"featured_media":1051,"comment_status":"closed","ping_status":"closed","template":"","meta":{"wds_primary_product_brand":0,"wds_primary_product_cat":0},"product_brand":[],"product_cat":[29],"product_tag":[],"class_list":{"0":"post-1050","1":"product","2":"type-product","3":"status-publish","4":"has-post-thumbnail","6":"product_cat-vinos","8":"first","9":"instock","10":"taxable","11":"shipping-taxable","12":"purchasable","13":"product-type-simple"},"_links":{"self":[{"href":"https:\/\/www.origenysabor.com\/sv\/wp-json\/wp\/v2\/product\/1050","targetHints":{"allow":["GET"]}}],"collection":[{"href":"https:\/\/www.origenysabor.com\/sv\/wp-json\/wp\/v2\/product"}],"about":[{"href":"https:\/\/www.origenysabor.com\/sv\/wp-json\/wp\/v2\/types\/product"}],"replies":[{"embeddable":true,"href":"https:\/\/www.origenysabor.com\/sv\/wp-json\/wp\/v2\/comments?post=1050"}],"wp:featuredmedia":[{"embeddable":true,"href":"https:\/\/www.origenysabor.com\/sv\/wp-json\/wp\/v2\/media\/1051"}],"wp:attachment":[{"href":"https:\/\/www.origenysabor.com\/sv\/wp-json\/wp\/v2\/media?parent=1050"}],"wp:term":[{"taxonomy":"product_brand","embeddable":true,"href":"https:\/\/www.origenysabor.com\/sv\/wp-json\/wp\/v2\/product_brand?post=1050"},{"taxonomy":"product_cat","embeddable":true,"href":"https:\/\/www.origenysabor.com\/sv\/wp-json\/wp\/v2\/product_cat?post=1050"},{"taxonomy":"product_tag","embeddable":true,"href":"https:\/\/www.origenysabor.com\/sv\/wp-json\/wp\/v2\/product_tag?post=1050"}],"curies":[{"name":"wp","href":"https:\/\/api.w.org\/{rel}","templated":true}]}}