{"id":1052,"date":"2024-10-08T20:13:07","date_gmt":"2024-10-08T18:13:07","guid":{"rendered":"https:\/\/www.origenysabor.com\/producto\/protos-vino-tinto-crianza-do-ribera-del-duero-estuche-3-botellas-75-cl\/"},"modified":"2024-11-08T22:13:08","modified_gmt":"2024-11-08T21:13:08","slug":"protos-vino-tinto-crianza-do-ribera-del-duero-estuche-3-botellas-75-cl","status":"publish","type":"product","link":"https:\/\/www.origenysabor.com\/sv\/produkt\/protos-rott-vin-crianza-do-ribera-del-duero-fodral-3-flaskor-75-cl\/","title":{"rendered":"PROTOS r\u00f6tt vin Crianza DO Ribera del Duero Fodral 3 flaskor 75 cl"},"content":{"rendered":"<p>Produktnamn: R\u00f6tt vin<br \/>\nOperat\u00f6rens namn: Bodegas Ribera Duero de Pe\u00f1afiel S.L.<br \/>\nOperat\u00f6rsadress: C \/ Bodegas Protos 24-28, 47300 Pe\u00f1afiel<br \/>\nLivsmedels ursprungsort: Beteckning f\u00f6r Ribera del Dueros ursprung<br \/>\nNettom\u00e4ngd: 2250 milliliter<br \/>\nAlkoholinneh\u00e5ll: 14,5%.<br \/>\nSmakanm\u00e4rkning: K\u00f6rsb\u00e4rsr\u00f6tt vin Bigarreau. Stor aromatisk intensitet, med mogen frukt, s\u00f6ta kryddor och rostade toner. En omslutande och v\u00e4lsmakande, balanserad smak med finess och behaglig mognad. Finishen p\u00e5minner om mogen frukt.<br \/>\nGastronomi-rekommenderade r\u00e4tter: R\u00f6tt k\u00f6tt, korv, viltf\u00e5glar, sm\u00e5vilt, l\u00e4tta grytor och grytor, halvh\u00e4rdade ostar.<\/p>","protected":false},"excerpt":{"rendered":"<p>Produktnamn: R\u00f6tt vin<br \/>\nOperat\u00f6rens namn: Bodegas Ribera Duero de Pe\u00f1afiel S.L.<br \/>\nOperat\u00f6rsadress: C \/ Bodegas Protos 24-28, 47300 Pe\u00f1afiel<br \/>\nLivsmedels ursprungsort: Beteckning f\u00f6r Ribera del Dueros ursprung<br \/>\nNettom\u00e4ngd: 2250 milliliter<br \/>\nAlkoholinneh\u00e5ll: 14,5%.<br \/>\nSmakanm\u00e4rkning: K\u00f6rsb\u00e4rsr\u00f6tt vin Bigarreau. Stor aromatisk intensitet, med mogen frukt, s\u00f6ta kryddor och rostade toner. En omslutande och v\u00e4lsmakande, balanserad smak med finess och behaglig mognad. Finishen p\u00e5minner om mogen frukt.<br \/>\nGastronomi-rekommenderade r\u00e4tter: R\u00f6tt k\u00f6tt, korv, viltf\u00e5glar, sm\u00e5vilt, l\u00e4tta grytor och grytor, halvh\u00e4rdade ostar.<\/p>","protected":false},"featured_media":1053,"comment_status":"closed","ping_status":"closed","template":"","meta":{"wds_primary_product_brand":0,"wds_primary_product_cat":0},"product_brand":[],"product_cat":[29],"product_tag":[],"class_list":{"0":"post-1052","1":"product","2":"type-product","3":"status-publish","4":"has-post-thumbnail","6":"product_cat-vinos","8":"first","9":"instock","10":"taxable","11":"shipping-taxable","12":"purchasable","13":"product-type-simple"},"_links":{"self":[{"href":"https:\/\/www.origenysabor.com\/sv\/wp-json\/wp\/v2\/product\/1052","targetHints":{"allow":["GET"]}}],"collection":[{"href":"https:\/\/www.origenysabor.com\/sv\/wp-json\/wp\/v2\/product"}],"about":[{"href":"https:\/\/www.origenysabor.com\/sv\/wp-json\/wp\/v2\/types\/product"}],"replies":[{"embeddable":true,"href":"https:\/\/www.origenysabor.com\/sv\/wp-json\/wp\/v2\/comments?post=1052"}],"wp:featuredmedia":[{"embeddable":true,"href":"https:\/\/www.origenysabor.com\/sv\/wp-json\/wp\/v2\/media\/1053"}],"wp:attachment":[{"href":"https:\/\/www.origenysabor.com\/sv\/wp-json\/wp\/v2\/media?parent=1052"}],"wp:term":[{"taxonomy":"product_brand","embeddable":true,"href":"https:\/\/www.origenysabor.com\/sv\/wp-json\/wp\/v2\/product_brand?post=1052"},{"taxonomy":"product_cat","embeddable":true,"href":"https:\/\/www.origenysabor.com\/sv\/wp-json\/wp\/v2\/product_cat?post=1052"},{"taxonomy":"product_tag","embeddable":true,"href":"https:\/\/www.origenysabor.com\/sv\/wp-json\/wp\/v2\/product_tag?post=1052"}],"curies":[{"name":"wp","href":"https:\/\/api.w.org\/{rel}","templated":true}]}}