{"id":1054,"date":"2024-10-08T20:13:07","date_gmt":"2024-10-08T18:13:07","guid":{"rendered":"https:\/\/www.origenysabor.com\/producto\/cerdo-segoviano-al-horno-cuarto-cochinillo-asado-ag\/"},"modified":"2024-12-03T18:15:11","modified_gmt":"2024-12-03T17:15:11","slug":"cerdo-segoviano-al-horno-cuarto-cochinillo-asado-ag","status":"publish","type":"product","link":"https:\/\/www.origenysabor.com\/sv\/produkt\/segovian-pork-in-the-oven-fourth-roast-piglet-ag\/","title":{"rendered":"Segovian Pork in the Oven Fourth \u00ab Roast piglet \u00bb AG"},"content":{"rendered":"<p>H\u00e4r \u00e4r v\u00e5r STORA REVOLUTION: en fj\u00e4rdedel stekt sm\u00e5gris som inte beh\u00f6ver kylas. Med denna sm\u00e5gris kan du njuta av samma skarpa och gyllene som den traditionella sm\u00e5grisen utan att beh\u00f6va oroa dig f\u00f6r den kalla kedjan. F\u00f6rvara den i en garderob, transportera den i en resv\u00e4ska och njut av den med din familj. Och framf\u00f6r allt minskar det energif\u00f6rbrukningen. Med maximal garanti f\u00f6r Tabladillo, gl\u00e4d dig dina sinnen med en bakad sm\u00e5gris l\u00e4tt och p\u00e5 rekordtid. Du beh\u00f6ver bara 50 minuter f\u00f6r att bita killen. Uppt\u00e4ck det ammande grisen som alla kommer att prata om, dess saftiga och l\u00e4ckra k\u00f6tt kommer att transportera dig till Segovia. Tilldelades p\u00e5 Food Fair som en innovativ och modern produkt 2022. Rekommenderas f\u00f6r 3 portioner<\/p>","protected":false},"excerpt":{"rendered":"<p>H\u00e4r \u00e4r v\u00e5r STORA REVOLUTION: en fj\u00e4rdedel stekt sm\u00e5gris som inte beh\u00f6ver kylas. Med denna sm\u00e5gris kan du njuta av samma skarpa och gyllene som den traditionella sm\u00e5grisen utan att beh\u00f6va oroa dig f\u00f6r den kalla kedjan. F\u00f6rvara den i en garderob, transportera den i en resv\u00e4ska och njut av den med din familj. Och framf\u00f6r allt minskar det energif\u00f6rbrukningen. Med maximal garanti f\u00f6r Tabladillo, gl\u00e4d dig dina sinnen med en bakad sm\u00e5gris l\u00e4tt och p\u00e5 rekordtid. Du beh\u00f6ver bara 50 minuter f\u00f6r att bita killen. Uppt\u00e4ck det ammande grisen som alla kommer att prata om, dess saftiga och l\u00e4ckra k\u00f6tt kommer att transportera dig till Segovia. Tilldelades p\u00e5 Food Fair som en innovativ och modern produkt 2022. Rekommenderas f\u00f6r 3 portioner<\/p>","protected":false},"featured_media":1532,"comment_status":"closed","ping_status":"closed","template":"","meta":{"wds_primary_product_brand":0,"wds_primary_product_cat":0},"product_brand":[],"product_cat":[23],"product_tag":[],"class_list":{"0":"post-1054","1":"product","2":"type-product","3":"status-publish","4":"has-post-thumbnail","6":"product_cat-otros-productos","8":"first","9":"instock","10":"sale","11":"featured","12":"taxable","13":"shipping-taxable","14":"purchasable","15":"product-type-simple"},"_links":{"self":[{"href":"https:\/\/www.origenysabor.com\/sv\/wp-json\/wp\/v2\/product\/1054","targetHints":{"allow":["GET"]}}],"collection":[{"href":"https:\/\/www.origenysabor.com\/sv\/wp-json\/wp\/v2\/product"}],"about":[{"href":"https:\/\/www.origenysabor.com\/sv\/wp-json\/wp\/v2\/types\/product"}],"replies":[{"embeddable":true,"href":"https:\/\/www.origenysabor.com\/sv\/wp-json\/wp\/v2\/comments?post=1054"}],"wp:featuredmedia":[{"embeddable":true,"href":"https:\/\/www.origenysabor.com\/sv\/wp-json\/wp\/v2\/media\/1532"}],"wp:attachment":[{"href":"https:\/\/www.origenysabor.com\/sv\/wp-json\/wp\/v2\/media?parent=1054"}],"wp:term":[{"taxonomy":"product_brand","embeddable":true,"href":"https:\/\/www.origenysabor.com\/sv\/wp-json\/wp\/v2\/product_brand?post=1054"},{"taxonomy":"product_cat","embeddable":true,"href":"https:\/\/www.origenysabor.com\/sv\/wp-json\/wp\/v2\/product_cat?post=1054"},{"taxonomy":"product_tag","embeddable":true,"href":"https:\/\/www.origenysabor.com\/sv\/wp-json\/wp\/v2\/product_tag?post=1054"}],"curies":[{"name":"wp","href":"https:\/\/api.w.org\/{rel}","templated":true}]}}