{"id":1088,"date":"2024-10-08T20:13:11","date_gmt":"2024-10-08T18:13:11","guid":{"rendered":"https:\/\/www.origenysabor.com\/producto\/queso-manchego-gran-riserva-dehesa-de-los-llanos-250-gr\/"},"modified":"2024-11-03T03:52:52","modified_gmt":"2024-11-03T02:52:52","slug":"queso-manchego-gran-riserva-dehesa-de-los-llanos-250-gr","status":"publish","type":"product","link":"https:\/\/www.origenysabor.com\/sv\/produkt\/manchego-ost-gran-riserva-dehesa-de-los-llanos-250-gr\/","title":{"rendered":"Manchego ost Gran Riserva Dehesa de los Llanos 250 gr."},"content":{"rendered":"<p>Dess nio m\u00e5naders mognad ger den en intensiv smak och doft, en flagnande struktur och stor uth\u00e5llighet i munnen som inbjuder till upprepning. En gourmetost f\u00f6r de b\u00e4sta gommen.<\/p>","protected":false},"excerpt":{"rendered":"<p>Dess nio m\u00e5naders mognad ger den en intensiv smak och doft, en flagnande struktur och stor uth\u00e5llighet i munnen som inbjuder till upprepning. En gourmetost f\u00f6r de b\u00e4sta gommen.<\/p>","protected":false},"featured_media":1089,"comment_status":"closed","ping_status":"closed","template":"","meta":{"wds_primary_product_brand":0,"wds_primary_product_cat":0},"product_brand":[],"product_cat":[23],"product_tag":[],"class_list":{"0":"post-1088","1":"product","2":"type-product","3":"status-publish","4":"has-post-thumbnail","6":"product_cat-otros-productos","8":"first","9":"instock","10":"taxable","11":"shipping-taxable","12":"purchasable","13":"product-type-simple"},"_links":{"self":[{"href":"https:\/\/www.origenysabor.com\/sv\/wp-json\/wp\/v2\/product\/1088","targetHints":{"allow":["GET"]}}],"collection":[{"href":"https:\/\/www.origenysabor.com\/sv\/wp-json\/wp\/v2\/product"}],"about":[{"href":"https:\/\/www.origenysabor.com\/sv\/wp-json\/wp\/v2\/types\/product"}],"replies":[{"embeddable":true,"href":"https:\/\/www.origenysabor.com\/sv\/wp-json\/wp\/v2\/comments?post=1088"}],"wp:featuredmedia":[{"embeddable":true,"href":"https:\/\/www.origenysabor.com\/sv\/wp-json\/wp\/v2\/media\/1089"}],"wp:attachment":[{"href":"https:\/\/www.origenysabor.com\/sv\/wp-json\/wp\/v2\/media?parent=1088"}],"wp:term":[{"taxonomy":"product_brand","embeddable":true,"href":"https:\/\/www.origenysabor.com\/sv\/wp-json\/wp\/v2\/product_brand?post=1088"},{"taxonomy":"product_cat","embeddable":true,"href":"https:\/\/www.origenysabor.com\/sv\/wp-json\/wp\/v2\/product_cat?post=1088"},{"taxonomy":"product_tag","embeddable":true,"href":"https:\/\/www.origenysabor.com\/sv\/wp-json\/wp\/v2\/product_tag?post=1088"}],"curies":[{"name":"wp","href":"https:\/\/api.w.org\/{rel}","templated":true}]}}