{"id":1090,"date":"2024-10-08T20:13:11","date_gmt":"2024-10-08T18:13:11","guid":{"rendered":"https:\/\/www.origenysabor.com\/producto\/set-de-4-productos-cinco-jotas-100-ibericos-cortados-integramente-en-lonchas-a-mano\/"},"modified":"2024-11-03T03:53:11","modified_gmt":"2024-11-03T02:53:11","slug":"set-de-4-productos-cinco-jotas-100-ibericos-cortados-integramente-en-lonchas-a-mano","status":"publish","type":"product","link":"https:\/\/www.origenysabor.com\/sv\/produkt\/uppsattning-av-4-produkter-five-jotas-100-iberian-skuren-helt-i-skivor-for-hand\/","title":{"rendered":"Upps\u00e4ttning av 4 produkter Five Jotas 100% iberian skuren helt i skivor f\u00f6r hand"},"content":{"rendered":"<p>\"Cuatro Ases de Cinco Jotas\" \u00e4r viktiga f\u00f6r alla \u00e4lskare av iberiska delikatesser, eftersom de inkluderar (320 gr skivad):<br \/>\n1 skiva Bellota 100% iberisk axel 80 gr<br \/>\n1 p\u00e5se Iberico skinka skivad Bellota 100% fr\u00e5n 80 gr<br \/>\n1 Lomo de Bellota 100% Ib\u00e9rico 80 g<br \/>\n1 p\u00e5 Ca\u00f1a de Presa skivad, 80 g.<br \/>\nCinco Jotas s\u00e4tter till hands detta eleganta paket med 100% ekollonbaserade iberiska korvar som bevarar renheten och unikheten hos rasen fr\u00e5n vilken den kommer och som samtidigt, sl\u00e4pper strukturer och aromer som er\u00f6vrar de mest kr\u00e4vande gommen.<\/p>","protected":false},"excerpt":{"rendered":"<p>\"Cuatro Ases de Cinco Jotas\" \u00e4r viktiga f\u00f6r alla \u00e4lskare av iberiska delikatesser, eftersom de inkluderar (320 gr skivad):<br \/>\n1 skiva Bellota 100% iberisk axel 80 gr<br \/>\n1 p\u00e5se Iberico skinka skivad Bellota 100% fr\u00e5n 80 gr<br \/>\n1 Lomo de Bellota 100% Ib\u00e9rico 80 g<br \/>\n1 p\u00e5 Ca\u00f1a de Presa skivad, 80 g.<br \/>\nCinco Jotas s\u00e4tter till hands detta eleganta paket med 100% ekollonbaserade iberiska korvar som bevarar renheten och unikheten hos rasen fr\u00e5n vilken den kommer och som samtidigt, sl\u00e4pper strukturer och aromer som er\u00f6vrar de mest kr\u00e4vande gommen.<\/p>","protected":false},"featured_media":1091,"comment_status":"closed","ping_status":"closed","template":"","meta":{"wds_primary_product_brand":0,"wds_primary_product_cat":0},"product_brand":[],"product_cat":[30],"product_tag":[],"class_list":{"0":"post-1090","1":"product","2":"type-product","3":"status-publish","4":"has-post-thumbnail","6":"product_cat-embutidos-ibericos","8":"first","9":"instock","10":"taxable","11":"shipping-taxable","12":"purchasable","13":"product-type-simple"},"_links":{"self":[{"href":"https:\/\/www.origenysabor.com\/sv\/wp-json\/wp\/v2\/product\/1090","targetHints":{"allow":["GET"]}}],"collection":[{"href":"https:\/\/www.origenysabor.com\/sv\/wp-json\/wp\/v2\/product"}],"about":[{"href":"https:\/\/www.origenysabor.com\/sv\/wp-json\/wp\/v2\/types\/product"}],"replies":[{"embeddable":true,"href":"https:\/\/www.origenysabor.com\/sv\/wp-json\/wp\/v2\/comments?post=1090"}],"wp:featuredmedia":[{"embeddable":true,"href":"https:\/\/www.origenysabor.com\/sv\/wp-json\/wp\/v2\/media\/1091"}],"wp:attachment":[{"href":"https:\/\/www.origenysabor.com\/sv\/wp-json\/wp\/v2\/media?parent=1090"}],"wp:term":[{"taxonomy":"product_brand","embeddable":true,"href":"https:\/\/www.origenysabor.com\/sv\/wp-json\/wp\/v2\/product_brand?post=1090"},{"taxonomy":"product_cat","embeddable":true,"href":"https:\/\/www.origenysabor.com\/sv\/wp-json\/wp\/v2\/product_cat?post=1090"},{"taxonomy":"product_tag","embeddable":true,"href":"https:\/\/www.origenysabor.com\/sv\/wp-json\/wp\/v2\/product_tag?post=1090"}],"curies":[{"name":"wp","href":"https:\/\/api.w.org\/{rel}","templated":true}]}}