{"id":1098,"date":"2024-10-08T20:13:11","date_gmt":"2024-10-08T18:13:11","guid":{"rendered":"https:\/\/www.origenysabor.com\/producto\/chorizo-entero-marca-joselito-1200-gr\/"},"modified":"2024-11-03T03:54:33","modified_gmt":"2024-11-03T02:54:33","slug":"chorizo-entero-marca-joselito-1200-gr","status":"publish","type":"product","link":"https:\/\/www.origenysabor.com\/sv\/produkt\/chorizo-joselito-maerke-1200-gr\/","title":{"rendered":"Chorizo Joselito m\u00e4rke 1200 gr. -"},"content":{"rendered":"<p>Chorizo f\u00f6rst\u00e5s som en blandning av k\u00f6ttf\u00e4rs, erh\u00e5llet fr\u00e5n de \u00e4dla delarna uteslutande av fl\u00e4sk, kryddat med havssalt, paprika, vitl\u00f6k och socker, kn\u00e5dat och fyllt i tripe, som har haft en mognande processtorkning, som k\u00e4nnetecknas av dess r\u00f6da f\u00e4rg och av dess karakteristiska lukt och smak.<\/p>","protected":false},"excerpt":{"rendered":"<p>Chorizo f\u00f6rst\u00e5s som en blandning av k\u00f6ttf\u00e4rs, erh\u00e5llet fr\u00e5n de \u00e4dla delarna uteslutande av fl\u00e4sk, kryddat med havssalt, paprika, vitl\u00f6k och socker, kn\u00e5dat och fyllt i tripe, som har haft en mognande processtorkning, som k\u00e4nnetecknas av dess r\u00f6da f\u00e4rg och av dess karakteristiska lukt och smak.<\/p>","protected":false},"featured_media":1099,"comment_status":"closed","ping_status":"closed","template":"","meta":{"wds_primary_product_brand":0,"wds_primary_product_cat":0},"product_brand":[],"product_cat":[30],"product_tag":[],"class_list":{"0":"post-1098","1":"product","2":"type-product","3":"status-publish","4":"has-post-thumbnail","6":"product_cat-embutidos-ibericos","8":"first","9":"instock","10":"taxable","11":"shipping-taxable","12":"purchasable","13":"product-type-simple"},"_links":{"self":[{"href":"https:\/\/www.origenysabor.com\/sv\/wp-json\/wp\/v2\/product\/1098","targetHints":{"allow":["GET"]}}],"collection":[{"href":"https:\/\/www.origenysabor.com\/sv\/wp-json\/wp\/v2\/product"}],"about":[{"href":"https:\/\/www.origenysabor.com\/sv\/wp-json\/wp\/v2\/types\/product"}],"replies":[{"embeddable":true,"href":"https:\/\/www.origenysabor.com\/sv\/wp-json\/wp\/v2\/comments?post=1098"}],"wp:featuredmedia":[{"embeddable":true,"href":"https:\/\/www.origenysabor.com\/sv\/wp-json\/wp\/v2\/media\/1099"}],"wp:attachment":[{"href":"https:\/\/www.origenysabor.com\/sv\/wp-json\/wp\/v2\/media?parent=1098"}],"wp:term":[{"taxonomy":"product_brand","embeddable":true,"href":"https:\/\/www.origenysabor.com\/sv\/wp-json\/wp\/v2\/product_brand?post=1098"},{"taxonomy":"product_cat","embeddable":true,"href":"https:\/\/www.origenysabor.com\/sv\/wp-json\/wp\/v2\/product_cat?post=1098"},{"taxonomy":"product_tag","embeddable":true,"href":"https:\/\/www.origenysabor.com\/sv\/wp-json\/wp\/v2\/product_tag?post=1098"}],"curies":[{"name":"wp","href":"https:\/\/api.w.org\/{rel}","templated":true}]}}